{"id":156963,"date":"2023-07-17T11:19:31","date_gmt":"2023-07-17T09:19:31","guid":{"rendered":"https:\/\/www.hueppe.com\/geschichte\/"},"modified":"2024-08-27T14:40:33","modified_gmt":"2024-08-27T12:40:33","slug":"historie","status":"publish","type":"page","link":"https:\/\/www.hueppe.com\/cs\/historie\/","title":{"rendered":"Geschichte"},"content":{"rendered":"\n<div id=\"m_stage_no_image-block_493906e050953e513af63883a579530f\" class=\"m_stage_no_image margin-small\">\n    <h1 class=\"m_stage_no_image-headline\">Dlouh\u00e1 cesta, slo\u017een\u00e1 zmiln\u00edk\u016f \u2013 vizion\u00e1\u0159 na z\u00e1klad\u011b tradice.<\/h1>\n    <p class=\"m_stage_no_image-copy\">S v\u00edce ne\u017e 120letou histori\u00ed spole\u010dnosti se m\u016f\u017eeme hrd\u011b ohl\u00e9dnout za dlouhou tradic\u00ed, slo\u017eenou z miln\u00edk\u016f. Nikdy v\u0161ak nem\u00e1me dost \u010dasu na to, abychom se pono\u0159ili do nostalgie. Proto\u017ee na trhu sprchov\u00fdch kout\u016f je v\u017edy co d\u011blat, a proto se rad\u011bji d\u00edv\u00e1me dop\u0159edu. P\u0159esto bychom r\u00e1di \u0159ekli p\u00e1r slov o nejv\u00fdrazn\u011bj\u0161\u00edch a nejkr\u00e1sn\u011bj\u0161\u00edch obdob\u00edch historie H\u00dcPPE.<\/p>\n        <\/div>\n\n\n<div id=\"m_content_image_text-block_d5b8ab2dc1b093d7bde0b21a268af162\" class=\"m_content_image_text margin-small\" >\n        <div class=\"m_content_image_text-wrapper imagetext\">\n        <div class=\"m_content_image_text-image\">\n            <!-- <img decoding=\"async\" class=\"-img \" src=\"\" alt=\"\"\/> -->\n            <picture class=\"m_content_image_text-img reveal\"  alt=\"https:\/\/d2bxdz25tzrsr9.cloudfront.net\/image\/382083092639\/image_9pkp5rupql4hj6r4c58rjd933q\/-Tlandscape-FWEBP\" draggable=\"false\">\n                <source srcset=\"https:\/\/d2bxdz25tzrsr9.cloudfront.net\/image\/382083092639\/image_9pkp5rupql4hj6r4c58rjd933q\/-Tlandscape-FWEBP\" type=\"image\/webp\">\n                <source srcset=\"https:\/\/d2bxdz25tzrsr9.cloudfront.net\/image\/382083092639\/image_9pkp5rupql4hj6r4c58rjd933q\/-Tlandscape-FPNG\" type=\"image\/png\">\n                <img decoding=\"async\" src=\"https:\/\/d2bxdz25tzrsr9.cloudfront.net\/image\/382083092639\/image_9pkp5rupql4hj6r4c58rjd933q\/-Tlandscape-FPNG\">\n            <\/picture>\n        <\/div>\n        <div class=\"m_content_image_text-content\">\n            <h4 class=\"m_content_image_text-subtitle reveal\">Pr\u016fkopn\u00edk na nov\u00e9m trhu.<\/h4>\n            <p class=\"m_content_image_text-text reveal\">Spole\u010dnost byla zalo\u017eena v roce 1889 Justinem H\u00fcppem a ji\u017e v roce 1966 se zam\u011b\u0159uje na v\u00fdrobu nejkr\u00e1sn\u011bj\u0161\u00edch koupelen na sv\u011bt\u011b.Jako pr\u016fkopn\u00edk sprchov\u00fdch kout\u016f v Evrop\u011b se spole\u010dnost H\u00dcPPE od sam\u00e9ho po\u010d\u00e1tku zam\u011b\u0159uje na kvalitu, servis a design. V roce 1987 se H\u00dcPPE st\u00e1v\u00e1 sou\u010d\u00e1st\u00ed MASCO Corporation (Michigan, USA) adob\u00fdv\u00e1 mezin\u00e1rodn\u00ed sc\u00e9nu. V n\u00e1sleduj\u00edc\u00edch letech vstupuje na palubu H\u00dcPPE \u0161pan\u011blsk\u00fd v\u00fdrobce sprchov\u00fdch z\u00e1st\u011bn Reser s.l. a tureck\u00e1 spole\u010dnost Intermart.<\/p>\n                    <\/div>\n    <\/div>\n<\/div>\n\n\n<div id=\"m_content_image_text-block_9f7216531df138db380ff3676291fb6e\" class=\"m_content_image_text margin-small\" >\n        <div class=\"m_content_image_text-wrapper textimage\">\n        <div class=\"m_content_image_text-image\">\n            <!-- <img decoding=\"async\" class=\"-img \" src=\"\" alt=\"\"\/> -->\n            <picture class=\"m_content_image_text-img reveal\"  alt=\"https:\/\/d2bxdz25tzrsr9.cloudfront.net\/image\/382083092639\/image_lnl0dge4pp6i59c5qd397cf212\/-Tlandscape-FWEBP\" draggable=\"false\">\n                <source srcset=\"https:\/\/d2bxdz25tzrsr9.cloudfront.net\/image\/382083092639\/image_lnl0dge4pp6i59c5qd397cf212\/-Tlandscape-FWEBP\" type=\"image\/webp\">\n                <source srcset=\"https:\/\/d2bxdz25tzrsr9.cloudfront.net\/image\/382083092639\/image_lnl0dge4pp6i59c5qd397cf212\/-Tlandscape-FPNG\" type=\"image\/png\">\n                <img decoding=\"async\" src=\"https:\/\/d2bxdz25tzrsr9.cloudfront.net\/image\/382083092639\/image_lnl0dge4pp6i59c5qd397cf212\/-Tlandscape-FPNG\">\n            <\/picture>\n        <\/div>\n        <div class=\"m_content_image_text-content\">\n            <h4 class=\"m_content_image_text-subtitle reveal\">Oto\u010dn\u00fdmi dve\u0159mi do moderny<\/h4>\n            <p class=\"m_content_image_text-text reveal\">V roce 2000 se otev\u00edr\u00e1 tak\u00e9 tov\u00e1rna na v\u00fdrobu van v Bad Zwischenahn, kde vznikaj\u00ed mimo jin\u00e9 vysoce kvalitn\u00ed sprchov\u00e9 vani\u010dky ru\u010dn\u00ed v\u00fdroby. Tak\u00e9 v leto\u0161n\u00edm roce jsme vyvinuli patentovan\u00fd syst\u00e9m kedrov\u00fdch li\u0161t H\u00dcPPE. D\u00edky spolupr\u00e1ci s designov\u00fdmi ateli\u00e9ry, jako jsou NOA, Jette Joop a Ph\u00f6nix Design, se nab\u00eddka p\u0159izp\u016fsobuje rostouc\u00edm po\u017eadavk\u016fm z\u00e1kazn\u00edk\u016f na originalitu. Nov\u00e9 s\u00e9rie s inovativn\u00edmi dve\u0159n\u00edmi syst\u00e9my dob\u00fdvaj\u00ed evropsk\u00e9 koupelny, soukrom\u00e9 prostory, hotely, l\u00e1zn\u011b a v\u00fdletn\u00ed lod\u011b. <\/p>\n                    <\/div>\n    <\/div>\n<\/div>\n\n\n<div id=\"m_content_image_text-block_54e87463c8a5e78084b45fbb75de9ecc\" class=\"m_content_image_text margin-small\" >\n        <div class=\"m_content_image_text-wrapper imagetext\">\n        <div class=\"m_content_image_text-image\">\n            <!-- <img decoding=\"async\" class=\"-img \" src=\"\" alt=\"\"\/> -->\n            <picture class=\"m_content_image_text-img reveal\"  alt=\"https:\/\/d2bxdz25tzrsr9.cloudfront.net\/image\/382083092639\/image_hrphaq04ul3jh4svgncmjf8e69\/-Tlandscape-FWEBP\" draggable=\"false\">\n                <source srcset=\"https:\/\/d2bxdz25tzrsr9.cloudfront.net\/image\/382083092639\/image_hrphaq04ul3jh4svgncmjf8e69\/-Tlandscape-FWEBP\" type=\"image\/webp\">\n                <source srcset=\"https:\/\/d2bxdz25tzrsr9.cloudfront.net\/image\/382083092639\/image_hrphaq04ul3jh4svgncmjf8e69\/-Tlandscape-FPNG\" type=\"image\/png\">\n                <img decoding=\"async\" src=\"https:\/\/d2bxdz25tzrsr9.cloudfront.net\/image\/382083092639\/image_hrphaq04ul3jh4svgncmjf8e69\/-Tlandscape-FPNG\">\n            <\/picture>\n        <\/div>\n        <div class=\"m_content_image_text-content\">\n            <h4 class=\"m_content_image_text-subtitle reveal\">Novodob\u00e9 pr\u016fchoz\u00ed sprchy Walk-in.<\/h4>\n            <p class=\"m_content_image_text-text reveal\">S inovativn\u00edmi pr\u00e9miov\u00fdmi \u0159e\u0161en\u00edmi, jako je \u0159ada Select+, Xtensa nebo SolvaPro, z\u00edsk\u00e1v\u00e1 H\u00dcPPE nejen ceny za design, ale tak\u00e9 pot\u0159ebnou s\u00edlu na trhu. V roce 2021 se spole\u010dnost H\u00dcPPE GmbH kone\u010dn\u011b stane sou\u010d\u00e1st\u00ed skupiny AURELIUS, aby mohla pokra\u010dovat v cest\u011b za sv\u00fdm c\u00edlem, st\u00e1t se jedn\u00edm z p\u0159edn\u00edch dodavatel\u016f sprchov\u00fdch kout\u016f.<\/p>\n                    <\/div>\n    <\/div>\n<\/div>","protected":false},"excerpt":{"rendered":"","protected":false},"author":777,"featured_media":0,"parent":0,"menu_order":0,"comment_status":"closed","ping_status":"closed","template":"","meta":{"_acf_changed":false,"site-sidebar-layout":"default","site-content-layout":"default","ast-global-header-display":"","ast-banner-title-visibility":"","ast-main-header-display":"","ast-hfb-above-header-display":"","ast-hfb-below-header-display":"","ast-hfb-mobile-header-display":"","site-post-title":"","ast-breadcrumbs-content":"","ast-featured-img":"","footer-sml-layout":"","theme-transparent-header-meta":"","adv-header-id-meta":"","stick-header-meta":"","header-above-stick-meta":"","header-main-stick-meta":"","header-below-stick-meta":"","footnotes":""},"class_list":["post-156963","page","type-page","status-publish","hentry"],"acf":[],"yoast_head":"<!-- This site is optimized with the Yoast SEO Premium plugin v22.3 (Yoast SEO v24.6) - https:\/\/yoast.com\/wordpress\/plugins\/seo\/ -->\n<title>Historie spole\u010dnosti - HUEPPE<\/title>\n<meta name=\"description\" content=\"120 let tradice a miln\u00edk\u016f - zde se dozv\u00edte v\u00edce o nejvlivn\u011bj\u0161\u00edch ud\u00e1lostech ve vzru\u0161uj\u00edc\u00ed historii spole\u010dnosti H\u00dcPPE.\" \/>\n<meta name=\"robots\" content=\"index, follow, max-snippet:-1, max-image-preview:large, max-video-preview:-1\" \/>\n<link rel=\"canonical\" href=\"https:\/\/www.hueppe.com\/cs\/historie\/\" \/>\n<meta property=\"og:locale\" content=\"cs_CZ\" \/>\n<meta property=\"og:type\" content=\"article\" \/>\n<meta property=\"og:title\" content=\"Geschichte\" \/>\n<meta property=\"og:description\" content=\"120 let tradice a miln\u00edk\u016f - zde se dozv\u00edte v\u00edce o nejvlivn\u011bj\u0161\u00edch ud\u00e1lostech ve vzru\u0161uj\u00edc\u00ed historii spole\u010dnosti H\u00dcPPE.\" \/>\n<meta property=\"og:url\" content=\"https:\/\/www.hueppe.com\/cs\/historie\/\" \/>\n<meta property=\"og:site_name\" content=\"HUEPPE\" \/>\n<meta property=\"article:modified_time\" content=\"2024-08-27T12:40:33+00:00\" \/>\n<meta property=\"og:image\" content=\"https:\/\/www.hueppe.com\/wp-content\/uploads\/2023\/01\/news5.png\" \/>\n\t<meta property=\"og:image:width\" content=\"820\" \/>\n\t<meta property=\"og:image:height\" content=\"514\" \/>\n\t<meta property=\"og:image:type\" content=\"image\/png\" \/>\n<meta name=\"twitter:card\" content=\"summary_large_image\" \/>\n<meta name=\"twitter:label1\" content=\"Odhadovan\u00e1 doba \u010dten\u00ed\" \/>\n\t<meta name=\"twitter:data1\" content=\"2 minuty\" \/>\n<script type=\"application\/ld+json\" class=\"yoast-schema-graph\">{\"@context\":\"https:\/\/schema.org\",\"@graph\":[{\"@type\":\"WebPage\",\"@id\":\"https:\/\/www.hueppe.com\/cs\/historie\/\",\"url\":\"https:\/\/www.hueppe.com\/cs\/historie\/\",\"name\":\"Historie spole\u010dnosti - HUEPPE\",\"isPartOf\":{\"@id\":\"https:\/\/www.hueppe.com\/cs\/#website\"},\"datePublished\":\"2023-07-17T09:19:31+00:00\",\"dateModified\":\"2024-08-27T12:40:33+00:00\",\"description\":\"120 let tradice a miln\u00edk\u016f - zde se dozv\u00edte v\u00edce o nejvlivn\u011bj\u0161\u00edch ud\u00e1lostech ve vzru\u0161uj\u00edc\u00ed historii spole\u010dnosti H\u00dcPPE.\",\"breadcrumb\":{\"@id\":\"https:\/\/www.hueppe.com\/cs\/historie\/#breadcrumb\"},\"inLanguage\":\"cs\",\"potentialAction\":[{\"@type\":\"ReadAction\",\"target\":[\"https:\/\/www.hueppe.com\/cs\/historie\/\"]}]},{\"@type\":\"BreadcrumbList\",\"@id\":\"https:\/\/www.hueppe.com\/cs\/historie\/#breadcrumb\",\"itemListElement\":[{\"@type\":\"ListItem\",\"position\":1,\"name\":\"Home\",\"item\":\"https:\/\/www.hueppe.com\/cs\/\"},{\"@type\":\"ListItem\",\"position\":2,\"name\":\"Geschichte\"}]},{\"@type\":\"WebSite\",\"@id\":\"https:\/\/www.hueppe.com\/cs\/#website\",\"url\":\"https:\/\/www.hueppe.com\/cs\/\",\"name\":\"www.HUEPPE.com\",\"description\":\"\",\"publisher\":{\"@id\":\"https:\/\/www.hueppe.com\/cs\/#organization\"},\"potentialAction\":[{\"@type\":\"SearchAction\",\"target\":{\"@type\":\"EntryPoint\",\"urlTemplate\":\"https:\/\/www.hueppe.com\/cs\/?s={search_term_string}\"},\"query-input\":{\"@type\":\"PropertyValueSpecification\",\"valueRequired\":true,\"valueName\":\"search_term_string\"}}],\"inLanguage\":\"cs\"},{\"@type\":\"Organization\",\"@id\":\"https:\/\/www.hueppe.com\/cs\/#organization\",\"name\":\"HUEPPE GmbH\",\"url\":\"https:\/\/www.hueppe.com\/cs\/\",\"logo\":{\"@type\":\"ImageObject\",\"inLanguage\":\"cs\",\"@id\":\"https:\/\/www.hueppe.com\/cs\/#\/schema\/logo\/image\/\",\"url\":\"https:\/\/www.hueppe.com\/wp-content\/uploads\/2024\/04\/Logo.png\",\"contentUrl\":\"https:\/\/www.hueppe.com\/wp-content\/uploads\/2024\/04\/Logo.png\",\"width\":225,\"height\":225,\"caption\":\"HUEPPE GmbH\"},\"image\":{\"@id\":\"https:\/\/www.hueppe.com\/cs\/#\/schema\/logo\/image\/\"},\"sameAs\":[\"https:\/\/www.instagram.com\/hueppe_group\/\",\"https:\/\/www.pinterest.de\/hppegmbh\/\",\"https:\/\/www.youtube.com\/user\/HUEPPEcom\",\"https:\/\/www.linkedin.com\/company\/hueppe-group\/\"]}]}<\/script>\n<!-- \/ Yoast SEO Premium plugin. -->","yoast_head_json":{"title":"Historie spole\u010dnosti - HUEPPE","description":"120 let tradice a miln\u00edk\u016f - zde se dozv\u00edte v\u00edce o nejvlivn\u011bj\u0161\u00edch ud\u00e1lostech ve vzru\u0161uj\u00edc\u00ed historii spole\u010dnosti H\u00dcPPE.","robots":{"index":"index","follow":"follow","max-snippet":"max-snippet:-1","max-image-preview":"max-image-preview:large","max-video-preview":"max-video-preview:-1"},"canonical":"https:\/\/www.hueppe.com\/cs\/historie\/","og_locale":"cs_CZ","og_type":"article","og_title":"Geschichte","og_description":"120 let tradice a miln\u00edk\u016f - zde se dozv\u00edte v\u00edce o nejvlivn\u011bj\u0161\u00edch ud\u00e1lostech ve vzru\u0161uj\u00edc\u00ed historii spole\u010dnosti H\u00dcPPE.","og_url":"https:\/\/www.hueppe.com\/cs\/historie\/","og_site_name":"HUEPPE","article_modified_time":"2024-08-27T12:40:33+00:00","og_image":[{"width":820,"height":514,"url":"https:\/\/www.hueppe.com\/wp-content\/uploads\/2023\/01\/news5.png","type":"image\/png"}],"twitter_card":"summary_large_image","twitter_misc":{"Odhadovan\u00e1 doba \u010dten\u00ed":"2 minuty"},"schema":{"@context":"https:\/\/schema.org","@graph":[{"@type":"WebPage","@id":"https:\/\/www.hueppe.com\/cs\/historie\/","url":"https:\/\/www.hueppe.com\/cs\/historie\/","name":"Historie spole\u010dnosti - HUEPPE","isPartOf":{"@id":"https:\/\/www.hueppe.com\/cs\/#website"},"datePublished":"2023-07-17T09:19:31+00:00","dateModified":"2024-08-27T12:40:33+00:00","description":"120 let tradice a miln\u00edk\u016f - zde se dozv\u00edte v\u00edce o nejvlivn\u011bj\u0161\u00edch ud\u00e1lostech ve vzru\u0161uj\u00edc\u00ed historii spole\u010dnosti H\u00dcPPE.","breadcrumb":{"@id":"https:\/\/www.hueppe.com\/cs\/historie\/#breadcrumb"},"inLanguage":"cs","potentialAction":[{"@type":"ReadAction","target":["https:\/\/www.hueppe.com\/cs\/historie\/"]}]},{"@type":"BreadcrumbList","@id":"https:\/\/www.hueppe.com\/cs\/historie\/#breadcrumb","itemListElement":[{"@type":"ListItem","position":1,"name":"Home","item":"https:\/\/www.hueppe.com\/cs\/"},{"@type":"ListItem","position":2,"name":"Geschichte"}]},{"@type":"WebSite","@id":"https:\/\/www.hueppe.com\/cs\/#website","url":"https:\/\/www.hueppe.com\/cs\/","name":"www.HUEPPE.com","description":"","publisher":{"@id":"https:\/\/www.hueppe.com\/cs\/#organization"},"potentialAction":[{"@type":"SearchAction","target":{"@type":"EntryPoint","urlTemplate":"https:\/\/www.hueppe.com\/cs\/?s={search_term_string}"},"query-input":{"@type":"PropertyValueSpecification","valueRequired":true,"valueName":"search_term_string"}}],"inLanguage":"cs"},{"@type":"Organization","@id":"https:\/\/www.hueppe.com\/cs\/#organization","name":"HUEPPE GmbH","url":"https:\/\/www.hueppe.com\/cs\/","logo":{"@type":"ImageObject","inLanguage":"cs","@id":"https:\/\/www.hueppe.com\/cs\/#\/schema\/logo\/image\/","url":"https:\/\/www.hueppe.com\/wp-content\/uploads\/2024\/04\/Logo.png","contentUrl":"https:\/\/www.hueppe.com\/wp-content\/uploads\/2024\/04\/Logo.png","width":225,"height":225,"caption":"HUEPPE GmbH"},"image":{"@id":"https:\/\/www.hueppe.com\/cs\/#\/schema\/logo\/image\/"},"sameAs":["https:\/\/www.instagram.com\/hueppe_group\/","https:\/\/www.pinterest.de\/hppegmbh\/","https:\/\/www.youtube.com\/user\/HUEPPEcom","https:\/\/www.linkedin.com\/company\/hueppe-group\/"]}]}},"_links":{"self":[{"href":"https:\/\/www.hueppe.com\/cs\/wp-json\/wp\/v2\/pages\/156963","targetHints":{"allow":["GET"]}}],"collection":[{"href":"https:\/\/www.hueppe.com\/cs\/wp-json\/wp\/v2\/pages"}],"about":[{"href":"https:\/\/www.hueppe.com\/cs\/wp-json\/wp\/v2\/types\/page"}],"author":[{"embeddable":true,"href":"https:\/\/www.hueppe.com\/cs\/wp-json\/wp\/v2\/users\/777"}],"replies":[{"embeddable":true,"href":"https:\/\/www.hueppe.com\/cs\/wp-json\/wp\/v2\/comments?post=156963"}],"version-history":[{"count":0,"href":"https:\/\/www.hueppe.com\/cs\/wp-json\/wp\/v2\/pages\/156963\/revisions"}],"wp:attachment":[{"href":"https:\/\/www.hueppe.com\/cs\/wp-json\/wp\/v2\/media?parent=156963"}],"curies":[{"name":"wp","href":"https:\/\/api.w.org\/{rel}","templated":true}]}}