{"id":157010,"date":"2023-07-17T12:18:19","date_gmt":"2023-07-17T10:18:19","guid":{"rendered":"https:\/\/www.hueppe.com\/impressum\/"},"modified":"2024-04-11T16:03:25","modified_gmt":"2024-04-11T14:03:25","slug":"otisk","status":"publish","type":"page","link":"https:\/\/www.hueppe.com\/cs\/otisk\/","title":{"rendered":"Impressum"},"content":{"rendered":"\n    <div class=\"M_Headline\">\n        <h1 class=\"M_Headline-headline\">Otisk<\/h1>\n    <\/div>\n\n\n    <div class=\"M_Content\">\n        <h3 class=\"M_Content-headline\"><\/h3>\n        <div class=\"M_Content-content\">\n                    <\/div>\n    <\/div>\n\n\n    <div class=\"M_Content\">\n        <h3 class=\"M_Content-headline\">H\u00dcPPE GmbH<\/h3>\n        <div class=\"M_Content-content\">\n            <p>Industriestra\u00dfe 3<br \/>\n26160 Bad Zwischenahn<br \/>\nDeutschland<\/p>\n<p>T +49 4403 67-0<br \/>\nF +49 4403 67-100<\/p>\n<p><a href=\"mailto:hueppe@hueppe.com\">hueppe@hueppe.com<\/a><br \/>\nwww.hueppe.com<\/p>\n<p>Rejst\u0159\u00edkov\u00fd soud: AG Oldenburg<br \/>\nRejst\u0159\u00edkov\u00e9 \u010d\u00edslo: HRB 202345<\/p>\n<p>Identifika\u010dn\u00ed \u010d\u00edslo pro da\u0148 z prodeje podle \u00a7 27a Umsatzsteuergesetz: DE 814977721, St.-Nr.: 69 \/ 200 \/ 24628<\/p>\n<p>Jednatel\u00e9: Julian Henco (p\u0159edseda) , Michael Amende<\/p>\n<p>&nbsp;<\/p>\n<h4><strong>Prohl\u00e1\u0161en\u00ed o vylou\u010den\u00ed odpov\u011bdnosti<\/strong><\/h4>\n<p>I p\u0159es pe\u010dlivou kontrolu obsahu nep\u0159eb\u00edr\u00e1me \u017e\u00e1dnou odpov\u011bdnost za obsah extern\u00edch odkaz\u016f. Za obsah odkazovan\u00fdch str\u00e1nek odpov\u00eddaj\u00ed v\u00fdhradn\u011b jejich provozovatel\u00e9.<\/p>\n<p>&nbsp;<\/p>\n<h4><strong>Informace o online \u0159e\u0161en\u00ed spor\u016f<\/strong><\/h4>\n<p>Komise EU z\u0159\u00eddila internetovou platformu pro online \u0159e\u0161en\u00ed spor\u016f (d\u00e1le jen &#8222;platforma OS&#8220;). P\u0159\u00edstup k platform\u011b OS je mo\u017en\u00fd na n\u00e1sleduj\u00edc\u00edm odkazu: https:\/\/ec.europa.eu\/consumers\/odr\/.<br \/>\nSpole\u010dnost H\u00dcPPE se nebude \u00fa\u010dastnit \u0159\u00edzen\u00ed o \u0159e\u0161en\u00ed spor\u016f p\u0159ed spot\u0159ebitelskou rozhod\u010d\u00ed komis\u00ed ve smyslu n\u011bmeck\u00e9ho z\u00e1kona o \u0159e\u0161en\u00ed spot\u0159ebitelsk\u00fdch spor\u016f (VSBG).<\/p>\n<p>&nbsp;<\/p>\n        <\/div>\n    <\/div>","protected":false},"excerpt":{"rendered":"","protected":false},"author":777,"featured_media":0,"parent":0,"menu_order":0,"comment_status":"closed","ping_status":"closed","template":"","meta":{"_acf_changed":false,"site-sidebar-layout":"default","site-content-layout":"default","ast-global-header-display":"","ast-banner-title-visibility":"","ast-main-header-display":"","ast-hfb-above-header-display":"","ast-hfb-below-header-display":"","ast-hfb-mobile-header-display":"","site-post-title":"","ast-breadcrumbs-content":"","ast-featured-img":"","footer-sml-layout":"","theme-transparent-header-meta":"","adv-header-id-meta":"","stick-header-meta":"","header-above-stick-meta":"","header-main-stick-meta":"","header-below-stick-meta":"","footnotes":""},"class_list":["post-157010","page","type-page","status-publish","hentry"],"acf":[],"yoast_head":"<!-- This site is optimized with the Yoast SEO Premium plugin v22.3 (Yoast SEO v24.6) - https:\/\/yoast.com\/wordpress\/plugins\/seo\/ -->\n<title>Otisk - HUEPPE<\/title>\n<meta name=\"description\" content=\"Otisk. H\u00dcPPE GmbH, Industriestra\u00dfe 3 26160 Bad Zwischenahn N\u011bmecko, tel.: +49 4403 67-0, e-mail: hueppe@hueppe.com.\" \/>\n<meta name=\"robots\" content=\"index, follow, max-snippet:-1, max-image-preview:large, max-video-preview:-1\" \/>\n<link rel=\"canonical\" href=\"https:\/\/www.hueppe.com\/cs\/otisk\/\" \/>\n<meta property=\"og:locale\" content=\"cs_CZ\" \/>\n<meta property=\"og:type\" content=\"article\" \/>\n<meta property=\"og:title\" content=\"Impressum\" \/>\n<meta property=\"og:description\" content=\"Otisk. H\u00dcPPE GmbH, Industriestra\u00dfe 3 26160 Bad Zwischenahn N\u011bmecko, tel.: +49 4403 67-0, e-mail: hueppe@hueppe.com.\" \/>\n<meta property=\"og:url\" content=\"https:\/\/www.hueppe.com\/cs\/otisk\/\" \/>\n<meta property=\"og:site_name\" content=\"HUEPPE\" \/>\n<meta property=\"article:modified_time\" content=\"2024-04-11T14:03:25+00:00\" \/>\n<meta property=\"og:image\" content=\"https:\/\/www.hueppe.com\/wp-content\/uploads\/2023\/01\/news5.png\" \/>\n\t<meta property=\"og:image:width\" content=\"820\" \/>\n\t<meta property=\"og:image:height\" content=\"514\" \/>\n\t<meta property=\"og:image:type\" content=\"image\/png\" \/>\n<meta name=\"twitter:card\" content=\"summary_large_image\" \/>\n<meta name=\"twitter:label1\" content=\"Odhadovan\u00e1 doba \u010dten\u00ed\" \/>\n\t<meta name=\"twitter:data1\" content=\"1 minuta\" \/>\n<script type=\"application\/ld+json\" class=\"yoast-schema-graph\">{\"@context\":\"https:\/\/schema.org\",\"@graph\":[{\"@type\":\"WebPage\",\"@id\":\"https:\/\/www.hueppe.com\/cs\/otisk\/\",\"url\":\"https:\/\/www.hueppe.com\/cs\/otisk\/\",\"name\":\"Otisk - HUEPPE\",\"isPartOf\":{\"@id\":\"https:\/\/www.hueppe.com\/cs\/#website\"},\"datePublished\":\"2023-07-17T10:18:19+00:00\",\"dateModified\":\"2024-04-11T14:03:25+00:00\",\"description\":\"Otisk. H\u00dcPPE GmbH, Industriestra\u00dfe 3 26160 Bad Zwischenahn N\u011bmecko, tel.: +49 4403 67-0, e-mail: hueppe@hueppe.com.\",\"breadcrumb\":{\"@id\":\"https:\/\/www.hueppe.com\/cs\/otisk\/#breadcrumb\"},\"inLanguage\":\"cs\",\"potentialAction\":[{\"@type\":\"ReadAction\",\"target\":[\"https:\/\/www.hueppe.com\/cs\/otisk\/\"]}]},{\"@type\":\"BreadcrumbList\",\"@id\":\"https:\/\/www.hueppe.com\/cs\/otisk\/#breadcrumb\",\"itemListElement\":[{\"@type\":\"ListItem\",\"position\":1,\"name\":\"Home\",\"item\":\"https:\/\/www.hueppe.com\/cs\/\"},{\"@type\":\"ListItem\",\"position\":2,\"name\":\"Impressum\"}]},{\"@type\":\"WebSite\",\"@id\":\"https:\/\/www.hueppe.com\/cs\/#website\",\"url\":\"https:\/\/www.hueppe.com\/cs\/\",\"name\":\"www.HUEPPE.com\",\"description\":\"\",\"publisher\":{\"@id\":\"https:\/\/www.hueppe.com\/cs\/#organization\"},\"potentialAction\":[{\"@type\":\"SearchAction\",\"target\":{\"@type\":\"EntryPoint\",\"urlTemplate\":\"https:\/\/www.hueppe.com\/cs\/?s={search_term_string}\"},\"query-input\":{\"@type\":\"PropertyValueSpecification\",\"valueRequired\":true,\"valueName\":\"search_term_string\"}}],\"inLanguage\":\"cs\"},{\"@type\":\"Organization\",\"@id\":\"https:\/\/www.hueppe.com\/cs\/#organization\",\"name\":\"HUEPPE GmbH\",\"url\":\"https:\/\/www.hueppe.com\/cs\/\",\"logo\":{\"@type\":\"ImageObject\",\"inLanguage\":\"cs\",\"@id\":\"https:\/\/www.hueppe.com\/cs\/#\/schema\/logo\/image\/\",\"url\":\"https:\/\/www.hueppe.com\/wp-content\/uploads\/2024\/04\/Logo.png\",\"contentUrl\":\"https:\/\/www.hueppe.com\/wp-content\/uploads\/2024\/04\/Logo.png\",\"width\":225,\"height\":225,\"caption\":\"HUEPPE GmbH\"},\"image\":{\"@id\":\"https:\/\/www.hueppe.com\/cs\/#\/schema\/logo\/image\/\"},\"sameAs\":[\"https:\/\/www.instagram.com\/hueppe_group\/\",\"https:\/\/www.pinterest.de\/hppegmbh\/\",\"https:\/\/www.youtube.com\/user\/HUEPPEcom\",\"https:\/\/www.linkedin.com\/company\/hueppe-group\/\"]}]}<\/script>\n<!-- \/ Yoast SEO Premium plugin. -->","yoast_head_json":{"title":"Otisk - HUEPPE","description":"Otisk. H\u00dcPPE GmbH, Industriestra\u00dfe 3 26160 Bad Zwischenahn N\u011bmecko, tel.: +49 4403 67-0, e-mail: hueppe@hueppe.com.","robots":{"index":"index","follow":"follow","max-snippet":"max-snippet:-1","max-image-preview":"max-image-preview:large","max-video-preview":"max-video-preview:-1"},"canonical":"https:\/\/www.hueppe.com\/cs\/otisk\/","og_locale":"cs_CZ","og_type":"article","og_title":"Impressum","og_description":"Otisk. H\u00dcPPE GmbH, Industriestra\u00dfe 3 26160 Bad Zwischenahn N\u011bmecko, tel.: +49 4403 67-0, e-mail: hueppe@hueppe.com.","og_url":"https:\/\/www.hueppe.com\/cs\/otisk\/","og_site_name":"HUEPPE","article_modified_time":"2024-04-11T14:03:25+00:00","og_image":[{"width":820,"height":514,"url":"https:\/\/www.hueppe.com\/wp-content\/uploads\/2023\/01\/news5.png","type":"image\/png"}],"twitter_card":"summary_large_image","twitter_misc":{"Odhadovan\u00e1 doba \u010dten\u00ed":"1 minuta"},"schema":{"@context":"https:\/\/schema.org","@graph":[{"@type":"WebPage","@id":"https:\/\/www.hueppe.com\/cs\/otisk\/","url":"https:\/\/www.hueppe.com\/cs\/otisk\/","name":"Otisk - HUEPPE","isPartOf":{"@id":"https:\/\/www.hueppe.com\/cs\/#website"},"datePublished":"2023-07-17T10:18:19+00:00","dateModified":"2024-04-11T14:03:25+00:00","description":"Otisk. H\u00dcPPE GmbH, Industriestra\u00dfe 3 26160 Bad Zwischenahn N\u011bmecko, tel.: +49 4403 67-0, e-mail: hueppe@hueppe.com.","breadcrumb":{"@id":"https:\/\/www.hueppe.com\/cs\/otisk\/#breadcrumb"},"inLanguage":"cs","potentialAction":[{"@type":"ReadAction","target":["https:\/\/www.hueppe.com\/cs\/otisk\/"]}]},{"@type":"BreadcrumbList","@id":"https:\/\/www.hueppe.com\/cs\/otisk\/#breadcrumb","itemListElement":[{"@type":"ListItem","position":1,"name":"Home","item":"https:\/\/www.hueppe.com\/cs\/"},{"@type":"ListItem","position":2,"name":"Impressum"}]},{"@type":"WebSite","@id":"https:\/\/www.hueppe.com\/cs\/#website","url":"https:\/\/www.hueppe.com\/cs\/","name":"www.HUEPPE.com","description":"","publisher":{"@id":"https:\/\/www.hueppe.com\/cs\/#organization"},"potentialAction":[{"@type":"SearchAction","target":{"@type":"EntryPoint","urlTemplate":"https:\/\/www.hueppe.com\/cs\/?s={search_term_string}"},"query-input":{"@type":"PropertyValueSpecification","valueRequired":true,"valueName":"search_term_string"}}],"inLanguage":"cs"},{"@type":"Organization","@id":"https:\/\/www.hueppe.com\/cs\/#organization","name":"HUEPPE GmbH","url":"https:\/\/www.hueppe.com\/cs\/","logo":{"@type":"ImageObject","inLanguage":"cs","@id":"https:\/\/www.hueppe.com\/cs\/#\/schema\/logo\/image\/","url":"https:\/\/www.hueppe.com\/wp-content\/uploads\/2024\/04\/Logo.png","contentUrl":"https:\/\/www.hueppe.com\/wp-content\/uploads\/2024\/04\/Logo.png","width":225,"height":225,"caption":"HUEPPE GmbH"},"image":{"@id":"https:\/\/www.hueppe.com\/cs\/#\/schema\/logo\/image\/"},"sameAs":["https:\/\/www.instagram.com\/hueppe_group\/","https:\/\/www.pinterest.de\/hppegmbh\/","https:\/\/www.youtube.com\/user\/HUEPPEcom","https:\/\/www.linkedin.com\/company\/hueppe-group\/"]}]}},"_links":{"self":[{"href":"https:\/\/www.hueppe.com\/cs\/wp-json\/wp\/v2\/pages\/157010","targetHints":{"allow":["GET"]}}],"collection":[{"href":"https:\/\/www.hueppe.com\/cs\/wp-json\/wp\/v2\/pages"}],"about":[{"href":"https:\/\/www.hueppe.com\/cs\/wp-json\/wp\/v2\/types\/page"}],"author":[{"embeddable":true,"href":"https:\/\/www.hueppe.com\/cs\/wp-json\/wp\/v2\/users\/777"}],"replies":[{"embeddable":true,"href":"https:\/\/www.hueppe.com\/cs\/wp-json\/wp\/v2\/comments?post=157010"}],"version-history":[{"count":0,"href":"https:\/\/www.hueppe.com\/cs\/wp-json\/wp\/v2\/pages\/157010\/revisions"}],"wp:attachment":[{"href":"https:\/\/www.hueppe.com\/cs\/wp-json\/wp\/v2\/media?parent=157010"}],"curies":[{"name":"wp","href":"https:\/\/api.w.org\/{rel}","templated":true}]}}