{"id":174804,"date":"2023-10-05T11:27:10","date_gmt":"2023-10-05T09:27:10","guid":{"rendered":"https:\/\/www.hueppe.com\/aktionen\/"},"modified":"2024-03-22T12:17:04","modified_gmt":"2024-03-22T11:17:04","slug":"nase-aktualni-akce","status":"publish","type":"page","link":"https:\/\/www.hueppe.com\/cs\/nase-aktualni-akce\/","title":{"rendered":"Aktuelle Aktionen"},"content":{"rendered":"\n<div id=\"m_stage_no_image-block_a5576bedac2a4807c5d96ce5ad0c1d80\" class=\"m_stage_no_image margin-big\">\n    <h1 class=\"m_stage_no_image-headline\">Na\u0161e aktu\u00e1ln\u00ed akce<\/h1>\n    <p class=\"m_stage_no_image-copy\">Vyu\u017eijte na\u0161ich exkluzivn\u00edch nab\u00eddek, kter\u00e9 v\u00e1m zde p\u0159ehledn\u011b p\u0159edstavujeme \u2013 v\u017edy aktu\u00e1ln\u00ed.\r\nKe ka\u017ed\u00e9 kampani nab\u00edz\u00edme vhodn\u00fd PDF dokument se v\u0161emi relevantn\u00edmi detaily a informacemi, ke kter\u00e9mu se snadno dostanete p\u0159es odkaz pod p\u0159\u00edslu\u0161nou kampan\u00ed.\r\n<br>\r\nNa t\u00e9to str\u00e1nce budou samoz\u0159ejm\u011b zve\u0159ej\u0148ov\u00e1ny i budouc\u00ed kampan\u011b. Doporu\u010dujeme proto str\u00e1nku ulo\u017eit do obl\u00edben\u00fdch.<\/p>\n        <\/div>\n\n\n<div id=\"m_content_image_text-block_063e9f6c0f285d726b2162ad4d081c4f\" class=\"m_content_image_text margin-small\" >\n            <h2 class=\"m_content_image_text-title reveal\"><br> <br> Akce 871: H\u00dcPPE Design pure &#8211; n\u00e1st\u011bnn\u00e1 li\u0161ta Select+<br> &#038; Tablet zdarma do 30. listopadu 2023<\/h2>\n        <div class=\"m_content_image_text-wrapper imagetext\">\n        <div class=\"m_content_image_text-image\">\n            <!-- <img decoding=\"async\" class=\"-img \" src=\"\" alt=\"\"\/> -->\n            <picture class=\"m_content_image_text-img reveal\"  alt=\"https:\/\/d2bxdz25tzrsr9.cloudfront.net\/image\/382083092639\/image_ih29ruvp9541j47bc4riumna46\/-Tlandscape-FWEBP\" draggable=\"false\">\n                <source srcset=\"https:\/\/d2bxdz25tzrsr9.cloudfront.net\/image\/382083092639\/image_ih29ruvp9541j47bc4riumna46\/-Tlandscape-FWEBP\" type=\"image\/webp\">\n                <source srcset=\"https:\/\/d2bxdz25tzrsr9.cloudfront.net\/image\/382083092639\/image_ih29ruvp9541j47bc4riumna46\/-Tlandscape-FPNG\" type=\"image\/png\">\n                <img decoding=\"async\" src=\"https:\/\/d2bxdz25tzrsr9.cloudfront.net\/image\/382083092639\/image_ih29ruvp9541j47bc4riumna46\/-Tlandscape-FPNG\">\n            <\/picture>\n        <\/div>\n        <div class=\"m_content_image_text-content\">\n            <h4 class=\"m_content_image_text-subtitle reveal\">Plus pro je\u0161t\u011b v\u011bt\u0161\u00ed pohodl\u00ed p\u0159i sprchov\u00e1n\u00ed<\/h4>\n            <p class=\"m_content_image_text-text reveal\">S propaga\u010dn\u00edm \u010d\u00edslem 871 obdr\u017e\u00edte v obdob\u00ed od 1. \u0159\u00edjna. A\u017e do 30. listopadu 2023 obdr\u017e\u00edte p\u0159i objedn\u00e1vce sprchov\u00e9ho koutu Design pure nav\u00edc n\u00e1st\u011bnnou li\u0161tu Select+ a tablet zdarma.<br><br>\r\n\r\n<b>V\u0161estrann\u00e9 dopl\u0148ky od H\u00dcPPE Select+ jsou skute\u010dn\u00fdm plusem pro va\u0161e pohodl\u00ed p\u0159i sprchov\u00e1n\u00ed a vytv\u00e1\u0159ej\u00ed v\u00fdrazn\u00e9 vizu\u00e1ln\u00ed akcenty.\r\nProdukty jsou dostupn\u00e9 v barv\u00e1ch silver matt, black edition a white edition. <\/b><br><br>\r\n\r\nV\u0161echny ceny v eurech bez DPH.\r\nAkci nelze kombinovat s jin\u00fdmi akcemi.<\/p>\n                            <a class=\"link link--tertiary reveal\" href=\"https:\/\/hueppe.canto.de\/direct\/document\/mud1ql81h516dfh14k3fa0610b\/hciyLV8mjQMTHZsj3YNG7m56pEI\/original?content-type\">ODKAZ na PDF<\/a>\n                    <\/div>\n    <\/div>\n<\/div>\n\n\n<div id=\"m_content_image_text-block_4616fdf6c942a83f1469cf1f4092381a\" class=\"m_content_image_text margin-small\" >\n            <h2 class=\"m_content_image_text-title reveal\"><br> <br> Akce 3060: Bezplatn\u00e9 m\u011b\u0159en\u00ed do 31. prosince 2023<\/h2>\n        <div class=\"m_content_image_text-wrapper imagetext\">\n        <div class=\"m_content_image_text-image\">\n            <!-- <img decoding=\"async\" class=\"-img \" src=\"\" alt=\"\"\/> -->\n            <picture class=\"m_content_image_text-img reveal\"  alt=\"https:\/\/d2bxdz25tzrsr9.cloudfront.net\/image\/382083092639\/image_fvrvjd413h169fa2c0m5mp1l6e\/-Tlandscape-FWEBP\" draggable=\"false\">\n                <source srcset=\"https:\/\/d2bxdz25tzrsr9.cloudfront.net\/image\/382083092639\/image_fvrvjd413h169fa2c0m5mp1l6e\/-Tlandscape-FWEBP\" type=\"image\/webp\">\n                <source srcset=\"https:\/\/d2bxdz25tzrsr9.cloudfront.net\/image\/382083092639\/image_fvrvjd413h169fa2c0m5mp1l6e\/-Tlandscape-FPNG\" type=\"image\/png\">\n                <img decoding=\"async\" src=\"https:\/\/d2bxdz25tzrsr9.cloudfront.net\/image\/382083092639\/image_fvrvjd413h169fa2c0m5mp1l6e\/-Tlandscape-FPNG\">\n            <\/picture>\n        <\/div>\n        <div class=\"m_content_image_text-content\">\n            <h4 class=\"m_content_image_text-subtitle reveal\">My: M\u011b\u0159en\u00ed, mont\u00e1\u017e, hotovo.<br> Vy: V\u00edce \u010dasu na jin\u00e9 v\u011bci<\/h4>\n            <p class=\"m_content_image_text-text reveal\">S akc\u00ed \u010d\u00edslo 3060 dostanete m\u011b\u0159en\u00ed zdarma od nyn\u011bj\u0161ka a\u017e do 31. prosince 2023, pokud si objedn\u00e1te i mont\u00e1\u017e.\r\nMimochodem: M\u011b\u0159en\u00ed se prov\u00e1d\u00ed do t\u0159\u00ed dn\u016f od objedn\u00e1n\u00ed.<br><br>\r\n\r\n<b>Dostupn\u00e9: \u0158e\u0161en\u00ed pro niky a rohov\u00e1 \u0159e\u0161en\u00ed<\/b><br><br>\r\n\r\nV\u0161echny ceny v eurech bez DPH.\r\nAkci nelze kombinovat s jin\u00fdmi akcemi.<\/p>\n                            <a class=\"link link--tertiary reveal\" href=\"https:\/\/hueppe.canto.de\/direct\/document\/kn37vshj5h5sfa5o6f06hqj921\/vFLlq-i3gfk30igxynzhzcAYCK8\/original?content-type=application%2Fpdf&#038;name=Promotion+3060+Measurement.pdf\">ODKAZ na PDF<\/a>\n                    <\/div>\n    <\/div>\n<\/div>\n\n\n<div id=\"m_content_image_text-block_ca2854156f585e59d2587fa256161819\" class=\"m_content_image_text margin-small\" >\n            <h2 class=\"m_content_image_text-title reveal\"><br> <br> Akce 4000: 25 % na organiz\u00e9r a p\u0159\u00edslu\u0161enstv\u00ed Select+<\/h2>\n        <div class=\"m_content_image_text-wrapper imagetext\">\n        <div class=\"m_content_image_text-image\">\n            <!-- <img decoding=\"async\" class=\"-img \" src=\"\" alt=\"\"\/> -->\n            <picture class=\"m_content_image_text-img reveal\"  alt=\"https:\/\/d2bxdz25tzrsr9.cloudfront.net\/image\/382083092639\/image_gds6kvp0653m1cavqa2b3ni75h\/-Tlandscape-FWEBP\" draggable=\"false\">\n                <source srcset=\"https:\/\/d2bxdz25tzrsr9.cloudfront.net\/image\/382083092639\/image_gds6kvp0653m1cavqa2b3ni75h\/-Tlandscape-FWEBP\" type=\"image\/webp\">\n                <source srcset=\"https:\/\/d2bxdz25tzrsr9.cloudfront.net\/image\/382083092639\/image_gds6kvp0653m1cavqa2b3ni75h\/-Tlandscape-FPNG\" type=\"image\/png\">\n                <img decoding=\"async\" src=\"https:\/\/d2bxdz25tzrsr9.cloudfront.net\/image\/382083092639\/image_gds6kvp0653m1cavqa2b3ni75h\/-Tlandscape-FPNG\">\n            <\/picture>\n        <\/div>\n        <div class=\"m_content_image_text-content\">\n            <h4 class=\"m_content_image_text-subtitle reveal\">Plus pro koupelny va\u0161ich z\u00e1kazn\u00edk\u016f<\/h4>\n            <p class=\"m_content_image_text-text reveal\">S akc\u00ed \u010d\u00edslo 4000 z\u00edsk\u00e1te od nyn\u011bj\u0161ka do 31. prosince 2023 25% slevu na n\u00e1sleduj\u00edc\u00ed organiz\u00e9ry a p\u0159\u00edslu\u0161enstv\u00ed Select+:<br><br>\r\n<b>Select+ Hook<\/b> &#8211; v\u011b\u0161\u00e1k, plynule v\u00fd\u0161kov\u011b nastaviteln\u00fd<br>\r\n<b>Select+ Wiper<\/b> \u2013 ru\u010dn\u00ed st\u011bra\u010d<br>\r\n<b>Su\u0161ic\u00ed box Select+<\/b> \u2013 \u00falo\u017ei\u0161t\u011b a ochrana<br>\r\n<b>Select+ Mirror<\/b> \u2013 Pohybliv\u00e9 zrcadlo<br>\r\n<b>Tablet Select+<\/b> \u2013 designov\u00e9 \u00falo\u017ei\u0161t\u011b<br><br>\r\nV\u0161echny produkty jsou dostupn\u00e9 ve vysoce leskl\u00e9 st\u0159\u00edbrn\u00e9, matn\u00e9 \u010dern\u00e9 a matn\u00e9 b\u00edl\u00e9.<\/p>\n                            <a class=\"link link--tertiary reveal\" href=\"https:\/\/hueppe.canto.de\/direct\/document\/i9jkettrqt3h9cc90umqr8sb5o\/TfeduWNRFE2gzA_gOxWpw-eu8jA\/original?content-type=application%2Fpdf&#038;name=Promotion+4000+Select%2B+%28DE%29.pdf\">ODKAZ na PDF<\/a>\n                    <\/div>\n    <\/div>\n<\/div>\n\n\n<div id=\"contact\" class=\"contact_form\">\n    <div class=\"wrapper\">\n        <h1>Kontakt<\/h1>\n        <p class=\"paragraph\"><\/p>\n        \n<div class=\"wpcf7 no-js\" id=\"wpcf7-f167979-o1\" lang=\"cs-CZ\" dir=\"ltr\" data-wpcf7-id=\"167979\">\n<div class=\"screen-reader-response\"><p role=\"status\" aria-live=\"polite\" aria-atomic=\"true\"><\/p> <ul><\/ul><\/div>\n<form action=\"\/cs\/wp-json\/wp\/v2\/pages\/174804#wpcf7-f167979-o1\" method=\"post\" class=\"wpcf7-form init\" aria-label=\"Kontaktn\u00ed formul\u00e1\u0159\" novalidate=\"novalidate\" data-status=\"init\">\n<div style=\"display: none;\">\n<input type=\"hidden\" name=\"_wpcf7\" value=\"167979\" \/>\n<input type=\"hidden\" name=\"_wpcf7_version\" value=\"6.0.5\" \/>\n<input type=\"hidden\" name=\"_wpcf7_locale\" value=\"cs_CZ\" \/>\n<input type=\"hidden\" name=\"_wpcf7_unit_tag\" value=\"wpcf7-f167979-o1\" \/>\n<input type=\"hidden\" name=\"_wpcf7_container_post\" value=\"0\" \/>\n<input type=\"hidden\" name=\"_wpcf7_posted_data_hash\" value=\"\" \/>\n<input type=\"hidden\" name=\"_wpcf7_recaptcha_response\" value=\"\" \/>\n<\/div>\n<p><span class=\"wpcf7-form-control-wrap\" data-name=\"Betreff\"><select class=\"wpcf7-form-control wpcf7-select wpcf7-validates-as-required betreff\" aria-required=\"true\" aria-invalid=\"false\" name=\"Betreff\"><option value=\"Kontakt\">Kontakt<\/option><option value=\"Anfrage\">Anfrage<\/option><\/select><\/span><span class=\"hidden wpcf7-form-control-wrap\"><\/span>\n<\/p>\n<p><span class=\"wpcf7-form-control-wrap\" data-name=\"Vorname\"><input size=\"40\" maxlength=\"400\" class=\"wpcf7-form-control wpcf7-text wpcf7-validates-as-required name\" aria-required=\"true\" aria-invalid=\"false\" placeholder=\"Vorname\" value=\"\" type=\"text\" name=\"Vorname\" \/><\/span><span class=\"wpcf7-form-control-wrap\" data-name=\"Nachname\"><input size=\"40\" maxlength=\"400\" class=\"wpcf7-form-control wpcf7-text wpcf7-validates-as-required name\" aria-required=\"true\" aria-invalid=\"false\" placeholder=\"Nachname\" value=\"\" type=\"text\" name=\"Nachname\" \/><\/span>\n<\/p>\n<p><span class=\"wpcf7-form-control-wrap\" data-name=\"Firma\"><input size=\"40\" maxlength=\"400\" class=\"wpcf7-form-control wpcf7-text firma\" aria-invalid=\"false\" placeholder=\"Firma\" value=\"\" type=\"text\" name=\"Firma\" \/><\/span><span class=\"wpcf7-form-control-wrap\" data-name=\"Land\"><input size=\"40\" maxlength=\"400\" class=\"wpcf7-form-control wpcf7-text name\" aria-invalid=\"false\" placeholder=\"Land\" value=\"\" type=\"text\" name=\"Land\" \/><\/span>\n<\/p>\n<p><span class=\"wpcf7-form-control-wrap\" data-name=\"Email\"><input size=\"40\" maxlength=\"400\" class=\"wpcf7-form-control wpcf7-email wpcf7-validates-as-required wpcf7-text wpcf7-validates-as-email email\" aria-required=\"true\" aria-invalid=\"false\" placeholder=\"E-Mail\" value=\"\" type=\"email\" name=\"Email\" \/><\/span><span class=\"wpcf7-form-control-wrap\" data-name=\"Telefon\"><input size=\"40\" maxlength=\"400\" class=\"wpcf7-form-control wpcf7-tel wpcf7-text wpcf7-validates-as-tel name\" aria-invalid=\"false\" placeholder=\"Telefon\" value=\"\" type=\"tel\" name=\"Telefon\" \/><\/span>\n<\/p>\n<p><span class=\"wpcf7-form-control-wrap\" data-name=\"Nachricht\"><textarea cols=\"40\" rows=\"10\" maxlength=\"2000\" class=\"wpcf7-form-control wpcf7-textarea nachricht\" aria-invalid=\"false\" placeholder=\"Nachricht\" name=\"Nachricht\"><\/textarea><\/span>\n<\/p>\n<div class=\"wpcf7-form-wrap-checkbox\">\n\t<p><span class=\"wpcf7-form-control-wrap\" data-name=\"dsgvo\"><span class=\"wpcf7-form-control wpcf7-checkbox wpcf7-validates-as-required\"><span class=\"wpcf7-list-item first last\"><input type=\"checkbox\" name=\"dsgvo[]\" value=\"datenschutz\" \/><span class=\"wpcf7-list-item-label\">datenschutz<\/span><\/span><\/span><\/span>\n\t<\/p>\n\t<p class=\"datenschutz\">Ich bin damit einverstanden, dass die von mir eingegebenen personenbezogenen Daten gem\u00e4\u00df gesetzlicher Bestimmungen und der <a href=\"\/datenschutz\">H\u00dcPPE Datenschutzerkl\u00e4rung<\/a> gespeichert, verarbeitet und verwendet werden. Ich wei\u00df, dass ich jederzeit der Verarbeitung meiner Daten widersprechen kann.\n\t<\/p>\n<\/div>\n<span class=\"wpcf7-form-control-wrap recaptcha\" data-name=\"recaptcha\"><span data-sitekey=\"6Lcr9JUpAAAAAM8JdNrwghL7wTtlbxJGYoCakJ6Q\" class=\"wpcf7-form-control wpcf7-recaptcha g-recaptcha\"><\/span>\r\n<noscript>\r\n\t<div class=\"grecaptcha-noscript\">\r\n\t\t<iframe src=\"https:\/\/www.google.com\/recaptcha\/api\/fallback?k=6Lcr9JUpAAAAAM8JdNrwghL7wTtlbxJGYoCakJ6Q\" frameborder=\"0\" scrolling=\"no\" width=\"310\" height=\"430\">\r\n\t\t<\/iframe>\r\n\t\t<textarea name=\"g-recaptcha-response\" rows=\"3\" cols=\"40\" placeholder=\"reCaptcha Response Here\">\r\n\t\t<\/textarea>\r\n\t<\/div>\r\n<\/noscript>\r\n<\/span>\n<p><input class=\"wpcf7-form-control wpcf7-submit has-spinner\" type=\"submit\" value=\"Abschicken\" \/>\n<\/p><div class=\"wpcf7-response-output\" aria-hidden=\"true\"><\/div>\n<\/form>\n<\/div>\n    <\/div>\n<\/div>\n\n\n<div class=\"contact_direction\">\n   <div class=\"wrapper\">\n      <div class=\"header-copy\">\n         <h2>V\u00fdstava a pokyny<\/h2>\n         <p>Na\u0161i expozici je mo\u017en\u00e9 zhl\u00e9dnout po p\u0159edchoz\u00ed telefonick\u00e9 registraci nebo po registraci p\u0159es kontaktn\u00ed formul\u00e1\u0159.<\/p>\n      <\/div>\n   \n      <div class=\"direction\">\n         <div class=\"column\">\n            <p>H\u00dcPPE GmbH <br>\r\nIndustriestra\u00dfe 3<br>\r\n26160 Bad Zwischenahn<br>\r\nDeutschland<\/p>\n         <\/div>   \n         <div class=\"column\">\n            <p>T +49 4403 \/ 670<br> M <a href=\"mailto:hueppe@hueppe.com\">hueppe@hueppe.com<\/a><\/p>\n         <\/div>   \n      <\/div>\n   <\/div>\n\n   <div class=\"leaflet-map WPLeafletMap\" style=\"height:250px; width:100%;\"><\/div><script>\nwindow.WPLeafletMapPlugin = window.WPLeafletMapPlugin || [];\nwindow.WPLeafletMapPlugin.push(function WPLeafletMapShortcode() {\/*<script>*\/\nvar baseUrl = atob('aHR0cHM6Ly97c30udGlsZS5vcGVuc3RyZWV0bWFwLm9yZy97en0ve3h9L3t5fS5wbmc=');\nvar base = (!baseUrl && window.MQ) ?\n    window.MQ.mapLayer() : L.tileLayer(baseUrl,\n        L.Util.extend({}, {\n            detectRetina: 0,\n        },\n        {\"subdomains\":\"abc\",\"noWrap\":false,\"maxZoom\":19}        )\n    );\n    var options = L.Util.extend({}, {\n        layers: [base],\n        attributionControl: false\n    },\n    {\"zoomControl\":true,\"scrollWheelZoom\":false,\"doubleClickZoom\":false,\"fitBounds\":false,\"minZoom\":0,\"maxZoom\":19,\"maxBounds\":null,\"attribution\":\"<a href=\\\"http:\\\/\\\/leafletjs.com\\\" title=\\\"A JS library for interactive maps\\\">Leaflet<\\\/a>; \\u00a9 <a href=\\\"http:\\\/\\\/www.openstreetmap.org\\\/copyright\\\">OpenStreetMap<\\\/a> contributors\"},\n    {});\nwindow.WPLeafletMapPlugin.createMap(options).setView([53.174969469958,8.0576910427316],14);});<\/script>  <script>\nwindow.WPLeafletMapPlugin = window.WPLeafletMapPlugin || [];\nwindow.WPLeafletMapPlugin.push(function WPLeafletMarkerShortcode() {\/*<script>*\/\nvar map = window.WPLeafletMapPlugin.getCurrentMap();\nvar group = window.WPLeafletMapPlugin.getCurrentGroup();\nvar marker_options = window.WPLeafletMapPlugin.getIconOptions({});\nvar marker = L.marker(\n    [53.174969469958,8.0576910427316],\n    marker_options\n);\nvar is_image = map.is_image_map;\nif (marker_options.draggable) {\n    marker.on('dragend', function () {\n        var latlng = this.getLatLng();\n        var lat = latlng.lat;\n        var lng = latlng.lng;\n        if (is_image) {\n            console.log('leaflet-marker y=' + lat + ' x=' + lng);\n        } else {\n            console.log('leaflet-marker lat=' + lat + ' lng=' + lng);\n        }\n    });\n}\nmarker.addTo( group );\nwindow.WPLeafletMapPlugin.markers.push( marker );\n        });<\/script>\n<\/div>","protected":false},"excerpt":{"rendered":"","protected":false},"author":45,"featured_media":0,"parent":0,"menu_order":0,"comment_status":"closed","ping_status":"closed","template":"","meta":{"_acf_changed":false,"site-sidebar-layout":"default","site-content-layout":"default","ast-global-header-display":"","ast-banner-title-visibility":"","ast-main-header-display":"","ast-hfb-above-header-display":"","ast-hfb-below-header-display":"","ast-hfb-mobile-header-display":"","site-post-title":"disabled","ast-breadcrumbs-content":"","ast-featured-img":"","footer-sml-layout":"","theme-transparent-header-meta":"","adv-header-id-meta":"","stick-header-meta":"","header-above-stick-meta":"","header-main-stick-meta":"","header-below-stick-meta":"","footnotes":""},"class_list":["post-174804","page","type-page","status-publish","hentry"],"acf":[],"yoast_head":"<!-- This site is optimized with the Yoast SEO Premium plugin v22.3 (Yoast SEO v24.6) - https:\/\/yoast.com\/wordpress\/plugins\/seo\/ -->\n<title>Aktu\u00e1ln\u00ed akce - v\u00fdhradn\u011b pro v\u00e1s<\/title>\n<meta name=\"description\" content=\"Vyu\u017eijte na\u0161ich aktu\u00e1ln\u00edch ak\u010dn\u00edch nab\u00eddek, kter\u00e9 v\u00e1m zde p\u0159ehledn\u011b a v\u017edy aktu\u00e1ln\u011b p\u0159edstavujeme.\" \/>\n<meta name=\"robots\" content=\"index, follow, max-snippet:-1, max-image-preview:large, max-video-preview:-1\" \/>\n<link rel=\"canonical\" href=\"https:\/\/www.hueppe.com\/cs\/nase-aktualni-akce\/\" \/>\n<meta property=\"og:locale\" content=\"cs_CZ\" \/>\n<meta property=\"og:type\" content=\"article\" \/>\n<meta property=\"og:title\" content=\"Aktuelle Aktionen\" \/>\n<meta property=\"og:description\" content=\"Vyu\u017eijte na\u0161ich aktu\u00e1ln\u00edch ak\u010dn\u00edch nab\u00eddek, kter\u00e9 v\u00e1m zde p\u0159ehledn\u011b a v\u017edy aktu\u00e1ln\u011b p\u0159edstavujeme.\" \/>\n<meta property=\"og:url\" content=\"https:\/\/www.hueppe.com\/cs\/nase-aktualni-akce\/\" \/>\n<meta property=\"og:site_name\" content=\"HUEPPE\" \/>\n<meta property=\"article:modified_time\" content=\"2024-03-22T11:17:04+00:00\" \/>\n<meta property=\"og:image\" content=\"https:\/\/www.hueppe.com\/wp-content\/uploads\/2023\/01\/news5.png\" \/>\n\t<meta property=\"og:image:width\" content=\"820\" \/>\n\t<meta property=\"og:image:height\" content=\"514\" \/>\n\t<meta property=\"og:image:type\" content=\"image\/png\" \/>\n<meta name=\"twitter:card\" content=\"summary_large_image\" \/>\n<meta name=\"twitter:label1\" content=\"Odhadovan\u00e1 doba \u010dten\u00ed\" \/>\n\t<meta name=\"twitter:data1\" content=\"2 minuty\" \/>\n<script type=\"application\/ld+json\" class=\"yoast-schema-graph\">{\"@context\":\"https:\/\/schema.org\",\"@graph\":[{\"@type\":\"WebPage\",\"@id\":\"https:\/\/www.hueppe.com\/cs\/nase-aktualni-akce\/\",\"url\":\"https:\/\/www.hueppe.com\/cs\/nase-aktualni-akce\/\",\"name\":\"Aktu\u00e1ln\u00ed akce - v\u00fdhradn\u011b pro v\u00e1s\",\"isPartOf\":{\"@id\":\"https:\/\/www.hueppe.com\/cs\/#website\"},\"datePublished\":\"2023-10-05T09:27:10+00:00\",\"dateModified\":\"2024-03-22T11:17:04+00:00\",\"description\":\"Vyu\u017eijte na\u0161ich aktu\u00e1ln\u00edch ak\u010dn\u00edch nab\u00eddek, kter\u00e9 v\u00e1m zde p\u0159ehledn\u011b a v\u017edy aktu\u00e1ln\u011b p\u0159edstavujeme.\",\"breadcrumb\":{\"@id\":\"https:\/\/www.hueppe.com\/cs\/nase-aktualni-akce\/#breadcrumb\"},\"inLanguage\":\"cs\",\"potentialAction\":[{\"@type\":\"ReadAction\",\"target\":[\"https:\/\/www.hueppe.com\/cs\/nase-aktualni-akce\/\"]}]},{\"@type\":\"BreadcrumbList\",\"@id\":\"https:\/\/www.hueppe.com\/cs\/nase-aktualni-akce\/#breadcrumb\",\"itemListElement\":[{\"@type\":\"ListItem\",\"position\":1,\"name\":\"Home\",\"item\":\"https:\/\/www.hueppe.com\/cs\/\"},{\"@type\":\"ListItem\",\"position\":2,\"name\":\"Aktuelle Aktionen\"}]},{\"@type\":\"WebSite\",\"@id\":\"https:\/\/www.hueppe.com\/cs\/#website\",\"url\":\"https:\/\/www.hueppe.com\/cs\/\",\"name\":\"www.HUEPPE.com\",\"description\":\"\",\"publisher\":{\"@id\":\"https:\/\/www.hueppe.com\/cs\/#organization\"},\"potentialAction\":[{\"@type\":\"SearchAction\",\"target\":{\"@type\":\"EntryPoint\",\"urlTemplate\":\"https:\/\/www.hueppe.com\/cs\/?s={search_term_string}\"},\"query-input\":{\"@type\":\"PropertyValueSpecification\",\"valueRequired\":true,\"valueName\":\"search_term_string\"}}],\"inLanguage\":\"cs\"},{\"@type\":\"Organization\",\"@id\":\"https:\/\/www.hueppe.com\/cs\/#organization\",\"name\":\"HUEPPE GmbH\",\"url\":\"https:\/\/www.hueppe.com\/cs\/\",\"logo\":{\"@type\":\"ImageObject\",\"inLanguage\":\"cs\",\"@id\":\"https:\/\/www.hueppe.com\/cs\/#\/schema\/logo\/image\/\",\"url\":\"https:\/\/www.hueppe.com\/wp-content\/uploads\/2024\/04\/Logo.png\",\"contentUrl\":\"https:\/\/www.hueppe.com\/wp-content\/uploads\/2024\/04\/Logo.png\",\"width\":225,\"height\":225,\"caption\":\"HUEPPE GmbH\"},\"image\":{\"@id\":\"https:\/\/www.hueppe.com\/cs\/#\/schema\/logo\/image\/\"},\"sameAs\":[\"https:\/\/www.instagram.com\/hueppe_group\/\",\"https:\/\/www.pinterest.de\/hppegmbh\/\",\"https:\/\/www.youtube.com\/user\/HUEPPEcom\",\"https:\/\/www.linkedin.com\/company\/hueppe-group\/\"]}]}<\/script>\n<!-- \/ Yoast SEO Premium plugin. -->","yoast_head_json":{"title":"Aktu\u00e1ln\u00ed akce - v\u00fdhradn\u011b pro v\u00e1s","description":"Vyu\u017eijte na\u0161ich aktu\u00e1ln\u00edch ak\u010dn\u00edch nab\u00eddek, kter\u00e9 v\u00e1m zde p\u0159ehledn\u011b a v\u017edy aktu\u00e1ln\u011b p\u0159edstavujeme.","robots":{"index":"index","follow":"follow","max-snippet":"max-snippet:-1","max-image-preview":"max-image-preview:large","max-video-preview":"max-video-preview:-1"},"canonical":"https:\/\/www.hueppe.com\/cs\/nase-aktualni-akce\/","og_locale":"cs_CZ","og_type":"article","og_title":"Aktuelle Aktionen","og_description":"Vyu\u017eijte na\u0161ich aktu\u00e1ln\u00edch ak\u010dn\u00edch nab\u00eddek, kter\u00e9 v\u00e1m zde p\u0159ehledn\u011b a v\u017edy aktu\u00e1ln\u011b p\u0159edstavujeme.","og_url":"https:\/\/www.hueppe.com\/cs\/nase-aktualni-akce\/","og_site_name":"HUEPPE","article_modified_time":"2024-03-22T11:17:04+00:00","og_image":[{"width":820,"height":514,"url":"https:\/\/www.hueppe.com\/wp-content\/uploads\/2023\/01\/news5.png","type":"image\/png"}],"twitter_card":"summary_large_image","twitter_misc":{"Odhadovan\u00e1 doba \u010dten\u00ed":"2 minuty"},"schema":{"@context":"https:\/\/schema.org","@graph":[{"@type":"WebPage","@id":"https:\/\/www.hueppe.com\/cs\/nase-aktualni-akce\/","url":"https:\/\/www.hueppe.com\/cs\/nase-aktualni-akce\/","name":"Aktu\u00e1ln\u00ed akce - v\u00fdhradn\u011b pro v\u00e1s","isPartOf":{"@id":"https:\/\/www.hueppe.com\/cs\/#website"},"datePublished":"2023-10-05T09:27:10+00:00","dateModified":"2024-03-22T11:17:04+00:00","description":"Vyu\u017eijte na\u0161ich aktu\u00e1ln\u00edch ak\u010dn\u00edch nab\u00eddek, kter\u00e9 v\u00e1m zde p\u0159ehledn\u011b a v\u017edy aktu\u00e1ln\u011b p\u0159edstavujeme.","breadcrumb":{"@id":"https:\/\/www.hueppe.com\/cs\/nase-aktualni-akce\/#breadcrumb"},"inLanguage":"cs","potentialAction":[{"@type":"ReadAction","target":["https:\/\/www.hueppe.com\/cs\/nase-aktualni-akce\/"]}]},{"@type":"BreadcrumbList","@id":"https:\/\/www.hueppe.com\/cs\/nase-aktualni-akce\/#breadcrumb","itemListElement":[{"@type":"ListItem","position":1,"name":"Home","item":"https:\/\/www.hueppe.com\/cs\/"},{"@type":"ListItem","position":2,"name":"Aktuelle Aktionen"}]},{"@type":"WebSite","@id":"https:\/\/www.hueppe.com\/cs\/#website","url":"https:\/\/www.hueppe.com\/cs\/","name":"www.HUEPPE.com","description":"","publisher":{"@id":"https:\/\/www.hueppe.com\/cs\/#organization"},"potentialAction":[{"@type":"SearchAction","target":{"@type":"EntryPoint","urlTemplate":"https:\/\/www.hueppe.com\/cs\/?s={search_term_string}"},"query-input":{"@type":"PropertyValueSpecification","valueRequired":true,"valueName":"search_term_string"}}],"inLanguage":"cs"},{"@type":"Organization","@id":"https:\/\/www.hueppe.com\/cs\/#organization","name":"HUEPPE GmbH","url":"https:\/\/www.hueppe.com\/cs\/","logo":{"@type":"ImageObject","inLanguage":"cs","@id":"https:\/\/www.hueppe.com\/cs\/#\/schema\/logo\/image\/","url":"https:\/\/www.hueppe.com\/wp-content\/uploads\/2024\/04\/Logo.png","contentUrl":"https:\/\/www.hueppe.com\/wp-content\/uploads\/2024\/04\/Logo.png","width":225,"height":225,"caption":"HUEPPE GmbH"},"image":{"@id":"https:\/\/www.hueppe.com\/cs\/#\/schema\/logo\/image\/"},"sameAs":["https:\/\/www.instagram.com\/hueppe_group\/","https:\/\/www.pinterest.de\/hppegmbh\/","https:\/\/www.youtube.com\/user\/HUEPPEcom","https:\/\/www.linkedin.com\/company\/hueppe-group\/"]}]}},"_links":{"self":[{"href":"https:\/\/www.hueppe.com\/cs\/wp-json\/wp\/v2\/pages\/174804","targetHints":{"allow":["GET"]}}],"collection":[{"href":"https:\/\/www.hueppe.com\/cs\/wp-json\/wp\/v2\/pages"}],"about":[{"href":"https:\/\/www.hueppe.com\/cs\/wp-json\/wp\/v2\/types\/page"}],"author":[{"embeddable":true,"href":"https:\/\/www.hueppe.com\/cs\/wp-json\/wp\/v2\/users\/45"}],"replies":[{"embeddable":true,"href":"https:\/\/www.hueppe.com\/cs\/wp-json\/wp\/v2\/comments?post=174804"}],"version-history":[{"count":0,"href":"https:\/\/www.hueppe.com\/cs\/wp-json\/wp\/v2\/pages\/174804\/revisions"}],"wp:attachment":[{"href":"https:\/\/www.hueppe.com\/cs\/wp-json\/wp\/v2\/media?parent=174804"}],"curies":[{"name":"wp","href":"https:\/\/api.w.org\/{rel}","templated":true}]}}