{"id":175670,"date":"2023-05-09T18:51:02","date_gmt":"2023-05-09T16:51:02","guid":{"rendered":"https:\/\/www.hueppe.com\/?post_type=product&#038;p=175670"},"modified":"2024-03-28T11:39:47","modified_gmt":"2024-03-28T10:39:47","slug":"purano","status":"publish","type":"product","link":"https:\/\/www.hueppe.com\/cs\/products\/ploche-sprchove-vanicky\/purano-povrch-sprchy\/","title":{"rendered":"Purano"},"content":{"rendered":"<h3 class=\"m_product_description-headline\">Seznamte se s obl\u00edbencem na\u0161ich z\u00e1kazn\u00edk\u016f<\/h3>\n<p class=\"m_product_description-copy\">H\u00dcPPE Purano p\u0159esv\u011bd\u010d\u00ed hned na prvn\u00ed pohled. Purano v\u00e1s okam\u017eit\u011b nadchne sv\u00fdmi protiskluzov\u00fdmi a tepeln\u00fdmi vlastnostmi. S\u00e9rie se vyzna\u010duje m\u00edrn\u011b strukturovan\u00fdm povrchem. Z\u00edsk\u00e1te t\u00edm pocit jistoty a v\u011bt\u0161\u00edho pohodl\u00ed.<\/p>\n","protected":false},"excerpt":{"rendered":"<p>Seznamte se s obl\u00edbencem na\u0161ich z\u00e1kazn\u00edk\u016f H\u00dcPPE Purano p\u0159esv\u011bd\u010d\u00ed hned na prvn\u00ed pohled. Purano v\u00e1s okam\u017eit\u011b nadchne sv\u00fdmi protiskluzov\u00fdmi a tepeln\u00fdmi vlastnostmi. S\u00e9rie se vyzna\u010duje m\u00edrn\u011b strukturovan\u00fdm povrchem. Z\u00edsk\u00e1te t\u00edm pocit jistoty a v\u011bt\u0161\u00edho pohodl\u00ed.<\/p>\n","protected":false},"featured_media":0,"template":"","meta":{"_acf_changed":false,"site-sidebar-layout":"default","site-content-layout":"default","ast-global-header-display":"","ast-banner-title-visibility":"","ast-main-header-display":"","ast-hfb-above-header-display":"","ast-hfb-below-header-display":"","ast-hfb-mobile-header-display":"","site-post-title":"","ast-breadcrumbs-content":"","ast-featured-img":"","footer-sml-layout":"","theme-transparent-header-meta":"default","adv-header-id-meta":"","stick-header-meta":"","header-above-stick-meta":"","header-main-stick-meta":"","header-below-stick-meta":""},"product_cat":[194],"product_tag":[],"class_list":{"0":"post-175670","1":"product","2":"type-product","3":"status-publish","5":"product_cat-sprchove-vanicky","6":"desktop-align-left","7":"tablet-align-left","8":"mobile-align-left","10":"first","11":"instock","12":"downloadable","13":"shipping-taxable","14":"product-type-simple"},"acf":[],"yoast_head":"<!-- This site is optimized with the Yoast SEO Premium plugin v22.3 (Yoast SEO v24.6) - https:\/\/yoast.com\/wordpress\/plugins\/seo\/ -->\n<title>Purano - H\u00dcPPE Povrch sprchy<\/title>\n<meta name=\"description\" content=\"Objevte sprchov\u00fd povrch H\u00dcPPE Purano - s protiskluzov\u00fdmi a teplo udr\u017euj\u00edc\u00edmi vlastnostmi pro optim\u00e1ln\u00ed z\u00e1\u017eitek ze sprchov\u00e1n\u00ed.\" \/>\n<meta name=\"robots\" content=\"index, follow, max-snippet:-1, max-image-preview:large, max-video-preview:-1\" \/>\n<link rel=\"canonical\" href=\"https:\/\/www.hueppe.com\/cs\/products\/ploche-sprchove-vanicky\/purano-povrch-sprchy\/\" \/>\n<meta property=\"og:locale\" content=\"cs_CZ\" \/>\n<meta property=\"og:type\" content=\"article\" \/>\n<meta property=\"og:title\" content=\"Purano\" \/>\n<meta property=\"og:description\" content=\"Objevte sprchov\u00fd povrch H\u00dcPPE Purano - s protiskluzov\u00fdmi a teplo udr\u017euj\u00edc\u00edmi vlastnostmi pro optim\u00e1ln\u00ed z\u00e1\u017eitek ze sprchov\u00e1n\u00ed.\" \/>\n<meta property=\"og:url\" content=\"https:\/\/www.hueppe.com\/cs\/products\/ploche-sprchove-vanicky\/purano-povrch-sprchy\/\" \/>\n<meta property=\"og:site_name\" content=\"HUEPPE\" \/>\n<meta property=\"article:modified_time\" content=\"2024-03-28T10:39:47+00:00\" \/>\n<meta property=\"og:image\" content=\"https:\/\/www.hueppe.com\/wp-content\/uploads\/2023\/01\/news5.png\" \/>\n\t<meta property=\"og:image:width\" content=\"820\" \/>\n\t<meta property=\"og:image:height\" content=\"514\" \/>\n\t<meta property=\"og:image:type\" content=\"image\/png\" \/>\n<meta name=\"twitter:card\" content=\"summary_large_image\" \/>\n<meta name=\"twitter:label1\" content=\"Odhadovan\u00e1 doba \u010dten\u00ed\" \/>\n\t<meta name=\"twitter:data1\" content=\"1 minuta\" \/>\n<script type=\"application\/ld+json\" class=\"yoast-schema-graph\">{\"@context\":\"https:\/\/schema.org\",\"@graph\":[{\"@type\":\"WebPage\",\"@id\":\"https:\/\/www.hueppe.com\/cs\/products\/ploche-sprchove-vanicky\/purano-povrch-sprchy\/\",\"url\":\"https:\/\/www.hueppe.com\/cs\/products\/ploche-sprchove-vanicky\/purano-povrch-sprchy\/\",\"name\":\"Purano - H\u00dcPPE Povrch sprchy\",\"isPartOf\":{\"@id\":\"https:\/\/www.hueppe.com\/cs\/#website\"},\"datePublished\":\"2023-05-09T16:51:02+00:00\",\"dateModified\":\"2024-03-28T10:39:47+00:00\",\"description\":\"Objevte sprchov\u00fd povrch H\u00dcPPE Purano - s protiskluzov\u00fdmi a teplo udr\u017euj\u00edc\u00edmi vlastnostmi pro optim\u00e1ln\u00ed z\u00e1\u017eitek ze sprchov\u00e1n\u00ed.\",\"breadcrumb\":{\"@id\":\"https:\/\/www.hueppe.com\/cs\/products\/ploche-sprchove-vanicky\/purano-povrch-sprchy\/#breadcrumb\"},\"inLanguage\":\"cs\",\"potentialAction\":[{\"@type\":\"ReadAction\",\"target\":[\"https:\/\/www.hueppe.com\/cs\/products\/ploche-sprchove-vanicky\/purano-povrch-sprchy\/\"]}]},{\"@type\":\"BreadcrumbList\",\"@id\":\"https:\/\/www.hueppe.com\/cs\/products\/ploche-sprchove-vanicky\/purano-povrch-sprchy\/#breadcrumb\",\"itemListElement\":[{\"@type\":\"ListItem\",\"position\":1,\"name\":\"Home\",\"item\":\"https:\/\/www.hueppe.com\/cs\/\"},{\"@type\":\"ListItem\",\"position\":2,\"name\":\"Produkty\",\"item\":\"https:\/\/www.hueppe.com\/cs\/shop\/\"},{\"@type\":\"ListItem\",\"position\":3,\"name\":\"Purano\"}]},{\"@type\":\"WebSite\",\"@id\":\"https:\/\/www.hueppe.com\/cs\/#website\",\"url\":\"https:\/\/www.hueppe.com\/cs\/\",\"name\":\"www.HUEPPE.com\",\"description\":\"\",\"publisher\":{\"@id\":\"https:\/\/www.hueppe.com\/cs\/#organization\"},\"potentialAction\":[{\"@type\":\"SearchAction\",\"target\":{\"@type\":\"EntryPoint\",\"urlTemplate\":\"https:\/\/www.hueppe.com\/cs\/?s={search_term_string}\"},\"query-input\":{\"@type\":\"PropertyValueSpecification\",\"valueRequired\":true,\"valueName\":\"search_term_string\"}}],\"inLanguage\":\"cs\"},{\"@type\":\"Organization\",\"@id\":\"https:\/\/www.hueppe.com\/cs\/#organization\",\"name\":\"HUEPPE GmbH\",\"url\":\"https:\/\/www.hueppe.com\/cs\/\",\"logo\":{\"@type\":\"ImageObject\",\"inLanguage\":\"cs\",\"@id\":\"https:\/\/www.hueppe.com\/cs\/#\/schema\/logo\/image\/\",\"url\":\"https:\/\/www.hueppe.com\/wp-content\/uploads\/2024\/04\/Logo.png\",\"contentUrl\":\"https:\/\/www.hueppe.com\/wp-content\/uploads\/2024\/04\/Logo.png\",\"width\":225,\"height\":225,\"caption\":\"HUEPPE GmbH\"},\"image\":{\"@id\":\"https:\/\/www.hueppe.com\/cs\/#\/schema\/logo\/image\/\"},\"sameAs\":[\"https:\/\/www.instagram.com\/hueppe_group\/\",\"https:\/\/www.pinterest.de\/hppegmbh\/\",\"https:\/\/www.youtube.com\/user\/HUEPPEcom\",\"https:\/\/www.linkedin.com\/company\/hueppe-group\/\"]}]}<\/script>\n<!-- \/ Yoast SEO Premium plugin. -->","yoast_head_json":{"title":"Purano - H\u00dcPPE Povrch sprchy","description":"Objevte sprchov\u00fd povrch H\u00dcPPE Purano - s protiskluzov\u00fdmi a teplo udr\u017euj\u00edc\u00edmi vlastnostmi pro optim\u00e1ln\u00ed z\u00e1\u017eitek ze sprchov\u00e1n\u00ed.","robots":{"index":"index","follow":"follow","max-snippet":"max-snippet:-1","max-image-preview":"max-image-preview:large","max-video-preview":"max-video-preview:-1"},"canonical":"https:\/\/www.hueppe.com\/cs\/products\/ploche-sprchove-vanicky\/purano-povrch-sprchy\/","og_locale":"cs_CZ","og_type":"article","og_title":"Purano","og_description":"Objevte sprchov\u00fd povrch H\u00dcPPE Purano - s protiskluzov\u00fdmi a teplo udr\u017euj\u00edc\u00edmi vlastnostmi pro optim\u00e1ln\u00ed z\u00e1\u017eitek ze sprchov\u00e1n\u00ed.","og_url":"https:\/\/www.hueppe.com\/cs\/products\/ploche-sprchove-vanicky\/purano-povrch-sprchy\/","og_site_name":"HUEPPE","article_modified_time":"2024-03-28T10:39:47+00:00","og_image":[{"width":820,"height":514,"url":"https:\/\/www.hueppe.com\/wp-content\/uploads\/2023\/01\/news5.png","type":"image\/png"}],"twitter_card":"summary_large_image","twitter_misc":{"Odhadovan\u00e1 doba \u010dten\u00ed":"1 minuta"},"schema":{"@context":"https:\/\/schema.org","@graph":[{"@type":"WebPage","@id":"https:\/\/www.hueppe.com\/cs\/products\/ploche-sprchove-vanicky\/purano-povrch-sprchy\/","url":"https:\/\/www.hueppe.com\/cs\/products\/ploche-sprchove-vanicky\/purano-povrch-sprchy\/","name":"Purano - H\u00dcPPE Povrch sprchy","isPartOf":{"@id":"https:\/\/www.hueppe.com\/cs\/#website"},"datePublished":"2023-05-09T16:51:02+00:00","dateModified":"2024-03-28T10:39:47+00:00","description":"Objevte sprchov\u00fd povrch H\u00dcPPE Purano - s protiskluzov\u00fdmi a teplo udr\u017euj\u00edc\u00edmi vlastnostmi pro optim\u00e1ln\u00ed z\u00e1\u017eitek ze sprchov\u00e1n\u00ed.","breadcrumb":{"@id":"https:\/\/www.hueppe.com\/cs\/products\/ploche-sprchove-vanicky\/purano-povrch-sprchy\/#breadcrumb"},"inLanguage":"cs","potentialAction":[{"@type":"ReadAction","target":["https:\/\/www.hueppe.com\/cs\/products\/ploche-sprchove-vanicky\/purano-povrch-sprchy\/"]}]},{"@type":"BreadcrumbList","@id":"https:\/\/www.hueppe.com\/cs\/products\/ploche-sprchove-vanicky\/purano-povrch-sprchy\/#breadcrumb","itemListElement":[{"@type":"ListItem","position":1,"name":"Home","item":"https:\/\/www.hueppe.com\/cs\/"},{"@type":"ListItem","position":2,"name":"Produkty","item":"https:\/\/www.hueppe.com\/cs\/shop\/"},{"@type":"ListItem","position":3,"name":"Purano"}]},{"@type":"WebSite","@id":"https:\/\/www.hueppe.com\/cs\/#website","url":"https:\/\/www.hueppe.com\/cs\/","name":"www.HUEPPE.com","description":"","publisher":{"@id":"https:\/\/www.hueppe.com\/cs\/#organization"},"potentialAction":[{"@type":"SearchAction","target":{"@type":"EntryPoint","urlTemplate":"https:\/\/www.hueppe.com\/cs\/?s={search_term_string}"},"query-input":{"@type":"PropertyValueSpecification","valueRequired":true,"valueName":"search_term_string"}}],"inLanguage":"cs"},{"@type":"Organization","@id":"https:\/\/www.hueppe.com\/cs\/#organization","name":"HUEPPE GmbH","url":"https:\/\/www.hueppe.com\/cs\/","logo":{"@type":"ImageObject","inLanguage":"cs","@id":"https:\/\/www.hueppe.com\/cs\/#\/schema\/logo\/image\/","url":"https:\/\/www.hueppe.com\/wp-content\/uploads\/2024\/04\/Logo.png","contentUrl":"https:\/\/www.hueppe.com\/wp-content\/uploads\/2024\/04\/Logo.png","width":225,"height":225,"caption":"HUEPPE GmbH"},"image":{"@id":"https:\/\/www.hueppe.com\/cs\/#\/schema\/logo\/image\/"},"sameAs":["https:\/\/www.instagram.com\/hueppe_group\/","https:\/\/www.pinterest.de\/hppegmbh\/","https:\/\/www.youtube.com\/user\/HUEPPEcom","https:\/\/www.linkedin.com\/company\/hueppe-group\/"]}]}},"_links":{"self":[{"href":"https:\/\/www.hueppe.com\/cs\/wp-json\/wp\/v2\/product\/175670","targetHints":{"allow":["GET"]}}],"collection":[{"href":"https:\/\/www.hueppe.com\/cs\/wp-json\/wp\/v2\/product"}],"about":[{"href":"https:\/\/www.hueppe.com\/cs\/wp-json\/wp\/v2\/types\/product"}],"wp:attachment":[{"href":"https:\/\/www.hueppe.com\/cs\/wp-json\/wp\/v2\/media?parent=175670"}],"wp:term":[{"taxonomy":"product_cat","embeddable":true,"href":"https:\/\/www.hueppe.com\/cs\/wp-json\/wp\/v2\/product_cat?post=175670"},{"taxonomy":"product_tag","embeddable":true,"href":"https:\/\/www.hueppe.com\/cs\/wp-json\/wp\/v2\/product_tag?post=175670"}],"curies":[{"name":"wp","href":"https:\/\/api.w.org\/{rel}","templated":true}]}}