{"id":175700,"date":"2023-05-09T20:49:48","date_gmt":"2023-05-09T18:49:48","guid":{"rendered":"https:\/\/www.hueppe.com\/?post_type=product&#038;p=175700"},"modified":"2024-08-30T11:42:56","modified_gmt":"2024-08-30T09:42:56","slug":"solvapro","status":"publish","type":"product","link":"https:\/\/www.hueppe.com\/cs\/products\/sprchove-kouty\/solvapro-sprchovy-kout\/","title":{"rendered":"SolvaPro"},"content":{"rendered":"<h3 class=\"m_product_description-headline\">Projevte sv\u016fj individualismus<\/h3>\n<p class=\"m_product_description-copy\">Minimalistick\u00fd a z\u00e1rove\u0148 v\u0161estrann\u00fd? Se solvaPro od designov\u00e9ho studia NOA dod\u00e1te sv\u00e9 koupeln\u011b vlastn\u00ed styl. Vsa\u010fte na pohodl\u00ed a inovaci. A na p\u016fsobiv\u00fd design, kter\u00fd z\u00e1rove\u0148 vyza\u0159uje klid.<\/p>\n","protected":false},"excerpt":{"rendered":"<p>Projevte sv\u016fj individualismus Minimalistick\u00fd a z\u00e1rove\u0148 v\u0161estrann\u00fd? Se solvaPro od designov\u00e9ho studia NOA dod\u00e1te sv\u00e9 koupeln\u011b vlastn\u00ed styl. Vsa\u010fte na pohodl\u00ed a inovaci. A na p\u016fsobiv\u00fd design, kter\u00fd z\u00e1rove\u0148 vyza\u0159uje klid.<\/p>\n","protected":false},"featured_media":0,"template":"","meta":{"_acf_changed":false,"site-sidebar-layout":"default","site-content-layout":"default","ast-global-header-display":"","ast-banner-title-visibility":"","ast-main-header-display":"","ast-hfb-above-header-display":"","ast-hfb-below-header-display":"","ast-hfb-mobile-header-display":"","site-post-title":"","ast-breadcrumbs-content":"","ast-featured-img":"","footer-sml-layout":"","theme-transparent-header-meta":"default","adv-header-id-meta":"","stick-header-meta":"","header-above-stick-meta":"","header-main-stick-meta":"","header-below-stick-meta":""},"product_cat":[195],"product_tag":[],"class_list":{"0":"post-175700","1":"product","2":"type-product","3":"status-publish","5":"product_cat-sprchove-kouty","6":"desktop-align-left","7":"tablet-align-left","8":"mobile-align-left","10":"first","11":"instock","12":"downloadable","13":"shipping-taxable","14":"product-type-simple"},"acf":[],"yoast_head":"<!-- This site is optimized with the Yoast SEO Premium plugin v22.3 (Yoast SEO v24.6) - https:\/\/yoast.com\/wordpress\/plugins\/seo\/ -->\n<title>SolvaPro - HUEPPE<\/title>\n<meta name=\"description\" content=\"Dodejte sv\u00e9 koupeln\u011b jedine\u010dn\u00fd rukopis d\u00edky syst\u00e9mu SolvaPro - minimalistick\u00e9mu, v\u00fdkonn\u00e9mu a p\u0159esto klidn\u00e9mu designu.\" \/>\n<meta name=\"robots\" content=\"index, follow, max-snippet:-1, max-image-preview:large, max-video-preview:-1\" \/>\n<link rel=\"canonical\" href=\"https:\/\/www.hueppe.com\/cs\/products\/sprchove-kouty\/solvapro-sprchovy-kout\/\" \/>\n<meta property=\"og:locale\" content=\"cs_CZ\" \/>\n<meta property=\"og:type\" content=\"article\" \/>\n<meta property=\"og:title\" content=\"SolvaPro\" \/>\n<meta property=\"og:description\" content=\"Dodejte sv\u00e9 koupeln\u011b jedine\u010dn\u00fd rukopis d\u00edky syst\u00e9mu SolvaPro - minimalistick\u00e9mu, v\u00fdkonn\u00e9mu a p\u0159esto klidn\u00e9mu designu.\" \/>\n<meta property=\"og:url\" content=\"https:\/\/www.hueppe.com\/cs\/products\/sprchove-kouty\/solvapro-sprchovy-kout\/\" \/>\n<meta property=\"og:site_name\" content=\"HUEPPE\" \/>\n<meta property=\"article:modified_time\" content=\"2024-08-30T09:42:56+00:00\" \/>\n<meta property=\"og:image\" content=\"https:\/\/www.hueppe.com\/wp-content\/uploads\/2023\/01\/news5.png\" \/>\n\t<meta property=\"og:image:width\" content=\"820\" \/>\n\t<meta property=\"og:image:height\" content=\"514\" \/>\n\t<meta property=\"og:image:type\" content=\"image\/png\" \/>\n<meta name=\"twitter:card\" content=\"summary_large_image\" \/>\n<meta name=\"twitter:label1\" content=\"Odhadovan\u00e1 doba \u010dten\u00ed\" \/>\n\t<meta name=\"twitter:data1\" content=\"2 minuty\" \/>\n<script type=\"application\/ld+json\" class=\"yoast-schema-graph\">{\"@context\":\"https:\/\/schema.org\",\"@graph\":[{\"@type\":\"WebPage\",\"@id\":\"https:\/\/www.hueppe.com\/cs\/products\/sprchove-kouty\/solvapro-sprchovy-kout\/\",\"url\":\"https:\/\/www.hueppe.com\/cs\/products\/sprchove-kouty\/solvapro-sprchovy-kout\/\",\"name\":\"SolvaPro - HUEPPE\",\"isPartOf\":{\"@id\":\"https:\/\/www.hueppe.com\/cs\/#website\"},\"datePublished\":\"2023-05-09T18:49:48+00:00\",\"dateModified\":\"2024-08-30T09:42:56+00:00\",\"description\":\"Dodejte sv\u00e9 koupeln\u011b jedine\u010dn\u00fd rukopis d\u00edky syst\u00e9mu SolvaPro - minimalistick\u00e9mu, v\u00fdkonn\u00e9mu a p\u0159esto klidn\u00e9mu designu.\",\"breadcrumb\":{\"@id\":\"https:\/\/www.hueppe.com\/cs\/products\/sprchove-kouty\/solvapro-sprchovy-kout\/#breadcrumb\"},\"inLanguage\":\"cs\",\"potentialAction\":[{\"@type\":\"ReadAction\",\"target\":[\"https:\/\/www.hueppe.com\/cs\/products\/sprchove-kouty\/solvapro-sprchovy-kout\/\"]}]},{\"@type\":\"BreadcrumbList\",\"@id\":\"https:\/\/www.hueppe.com\/cs\/products\/sprchove-kouty\/solvapro-sprchovy-kout\/#breadcrumb\",\"itemListElement\":[{\"@type\":\"ListItem\",\"position\":1,\"name\":\"Home\",\"item\":\"https:\/\/www.hueppe.com\/cs\/\"},{\"@type\":\"ListItem\",\"position\":2,\"name\":\"Produkty\",\"item\":\"https:\/\/www.hueppe.com\/cs\/shop\/\"},{\"@type\":\"ListItem\",\"position\":3,\"name\":\"SolvaPro\"}]},{\"@type\":\"WebSite\",\"@id\":\"https:\/\/www.hueppe.com\/cs\/#website\",\"url\":\"https:\/\/www.hueppe.com\/cs\/\",\"name\":\"www.HUEPPE.com\",\"description\":\"\",\"publisher\":{\"@id\":\"https:\/\/www.hueppe.com\/cs\/#organization\"},\"potentialAction\":[{\"@type\":\"SearchAction\",\"target\":{\"@type\":\"EntryPoint\",\"urlTemplate\":\"https:\/\/www.hueppe.com\/cs\/?s={search_term_string}\"},\"query-input\":{\"@type\":\"PropertyValueSpecification\",\"valueRequired\":true,\"valueName\":\"search_term_string\"}}],\"inLanguage\":\"cs\"},{\"@type\":\"Organization\",\"@id\":\"https:\/\/www.hueppe.com\/cs\/#organization\",\"name\":\"HUEPPE GmbH\",\"url\":\"https:\/\/www.hueppe.com\/cs\/\",\"logo\":{\"@type\":\"ImageObject\",\"inLanguage\":\"cs\",\"@id\":\"https:\/\/www.hueppe.com\/cs\/#\/schema\/logo\/image\/\",\"url\":\"https:\/\/www.hueppe.com\/wp-content\/uploads\/2024\/04\/Logo.png\",\"contentUrl\":\"https:\/\/www.hueppe.com\/wp-content\/uploads\/2024\/04\/Logo.png\",\"width\":225,\"height\":225,\"caption\":\"HUEPPE GmbH\"},\"image\":{\"@id\":\"https:\/\/www.hueppe.com\/cs\/#\/schema\/logo\/image\/\"},\"sameAs\":[\"https:\/\/www.instagram.com\/hueppe_group\/\",\"https:\/\/www.pinterest.de\/hppegmbh\/\",\"https:\/\/www.youtube.com\/user\/HUEPPEcom\",\"https:\/\/www.linkedin.com\/company\/hueppe-group\/\"]}]}<\/script>\n<!-- \/ Yoast SEO Premium plugin. -->","yoast_head_json":{"title":"SolvaPro - HUEPPE","description":"Dodejte sv\u00e9 koupeln\u011b jedine\u010dn\u00fd rukopis d\u00edky syst\u00e9mu SolvaPro - minimalistick\u00e9mu, v\u00fdkonn\u00e9mu a p\u0159esto klidn\u00e9mu designu.","robots":{"index":"index","follow":"follow","max-snippet":"max-snippet:-1","max-image-preview":"max-image-preview:large","max-video-preview":"max-video-preview:-1"},"canonical":"https:\/\/www.hueppe.com\/cs\/products\/sprchove-kouty\/solvapro-sprchovy-kout\/","og_locale":"cs_CZ","og_type":"article","og_title":"SolvaPro","og_description":"Dodejte sv\u00e9 koupeln\u011b jedine\u010dn\u00fd rukopis d\u00edky syst\u00e9mu SolvaPro - minimalistick\u00e9mu, v\u00fdkonn\u00e9mu a p\u0159esto klidn\u00e9mu designu.","og_url":"https:\/\/www.hueppe.com\/cs\/products\/sprchove-kouty\/solvapro-sprchovy-kout\/","og_site_name":"HUEPPE","article_modified_time":"2024-08-30T09:42:56+00:00","og_image":[{"width":820,"height":514,"url":"https:\/\/www.hueppe.com\/wp-content\/uploads\/2023\/01\/news5.png","type":"image\/png"}],"twitter_card":"summary_large_image","twitter_misc":{"Odhadovan\u00e1 doba \u010dten\u00ed":"2 minuty"},"schema":{"@context":"https:\/\/schema.org","@graph":[{"@type":"WebPage","@id":"https:\/\/www.hueppe.com\/cs\/products\/sprchove-kouty\/solvapro-sprchovy-kout\/","url":"https:\/\/www.hueppe.com\/cs\/products\/sprchove-kouty\/solvapro-sprchovy-kout\/","name":"SolvaPro - HUEPPE","isPartOf":{"@id":"https:\/\/www.hueppe.com\/cs\/#website"},"datePublished":"2023-05-09T18:49:48+00:00","dateModified":"2024-08-30T09:42:56+00:00","description":"Dodejte sv\u00e9 koupeln\u011b jedine\u010dn\u00fd rukopis d\u00edky syst\u00e9mu SolvaPro - minimalistick\u00e9mu, v\u00fdkonn\u00e9mu a p\u0159esto klidn\u00e9mu designu.","breadcrumb":{"@id":"https:\/\/www.hueppe.com\/cs\/products\/sprchove-kouty\/solvapro-sprchovy-kout\/#breadcrumb"},"inLanguage":"cs","potentialAction":[{"@type":"ReadAction","target":["https:\/\/www.hueppe.com\/cs\/products\/sprchove-kouty\/solvapro-sprchovy-kout\/"]}]},{"@type":"BreadcrumbList","@id":"https:\/\/www.hueppe.com\/cs\/products\/sprchove-kouty\/solvapro-sprchovy-kout\/#breadcrumb","itemListElement":[{"@type":"ListItem","position":1,"name":"Home","item":"https:\/\/www.hueppe.com\/cs\/"},{"@type":"ListItem","position":2,"name":"Produkty","item":"https:\/\/www.hueppe.com\/cs\/shop\/"},{"@type":"ListItem","position":3,"name":"SolvaPro"}]},{"@type":"WebSite","@id":"https:\/\/www.hueppe.com\/cs\/#website","url":"https:\/\/www.hueppe.com\/cs\/","name":"www.HUEPPE.com","description":"","publisher":{"@id":"https:\/\/www.hueppe.com\/cs\/#organization"},"potentialAction":[{"@type":"SearchAction","target":{"@type":"EntryPoint","urlTemplate":"https:\/\/www.hueppe.com\/cs\/?s={search_term_string}"},"query-input":{"@type":"PropertyValueSpecification","valueRequired":true,"valueName":"search_term_string"}}],"inLanguage":"cs"},{"@type":"Organization","@id":"https:\/\/www.hueppe.com\/cs\/#organization","name":"HUEPPE GmbH","url":"https:\/\/www.hueppe.com\/cs\/","logo":{"@type":"ImageObject","inLanguage":"cs","@id":"https:\/\/www.hueppe.com\/cs\/#\/schema\/logo\/image\/","url":"https:\/\/www.hueppe.com\/wp-content\/uploads\/2024\/04\/Logo.png","contentUrl":"https:\/\/www.hueppe.com\/wp-content\/uploads\/2024\/04\/Logo.png","width":225,"height":225,"caption":"HUEPPE GmbH"},"image":{"@id":"https:\/\/www.hueppe.com\/cs\/#\/schema\/logo\/image\/"},"sameAs":["https:\/\/www.instagram.com\/hueppe_group\/","https:\/\/www.pinterest.de\/hppegmbh\/","https:\/\/www.youtube.com\/user\/HUEPPEcom","https:\/\/www.linkedin.com\/company\/hueppe-group\/"]}]}},"_links":{"self":[{"href":"https:\/\/www.hueppe.com\/cs\/wp-json\/wp\/v2\/product\/175700","targetHints":{"allow":["GET"]}}],"collection":[{"href":"https:\/\/www.hueppe.com\/cs\/wp-json\/wp\/v2\/product"}],"about":[{"href":"https:\/\/www.hueppe.com\/cs\/wp-json\/wp\/v2\/types\/product"}],"wp:attachment":[{"href":"https:\/\/www.hueppe.com\/cs\/wp-json\/wp\/v2\/media?parent=175700"}],"wp:term":[{"taxonomy":"product_cat","embeddable":true,"href":"https:\/\/www.hueppe.com\/cs\/wp-json\/wp\/v2\/product_cat?post=175700"},{"taxonomy":"product_tag","embeddable":true,"href":"https:\/\/www.hueppe.com\/cs\/wp-json\/wp\/v2\/product_tag?post=175700"}],"curies":[{"name":"wp","href":"https:\/\/api.w.org\/{rel}","templated":true}]}}