{"id":175713,"date":"2025-02-13T07:39:04","date_gmt":"2025-02-13T06:39:04","guid":{"rendered":"https:\/\/www.hueppe.com\/?post_type=product&#038;p=175713"},"modified":"2025-02-14T09:53:26","modified_gmt":"2025-02-14T08:53:26","slug":"design-3","status":"publish","type":"product","link":"https:\/\/www.hueppe.com\/cs\/products\/walk-in\/design\/","title":{"rendered":"Design"},"content":{"rendered":"<h3 class=\"m_product_description-headline\">V\u00fdraz va\u0161eho \u017eivotn\u00edho postoje<\/h3>\n<p class=\"m_product_description-copy\">Smysln\u00fd a z\u00e1rove\u0148 jednoduch\u00fd? S oce\u0148ovanou s\u00e9ri\u00ed H\u00dcPPE Design prom\u011bn\u00edte svou koupelnu v prostor pln\u00fd kreativity pohybuj\u00edc\u00ed se mezi hravost\u00ed a jednoduchost\u00ed.<\/p>\n","protected":false},"excerpt":{"rendered":"<p>V\u00fdraz va\u0161eho \u017eivotn\u00edho postoje Smysln\u00fd a z\u00e1rove\u0148 jednoduch\u00fd? S oce\u0148ovanou s\u00e9ri\u00ed H\u00dcPPE Design prom\u011bn\u00edte svou koupelnu v prostor pln\u00fd kreativity pohybuj\u00edc\u00ed se mezi hravost\u00ed a jednoduchost\u00ed.<\/p>\n","protected":false},"featured_media":0,"template":"","meta":{"_acf_changed":false,"site-sidebar-layout":"default","site-content-layout":"default","ast-global-header-display":"","ast-banner-title-visibility":"","ast-main-header-display":"","ast-hfb-above-header-display":"","ast-hfb-below-header-display":"","ast-hfb-mobile-header-display":"","site-post-title":"","ast-breadcrumbs-content":"","ast-featured-img":"","footer-sml-layout":"","theme-transparent-header-meta":"default","adv-header-id-meta":"","stick-header-meta":"","header-above-stick-meta":"","header-main-stick-meta":"","header-below-stick-meta":""},"product_cat":[196],"product_tag":[],"class_list":{"0":"post-175713","1":"product","2":"type-product","3":"status-publish","5":"product_cat-walk-in","6":"desktop-align-left","7":"tablet-align-left","8":"mobile-align-left","10":"first","11":"instock","12":"shipping-taxable","13":"product-type-simple"},"acf":[],"yoast_head":"<!-- This site is optimized with the Yoast SEO Premium plugin v22.3 (Yoast SEO v24.6) - https:\/\/yoast.com\/wordpress\/plugins\/seo\/ -->\n<title>Design - HUEPPE<\/title>\n<meta name=\"description\" content=\"Navrhn\u011bte si koupelnu s H\u00dcPPE Design Walk-In smysln\u011b a p\u0159itom jednodu\u0161e - prostor pro kreativitu.\" \/>\n<meta name=\"robots\" content=\"index, follow, max-snippet:-1, max-image-preview:large, max-video-preview:-1\" \/>\n<link rel=\"canonical\" href=\"https:\/\/www.hueppe.com\/cs\/products\/walk-in\/design\/\" \/>\n<meta property=\"og:locale\" content=\"cs_CZ\" \/>\n<meta property=\"og:type\" content=\"article\" \/>\n<meta property=\"og:title\" content=\"Design\" \/>\n<meta property=\"og:description\" content=\"Navrhn\u011bte si koupelnu s H\u00dcPPE Design Walk-In smysln\u011b a p\u0159itom jednodu\u0161e - prostor pro kreativitu.\" \/>\n<meta property=\"og:url\" content=\"https:\/\/www.hueppe.com\/cs\/products\/walk-in\/design\/\" \/>\n<meta property=\"og:site_name\" content=\"HUEPPE\" \/>\n<meta property=\"article:modified_time\" content=\"2025-02-14T08:53:26+00:00\" \/>\n<meta property=\"og:image\" content=\"https:\/\/www.hueppe.com\/wp-content\/uploads\/2023\/01\/news5.png\" \/>\n\t<meta property=\"og:image:width\" content=\"820\" \/>\n\t<meta property=\"og:image:height\" content=\"514\" \/>\n\t<meta property=\"og:image:type\" content=\"image\/png\" \/>\n<meta name=\"twitter:card\" content=\"summary_large_image\" \/>\n<meta name=\"twitter:label1\" content=\"Odhadovan\u00e1 doba \u010dten\u00ed\" \/>\n\t<meta name=\"twitter:data1\" content=\"2 minuty\" \/>\n<script type=\"application\/ld+json\" class=\"yoast-schema-graph\">{\"@context\":\"https:\/\/schema.org\",\"@graph\":[{\"@type\":\"WebPage\",\"@id\":\"https:\/\/www.hueppe.com\/cs\/products\/walk-in\/design\/\",\"url\":\"https:\/\/www.hueppe.com\/cs\/products\/walk-in\/design\/\",\"name\":\"Design - HUEPPE\",\"isPartOf\":{\"@id\":\"https:\/\/www.hueppe.com\/cs\/#website\"},\"datePublished\":\"2025-02-13T06:39:04+00:00\",\"dateModified\":\"2025-02-14T08:53:26+00:00\",\"description\":\"Navrhn\u011bte si koupelnu s H\u00dcPPE Design Walk-In smysln\u011b a p\u0159itom jednodu\u0161e - prostor pro kreativitu.\",\"breadcrumb\":{\"@id\":\"https:\/\/www.hueppe.com\/cs\/products\/walk-in\/design\/#breadcrumb\"},\"inLanguage\":\"cs\",\"potentialAction\":[{\"@type\":\"ReadAction\",\"target\":[\"https:\/\/www.hueppe.com\/cs\/products\/walk-in\/design\/\"]}]},{\"@type\":\"BreadcrumbList\",\"@id\":\"https:\/\/www.hueppe.com\/cs\/products\/walk-in\/design\/#breadcrumb\",\"itemListElement\":[{\"@type\":\"ListItem\",\"position\":1,\"name\":\"Home\",\"item\":\"https:\/\/www.hueppe.com\/cs\/\"},{\"@type\":\"ListItem\",\"position\":2,\"name\":\"Produkty\",\"item\":\"https:\/\/www.hueppe.com\/cs\/shop\/\"},{\"@type\":\"ListItem\",\"position\":3,\"name\":\"Design\"}]},{\"@type\":\"WebSite\",\"@id\":\"https:\/\/www.hueppe.com\/cs\/#website\",\"url\":\"https:\/\/www.hueppe.com\/cs\/\",\"name\":\"www.HUEPPE.com\",\"description\":\"\",\"publisher\":{\"@id\":\"https:\/\/www.hueppe.com\/cs\/#organization\"},\"potentialAction\":[{\"@type\":\"SearchAction\",\"target\":{\"@type\":\"EntryPoint\",\"urlTemplate\":\"https:\/\/www.hueppe.com\/cs\/?s={search_term_string}\"},\"query-input\":{\"@type\":\"PropertyValueSpecification\",\"valueRequired\":true,\"valueName\":\"search_term_string\"}}],\"inLanguage\":\"cs\"},{\"@type\":\"Organization\",\"@id\":\"https:\/\/www.hueppe.com\/cs\/#organization\",\"name\":\"HUEPPE GmbH\",\"url\":\"https:\/\/www.hueppe.com\/cs\/\",\"logo\":{\"@type\":\"ImageObject\",\"inLanguage\":\"cs\",\"@id\":\"https:\/\/www.hueppe.com\/cs\/#\/schema\/logo\/image\/\",\"url\":\"https:\/\/www.hueppe.com\/wp-content\/uploads\/2024\/04\/Logo.png\",\"contentUrl\":\"https:\/\/www.hueppe.com\/wp-content\/uploads\/2024\/04\/Logo.png\",\"width\":225,\"height\":225,\"caption\":\"HUEPPE GmbH\"},\"image\":{\"@id\":\"https:\/\/www.hueppe.com\/cs\/#\/schema\/logo\/image\/\"},\"sameAs\":[\"https:\/\/www.instagram.com\/hueppe_group\/\",\"https:\/\/www.pinterest.de\/hppegmbh\/\",\"https:\/\/www.youtube.com\/user\/HUEPPEcom\",\"https:\/\/www.linkedin.com\/company\/hueppe-group\/\"]}]}<\/script>\n<!-- \/ Yoast SEO Premium plugin. -->","yoast_head_json":{"title":"Design - HUEPPE","description":"Navrhn\u011bte si koupelnu s H\u00dcPPE Design Walk-In smysln\u011b a p\u0159itom jednodu\u0161e - prostor pro kreativitu.","robots":{"index":"index","follow":"follow","max-snippet":"max-snippet:-1","max-image-preview":"max-image-preview:large","max-video-preview":"max-video-preview:-1"},"canonical":"https:\/\/www.hueppe.com\/cs\/products\/walk-in\/design\/","og_locale":"cs_CZ","og_type":"article","og_title":"Design","og_description":"Navrhn\u011bte si koupelnu s H\u00dcPPE Design Walk-In smysln\u011b a p\u0159itom jednodu\u0161e - prostor pro kreativitu.","og_url":"https:\/\/www.hueppe.com\/cs\/products\/walk-in\/design\/","og_site_name":"HUEPPE","article_modified_time":"2025-02-14T08:53:26+00:00","og_image":[{"width":820,"height":514,"url":"https:\/\/www.hueppe.com\/wp-content\/uploads\/2023\/01\/news5.png","type":"image\/png"}],"twitter_card":"summary_large_image","twitter_misc":{"Odhadovan\u00e1 doba \u010dten\u00ed":"2 minuty"},"schema":{"@context":"https:\/\/schema.org","@graph":[{"@type":"WebPage","@id":"https:\/\/www.hueppe.com\/cs\/products\/walk-in\/design\/","url":"https:\/\/www.hueppe.com\/cs\/products\/walk-in\/design\/","name":"Design - HUEPPE","isPartOf":{"@id":"https:\/\/www.hueppe.com\/cs\/#website"},"datePublished":"2025-02-13T06:39:04+00:00","dateModified":"2025-02-14T08:53:26+00:00","description":"Navrhn\u011bte si koupelnu s H\u00dcPPE Design Walk-In smysln\u011b a p\u0159itom jednodu\u0161e - prostor pro kreativitu.","breadcrumb":{"@id":"https:\/\/www.hueppe.com\/cs\/products\/walk-in\/design\/#breadcrumb"},"inLanguage":"cs","potentialAction":[{"@type":"ReadAction","target":["https:\/\/www.hueppe.com\/cs\/products\/walk-in\/design\/"]}]},{"@type":"BreadcrumbList","@id":"https:\/\/www.hueppe.com\/cs\/products\/walk-in\/design\/#breadcrumb","itemListElement":[{"@type":"ListItem","position":1,"name":"Home","item":"https:\/\/www.hueppe.com\/cs\/"},{"@type":"ListItem","position":2,"name":"Produkty","item":"https:\/\/www.hueppe.com\/cs\/shop\/"},{"@type":"ListItem","position":3,"name":"Design"}]},{"@type":"WebSite","@id":"https:\/\/www.hueppe.com\/cs\/#website","url":"https:\/\/www.hueppe.com\/cs\/","name":"www.HUEPPE.com","description":"","publisher":{"@id":"https:\/\/www.hueppe.com\/cs\/#organization"},"potentialAction":[{"@type":"SearchAction","target":{"@type":"EntryPoint","urlTemplate":"https:\/\/www.hueppe.com\/cs\/?s={search_term_string}"},"query-input":{"@type":"PropertyValueSpecification","valueRequired":true,"valueName":"search_term_string"}}],"inLanguage":"cs"},{"@type":"Organization","@id":"https:\/\/www.hueppe.com\/cs\/#organization","name":"HUEPPE GmbH","url":"https:\/\/www.hueppe.com\/cs\/","logo":{"@type":"ImageObject","inLanguage":"cs","@id":"https:\/\/www.hueppe.com\/cs\/#\/schema\/logo\/image\/","url":"https:\/\/www.hueppe.com\/wp-content\/uploads\/2024\/04\/Logo.png","contentUrl":"https:\/\/www.hueppe.com\/wp-content\/uploads\/2024\/04\/Logo.png","width":225,"height":225,"caption":"HUEPPE GmbH"},"image":{"@id":"https:\/\/www.hueppe.com\/cs\/#\/schema\/logo\/image\/"},"sameAs":["https:\/\/www.instagram.com\/hueppe_group\/","https:\/\/www.pinterest.de\/hppegmbh\/","https:\/\/www.youtube.com\/user\/HUEPPEcom","https:\/\/www.linkedin.com\/company\/hueppe-group\/"]}]}},"_links":{"self":[{"href":"https:\/\/www.hueppe.com\/cs\/wp-json\/wp\/v2\/product\/175713","targetHints":{"allow":["GET"]}}],"collection":[{"href":"https:\/\/www.hueppe.com\/cs\/wp-json\/wp\/v2\/product"}],"about":[{"href":"https:\/\/www.hueppe.com\/cs\/wp-json\/wp\/v2\/types\/product"}],"wp:attachment":[{"href":"https:\/\/www.hueppe.com\/cs\/wp-json\/wp\/v2\/media?parent=175713"}],"wp:term":[{"taxonomy":"product_cat","embeddable":true,"href":"https:\/\/www.hueppe.com\/cs\/wp-json\/wp\/v2\/product_cat?post=175713"},{"taxonomy":"product_tag","embeddable":true,"href":"https:\/\/www.hueppe.com\/cs\/wp-json\/wp\/v2\/product_tag?post=175713"}],"curies":[{"name":"wp","href":"https:\/\/api.w.org\/{rel}","templated":true}]}}