{"id":175762,"date":"2023-03-03T12:29:24","date_gmt":"2023-03-03T11:29:24","guid":{"rendered":"https:\/\/www.hueppe.com\/?post_type=product&#038;p=175762"},"modified":"2025-02-13T09:36:17","modified_gmt":"2025-02-13T08:36:17","slug":"easystyle","status":"publish","type":"product","link":"https:\/\/www.hueppe.com\/cs\/products\/oblozeni-sten-easystyle\/","title":{"rendered":"Obklad st\u011bn"},"content":{"rendered":"","protected":false},"excerpt":{"rendered":"","protected":false},"featured_media":0,"template":"","meta":{"_acf_changed":false,"site-sidebar-layout":"default","site-content-layout":"default","ast-global-header-display":"","ast-banner-title-visibility":"","ast-main-header-display":"","ast-hfb-above-header-display":"","ast-hfb-below-header-display":"","ast-hfb-mobile-header-display":"","site-post-title":"","ast-breadcrumbs-content":"","ast-featured-img":"","footer-sml-layout":"","theme-transparent-header-meta":"default","adv-header-id-meta":"","stick-header-meta":"","header-above-stick-meta":"","header-main-stick-meta":"","header-below-stick-meta":""},"product_cat":[209],"product_tag":[],"class_list":{"0":"post-175762","1":"product","2":"type-product","3":"status-publish","5":"product_cat-uncategorized-cs","6":"desktop-align-left","7":"tablet-align-left","8":"mobile-align-left","10":"first","11":"instock","12":"downloadable","13":"shipping-taxable","14":"product-type-simple"},"acf":[],"yoast_head":"<!-- This site is optimized with the Yoast SEO Premium plugin v22.3 (Yoast SEO v24.6) - https:\/\/yoast.com\/wordpress\/plugins\/seo\/ -->\n<title>Obklad st\u011bn - HUEPPE<\/title>\n<meta name=\"description\" content=\"U\u017e dlouho sn\u00edte o nov\u00e9 spr\u0161e? Vytvo\u0159te si ji podle sv\u00fdch p\u0159edstav. Bez staveni\u0161t\u011b, beze sp\u00e1r \u2013 s H\u00dcPPE EasyStyle. Oblo\u017een\u00ed st\u011bn z velkoform\u00e1tov\u00fdch panel\u016f p\u0159es noc prom\u011bn\u00ed va\u0161i sprchu na zcela individu\u00e1ln\u00ed z\u00f3nu pohody.\" \/>\n<meta name=\"robots\" content=\"index, follow, max-snippet:-1, max-image-preview:large, max-video-preview:-1\" \/>\n<link rel=\"canonical\" href=\"https:\/\/www.hueppe.com\/cs\/products\/oblozeni-sten-easystyle\/\" \/>\n<meta property=\"og:locale\" content=\"cs_CZ\" \/>\n<meta property=\"og:type\" content=\"article\" \/>\n<meta property=\"og:title\" content=\"Obklad st\u011bn\" \/>\n<meta property=\"og:description\" content=\"U\u017e dlouho sn\u00edte o nov\u00e9 spr\u0161e? Vytvo\u0159te si ji podle sv\u00fdch p\u0159edstav. Bez staveni\u0161t\u011b, beze sp\u00e1r \u2013 s H\u00dcPPE EasyStyle. Oblo\u017een\u00ed st\u011bn z velkoform\u00e1tov\u00fdch panel\u016f p\u0159es noc prom\u011bn\u00ed va\u0161i sprchu na zcela individu\u00e1ln\u00ed z\u00f3nu pohody.\" \/>\n<meta property=\"og:url\" content=\"https:\/\/www.hueppe.com\/cs\/products\/oblozeni-sten-easystyle\/\" \/>\n<meta property=\"og:site_name\" content=\"HUEPPE\" \/>\n<meta property=\"article:modified_time\" content=\"2025-02-13T08:36:17+00:00\" \/>\n<meta property=\"og:image\" content=\"https:\/\/www.hueppe.com\/wp-content\/uploads\/2023\/01\/news5.png\" \/>\n\t<meta property=\"og:image:width\" content=\"820\" \/>\n\t<meta property=\"og:image:height\" content=\"514\" \/>\n\t<meta property=\"og:image:type\" content=\"image\/png\" \/>\n<meta name=\"twitter:card\" content=\"summary_large_image\" \/>\n<meta name=\"twitter:label1\" content=\"Odhadovan\u00e1 doba \u010dten\u00ed\" \/>\n\t<meta name=\"twitter:data1\" content=\"4 minuty\" \/>\n<script type=\"application\/ld+json\" class=\"yoast-schema-graph\">{\"@context\":\"https:\/\/schema.org\",\"@graph\":[{\"@type\":\"WebPage\",\"@id\":\"https:\/\/www.hueppe.com\/cs\/products\/oblozeni-sten-easystyle\/\",\"url\":\"https:\/\/www.hueppe.com\/cs\/products\/oblozeni-sten-easystyle\/\",\"name\":\"Obklad st\u011bn - HUEPPE\",\"isPartOf\":{\"@id\":\"https:\/\/www.hueppe.com\/cs\/#website\"},\"datePublished\":\"2023-03-03T11:29:24+00:00\",\"dateModified\":\"2025-02-13T08:36:17+00:00\",\"description\":\"U\u017e dlouho sn\u00edte o nov\u00e9 spr\u0161e? Vytvo\u0159te si ji podle sv\u00fdch p\u0159edstav. Bez staveni\u0161t\u011b, beze sp\u00e1r \u2013 s H\u00dcPPE EasyStyle. Oblo\u017een\u00ed st\u011bn z velkoform\u00e1tov\u00fdch panel\u016f p\u0159es noc prom\u011bn\u00ed va\u0161i sprchu na zcela individu\u00e1ln\u00ed z\u00f3nu pohody.\",\"breadcrumb\":{\"@id\":\"https:\/\/www.hueppe.com\/cs\/products\/oblozeni-sten-easystyle\/#breadcrumb\"},\"inLanguage\":\"cs\",\"potentialAction\":[{\"@type\":\"ReadAction\",\"target\":[\"https:\/\/www.hueppe.com\/cs\/products\/oblozeni-sten-easystyle\/\"]}]},{\"@type\":\"BreadcrumbList\",\"@id\":\"https:\/\/www.hueppe.com\/cs\/products\/oblozeni-sten-easystyle\/#breadcrumb\",\"itemListElement\":[{\"@type\":\"ListItem\",\"position\":1,\"name\":\"Home\",\"item\":\"https:\/\/www.hueppe.com\/cs\/\"},{\"@type\":\"ListItem\",\"position\":2,\"name\":\"Produkty\",\"item\":\"https:\/\/www.hueppe.com\/cs\/shop\/\"},{\"@type\":\"ListItem\",\"position\":3,\"name\":\"Obklad st\u011bn\"}]},{\"@type\":\"WebSite\",\"@id\":\"https:\/\/www.hueppe.com\/cs\/#website\",\"url\":\"https:\/\/www.hueppe.com\/cs\/\",\"name\":\"www.HUEPPE.com\",\"description\":\"\",\"publisher\":{\"@id\":\"https:\/\/www.hueppe.com\/cs\/#organization\"},\"potentialAction\":[{\"@type\":\"SearchAction\",\"target\":{\"@type\":\"EntryPoint\",\"urlTemplate\":\"https:\/\/www.hueppe.com\/cs\/?s={search_term_string}\"},\"query-input\":{\"@type\":\"PropertyValueSpecification\",\"valueRequired\":true,\"valueName\":\"search_term_string\"}}],\"inLanguage\":\"cs\"},{\"@type\":\"Organization\",\"@id\":\"https:\/\/www.hueppe.com\/cs\/#organization\",\"name\":\"HUEPPE GmbH\",\"url\":\"https:\/\/www.hueppe.com\/cs\/\",\"logo\":{\"@type\":\"ImageObject\",\"inLanguage\":\"cs\",\"@id\":\"https:\/\/www.hueppe.com\/cs\/#\/schema\/logo\/image\/\",\"url\":\"https:\/\/www.hueppe.com\/wp-content\/uploads\/2024\/04\/Logo.png\",\"contentUrl\":\"https:\/\/www.hueppe.com\/wp-content\/uploads\/2024\/04\/Logo.png\",\"width\":225,\"height\":225,\"caption\":\"HUEPPE GmbH\"},\"image\":{\"@id\":\"https:\/\/www.hueppe.com\/cs\/#\/schema\/logo\/image\/\"},\"sameAs\":[\"https:\/\/www.instagram.com\/hueppe_group\/\",\"https:\/\/www.pinterest.de\/hppegmbh\/\",\"https:\/\/www.youtube.com\/user\/HUEPPEcom\",\"https:\/\/www.linkedin.com\/company\/hueppe-group\/\"]}]}<\/script>\n<!-- \/ Yoast SEO Premium plugin. -->","yoast_head_json":{"title":"Obklad st\u011bn - HUEPPE","description":"U\u017e dlouho sn\u00edte o nov\u00e9 spr\u0161e? Vytvo\u0159te si ji podle sv\u00fdch p\u0159edstav. Bez staveni\u0161t\u011b, beze sp\u00e1r \u2013 s H\u00dcPPE EasyStyle. Oblo\u017een\u00ed st\u011bn z velkoform\u00e1tov\u00fdch panel\u016f p\u0159es noc prom\u011bn\u00ed va\u0161i sprchu na zcela individu\u00e1ln\u00ed z\u00f3nu pohody.","robots":{"index":"index","follow":"follow","max-snippet":"max-snippet:-1","max-image-preview":"max-image-preview:large","max-video-preview":"max-video-preview:-1"},"canonical":"https:\/\/www.hueppe.com\/cs\/products\/oblozeni-sten-easystyle\/","og_locale":"cs_CZ","og_type":"article","og_title":"Obklad st\u011bn","og_description":"U\u017e dlouho sn\u00edte o nov\u00e9 spr\u0161e? Vytvo\u0159te si ji podle sv\u00fdch p\u0159edstav. Bez staveni\u0161t\u011b, beze sp\u00e1r \u2013 s H\u00dcPPE EasyStyle. Oblo\u017een\u00ed st\u011bn z velkoform\u00e1tov\u00fdch panel\u016f p\u0159es noc prom\u011bn\u00ed va\u0161i sprchu na zcela individu\u00e1ln\u00ed z\u00f3nu pohody.","og_url":"https:\/\/www.hueppe.com\/cs\/products\/oblozeni-sten-easystyle\/","og_site_name":"HUEPPE","article_modified_time":"2025-02-13T08:36:17+00:00","og_image":[{"width":820,"height":514,"url":"https:\/\/www.hueppe.com\/wp-content\/uploads\/2023\/01\/news5.png","type":"image\/png"}],"twitter_card":"summary_large_image","twitter_misc":{"Odhadovan\u00e1 doba \u010dten\u00ed":"4 minuty"},"schema":{"@context":"https:\/\/schema.org","@graph":[{"@type":"WebPage","@id":"https:\/\/www.hueppe.com\/cs\/products\/oblozeni-sten-easystyle\/","url":"https:\/\/www.hueppe.com\/cs\/products\/oblozeni-sten-easystyle\/","name":"Obklad st\u011bn - HUEPPE","isPartOf":{"@id":"https:\/\/www.hueppe.com\/cs\/#website"},"datePublished":"2023-03-03T11:29:24+00:00","dateModified":"2025-02-13T08:36:17+00:00","description":"U\u017e dlouho sn\u00edte o nov\u00e9 spr\u0161e? Vytvo\u0159te si ji podle sv\u00fdch p\u0159edstav. Bez staveni\u0161t\u011b, beze sp\u00e1r \u2013 s H\u00dcPPE EasyStyle. Oblo\u017een\u00ed st\u011bn z velkoform\u00e1tov\u00fdch panel\u016f p\u0159es noc prom\u011bn\u00ed va\u0161i sprchu na zcela individu\u00e1ln\u00ed z\u00f3nu pohody.","breadcrumb":{"@id":"https:\/\/www.hueppe.com\/cs\/products\/oblozeni-sten-easystyle\/#breadcrumb"},"inLanguage":"cs","potentialAction":[{"@type":"ReadAction","target":["https:\/\/www.hueppe.com\/cs\/products\/oblozeni-sten-easystyle\/"]}]},{"@type":"BreadcrumbList","@id":"https:\/\/www.hueppe.com\/cs\/products\/oblozeni-sten-easystyle\/#breadcrumb","itemListElement":[{"@type":"ListItem","position":1,"name":"Home","item":"https:\/\/www.hueppe.com\/cs\/"},{"@type":"ListItem","position":2,"name":"Produkty","item":"https:\/\/www.hueppe.com\/cs\/shop\/"},{"@type":"ListItem","position":3,"name":"Obklad st\u011bn"}]},{"@type":"WebSite","@id":"https:\/\/www.hueppe.com\/cs\/#website","url":"https:\/\/www.hueppe.com\/cs\/","name":"www.HUEPPE.com","description":"","publisher":{"@id":"https:\/\/www.hueppe.com\/cs\/#organization"},"potentialAction":[{"@type":"SearchAction","target":{"@type":"EntryPoint","urlTemplate":"https:\/\/www.hueppe.com\/cs\/?s={search_term_string}"},"query-input":{"@type":"PropertyValueSpecification","valueRequired":true,"valueName":"search_term_string"}}],"inLanguage":"cs"},{"@type":"Organization","@id":"https:\/\/www.hueppe.com\/cs\/#organization","name":"HUEPPE GmbH","url":"https:\/\/www.hueppe.com\/cs\/","logo":{"@type":"ImageObject","inLanguage":"cs","@id":"https:\/\/www.hueppe.com\/cs\/#\/schema\/logo\/image\/","url":"https:\/\/www.hueppe.com\/wp-content\/uploads\/2024\/04\/Logo.png","contentUrl":"https:\/\/www.hueppe.com\/wp-content\/uploads\/2024\/04\/Logo.png","width":225,"height":225,"caption":"HUEPPE GmbH"},"image":{"@id":"https:\/\/www.hueppe.com\/cs\/#\/schema\/logo\/image\/"},"sameAs":["https:\/\/www.instagram.com\/hueppe_group\/","https:\/\/www.pinterest.de\/hppegmbh\/","https:\/\/www.youtube.com\/user\/HUEPPEcom","https:\/\/www.linkedin.com\/company\/hueppe-group\/"]}]}},"_links":{"self":[{"href":"https:\/\/www.hueppe.com\/cs\/wp-json\/wp\/v2\/product\/175762","targetHints":{"allow":["GET"]}}],"collection":[{"href":"https:\/\/www.hueppe.com\/cs\/wp-json\/wp\/v2\/product"}],"about":[{"href":"https:\/\/www.hueppe.com\/cs\/wp-json\/wp\/v2\/types\/product"}],"wp:attachment":[{"href":"https:\/\/www.hueppe.com\/cs\/wp-json\/wp\/v2\/media?parent=175762"}],"wp:term":[{"taxonomy":"product_cat","embeddable":true,"href":"https:\/\/www.hueppe.com\/cs\/wp-json\/wp\/v2\/product_cat?post=175762"},{"taxonomy":"product_tag","embeddable":true,"href":"https:\/\/www.hueppe.com\/cs\/wp-json\/wp\/v2\/product_tag?post=175762"}],"curies":[{"name":"wp","href":"https:\/\/api.w.org\/{rel}","templated":true}]}}