{"id":154803,"date":"2023-07-17T11:19:31","date_gmt":"2023-07-17T09:19:31","guid":{"rendered":"https:\/\/www.hueppe.com\/?page_id=154803"},"modified":"2024-08-27T14:30:58","modified_gmt":"2024-08-27T12:30:58","slug":"history-development-vision","status":"publish","type":"page","link":"https:\/\/www.hueppe.com\/en\/history-development-vision\/","title":{"rendered":"Geschichte"},"content":{"rendered":"\n<div id=\"m_stage_no_image-block_49c778063d059a3ad0ecd67e67ee19a2\" class=\"m_stage_no_image margin-small\">\n    <h1 class=\"m_stage_no_image-headline\">A long journey of milestones \u2013 a visionary of tradition.<\/h1>\n    <p class=\"m_stage_no_image-copy\">With over 120 years of history, we can look back with pride on a long tradition of milestones. However, we never take much time to revel in nostalgia. There is always something to do in the shower area market, and we prefer to look ahead. Nevertheless, here are a few words about the most formative and beautiful periods in the history of H\u00dcPPE.<\/p>\n        <\/div>\n\n\n<div id=\"m_content_image_text-block_35a3a267bcac5770ba9668efb392ef5f\" class=\"m_content_image_text margin-small\" >\n        <div class=\"m_content_image_text-wrapper imagetext\">\n        <div class=\"m_content_image_text-image\">\n            <!-- <img decoding=\"async\" class=\"-img \" src=\"\" alt=\"\"\/> -->\n            <picture class=\"m_content_image_text-img reveal\"  alt=\"https:\/\/d2bxdz25tzrsr9.cloudfront.net\/image\/382083092639\/image_9pkp5rupql4hj6r4c58rjd933q\/-Tlandscape-FWEBP\" draggable=\"false\">\n                <source srcset=\"https:\/\/d2bxdz25tzrsr9.cloudfront.net\/image\/382083092639\/image_9pkp5rupql4hj6r4c58rjd933q\/-Tlandscape-FWEBP\" type=\"image\/webp\">\n                <source srcset=\"https:\/\/d2bxdz25tzrsr9.cloudfront.net\/image\/382083092639\/image_9pkp5rupql4hj6r4c58rjd933q\/-Tlandscape-FPNG\" type=\"image\/png\">\n                <img decoding=\"async\" src=\"https:\/\/d2bxdz25tzrsr9.cloudfront.net\/image\/382083092639\/image_9pkp5rupql4hj6r4c58rjd933q\/-Tlandscape-FPNG\">\n            <\/picture>\n        <\/div>\n        <div class=\"m_content_image_text-content\">\n            <h4 class=\"m_content_image_text-subtitle reveal\">Pioneer in a new market.<\/h4>\n            <p class=\"m_content_image_text-text reveal\">Founded in 1889 by Justin H\u00fcppe, the company was committed to the most beautiful wet rooms in the world as early as 1966. From the outset, H\u00dcPPE has been the pioneer supplier of shower enclosures in Europe to focus on quality, service and design. In 1987, H\u00dcPPE became part of the MASCO Corporation (Michigan, USA) and thus conquered the international stage. In the following years, the Spanish shower enclosure manufacturer Reser s.l. and the Turkish company Intermart joined H\u00dcPPE.<\/p>\n                    <\/div>\n    <\/div>\n<\/div>\n\n\n<div id=\"m_content_image_text-block_b17a238b7272a35ceb3c1c21b192565e\" class=\"m_content_image_text margin-small\" >\n        <div class=\"m_content_image_text-wrapper textimage\">\n        <div class=\"m_content_image_text-image\">\n            <!-- <img decoding=\"async\" class=\"-img \" src=\"\" alt=\"\"\/> -->\n            <picture class=\"m_content_image_text-img reveal\"  alt=\"https:\/\/d2bxdz25tzrsr9.cloudfront.net\/image\/382083092639\/image_lnl0dge4pp6i59c5qd397cf212\/-Tlandscape-FWEBP\" draggable=\"false\">\n                <source srcset=\"https:\/\/d2bxdz25tzrsr9.cloudfront.net\/image\/382083092639\/image_lnl0dge4pp6i59c5qd397cf212\/-Tlandscape-FWEBP\" type=\"image\/webp\">\n                <source srcset=\"https:\/\/d2bxdz25tzrsr9.cloudfront.net\/image\/382083092639\/image_lnl0dge4pp6i59c5qd397cf212\/-Tlandscape-FPNG\" type=\"image\/png\">\n                <img decoding=\"async\" src=\"https:\/\/d2bxdz25tzrsr9.cloudfront.net\/image\/382083092639\/image_lnl0dge4pp6i59c5qd397cf212\/-Tlandscape-FPNG\">\n            <\/picture>\n        <\/div>\n        <div class=\"m_content_image_text-content\">\n            <h4 class=\"m_content_image_text-subtitle reveal\">Through the swing door into the modern age<\/h4>\n            <p class=\"m_content_image_text-text reveal\">The tray factory in Bad Zwischenahn also opened its doors in 2000, where, amongst other things, high-quality shower surfaces are created by hand and the patented H\u00dcPPE sealing system is developed. Through cooperation with design studios such as NOA, Jette Joop and Ph\u00f6nix Design, the range adapts to growing customer demand for personalisation. New series with innovative door systems are conquering Europe\u2019s bathrooms, in the private sector as well as in hotels, spas and on cruise ships.<\/p>\n                    <\/div>\n    <\/div>\n<\/div>\n\n\n<div id=\"m_content_image_text-block_4fd517b4ed263be5c1734c9d70c58e5a\" class=\"m_content_image_text margin-small\" >\n        <div class=\"m_content_image_text-wrapper imagetext\">\n        <div class=\"m_content_image_text-image\">\n            <!-- <img decoding=\"async\" class=\"-img \" src=\"\" alt=\"\"\/> -->\n            <picture class=\"m_content_image_text-img reveal\"  alt=\"https:\/\/d2bxdz25tzrsr9.cloudfront.net\/image\/382083092639\/image_hrphaq04ul3jh4svgncmjf8e69\/-Tlandscape-FWEBP\" draggable=\"false\">\n                <source srcset=\"https:\/\/d2bxdz25tzrsr9.cloudfront.net\/image\/382083092639\/image_hrphaq04ul3jh4svgncmjf8e69\/-Tlandscape-FWEBP\" type=\"image\/webp\">\n                <source srcset=\"https:\/\/d2bxdz25tzrsr9.cloudfront.net\/image\/382083092639\/image_hrphaq04ul3jh4svgncmjf8e69\/-Tlandscape-FPNG\" type=\"image\/png\">\n                <img decoding=\"async\" src=\"https:\/\/d2bxdz25tzrsr9.cloudfront.net\/image\/382083092639\/image_hrphaq04ul3jh4svgncmjf8e69\/-Tlandscape-FPNG\">\n            <\/picture>\n        <\/div>\n        <div class=\"m_content_image_text-content\">\n            <h4 class=\"m_content_image_text-subtitle reveal\">A walk-in into new times.<\/h4>\n            <p class=\"m_content_image_text-text reveal\">With innovative premium solutions such as the Select+ series, Xtensa and SolvaPro, H\u00dcPPE not only wins design awards, but also gains traction on the market. In 2021, H\u00dcPPE GmbH finally became part of the AURELIUS Group in order to continue on its path as one of the leading suppliers in the shower sector.<\/p>\n                    <\/div>\n    <\/div>\n<\/div>","protected":false},"excerpt":{"rendered":"","protected":false},"author":777,"featured_media":0,"parent":0,"menu_order":0,"comment_status":"closed","ping_status":"closed","template":"","meta":{"_acf_changed":false,"site-sidebar-layout":"default","site-content-layout":"default","ast-global-header-display":"","ast-banner-title-visibility":"","ast-main-header-display":"","ast-hfb-above-header-display":"","ast-hfb-below-header-display":"","ast-hfb-mobile-header-display":"","site-post-title":"","ast-breadcrumbs-content":"","ast-featured-img":"","footer-sml-layout":"","theme-transparent-header-meta":"","adv-header-id-meta":"","stick-header-meta":"","header-above-stick-meta":"","header-main-stick-meta":"","header-below-stick-meta":"","footnotes":""},"class_list":["post-154803","page","type-page","status-publish","hentry"],"acf":[],"yoast_head":"<!-- This site is optimized with the Yoast SEO Premium plugin v22.3 (Yoast SEO v24.6) - https:\/\/yoast.com\/wordpress\/plugins\/seo\/ -->\n<title>Company history - HUEPPE<\/title>\n<meta name=\"description\" content=\"120 years of tradition and milestones - find out more about the most formative developments in H\u00dcPPE&#039;s history.\" \/>\n<meta name=\"robots\" content=\"index, follow, max-snippet:-1, max-image-preview:large, max-video-preview:-1\" \/>\n<link rel=\"canonical\" href=\"https:\/\/www.hueppe.com\/en\/history-development-vision\/\" \/>\n<meta property=\"og:locale\" content=\"en_US\" \/>\n<meta property=\"og:type\" content=\"article\" \/>\n<meta property=\"og:title\" content=\"Geschichte\" \/>\n<meta property=\"og:description\" content=\"120 years of tradition and milestones - find out more about the most formative developments in H\u00dcPPE&#039;s history.\" \/>\n<meta property=\"og:url\" content=\"https:\/\/www.hueppe.com\/en\/history-development-vision\/\" \/>\n<meta property=\"og:site_name\" content=\"HUEPPE\" \/>\n<meta property=\"article:modified_time\" content=\"2024-08-27T12:30:58+00:00\" \/>\n<meta property=\"og:image\" content=\"https:\/\/www.hueppe.com\/wp-content\/uploads\/2023\/01\/news5.png\" \/>\n\t<meta property=\"og:image:width\" content=\"820\" \/>\n\t<meta property=\"og:image:height\" content=\"514\" \/>\n\t<meta property=\"og:image:type\" content=\"image\/png\" \/>\n<meta name=\"twitter:card\" content=\"summary_large_image\" \/>\n<meta name=\"twitter:label1\" content=\"Est. reading time\" \/>\n\t<meta name=\"twitter:data1\" content=\"2 minutes\" \/>\n<script type=\"application\/ld+json\" class=\"yoast-schema-graph\">{\"@context\":\"https:\/\/schema.org\",\"@graph\":[{\"@type\":\"WebPage\",\"@id\":\"https:\/\/www.hueppe.com\/en\/history-development-vision\/\",\"url\":\"https:\/\/www.hueppe.com\/en\/history-development-vision\/\",\"name\":\"Company history - HUEPPE\",\"isPartOf\":{\"@id\":\"https:\/\/www.hueppe.com\/en\/#website\"},\"datePublished\":\"2023-07-17T09:19:31+00:00\",\"dateModified\":\"2024-08-27T12:30:58+00:00\",\"description\":\"120 years of tradition and milestones - find out more about the most formative developments in H\u00dcPPE's history.\",\"breadcrumb\":{\"@id\":\"https:\/\/www.hueppe.com\/en\/history-development-vision\/#breadcrumb\"},\"inLanguage\":\"en-US\",\"potentialAction\":[{\"@type\":\"ReadAction\",\"target\":[\"https:\/\/www.hueppe.com\/en\/history-development-vision\/\"]}]},{\"@type\":\"BreadcrumbList\",\"@id\":\"https:\/\/www.hueppe.com\/en\/history-development-vision\/#breadcrumb\",\"itemListElement\":[{\"@type\":\"ListItem\",\"position\":1,\"name\":\"Home\",\"item\":\"https:\/\/www.hueppe.com\/en\/\"},{\"@type\":\"ListItem\",\"position\":2,\"name\":\"Geschichte\"}]},{\"@type\":\"WebSite\",\"@id\":\"https:\/\/www.hueppe.com\/en\/#website\",\"url\":\"https:\/\/www.hueppe.com\/en\/\",\"name\":\"www.HUEPPE.com\",\"description\":\"\",\"publisher\":{\"@id\":\"https:\/\/www.hueppe.com\/en\/#organization\"},\"potentialAction\":[{\"@type\":\"SearchAction\",\"target\":{\"@type\":\"EntryPoint\",\"urlTemplate\":\"https:\/\/www.hueppe.com\/en\/?s={search_term_string}\"},\"query-input\":{\"@type\":\"PropertyValueSpecification\",\"valueRequired\":true,\"valueName\":\"search_term_string\"}}],\"inLanguage\":\"en-US\"},{\"@type\":\"Organization\",\"@id\":\"https:\/\/www.hueppe.com\/en\/#organization\",\"name\":\"HUEPPE GmbH\",\"url\":\"https:\/\/www.hueppe.com\/en\/\",\"logo\":{\"@type\":\"ImageObject\",\"inLanguage\":\"en-US\",\"@id\":\"https:\/\/www.hueppe.com\/en\/#\/schema\/logo\/image\/\",\"url\":\"https:\/\/www.hueppe.com\/wp-content\/uploads\/2024\/04\/Logo.png\",\"contentUrl\":\"https:\/\/www.hueppe.com\/wp-content\/uploads\/2024\/04\/Logo.png\",\"width\":225,\"height\":225,\"caption\":\"HUEPPE GmbH\"},\"image\":{\"@id\":\"https:\/\/www.hueppe.com\/en\/#\/schema\/logo\/image\/\"},\"sameAs\":[\"https:\/\/www.instagram.com\/hueppe_group\/\",\"https:\/\/www.pinterest.de\/hppegmbh\/\",\"https:\/\/www.youtube.com\/user\/HUEPPEcom\",\"https:\/\/www.linkedin.com\/company\/hueppe-group\/\"]}]}<\/script>\n<!-- \/ Yoast SEO Premium plugin. -->","yoast_head_json":{"title":"Company history - HUEPPE","description":"120 years of tradition and milestones - find out more about the most formative developments in H\u00dcPPE's history.","robots":{"index":"index","follow":"follow","max-snippet":"max-snippet:-1","max-image-preview":"max-image-preview:large","max-video-preview":"max-video-preview:-1"},"canonical":"https:\/\/www.hueppe.com\/en\/history-development-vision\/","og_locale":"en_US","og_type":"article","og_title":"Geschichte","og_description":"120 years of tradition and milestones - find out more about the most formative developments in H\u00dcPPE's history.","og_url":"https:\/\/www.hueppe.com\/en\/history-development-vision\/","og_site_name":"HUEPPE","article_modified_time":"2024-08-27T12:30:58+00:00","og_image":[{"width":820,"height":514,"url":"https:\/\/www.hueppe.com\/wp-content\/uploads\/2023\/01\/news5.png","type":"image\/png"}],"twitter_card":"summary_large_image","twitter_misc":{"Est. reading time":"2 minutes"},"schema":{"@context":"https:\/\/schema.org","@graph":[{"@type":"WebPage","@id":"https:\/\/www.hueppe.com\/en\/history-development-vision\/","url":"https:\/\/www.hueppe.com\/en\/history-development-vision\/","name":"Company history - HUEPPE","isPartOf":{"@id":"https:\/\/www.hueppe.com\/en\/#website"},"datePublished":"2023-07-17T09:19:31+00:00","dateModified":"2024-08-27T12:30:58+00:00","description":"120 years of tradition and milestones - find out more about the most formative developments in H\u00dcPPE's history.","breadcrumb":{"@id":"https:\/\/www.hueppe.com\/en\/history-development-vision\/#breadcrumb"},"inLanguage":"en-US","potentialAction":[{"@type":"ReadAction","target":["https:\/\/www.hueppe.com\/en\/history-development-vision\/"]}]},{"@type":"BreadcrumbList","@id":"https:\/\/www.hueppe.com\/en\/history-development-vision\/#breadcrumb","itemListElement":[{"@type":"ListItem","position":1,"name":"Home","item":"https:\/\/www.hueppe.com\/en\/"},{"@type":"ListItem","position":2,"name":"Geschichte"}]},{"@type":"WebSite","@id":"https:\/\/www.hueppe.com\/en\/#website","url":"https:\/\/www.hueppe.com\/en\/","name":"www.HUEPPE.com","description":"","publisher":{"@id":"https:\/\/www.hueppe.com\/en\/#organization"},"potentialAction":[{"@type":"SearchAction","target":{"@type":"EntryPoint","urlTemplate":"https:\/\/www.hueppe.com\/en\/?s={search_term_string}"},"query-input":{"@type":"PropertyValueSpecification","valueRequired":true,"valueName":"search_term_string"}}],"inLanguage":"en-US"},{"@type":"Organization","@id":"https:\/\/www.hueppe.com\/en\/#organization","name":"HUEPPE GmbH","url":"https:\/\/www.hueppe.com\/en\/","logo":{"@type":"ImageObject","inLanguage":"en-US","@id":"https:\/\/www.hueppe.com\/en\/#\/schema\/logo\/image\/","url":"https:\/\/www.hueppe.com\/wp-content\/uploads\/2024\/04\/Logo.png","contentUrl":"https:\/\/www.hueppe.com\/wp-content\/uploads\/2024\/04\/Logo.png","width":225,"height":225,"caption":"HUEPPE GmbH"},"image":{"@id":"https:\/\/www.hueppe.com\/en\/#\/schema\/logo\/image\/"},"sameAs":["https:\/\/www.instagram.com\/hueppe_group\/","https:\/\/www.pinterest.de\/hppegmbh\/","https:\/\/www.youtube.com\/user\/HUEPPEcom","https:\/\/www.linkedin.com\/company\/hueppe-group\/"]}]}},"_links":{"self":[{"href":"https:\/\/www.hueppe.com\/en\/wp-json\/wp\/v2\/pages\/154803","targetHints":{"allow":["GET"]}}],"collection":[{"href":"https:\/\/www.hueppe.com\/en\/wp-json\/wp\/v2\/pages"}],"about":[{"href":"https:\/\/www.hueppe.com\/en\/wp-json\/wp\/v2\/types\/page"}],"author":[{"embeddable":true,"href":"https:\/\/www.hueppe.com\/en\/wp-json\/wp\/v2\/users\/777"}],"replies":[{"embeddable":true,"href":"https:\/\/www.hueppe.com\/en\/wp-json\/wp\/v2\/comments?post=154803"}],"version-history":[{"count":1,"href":"https:\/\/www.hueppe.com\/en\/wp-json\/wp\/v2\/pages\/154803\/revisions"}],"predecessor-version":[{"id":1342927,"href":"https:\/\/www.hueppe.com\/en\/wp-json\/wp\/v2\/pages\/154803\/revisions\/1342927"}],"wp:attachment":[{"href":"https:\/\/www.hueppe.com\/en\/wp-json\/wp\/v2\/media?parent=154803"}],"curies":[{"name":"wp","href":"https:\/\/api.w.org\/{rel}","templated":true}]}}