{"id":1056805,"date":"2025-06-20T09:55:56","date_gmt":"2025-06-20T07:55:56","guid":{"rendered":"https:\/\/www.hueppe.com\/?page_id=1056805"},"modified":"2025-06-30T09:50:30","modified_gmt":"2025-06-30T07:50:30","slug":"declaration-daccessibilite","status":"publish","type":"page","link":"https:\/\/www.hueppe.com\/fr\/declaration-daccessibilite\/","title":{"rendered":"D\u00e9claration d&rsquo;accessibilit\u00e9"},"content":{"rendered":"\n    <div class=\"M_Headline\">\n        <h1 class=\"M_Headline-headline\">D\u00e9claration d&rsquo;accessibilit\u00e9<\/h1>\n    <\/div>\n\n\n    <div class=\"M_Content\">\n        <h3 class=\"M_Content-headline\"><\/h3>\n        <div class=\"M_Content-content\">\n            <p>La soci\u00e9t\u00e9 H\u00dcPPE GmbH s&rsquo;efforce de rendre son site Internet accessible \u00e0 tous sur <a href=\"https:\/\/www.hueppe.com\">www.hueppe.com<\/a>. La base juridique pour cela est la loi sur le renforcement de l&rsquo;accessibilit\u00e9 (BFSG) en relation avec l&rsquo;ordonnance sur les technologies de l&rsquo;information sans barri\u00e8re (BITV 2.0.) ainsi que la directive europ\u00e9enne (UE) 2016\/2102. Cette d\u00e9claration d&rsquo;accessibilit\u00e9 s&rsquo;applique aux contenus publi\u00e9s sous www.hueppe.com, dans la mesure o\u00f9 ils tombent sous les exigences de la BFSG.<\/p>\n<p>&nbsp;<\/p>\n<h2>\u00c9tat de la compatibilit\u00e9 avec les exigences l\u00e9gales<\/h2>\n<p>Notre objectif est de garantir un site web sans barri\u00e8res qui offre une exp\u00e9rience d&rsquo;utilisation \u00e9gale pour tous, ind\u00e9pendamment de leurs capacit\u00e9s ou de leurs limitations. La mise en \u0153uvre de contenus accessibles est un processus en cours. Nous travaillons activement \u00e0 la mise en place et \u00e0 l&rsquo;am\u00e9lioration de l&rsquo;accessibilit\u00e9 de notre site web ainsi qu&rsquo;\u00e0 l&rsquo;\u00e9limination progressive des barri\u00e8res existantes. Actuellement, le site web est partiellement compatible avec les exigences du BITV 2.0 en lien avec la directive europ\u00e9enne 2016\/2102.<\/p>\n<p>&nbsp;<\/p>\n<h3>Mesures prises pour am\u00e9liorer l&rsquo;accessibilit\u00e9<\/h3>\n<p>Vous trouverez ci-dessous une liste de mesures d\u00e9j\u00e0 mises en \u0153uvre ou en cours de mise en \u0153uvre pour obtenir un site Web accessible.<\/p>\n<p><strong>1. navigation par clavier<\/strong><br \/>\nLes fonctions de base du site sont accessibles par la touche Tab et utilisables par le clavier.<\/p>\n<p><strong>2. les vid\u00e9os avec audio contiennent un sous-titre<\/strong><br \/>\nLes vid\u00e9os qui contiennent des informations par audio ont \u00e9t\u00e9 dot\u00e9es d&rsquo;un sous-titre. Cependant, les sous-titres ne sont pas encore disponibles dans toutes les langues nationales. Cette situation sera progressivement corrig\u00e9e.<\/p>\n<p><strong>3. textes alternatifs pour les images \/ labels ARIA<\/strong><br \/>\nCertaines images sont d\u00e9j\u00e0 dot\u00e9es d&rsquo;un texte alternatif. Les textes Alt et les \u00e9tiquettes ARIA manquants sont en cours d&rsquo;ajout.<\/p>\n<p><strong>4. structuration des contenus avec des titres<\/strong><br \/>\nLes pages sont en grande partie structur\u00e9es. Sur certaines sous-pages, les titres sont encore pr\u00e9sent\u00e9s dans un ordre erron\u00e9. Ceci est en cours de r\u00e9vision.<\/p>\n<p><strong>5. contraste suffisant<\/strong><br \/>\nA de nombreux endroits, nous avons d\u00e9j\u00e0 veill\u00e9 \u00e0 ce que les \u00e9l\u00e9ments soient bien contrast\u00e9s. Certains \u00e9l\u00e9ments n&rsquo;ont pas encore un contraste suffisamment bon. Ceux-ci seront retravaill\u00e9s en temps voulu.<\/p>\n<p><strong>6. mise en \u00e9vidence des liens<\/strong><br \/>\nLes liens compl\u00e9mentaires ou les liens qui m\u00e8nent \u00e0 un t\u00e9l\u00e9chargement PDF sont d\u00e9j\u00e0 majoritairement mis en \u00e9vidence par un symbole de fl\u00e8che. La pr\u00e9sentation des autres liens sera progressivement adapt\u00e9e afin qu&rsquo;ils soient clairement reconnaissables et mis en \u00e9vidence dans l&rsquo;\u00e9tat de focalisation.<\/p>\n<p>&nbsp;<\/p>\n<h3><\/h3>\n<h3>Contenus non accessibles<\/h3>\n<p>Les contenus et fonctions \u00e9num\u00e9r\u00e9s ci-dessous ont d\u00e9j\u00e0 \u00e9t\u00e9 identifi\u00e9s et document\u00e9s et seront trait\u00e9s progressivement :<\/p>\n<p><strong>1. Etiquettes claires pour les \u00e9l\u00e9ments de commande<\/strong><br \/>\nCertains \u00e9l\u00e9ments de commande ne sont pas encore clairement pourvus d&rsquo;un alt-tag. Actuellement, tous les \u00e9l\u00e9ments de commande sont contr\u00f4l\u00e9s et \u00e9quip\u00e9s d&rsquo;une inscription claire, y compris d&rsquo;un alt-tag existant.<\/p>\n<p><strong>2. code HTML structur\u00e9 pour la prise en charge des lecteurs d&rsquo;\u00e9cran<\/strong><br \/>\nLa compatibilit\u00e9 du site avec les lecteurs d&rsquo;\u00e9cran courants est v\u00e9rifi\u00e9e et optimis\u00e9e en ce qui concerne les commandes de focalisation, les \u00e9tiquettes ARIA et les \u00e9l\u00e9ments HTML s\u00e9mantiques.<\/p>\n<p><strong>3. d\u00e9sactivation des \u00e9l\u00e9ments clignotants ou mobiles<\/strong><br \/>\nLes contenus anim\u00e9s sont r\u00e9duits au minimum. Une possibilit\u00e9 de d\u00e9sactivation par l&rsquo;utilisateur est partiellement disponible et sera d\u00e9velopp\u00e9e.<\/p>\n<p><strong>4. agrandissement du contenu de l&rsquo;\u00e9cran jusqu&rsquo;\u00e0 200%<\/strong><br \/>\nLe site web est con\u00e7u de mani\u00e8re responsive et supporte d\u00e9j\u00e0 une repr\u00e9sentation \u00e9volutive. Une mise \u00e0 l&rsquo;\u00e9chelle jusqu&rsquo;\u00e0 200% sans perte d&rsquo;informations est pr\u00e9vue.<\/p>\n<p><strong>5. taille et type de police adaptables<\/strong><br \/>\nDes adaptations de la taille de la police sont possibles c\u00f4t\u00e9 navigateur. Une autre commande conviviale \u00e0 l&rsquo;int\u00e9rieur du site web est en cours de planification.<\/p>\n<p><strong>6. formulaires<\/strong><br \/>\nCertains champs de formulaire ne pr\u00e9sentent pas encore d&rsquo;\u00e9tiquette correctement attribu\u00e9e. Cette optimisation est en cours de planification.<\/p>\n<p><strong>7. documents PDF et Word<\/strong><br \/>\nLes nombreux documents PDF et Word ne sont actuellement pas accessibles. Une adaptation ult\u00e9rieure de ces contenus n\u00e9cessiterait un effort disproportionn\u00e9. Les nouveaux contenus seront cr\u00e9\u00e9s selon les normes actuelles.<\/p>\n<p>&nbsp;<\/p>\n<h3>R\u00e9daction de la pr\u00e9sente d\u00e9claration d&rsquo;accessibilit\u00e9<\/h3>\n<p>Cette d\u00e9claration a \u00e9t\u00e9 r\u00e9dig\u00e9e le 20 juin 2025 et r\u00e9vis\u00e9e pour<strong> la derni\u00e8re fois le 27 juin 2025<\/strong>.<\/p>\n<p>L&rsquo;\u00e9valuation est bas\u00e9e sur une auto-\u00e9valuation par H\u00dcPPE GmbH.<\/p>\n<p>&nbsp;<\/p>\n<p data-start=\"2664\" data-end=\"2978\">\n        <\/div>\n    <\/div>\n\n\n    <div class=\"M_Content\">\n        <h3 class=\"M_Content-headline\">Commentaires et possibilit\u00e9s de signalement<\/h3>\n        <div class=\"M_Content-content\">\n            <p>Votre interlocuteur pour un acc\u00e8s sans barri\u00e8re est :<\/p>\n<p>H\u00dcPPE GmbH<br \/>\nIndustriestra\u00dfe 3<br \/>\n26160 Bad Zwischenahn<br \/>\nAllemagne<\/p>\n<p><strong>Vous avez d\u00e9couvert des barri\u00e8res sur notre site web ?<\/strong><br \/>\nN&rsquo;h\u00e9sitez pas \u00e0 nous les signaler en utilisant les possibilit\u00e9s de contact suivantes :<\/p>\n<p>E-mail \u00e0 <a href=\"mailto:accessibility@hueppe.com\">accessibility@hueppe.com<\/a><br \/>\nou via le formulaire de feedback ci-dessous.<\/p>\n<p>Vous pouvez \u00e9galement nous contacter par courrier ou par t\u00e9l\u00e9phone :<\/p>\n<p>H\u00dcPPE GmbH<br \/>\nIndustriestra\u00dfe 3<br \/>\n26160 Bad Zwischenahn<br \/>\nAllemagne<\/p>\n<p>T\u00e9l\u00e9phone : +49 440 367-0<\/p>\n        <\/div>\n    <\/div>\n\n","protected":false},"excerpt":{"rendered":"","protected":false},"author":777,"featured_media":0,"parent":0,"menu_order":0,"comment_status":"closed","ping_status":"closed","template":"","meta":{"_acf_changed":false,"site-sidebar-layout":"default","site-content-layout":"default","ast-global-header-display":"","ast-banner-title-visibility":"","ast-main-header-display":"","ast-hfb-above-header-display":"","ast-hfb-below-header-display":"","ast-hfb-mobile-header-display":"","site-post-title":"","ast-breadcrumbs-content":"","ast-featured-img":"","footer-sml-layout":"","theme-transparent-header-meta":"","adv-header-id-meta":"","stick-header-meta":"","header-above-stick-meta":"","header-main-stick-meta":"","header-below-stick-meta":"","footnotes":""},"class_list":["post-1056805","page","type-page","status-publish","hentry"],"acf":[],"yoast_head":"<!-- This site is optimized with the Yoast SEO Premium plugin v22.3 (Yoast SEO v24.6) - https:\/\/yoast.com\/wordpress\/plugins\/seo\/ -->\n<title>D\u00e9claration d&#039;accessibilit\u00e9 - HUEPPE<\/title>\n<meta name=\"robots\" content=\"index, follow, max-snippet:-1, max-image-preview:large, max-video-preview:-1\" \/>\n<link rel=\"canonical\" href=\"https:\/\/www.hueppe.com\/fr\/declaration-daccessibilite\/\" \/>\n<meta property=\"og:locale\" content=\"fr_FR\" \/>\n<meta property=\"og:type\" content=\"article\" \/>\n<meta property=\"og:title\" content=\"D\u00e9claration d&#039;accessibilit\u00e9\" \/>\n<meta property=\"og:url\" content=\"https:\/\/www.hueppe.com\/fr\/declaration-daccessibilite\/\" \/>\n<meta property=\"og:site_name\" content=\"HUEPPE\" \/>\n<meta property=\"article:modified_time\" content=\"2025-06-30T07:50:30+00:00\" \/>\n<meta property=\"og:image\" content=\"https:\/\/www.hueppe.com\/wp-content\/uploads\/2023\/01\/news5.png\" \/>\n\t<meta property=\"og:image:width\" content=\"820\" \/>\n\t<meta property=\"og:image:height\" content=\"514\" \/>\n\t<meta property=\"og:image:type\" content=\"image\/png\" \/>\n<meta name=\"twitter:card\" content=\"summary_large_image\" \/>\n<meta name=\"twitter:label1\" content=\"Dur\u00e9e de lecture estim\u00e9e\" \/>\n\t<meta name=\"twitter:data1\" content=\"5 minutes\" \/>\n<script type=\"application\/ld+json\" class=\"yoast-schema-graph\">{\"@context\":\"https:\/\/schema.org\",\"@graph\":[{\"@type\":\"WebPage\",\"@id\":\"https:\/\/www.hueppe.com\/fr\/declaration-daccessibilite\/\",\"url\":\"https:\/\/www.hueppe.com\/fr\/declaration-daccessibilite\/\",\"name\":\"D\u00e9claration d'accessibilit\u00e9 - HUEPPE\",\"isPartOf\":{\"@id\":\"https:\/\/www.hueppe.com\/fr\/#website\"},\"datePublished\":\"2025-06-20T07:55:56+00:00\",\"dateModified\":\"2025-06-30T07:50:30+00:00\",\"breadcrumb\":{\"@id\":\"https:\/\/www.hueppe.com\/fr\/declaration-daccessibilite\/#breadcrumb\"},\"inLanguage\":\"fr-FR\",\"potentialAction\":[{\"@type\":\"ReadAction\",\"target\":[\"https:\/\/www.hueppe.com\/fr\/declaration-daccessibilite\/\"]}]},{\"@type\":\"BreadcrumbList\",\"@id\":\"https:\/\/www.hueppe.com\/fr\/declaration-daccessibilite\/#breadcrumb\",\"itemListElement\":[{\"@type\":\"ListItem\",\"position\":1,\"name\":\"Home\",\"item\":\"https:\/\/www.hueppe.com\/fr\/\"},{\"@type\":\"ListItem\",\"position\":2,\"name\":\"D\u00e9claration d&#8217;accessibilit\u00e9\"}]},{\"@type\":\"WebSite\",\"@id\":\"https:\/\/www.hueppe.com\/fr\/#website\",\"url\":\"https:\/\/www.hueppe.com\/fr\/\",\"name\":\"www.HUEPPE.com\",\"description\":\"\",\"publisher\":{\"@id\":\"https:\/\/www.hueppe.com\/fr\/#organization\"},\"potentialAction\":[{\"@type\":\"SearchAction\",\"target\":{\"@type\":\"EntryPoint\",\"urlTemplate\":\"https:\/\/www.hueppe.com\/fr\/?s={search_term_string}\"},\"query-input\":{\"@type\":\"PropertyValueSpecification\",\"valueRequired\":true,\"valueName\":\"search_term_string\"}}],\"inLanguage\":\"fr-FR\"},{\"@type\":\"Organization\",\"@id\":\"https:\/\/www.hueppe.com\/fr\/#organization\",\"name\":\"HUEPPE GmbH\",\"url\":\"https:\/\/www.hueppe.com\/fr\/\",\"logo\":{\"@type\":\"ImageObject\",\"inLanguage\":\"fr-FR\",\"@id\":\"https:\/\/www.hueppe.com\/fr\/#\/schema\/logo\/image\/\",\"url\":\"https:\/\/www.hueppe.com\/wp-content\/uploads\/2024\/04\/Logo.png\",\"contentUrl\":\"https:\/\/www.hueppe.com\/wp-content\/uploads\/2024\/04\/Logo.png\",\"width\":225,\"height\":225,\"caption\":\"HUEPPE GmbH\"},\"image\":{\"@id\":\"https:\/\/www.hueppe.com\/fr\/#\/schema\/logo\/image\/\"},\"sameAs\":[\"https:\/\/www.instagram.com\/hueppe_group\/\",\"https:\/\/www.pinterest.de\/hppegmbh\/\",\"https:\/\/www.youtube.com\/user\/HUEPPEcom\",\"https:\/\/www.linkedin.com\/company\/hueppe-group\/\"]}]}<\/script>\n<!-- \/ Yoast SEO Premium plugin. -->","yoast_head_json":{"title":"D\u00e9claration d'accessibilit\u00e9 - HUEPPE","robots":{"index":"index","follow":"follow","max-snippet":"max-snippet:-1","max-image-preview":"max-image-preview:large","max-video-preview":"max-video-preview:-1"},"canonical":"https:\/\/www.hueppe.com\/fr\/declaration-daccessibilite\/","og_locale":"fr_FR","og_type":"article","og_title":"D\u00e9claration d'accessibilit\u00e9","og_url":"https:\/\/www.hueppe.com\/fr\/declaration-daccessibilite\/","og_site_name":"HUEPPE","article_modified_time":"2025-06-30T07:50:30+00:00","og_image":[{"width":820,"height":514,"url":"https:\/\/www.hueppe.com\/wp-content\/uploads\/2023\/01\/news5.png","type":"image\/png"}],"twitter_card":"summary_large_image","twitter_misc":{"Dur\u00e9e de lecture estim\u00e9e":"5 minutes"},"schema":{"@context":"https:\/\/schema.org","@graph":[{"@type":"WebPage","@id":"https:\/\/www.hueppe.com\/fr\/declaration-daccessibilite\/","url":"https:\/\/www.hueppe.com\/fr\/declaration-daccessibilite\/","name":"D\u00e9claration d'accessibilit\u00e9 - HUEPPE","isPartOf":{"@id":"https:\/\/www.hueppe.com\/fr\/#website"},"datePublished":"2025-06-20T07:55:56+00:00","dateModified":"2025-06-30T07:50:30+00:00","breadcrumb":{"@id":"https:\/\/www.hueppe.com\/fr\/declaration-daccessibilite\/#breadcrumb"},"inLanguage":"fr-FR","potentialAction":[{"@type":"ReadAction","target":["https:\/\/www.hueppe.com\/fr\/declaration-daccessibilite\/"]}]},{"@type":"BreadcrumbList","@id":"https:\/\/www.hueppe.com\/fr\/declaration-daccessibilite\/#breadcrumb","itemListElement":[{"@type":"ListItem","position":1,"name":"Home","item":"https:\/\/www.hueppe.com\/fr\/"},{"@type":"ListItem","position":2,"name":"D\u00e9claration d&#8217;accessibilit\u00e9"}]},{"@type":"WebSite","@id":"https:\/\/www.hueppe.com\/fr\/#website","url":"https:\/\/www.hueppe.com\/fr\/","name":"www.HUEPPE.com","description":"","publisher":{"@id":"https:\/\/www.hueppe.com\/fr\/#organization"},"potentialAction":[{"@type":"SearchAction","target":{"@type":"EntryPoint","urlTemplate":"https:\/\/www.hueppe.com\/fr\/?s={search_term_string}"},"query-input":{"@type":"PropertyValueSpecification","valueRequired":true,"valueName":"search_term_string"}}],"inLanguage":"fr-FR"},{"@type":"Organization","@id":"https:\/\/www.hueppe.com\/fr\/#organization","name":"HUEPPE GmbH","url":"https:\/\/www.hueppe.com\/fr\/","logo":{"@type":"ImageObject","inLanguage":"fr-FR","@id":"https:\/\/www.hueppe.com\/fr\/#\/schema\/logo\/image\/","url":"https:\/\/www.hueppe.com\/wp-content\/uploads\/2024\/04\/Logo.png","contentUrl":"https:\/\/www.hueppe.com\/wp-content\/uploads\/2024\/04\/Logo.png","width":225,"height":225,"caption":"HUEPPE GmbH"},"image":{"@id":"https:\/\/www.hueppe.com\/fr\/#\/schema\/logo\/image\/"},"sameAs":["https:\/\/www.instagram.com\/hueppe_group\/","https:\/\/www.pinterest.de\/hppegmbh\/","https:\/\/www.youtube.com\/user\/HUEPPEcom","https:\/\/www.linkedin.com\/company\/hueppe-group\/"]}]}},"_links":{"self":[{"href":"https:\/\/www.hueppe.com\/fr\/wp-json\/wp\/v2\/pages\/1056805","targetHints":{"allow":["GET"]}}],"collection":[{"href":"https:\/\/www.hueppe.com\/fr\/wp-json\/wp\/v2\/pages"}],"about":[{"href":"https:\/\/www.hueppe.com\/fr\/wp-json\/wp\/v2\/types\/page"}],"author":[{"embeddable":true,"href":"https:\/\/www.hueppe.com\/fr\/wp-json\/wp\/v2\/users\/777"}],"replies":[{"embeddable":true,"href":"https:\/\/www.hueppe.com\/fr\/wp-json\/wp\/v2\/comments?post=1056805"}],"version-history":[{"count":3,"href":"https:\/\/www.hueppe.com\/fr\/wp-json\/wp\/v2\/pages\/1056805\/revisions"}],"predecessor-version":[{"id":1062820,"href":"https:\/\/www.hueppe.com\/fr\/wp-json\/wp\/v2\/pages\/1056805\/revisions\/1062820"}],"wp:attachment":[{"href":"https:\/\/www.hueppe.com\/fr\/wp-json\/wp\/v2\/media?parent=1056805"}],"curies":[{"name":"wp","href":"https:\/\/api.w.org\/{rel}","templated":true}]}}