{"id":156974,"date":"2023-07-17T11:19:31","date_gmt":"2023-07-17T09:19:31","guid":{"rendered":"https:\/\/www.hueppe.com\/geschichte\/"},"modified":"2024-08-27T14:34:44","modified_gmt":"2024-08-27T12:34:44","slug":"histoire","status":"publish","type":"page","link":"https:\/\/www.hueppe.com\/fr\/histoire\/","title":{"rendered":"Geschichte"},"content":{"rendered":"\n<div id=\"m_stage_no_image-block_c24d7c126acdc8d046d6b36b3f8efc3a\" class=\"m_stage_no_image margin-small\">\n    <h1 class=\"m_stage_no_image-headline\">Un long chemin jalonn\u00e9 de succ\u00e8s : visionnaire par tradition.<\/h1>\n    <p class=\"m_stage_no_image-copy\">Avec une histoire de notre entreprise longue de plus de 120 ans, nous pouvons \u00eatre fiers d\u2019une longue tradition de jalons. Mais nous ne passons jamais beaucoup de temps \u00e0 nous laisser bercer par la nostalgie. Le march\u00e9 des salles de douche ne stagne jamais et nous pr\u00e9f\u00e9rons regarder vers l\u2019avenir. N\u00e9anmoins, voici quelques mots sur les \u00e9poques les plus marquantes et les plus belles de l\u2019histoire de H\u00dcPPE.<\/p>\n        <\/div>\n\n\n<div id=\"m_content_image_text-block_992474343a0e55f6e2228a819371deb9\" class=\"m_content_image_text margin-small\" >\n        <div class=\"m_content_image_text-wrapper imagetext\">\n        <div class=\"m_content_image_text-image\">\n            <!-- <img decoding=\"async\" class=\"-img \" src=\"\" alt=\"\"\/> -->\n            <picture class=\"m_content_image_text-img reveal\"  alt=\"https:\/\/d2bxdz25tzrsr9.cloudfront.net\/image\/382083092639\/image_9pkp5rupql4hj6r4c58rjd933q\/-Tlandscape-FWEBP\" draggable=\"false\">\n                <source srcset=\"https:\/\/d2bxdz25tzrsr9.cloudfront.net\/image\/382083092639\/image_9pkp5rupql4hj6r4c58rjd933q\/-Tlandscape-FWEBP\" type=\"image\/webp\">\n                <source srcset=\"https:\/\/d2bxdz25tzrsr9.cloudfront.net\/image\/382083092639\/image_9pkp5rupql4hj6r4c58rjd933q\/-Tlandscape-FPNG\" type=\"image\/png\">\n                <img decoding=\"async\" src=\"https:\/\/d2bxdz25tzrsr9.cloudfront.net\/image\/382083092639\/image_9pkp5rupql4hj6r4c58rjd933q\/-Tlandscape-FPNG\">\n            <\/picture>\n        <\/div>\n        <div class=\"m_content_image_text-content\">\n            <h4 class=\"m_content_image_text-subtitle reveal\">Pionnier sur un nouveau march\u00e9.<\/h4>\n            <p class=\"m_content_image_text-text reveal\">Fond\u00e9e en 1889 par Justin H\u00fcppe, l\u2019entreprise se consacre d\u00e8s 1966 sur la plus belle zone humide du monde. Pionnier fournisseur de pare-douche en Europe, H\u00dcPPE mise d\u00e8s le d\u00e9part sur la qualit\u00e9, le service et le design. En 1987, H\u00dcPPE int\u00e8gre MASCO Corporation (Michigan, USA) et conquiert ainsi le march\u00e9 international. Les ann\u00e9es suivantes, les fabricants espagnols de pare-douche Reser s.l. et la soci\u00e9t\u00e9 turque Intermart rejoignent H\u00dcPPE.<\/p>\n                    <\/div>\n    <\/div>\n<\/div>\n\n\n<div id=\"m_content_image_text-block_6a8257108f77e3d826a624e65d80ff9e\" class=\"m_content_image_text margin-small\" >\n        <div class=\"m_content_image_text-wrapper textimage\">\n        <div class=\"m_content_image_text-image\">\n            <!-- <img decoding=\"async\" class=\"-img \" src=\"\" alt=\"\"\/> -->\n            <picture class=\"m_content_image_text-img reveal\"  alt=\"https:\/\/d2bxdz25tzrsr9.cloudfront.net\/image\/382083092639\/image_lnl0dge4pp6i59c5qd397cf212\/-Tlandscape-FWEBP\" draggable=\"false\">\n                <source srcset=\"https:\/\/d2bxdz25tzrsr9.cloudfront.net\/image\/382083092639\/image_lnl0dge4pp6i59c5qd397cf212\/-Tlandscape-FWEBP\" type=\"image\/webp\">\n                <source srcset=\"https:\/\/d2bxdz25tzrsr9.cloudfront.net\/image\/382083092639\/image_lnl0dge4pp6i59c5qd397cf212\/-Tlandscape-FPNG\" type=\"image\/png\">\n                <img decoding=\"async\" src=\"https:\/\/d2bxdz25tzrsr9.cloudfront.net\/image\/382083092639\/image_lnl0dge4pp6i59c5qd397cf212\/-Tlandscape-FPNG\">\n            <\/picture>\n        <\/div>\n        <div class=\"m_content_image_text-content\">\n            <h4 class=\"m_content_image_text-subtitle reveal\">Une porte battante vers la modernit\u00e9<\/h4>\n            <p class=\"m_content_image_text-text reveal\">En l\u2019an 2000, l\u2019usine de baignoires de Bad Zwischenahn ouvre \u00e9galement ses portes et des surfaces de douche de grande qualit\u00e9 y sont r\u00e9alis\u00e9es \u00e0 la main. Cette ann\u00e9e \u00e9galement, sera d\u00e9velopp\u00e9 le syst\u00e8me de rail brevet\u00e9 H\u00dcPPE. Gr\u00e2ce \u00e0 des coop\u00e9rations avec des studios de design tels que NOA, Jette Joop et Ph\u00f6nix Design, l\u2019offre r\u00e9pond aux souhaits d\u2019individualisation croissants des clients. De nouvelles s\u00e9ries de syst\u00e8mes de portes innovants envahissent les salles de bains europ\u00e9ennes, aussi bien dans les espaces priv\u00e9s que dans les h\u00f4tels, les spas et les bateaux de croisi\u00e8re. <\/p>\n                    <\/div>\n    <\/div>\n<\/div>\n\n\n<div id=\"m_content_image_text-block_c6634725340e8fdb6b37594aa91f925d\" class=\"m_content_image_text margin-small\" >\n        <div class=\"m_content_image_text-wrapper imagetext\">\n        <div class=\"m_content_image_text-image\">\n            <!-- <img decoding=\"async\" class=\"-img \" src=\"\" alt=\"\"\/> -->\n            <picture class=\"m_content_image_text-img reveal\"  alt=\"https:\/\/d2bxdz25tzrsr9.cloudfront.net\/image\/382083092639\/image_hrphaq04ul3jh4svgncmjf8e69\/-Tlandscape-FWEBP\" draggable=\"false\">\n                <source srcset=\"https:\/\/d2bxdz25tzrsr9.cloudfront.net\/image\/382083092639\/image_hrphaq04ul3jh4svgncmjf8e69\/-Tlandscape-FWEBP\" type=\"image\/webp\">\n                <source srcset=\"https:\/\/d2bxdz25tzrsr9.cloudfront.net\/image\/382083092639\/image_hrphaq04ul3jh4svgncmjf8e69\/-Tlandscape-FPNG\" type=\"image\/png\">\n                <img decoding=\"async\" src=\"https:\/\/d2bxdz25tzrsr9.cloudfront.net\/image\/382083092639\/image_hrphaq04ul3jh4svgncmjf8e69\/-Tlandscape-FPNG\">\n            <\/picture>\n        <\/div>\n        <div class=\"m_content_image_text-content\">\n            <h4 class=\"m_content_image_text-subtitle reveal\">Une douche \u00e0 l&rsquo;italienne dans une nouvelle \u00e9poque.<\/h4>\n            <p class=\"m_content_image_text-text reveal\">Avec des solutions de luxe innovantes telles que la s\u00e9rie Select+, Xtensa ou SolvaPro, H\u00dcPPE remporte non seulement des prix de design, mais gagne aussi en attraction sur le march\u00e9. En 2021, H\u00dcPPE GmbH rejoindra enfin le groupe AURELIUS pour devenir l\u2019un des leaders dans le domaine de la douche.<\/p>\n                    <\/div>\n    <\/div>\n<\/div>","protected":false},"excerpt":{"rendered":"","protected":false},"author":777,"featured_media":0,"parent":0,"menu_order":0,"comment_status":"closed","ping_status":"closed","template":"","meta":{"_acf_changed":false,"site-sidebar-layout":"default","site-content-layout":"default","ast-global-header-display":"","ast-banner-title-visibility":"","ast-main-header-display":"","ast-hfb-above-header-display":"","ast-hfb-below-header-display":"","ast-hfb-mobile-header-display":"","site-post-title":"","ast-breadcrumbs-content":"","ast-featured-img":"","footer-sml-layout":"","theme-transparent-header-meta":"","adv-header-id-meta":"","stick-header-meta":"","header-above-stick-meta":"","header-main-stick-meta":"","header-below-stick-meta":"","footnotes":""},"class_list":["post-156974","page","type-page","status-publish","hentry"],"acf":[],"yoast_head":"<!-- This site is optimized with the Yoast SEO Premium plugin v22.3 (Yoast SEO v24.6) - https:\/\/yoast.com\/wordpress\/plugins\/seo\/ -->\n<title>Histoire de l&#039;entreprise - HUEPPE<\/title>\n<meta name=\"description\" content=\"120 ans de tradition et d&#039;\u00e9tapes importantes - D\u00e9couvrez les d\u00e9veloppements les plus marquants de l&#039;histoire de H\u00dcPPE.\" \/>\n<meta name=\"robots\" content=\"index, follow, max-snippet:-1, max-image-preview:large, max-video-preview:-1\" \/>\n<link rel=\"canonical\" href=\"https:\/\/www.hueppe.com\/fr\/histoire\/\" \/>\n<meta property=\"og:locale\" content=\"fr_FR\" \/>\n<meta property=\"og:type\" content=\"article\" \/>\n<meta property=\"og:title\" content=\"Geschichte\" \/>\n<meta property=\"og:description\" content=\"120 ans de tradition et d&#039;\u00e9tapes importantes - D\u00e9couvrez les d\u00e9veloppements les plus marquants de l&#039;histoire de H\u00dcPPE.\" \/>\n<meta property=\"og:url\" content=\"https:\/\/www.hueppe.com\/fr\/histoire\/\" \/>\n<meta property=\"og:site_name\" content=\"HUEPPE\" \/>\n<meta property=\"article:modified_time\" content=\"2024-08-27T12:34:44+00:00\" \/>\n<meta property=\"og:image\" content=\"https:\/\/www.hueppe.com\/wp-content\/uploads\/2023\/01\/news5.png\" \/>\n\t<meta property=\"og:image:width\" content=\"820\" \/>\n\t<meta property=\"og:image:height\" content=\"514\" \/>\n\t<meta property=\"og:image:type\" content=\"image\/png\" \/>\n<meta name=\"twitter:card\" content=\"summary_large_image\" \/>\n<meta name=\"twitter:label1\" content=\"Dur\u00e9e de lecture estim\u00e9e\" \/>\n\t<meta name=\"twitter:data1\" content=\"2 minutes\" \/>\n<script type=\"application\/ld+json\" class=\"yoast-schema-graph\">{\"@context\":\"https:\/\/schema.org\",\"@graph\":[{\"@type\":\"WebPage\",\"@id\":\"https:\/\/www.hueppe.com\/fr\/histoire\/\",\"url\":\"https:\/\/www.hueppe.com\/fr\/histoire\/\",\"name\":\"Histoire de l'entreprise - HUEPPE\",\"isPartOf\":{\"@id\":\"https:\/\/www.hueppe.com\/fr\/#website\"},\"datePublished\":\"2023-07-17T09:19:31+00:00\",\"dateModified\":\"2024-08-27T12:34:44+00:00\",\"description\":\"120 ans de tradition et d'\u00e9tapes importantes - D\u00e9couvrez les d\u00e9veloppements les plus marquants de l'histoire de H\u00dcPPE.\",\"breadcrumb\":{\"@id\":\"https:\/\/www.hueppe.com\/fr\/histoire\/#breadcrumb\"},\"inLanguage\":\"fr-FR\",\"potentialAction\":[{\"@type\":\"ReadAction\",\"target\":[\"https:\/\/www.hueppe.com\/fr\/histoire\/\"]}]},{\"@type\":\"BreadcrumbList\",\"@id\":\"https:\/\/www.hueppe.com\/fr\/histoire\/#breadcrumb\",\"itemListElement\":[{\"@type\":\"ListItem\",\"position\":1,\"name\":\"Home\",\"item\":\"https:\/\/www.hueppe.com\/fr\/\"},{\"@type\":\"ListItem\",\"position\":2,\"name\":\"Geschichte\"}]},{\"@type\":\"WebSite\",\"@id\":\"https:\/\/www.hueppe.com\/fr\/#website\",\"url\":\"https:\/\/www.hueppe.com\/fr\/\",\"name\":\"www.HUEPPE.com\",\"description\":\"\",\"publisher\":{\"@id\":\"https:\/\/www.hueppe.com\/fr\/#organization\"},\"potentialAction\":[{\"@type\":\"SearchAction\",\"target\":{\"@type\":\"EntryPoint\",\"urlTemplate\":\"https:\/\/www.hueppe.com\/fr\/?s={search_term_string}\"},\"query-input\":{\"@type\":\"PropertyValueSpecification\",\"valueRequired\":true,\"valueName\":\"search_term_string\"}}],\"inLanguage\":\"fr-FR\"},{\"@type\":\"Organization\",\"@id\":\"https:\/\/www.hueppe.com\/fr\/#organization\",\"name\":\"HUEPPE GmbH\",\"url\":\"https:\/\/www.hueppe.com\/fr\/\",\"logo\":{\"@type\":\"ImageObject\",\"inLanguage\":\"fr-FR\",\"@id\":\"https:\/\/www.hueppe.com\/fr\/#\/schema\/logo\/image\/\",\"url\":\"https:\/\/www.hueppe.com\/wp-content\/uploads\/2024\/04\/Logo.png\",\"contentUrl\":\"https:\/\/www.hueppe.com\/wp-content\/uploads\/2024\/04\/Logo.png\",\"width\":225,\"height\":225,\"caption\":\"HUEPPE GmbH\"},\"image\":{\"@id\":\"https:\/\/www.hueppe.com\/fr\/#\/schema\/logo\/image\/\"},\"sameAs\":[\"https:\/\/www.instagram.com\/hueppe_group\/\",\"https:\/\/www.pinterest.de\/hppegmbh\/\",\"https:\/\/www.youtube.com\/user\/HUEPPEcom\",\"https:\/\/www.linkedin.com\/company\/hueppe-group\/\"]}]}<\/script>\n<!-- \/ Yoast SEO Premium plugin. -->","yoast_head_json":{"title":"Histoire de l'entreprise - HUEPPE","description":"120 ans de tradition et d'\u00e9tapes importantes - D\u00e9couvrez les d\u00e9veloppements les plus marquants de l'histoire de H\u00dcPPE.","robots":{"index":"index","follow":"follow","max-snippet":"max-snippet:-1","max-image-preview":"max-image-preview:large","max-video-preview":"max-video-preview:-1"},"canonical":"https:\/\/www.hueppe.com\/fr\/histoire\/","og_locale":"fr_FR","og_type":"article","og_title":"Geschichte","og_description":"120 ans de tradition et d'\u00e9tapes importantes - D\u00e9couvrez les d\u00e9veloppements les plus marquants de l'histoire de H\u00dcPPE.","og_url":"https:\/\/www.hueppe.com\/fr\/histoire\/","og_site_name":"HUEPPE","article_modified_time":"2024-08-27T12:34:44+00:00","og_image":[{"width":820,"height":514,"url":"https:\/\/www.hueppe.com\/wp-content\/uploads\/2023\/01\/news5.png","type":"image\/png"}],"twitter_card":"summary_large_image","twitter_misc":{"Dur\u00e9e de lecture estim\u00e9e":"2 minutes"},"schema":{"@context":"https:\/\/schema.org","@graph":[{"@type":"WebPage","@id":"https:\/\/www.hueppe.com\/fr\/histoire\/","url":"https:\/\/www.hueppe.com\/fr\/histoire\/","name":"Histoire de l'entreprise - HUEPPE","isPartOf":{"@id":"https:\/\/www.hueppe.com\/fr\/#website"},"datePublished":"2023-07-17T09:19:31+00:00","dateModified":"2024-08-27T12:34:44+00:00","description":"120 ans de tradition et d'\u00e9tapes importantes - D\u00e9couvrez les d\u00e9veloppements les plus marquants de l'histoire de H\u00dcPPE.","breadcrumb":{"@id":"https:\/\/www.hueppe.com\/fr\/histoire\/#breadcrumb"},"inLanguage":"fr-FR","potentialAction":[{"@type":"ReadAction","target":["https:\/\/www.hueppe.com\/fr\/histoire\/"]}]},{"@type":"BreadcrumbList","@id":"https:\/\/www.hueppe.com\/fr\/histoire\/#breadcrumb","itemListElement":[{"@type":"ListItem","position":1,"name":"Home","item":"https:\/\/www.hueppe.com\/fr\/"},{"@type":"ListItem","position":2,"name":"Geschichte"}]},{"@type":"WebSite","@id":"https:\/\/www.hueppe.com\/fr\/#website","url":"https:\/\/www.hueppe.com\/fr\/","name":"www.HUEPPE.com","description":"","publisher":{"@id":"https:\/\/www.hueppe.com\/fr\/#organization"},"potentialAction":[{"@type":"SearchAction","target":{"@type":"EntryPoint","urlTemplate":"https:\/\/www.hueppe.com\/fr\/?s={search_term_string}"},"query-input":{"@type":"PropertyValueSpecification","valueRequired":true,"valueName":"search_term_string"}}],"inLanguage":"fr-FR"},{"@type":"Organization","@id":"https:\/\/www.hueppe.com\/fr\/#organization","name":"HUEPPE GmbH","url":"https:\/\/www.hueppe.com\/fr\/","logo":{"@type":"ImageObject","inLanguage":"fr-FR","@id":"https:\/\/www.hueppe.com\/fr\/#\/schema\/logo\/image\/","url":"https:\/\/www.hueppe.com\/wp-content\/uploads\/2024\/04\/Logo.png","contentUrl":"https:\/\/www.hueppe.com\/wp-content\/uploads\/2024\/04\/Logo.png","width":225,"height":225,"caption":"HUEPPE GmbH"},"image":{"@id":"https:\/\/www.hueppe.com\/fr\/#\/schema\/logo\/image\/"},"sameAs":["https:\/\/www.instagram.com\/hueppe_group\/","https:\/\/www.pinterest.de\/hppegmbh\/","https:\/\/www.youtube.com\/user\/HUEPPEcom","https:\/\/www.linkedin.com\/company\/hueppe-group\/"]}]}},"_links":{"self":[{"href":"https:\/\/www.hueppe.com\/fr\/wp-json\/wp\/v2\/pages\/156974","targetHints":{"allow":["GET"]}}],"collection":[{"href":"https:\/\/www.hueppe.com\/fr\/wp-json\/wp\/v2\/pages"}],"about":[{"href":"https:\/\/www.hueppe.com\/fr\/wp-json\/wp\/v2\/types\/page"}],"author":[{"embeddable":true,"href":"https:\/\/www.hueppe.com\/fr\/wp-json\/wp\/v2\/users\/777"}],"replies":[{"embeddable":true,"href":"https:\/\/www.hueppe.com\/fr\/wp-json\/wp\/v2\/comments?post=156974"}],"version-history":[{"count":0,"href":"https:\/\/www.hueppe.com\/fr\/wp-json\/wp\/v2\/pages\/156974\/revisions"}],"wp:attachment":[{"href":"https:\/\/www.hueppe.com\/fr\/wp-json\/wp\/v2\/media?parent=156974"}],"curies":[{"name":"wp","href":"https:\/\/api.w.org\/{rel}","templated":true}]}}