{"id":157019,"date":"2023-07-17T12:18:19","date_gmt":"2023-07-17T10:18:19","guid":{"rendered":"https:\/\/www.hueppe.com\/impressum\/"},"modified":"2024-04-11T16:05:40","modified_gmt":"2024-04-11T14:05:40","slug":"mentions-legales","status":"publish","type":"page","link":"https:\/\/www.hueppe.com\/fr\/mentions-legales\/","title":{"rendered":"Impressum"},"content":{"rendered":"\n    <div class=\"M_Headline\">\n        <h1 class=\"M_Headline-headline\">Mentions l\u00e9gales<\/h1>\n    <\/div>\n\n\n    <div class=\"M_Content\">\n        <h3 class=\"M_Content-headline\"><\/h3>\n        <div class=\"M_Content-content\">\n                    <\/div>\n    <\/div>\n\n\n    <div class=\"M_Content\">\n        <h3 class=\"M_Content-headline\">H\u00dcPPE GmbH<\/h3>\n        <div class=\"M_Content-content\">\n            <p>Industriestra\u00dfe 3<br \/>\n26160 Bad Zwischenahn<br \/>\nDeutschland<\/p>\n<p>T +49 4403 67-0<br \/>\nF +49 4403 67-100<\/p>\n<p><a href=\"mailto:hueppe@hueppe.com\">hueppe@hueppe.com<\/a><br \/>\nwww.hueppe.com<\/p>\n<p>&nbsp;<\/p>\n<p>Tribunal d&rsquo;enregistrement : AG Oldenburg<br \/>\nNum\u00e9ro d&rsquo;enregistrement : HRB 202345<\/p>\n<p>&nbsp;<\/p>\n<p>Num\u00e9ro d&rsquo;identification de la taxe sur le chiffre d&rsquo;affaires conform\u00e9ment au \u00a7 27 a de la loi sur la TVA : DE 814977721, n\u00b0 de TVA : 69 \/ 200 \/ 24628<\/p>\n<p>G\u00e9rants : Julian Henco (pr\u00e9sident), Michael Amende<\/p>\n<p>&nbsp;<\/p>\n<h4><strong>Indication de responsabilit\u00e9<\/strong><\/h4>\n<p>Malgr\u00e9 un contr\u00f4le minutieux du contenu, nous n&rsquo;assumons aucune responsabilit\u00e9 pour le contenu des liens externes. Seuls les exploitants des pages li\u00e9es sont responsables de leur contenu.<\/p>\n<p>&nbsp;<\/p>\n<h4><strong>Informations sur le r\u00e8glement des litiges en ligne<\/strong><\/h4>\n<p>La Commission europ\u00e9enne a mis en place une plateforme Internet pour le r\u00e8glement en ligne des litiges (\u00ab\u00a0plateforme OS\u00a0\u00bb). Vous pouvez acc\u00e9der \u00e0 la plateforme OS en cliquant sur le lien suivant : https:\/\/ec.europa.eu\/consumers\/odr\/.<br \/>\nH\u00dcPPE ne participera pas \u00e0 une proc\u00e9dure de r\u00e8glement des litiges devant un organisme de conciliation des consommateurs au sens de la loi allemande sur le r\u00e8glement des litiges de consommation (VSBG).<\/p>\n<p>&nbsp;<\/p>\n        <\/div>\n    <\/div>","protected":false},"excerpt":{"rendered":"","protected":false},"author":777,"featured_media":0,"parent":0,"menu_order":0,"comment_status":"closed","ping_status":"closed","template":"","meta":{"_acf_changed":false,"site-sidebar-layout":"default","site-content-layout":"default","ast-global-header-display":"","ast-banner-title-visibility":"","ast-main-header-display":"","ast-hfb-above-header-display":"","ast-hfb-below-header-display":"","ast-hfb-mobile-header-display":"","site-post-title":"","ast-breadcrumbs-content":"","ast-featured-img":"","footer-sml-layout":"","theme-transparent-header-meta":"","adv-header-id-meta":"","stick-header-meta":"","header-above-stick-meta":"","header-main-stick-meta":"","header-below-stick-meta":"","footnotes":""},"class_list":["post-157019","page","type-page","status-publish","hentry"],"acf":[],"yoast_head":"<!-- This site is optimized with the Yoast SEO Premium plugin v22.3 (Yoast SEO v24.6) - https:\/\/yoast.com\/wordpress\/plugins\/seo\/ -->\n<title>Mentions l\u00e9gales - HUEPPE<\/title>\n<meta name=\"description\" content=\"Mentions l\u00e9gales. H\u00dcPPE GmbH, Industriestra\u00dfe 3 26160 Bad Zwischenahn Allemagne, T\u00e9l\u00e9phone : +49 4403 67-0, E-mail : hueppe@hueppe.com\" \/>\n<meta name=\"robots\" content=\"index, follow, max-snippet:-1, max-image-preview:large, max-video-preview:-1\" \/>\n<link rel=\"canonical\" href=\"https:\/\/www.hueppe.com\/fr\/mentions-legales\/\" \/>\n<meta property=\"og:locale\" content=\"fr_FR\" \/>\n<meta property=\"og:type\" content=\"article\" \/>\n<meta property=\"og:title\" content=\"Impressum\" \/>\n<meta property=\"og:description\" content=\"Mentions l\u00e9gales. H\u00dcPPE GmbH, Industriestra\u00dfe 3 26160 Bad Zwischenahn Allemagne, T\u00e9l\u00e9phone : +49 4403 67-0, E-mail : hueppe@hueppe.com\" \/>\n<meta property=\"og:url\" content=\"https:\/\/www.hueppe.com\/fr\/mentions-legales\/\" \/>\n<meta property=\"og:site_name\" content=\"HUEPPE\" \/>\n<meta property=\"article:modified_time\" content=\"2024-04-11T14:05:40+00:00\" \/>\n<meta property=\"og:image\" content=\"https:\/\/www.hueppe.com\/wp-content\/uploads\/2023\/01\/news5.png\" \/>\n\t<meta property=\"og:image:width\" content=\"820\" \/>\n\t<meta property=\"og:image:height\" content=\"514\" \/>\n\t<meta property=\"og:image:type\" content=\"image\/png\" \/>\n<meta name=\"twitter:card\" content=\"summary_large_image\" \/>\n<meta name=\"twitter:label1\" content=\"Dur\u00e9e de lecture estim\u00e9e\" \/>\n\t<meta name=\"twitter:data1\" content=\"1 minute\" \/>\n<script type=\"application\/ld+json\" class=\"yoast-schema-graph\">{\"@context\":\"https:\/\/schema.org\",\"@graph\":[{\"@type\":\"WebPage\",\"@id\":\"https:\/\/www.hueppe.com\/fr\/mentions-legales\/\",\"url\":\"https:\/\/www.hueppe.com\/fr\/mentions-legales\/\",\"name\":\"Mentions l\u00e9gales - HUEPPE\",\"isPartOf\":{\"@id\":\"https:\/\/www.hueppe.com\/fr\/#website\"},\"datePublished\":\"2023-07-17T10:18:19+00:00\",\"dateModified\":\"2024-04-11T14:05:40+00:00\",\"description\":\"Mentions l\u00e9gales. H\u00dcPPE GmbH, Industriestra\u00dfe 3 26160 Bad Zwischenahn Allemagne, T\u00e9l\u00e9phone : +49 4403 67-0, E-mail : hueppe@hueppe.com\",\"breadcrumb\":{\"@id\":\"https:\/\/www.hueppe.com\/fr\/mentions-legales\/#breadcrumb\"},\"inLanguage\":\"fr-FR\",\"potentialAction\":[{\"@type\":\"ReadAction\",\"target\":[\"https:\/\/www.hueppe.com\/fr\/mentions-legales\/\"]}]},{\"@type\":\"BreadcrumbList\",\"@id\":\"https:\/\/www.hueppe.com\/fr\/mentions-legales\/#breadcrumb\",\"itemListElement\":[{\"@type\":\"ListItem\",\"position\":1,\"name\":\"Home\",\"item\":\"https:\/\/www.hueppe.com\/fr\/\"},{\"@type\":\"ListItem\",\"position\":2,\"name\":\"Impressum\"}]},{\"@type\":\"WebSite\",\"@id\":\"https:\/\/www.hueppe.com\/fr\/#website\",\"url\":\"https:\/\/www.hueppe.com\/fr\/\",\"name\":\"www.HUEPPE.com\",\"description\":\"\",\"publisher\":{\"@id\":\"https:\/\/www.hueppe.com\/fr\/#organization\"},\"potentialAction\":[{\"@type\":\"SearchAction\",\"target\":{\"@type\":\"EntryPoint\",\"urlTemplate\":\"https:\/\/www.hueppe.com\/fr\/?s={search_term_string}\"},\"query-input\":{\"@type\":\"PropertyValueSpecification\",\"valueRequired\":true,\"valueName\":\"search_term_string\"}}],\"inLanguage\":\"fr-FR\"},{\"@type\":\"Organization\",\"@id\":\"https:\/\/www.hueppe.com\/fr\/#organization\",\"name\":\"HUEPPE GmbH\",\"url\":\"https:\/\/www.hueppe.com\/fr\/\",\"logo\":{\"@type\":\"ImageObject\",\"inLanguage\":\"fr-FR\",\"@id\":\"https:\/\/www.hueppe.com\/fr\/#\/schema\/logo\/image\/\",\"url\":\"https:\/\/www.hueppe.com\/wp-content\/uploads\/2024\/04\/Logo.png\",\"contentUrl\":\"https:\/\/www.hueppe.com\/wp-content\/uploads\/2024\/04\/Logo.png\",\"width\":225,\"height\":225,\"caption\":\"HUEPPE GmbH\"},\"image\":{\"@id\":\"https:\/\/www.hueppe.com\/fr\/#\/schema\/logo\/image\/\"},\"sameAs\":[\"https:\/\/www.instagram.com\/hueppe_group\/\",\"https:\/\/www.pinterest.de\/hppegmbh\/\",\"https:\/\/www.youtube.com\/user\/HUEPPEcom\",\"https:\/\/www.linkedin.com\/company\/hueppe-group\/\"]}]}<\/script>\n<!-- \/ Yoast SEO Premium plugin. -->","yoast_head_json":{"title":"Mentions l\u00e9gales - HUEPPE","description":"Mentions l\u00e9gales. H\u00dcPPE GmbH, Industriestra\u00dfe 3 26160 Bad Zwischenahn Allemagne, T\u00e9l\u00e9phone : +49 4403 67-0, E-mail : hueppe@hueppe.com","robots":{"index":"index","follow":"follow","max-snippet":"max-snippet:-1","max-image-preview":"max-image-preview:large","max-video-preview":"max-video-preview:-1"},"canonical":"https:\/\/www.hueppe.com\/fr\/mentions-legales\/","og_locale":"fr_FR","og_type":"article","og_title":"Impressum","og_description":"Mentions l\u00e9gales. H\u00dcPPE GmbH, Industriestra\u00dfe 3 26160 Bad Zwischenahn Allemagne, T\u00e9l\u00e9phone : +49 4403 67-0, E-mail : hueppe@hueppe.com","og_url":"https:\/\/www.hueppe.com\/fr\/mentions-legales\/","og_site_name":"HUEPPE","article_modified_time":"2024-04-11T14:05:40+00:00","og_image":[{"width":820,"height":514,"url":"https:\/\/www.hueppe.com\/wp-content\/uploads\/2023\/01\/news5.png","type":"image\/png"}],"twitter_card":"summary_large_image","twitter_misc":{"Dur\u00e9e de lecture estim\u00e9e":"1 minute"},"schema":{"@context":"https:\/\/schema.org","@graph":[{"@type":"WebPage","@id":"https:\/\/www.hueppe.com\/fr\/mentions-legales\/","url":"https:\/\/www.hueppe.com\/fr\/mentions-legales\/","name":"Mentions l\u00e9gales - HUEPPE","isPartOf":{"@id":"https:\/\/www.hueppe.com\/fr\/#website"},"datePublished":"2023-07-17T10:18:19+00:00","dateModified":"2024-04-11T14:05:40+00:00","description":"Mentions l\u00e9gales. H\u00dcPPE GmbH, Industriestra\u00dfe 3 26160 Bad Zwischenahn Allemagne, T\u00e9l\u00e9phone : +49 4403 67-0, E-mail : hueppe@hueppe.com","breadcrumb":{"@id":"https:\/\/www.hueppe.com\/fr\/mentions-legales\/#breadcrumb"},"inLanguage":"fr-FR","potentialAction":[{"@type":"ReadAction","target":["https:\/\/www.hueppe.com\/fr\/mentions-legales\/"]}]},{"@type":"BreadcrumbList","@id":"https:\/\/www.hueppe.com\/fr\/mentions-legales\/#breadcrumb","itemListElement":[{"@type":"ListItem","position":1,"name":"Home","item":"https:\/\/www.hueppe.com\/fr\/"},{"@type":"ListItem","position":2,"name":"Impressum"}]},{"@type":"WebSite","@id":"https:\/\/www.hueppe.com\/fr\/#website","url":"https:\/\/www.hueppe.com\/fr\/","name":"www.HUEPPE.com","description":"","publisher":{"@id":"https:\/\/www.hueppe.com\/fr\/#organization"},"potentialAction":[{"@type":"SearchAction","target":{"@type":"EntryPoint","urlTemplate":"https:\/\/www.hueppe.com\/fr\/?s={search_term_string}"},"query-input":{"@type":"PropertyValueSpecification","valueRequired":true,"valueName":"search_term_string"}}],"inLanguage":"fr-FR"},{"@type":"Organization","@id":"https:\/\/www.hueppe.com\/fr\/#organization","name":"HUEPPE GmbH","url":"https:\/\/www.hueppe.com\/fr\/","logo":{"@type":"ImageObject","inLanguage":"fr-FR","@id":"https:\/\/www.hueppe.com\/fr\/#\/schema\/logo\/image\/","url":"https:\/\/www.hueppe.com\/wp-content\/uploads\/2024\/04\/Logo.png","contentUrl":"https:\/\/www.hueppe.com\/wp-content\/uploads\/2024\/04\/Logo.png","width":225,"height":225,"caption":"HUEPPE GmbH"},"image":{"@id":"https:\/\/www.hueppe.com\/fr\/#\/schema\/logo\/image\/"},"sameAs":["https:\/\/www.instagram.com\/hueppe_group\/","https:\/\/www.pinterest.de\/hppegmbh\/","https:\/\/www.youtube.com\/user\/HUEPPEcom","https:\/\/www.linkedin.com\/company\/hueppe-group\/"]}]}},"_links":{"self":[{"href":"https:\/\/www.hueppe.com\/fr\/wp-json\/wp\/v2\/pages\/157019","targetHints":{"allow":["GET"]}}],"collection":[{"href":"https:\/\/www.hueppe.com\/fr\/wp-json\/wp\/v2\/pages"}],"about":[{"href":"https:\/\/www.hueppe.com\/fr\/wp-json\/wp\/v2\/types\/page"}],"author":[{"embeddable":true,"href":"https:\/\/www.hueppe.com\/fr\/wp-json\/wp\/v2\/users\/777"}],"replies":[{"embeddable":true,"href":"https:\/\/www.hueppe.com\/fr\/wp-json\/wp\/v2\/comments?post=157019"}],"version-history":[{"count":0,"href":"https:\/\/www.hueppe.com\/fr\/wp-json\/wp\/v2\/pages\/157019\/revisions"}],"wp:attachment":[{"href":"https:\/\/www.hueppe.com\/fr\/wp-json\/wp\/v2\/media?parent=157019"}],"curies":[{"name":"wp","href":"https:\/\/api.w.org\/{rel}","templated":true}]}}