{"id":159170,"date":"2023-03-03T12:38:03","date_gmt":"2023-03-03T11:38:03","guid":{"rendered":"https:\/\/www.hueppe.com\/unser-versprechen\/"},"modified":"2023-07-24T13:28:35","modified_gmt":"2023-07-24T11:28:35","slug":"unser-versprechen","status":"publish","type":"page","link":"https:\/\/www.hueppe.com\/fr\/unser-versprechen\/","title":{"rendered":"Unser Versprechen"},"content":{"rendered":"\n<div id=\"m_stage_no_image-block_4042d67b20d50ffe2c82eaed0ecdc112\" class=\"m_stage_no_image margin-small\">\n    <h1 class=\"m_stage_no_image-headline\">Nous sommes H\u00dcPPE.<\/h1>\n    <p class=\"m_stage_no_image-copy\">La premi\u00e8re \u00e9tape de notre entreprise marque en quelque sorte la premi\u00e8re \u00e9tape du secteur. En effet, en 1966, nous \u00e9tions les seuls fabricants de cabines de douche sur le march\u00e9 en Europe. D\u00e9j\u00e0 \u00e0 cette \u00e9poque, l&rsquo;alliance de la qualit\u00e9, de la fonctionnalit\u00e9, de la s\u00e9curit\u00e9 et du style \u00ab\u00a0Made in Germany\u00a0\u00bb s\u2019est impos\u00e9e et nous sommes aujourd\u2019hui l\u2019un des principaux sp\u00e9cialistes du domaine de la douche. Nous sommes pr\u00e9sents \u00e0 la fois dans les salles de bains int\u00e9rieures et dans les zones professionnelles des spas, des gymnases et des bateaux de croisi\u00e8re dans le monde entier.\r\n<\/p>\n        <\/div>\n\n\n<div id=\"m_content_image_text-block_05da4edc5a743d7b9e288002152d9671\" class=\"m_content_image_text margin-small\" >\n        <div class=\"m_content_image_text-wrapper imagetext\">\n        <div class=\"m_content_image_text-image\">\n            <!-- <img decoding=\"async\" class=\"-img \" src=\"\" alt=\"\"\/> -->\n            <picture class=\"m_content_image_text-img reveal\"  alt=\"https:\/\/d2bxdz25tzrsr9.cloudfront.net\/image\/382083092639\/image_39dbcv8tp90nh1cj52l6vk4o5e\/-Tlandscape-FWEBP\" draggable=\"false\">\n                <source srcset=\"https:\/\/d2bxdz25tzrsr9.cloudfront.net\/image\/382083092639\/image_39dbcv8tp90nh1cj52l6vk4o5e\/-Tlandscape-FWEBP\" type=\"image\/webp\">\n                <source srcset=\"https:\/\/d2bxdz25tzrsr9.cloudfront.net\/image\/382083092639\/image_39dbcv8tp90nh1cj52l6vk4o5e\/-Tlandscape-FPNG\" type=\"image\/png\">\n                <img decoding=\"async\" src=\"https:\/\/d2bxdz25tzrsr9.cloudfront.net\/image\/382083092639\/image_39dbcv8tp90nh1cj52l6vk4o5e\/-Tlandscape-FPNG\">\n            <\/picture>\n        <\/div>\n        <div class=\"m_content_image_text-content\">\n            <h4 class=\"m_content_image_text-subtitle reveal\">Notre tradition\u00a0: l&rsquo;innovation.<\/h4>\n            <p class=\"m_content_image_text-text reveal\">Nous avons toujours mis\u00e9 sur des mat\u00e9riaux de haute qualit\u00e9 et un savoir-faire artisanal irr\u00e9prochable issu de notre propre fabrication. Mais \u00e0 c\u00f4t\u00e9 du c\u0153ur de l\u2019artisan, celui de l\u2019ing\u00e9nieur bat aussi dans notre poitrine. Ainsi, nous avons pu pr\u00e9senter \u00e0 maintes reprises de v\u00e9ritables produits phares qui nous ont distingu\u00e9 de la concurrence sur les salons de l\u2019industrie. Aujourd\u2019hui, nous comptons de nombreux syst\u00e8mes brevet\u00e9s dans notre Porftolio, dont la fonctionnalit\u00e9 sophistiqu\u00e9e et l\u2019attention aux d\u00e9tails se font sentir d\u00e8s la premi\u00e8re douche.\r\n<\/p>\n                    <\/div>\n    <\/div>\n<\/div>\n\n\n<div id=\"m_content_image_text-block_3c4b166cf3d6b7cf34a1473d8765c0a5\" class=\"m_content_image_text margin-small\" >\n        <div class=\"m_content_image_text-wrapper textimage\">\n        <div class=\"m_content_image_text-image\">\n            <!-- <img decoding=\"async\" class=\"-img \" src=\"\" alt=\"\"\/> -->\n            <picture class=\"m_content_image_text-img reveal\"  alt=\"https:\/\/d2bxdz25tzrsr9.cloudfront.net\/image\/382083092639\/image_r5agrglnut7m9380jqcruprd02\/-Tlandscape-FWEBP\" draggable=\"false\">\n                <source srcset=\"https:\/\/d2bxdz25tzrsr9.cloudfront.net\/image\/382083092639\/image_r5agrglnut7m9380jqcruprd02\/-Tlandscape-FWEBP\" type=\"image\/webp\">\n                <source srcset=\"https:\/\/d2bxdz25tzrsr9.cloudfront.net\/image\/382083092639\/image_r5agrglnut7m9380jqcruprd02\/-Tlandscape-FPNG\" type=\"image\/png\">\n                <img decoding=\"async\" src=\"https:\/\/d2bxdz25tzrsr9.cloudfront.net\/image\/382083092639\/image_r5agrglnut7m9380jqcruprd02\/-Tlandscape-FPNG\">\n            <\/picture>\n        <\/div>\n        <div class=\"m_content_image_text-content\">\n            <h4 class=\"m_content_image_text-subtitle reveal\">Notre conviction <\/h4>\n            <p class=\"m_content_image_text-text reveal\">Nous sommes convaincus que le confort commence bien avant l\u2019installation et qu\u2019il doit se mesurer au meilleur service, \u00e0 l\u2019esth\u00e9tique de qualit\u00e9 et \u00e0 l\u2019utilisation responsable des ressources, m\u00eame des ann\u00e9es apr\u00e8s l\u2019achat. Nous sommes toujours pionniers et le prouvons, entre autres, en prolongeant volontairement les garanties pour les clients priv\u00e9s, pour qui la salle de bain est aujourd\u2019hui bien plus qu\u2019un simple \u00ab\u00a0espace r\u00e9serv\u00e9\u00a0\u00bb.\r\n<\/p>\n                    <\/div>\n    <\/div>\n<\/div>\n\n\n<div id=\"m_content_image_text-block_f899de3c2dc78e62aac9ab65c38f817b\" class=\"m_content_image_text margin-small\" >\n        <div class=\"m_content_image_text-wrapper imagetext\">\n        <div class=\"m_content_image_text-image\">\n            <!-- <img decoding=\"async\" class=\"-img \" src=\"\" alt=\"\"\/> -->\n            <picture class=\"m_content_image_text-img reveal\"  alt=\"https:\/\/d2bxdz25tzrsr9.cloudfront.net\/image\/382083092639\/image_avvdjkoacd3j5e6mr8t9r2et44\/-Tlandscape-FWEBP\" draggable=\"false\">\n                <source srcset=\"https:\/\/d2bxdz25tzrsr9.cloudfront.net\/image\/382083092639\/image_avvdjkoacd3j5e6mr8t9r2et44\/-Tlandscape-FWEBP\" type=\"image\/webp\">\n                <source srcset=\"https:\/\/d2bxdz25tzrsr9.cloudfront.net\/image\/382083092639\/image_avvdjkoacd3j5e6mr8t9r2et44\/-Tlandscape-FPNG\" type=\"image\/png\">\n                <img decoding=\"async\" src=\"https:\/\/d2bxdz25tzrsr9.cloudfront.net\/image\/382083092639\/image_avvdjkoacd3j5e6mr8t9r2et44\/-Tlandscape-FPNG\">\n            <\/picture>\n        <\/div>\n        <div class=\"m_content_image_text-content\">\n            <h4 class=\"m_content_image_text-subtitle reveal\">Nos valeurs d\u2019entreprise<\/h4>\n            <p class=\"m_content_image_text-text reveal\">Fiabilit\u00e9, respect et excellents r\u00e9sultats : nous sommes port\u00e9s par ces principes directeurs aussi bien \u00e0 l\u2019int\u00e9rieur de l\u2019entreprise qu&rsquo;\u00e0 l\u2019ext\u00e9rieur avec chacun de nos partenaires. Car c\u2019est la seule fa\u00e7on de convaincre \u00e0 l\u2019avenir aussi bien les porteurs de projets que les clients finaux, les commer\u00e7ants sp\u00e9cialis\u00e9s en plomberie et les installateurs.\r\n<\/p>\n                    <\/div>\n    <\/div>\n<\/div>","protected":false},"excerpt":{"rendered":"","protected":false},"author":777,"featured_media":0,"parent":0,"menu_order":0,"comment_status":"closed","ping_status":"closed","template":"","meta":{"_acf_changed":false,"site-sidebar-layout":"default","site-content-layout":"default","ast-global-header-display":"","ast-banner-title-visibility":"","ast-main-header-display":"","ast-hfb-above-header-display":"","ast-hfb-below-header-display":"","ast-hfb-mobile-header-display":"","site-post-title":"","ast-breadcrumbs-content":"","ast-featured-img":"","footer-sml-layout":"","theme-transparent-header-meta":"","adv-header-id-meta":"","stick-header-meta":"","header-above-stick-meta":"","header-main-stick-meta":"","header-below-stick-meta":"","footnotes":""},"class_list":["post-159170","page","type-page","status-publish","hentry"],"acf":[],"yoast_head":"<!-- This site is optimized with the Yoast SEO Premium plugin v22.3 (Yoast SEO v24.6) - https:\/\/yoast.com\/wordpress\/plugins\/seo\/ -->\n<title>Unser Versprechen - HUEPPE<\/title>\n<meta name=\"robots\" content=\"index, follow, max-snippet:-1, max-image-preview:large, max-video-preview:-1\" \/>\n<link rel=\"canonical\" href=\"https:\/\/www.hueppe.com\/fr\/unser-versprechen\/\" \/>\n<meta property=\"og:locale\" content=\"fr_FR\" \/>\n<meta property=\"og:type\" content=\"article\" \/>\n<meta property=\"og:title\" content=\"Unser Versprechen\" \/>\n<meta property=\"og:url\" content=\"https:\/\/www.hueppe.com\/fr\/unser-versprechen\/\" \/>\n<meta property=\"og:site_name\" content=\"HUEPPE\" \/>\n<meta property=\"article:modified_time\" content=\"2023-07-24T11:28:35+00:00\" \/>\n<meta property=\"og:image\" content=\"https:\/\/www.hueppe.com\/wp-content\/uploads\/2023\/01\/news5.png\" \/>\n\t<meta property=\"og:image:width\" content=\"820\" \/>\n\t<meta property=\"og:image:height\" content=\"514\" \/>\n\t<meta property=\"og:image:type\" content=\"image\/png\" \/>\n<meta name=\"twitter:card\" content=\"summary_large_image\" \/>\n<script type=\"application\/ld+json\" class=\"yoast-schema-graph\">{\"@context\":\"https:\/\/schema.org\",\"@graph\":[{\"@type\":\"WebPage\",\"@id\":\"https:\/\/www.hueppe.com\/fr\/unser-versprechen\/\",\"url\":\"https:\/\/www.hueppe.com\/fr\/unser-versprechen\/\",\"name\":\"Unser Versprechen - HUEPPE\",\"isPartOf\":{\"@id\":\"https:\/\/www.hueppe.com\/fr\/#website\"},\"datePublished\":\"2023-03-03T11:38:03+00:00\",\"dateModified\":\"2023-07-24T11:28:35+00:00\",\"breadcrumb\":{\"@id\":\"https:\/\/www.hueppe.com\/fr\/unser-versprechen\/#breadcrumb\"},\"inLanguage\":\"fr-FR\",\"potentialAction\":[{\"@type\":\"ReadAction\",\"target\":[\"https:\/\/www.hueppe.com\/fr\/unser-versprechen\/\"]}]},{\"@type\":\"BreadcrumbList\",\"@id\":\"https:\/\/www.hueppe.com\/fr\/unser-versprechen\/#breadcrumb\",\"itemListElement\":[{\"@type\":\"ListItem\",\"position\":1,\"name\":\"Home\",\"item\":\"https:\/\/www.hueppe.com\/fr\/\"},{\"@type\":\"ListItem\",\"position\":2,\"name\":\"Unser Versprechen\"}]},{\"@type\":\"WebSite\",\"@id\":\"https:\/\/www.hueppe.com\/fr\/#website\",\"url\":\"https:\/\/www.hueppe.com\/fr\/\",\"name\":\"www.HUEPPE.com\",\"description\":\"\",\"publisher\":{\"@id\":\"https:\/\/www.hueppe.com\/fr\/#organization\"},\"potentialAction\":[{\"@type\":\"SearchAction\",\"target\":{\"@type\":\"EntryPoint\",\"urlTemplate\":\"https:\/\/www.hueppe.com\/fr\/?s={search_term_string}\"},\"query-input\":{\"@type\":\"PropertyValueSpecification\",\"valueRequired\":true,\"valueName\":\"search_term_string\"}}],\"inLanguage\":\"fr-FR\"},{\"@type\":\"Organization\",\"@id\":\"https:\/\/www.hueppe.com\/fr\/#organization\",\"name\":\"HUEPPE GmbH\",\"url\":\"https:\/\/www.hueppe.com\/fr\/\",\"logo\":{\"@type\":\"ImageObject\",\"inLanguage\":\"fr-FR\",\"@id\":\"https:\/\/www.hueppe.com\/fr\/#\/schema\/logo\/image\/\",\"url\":\"https:\/\/www.hueppe.com\/wp-content\/uploads\/2024\/04\/Logo.png\",\"contentUrl\":\"https:\/\/www.hueppe.com\/wp-content\/uploads\/2024\/04\/Logo.png\",\"width\":225,\"height\":225,\"caption\":\"HUEPPE GmbH\"},\"image\":{\"@id\":\"https:\/\/www.hueppe.com\/fr\/#\/schema\/logo\/image\/\"},\"sameAs\":[\"https:\/\/www.instagram.com\/hueppe_group\/\",\"https:\/\/www.pinterest.de\/hppegmbh\/\",\"https:\/\/www.youtube.com\/user\/HUEPPEcom\",\"https:\/\/www.linkedin.com\/company\/hueppe-group\/\"]}]}<\/script>\n<!-- \/ Yoast SEO Premium plugin. -->","yoast_head_json":{"title":"Unser Versprechen - HUEPPE","robots":{"index":"index","follow":"follow","max-snippet":"max-snippet:-1","max-image-preview":"max-image-preview:large","max-video-preview":"max-video-preview:-1"},"canonical":"https:\/\/www.hueppe.com\/fr\/unser-versprechen\/","og_locale":"fr_FR","og_type":"article","og_title":"Unser Versprechen","og_url":"https:\/\/www.hueppe.com\/fr\/unser-versprechen\/","og_site_name":"HUEPPE","article_modified_time":"2023-07-24T11:28:35+00:00","og_image":[{"width":820,"height":514,"url":"https:\/\/www.hueppe.com\/wp-content\/uploads\/2023\/01\/news5.png","type":"image\/png"}],"twitter_card":"summary_large_image","schema":{"@context":"https:\/\/schema.org","@graph":[{"@type":"WebPage","@id":"https:\/\/www.hueppe.com\/fr\/unser-versprechen\/","url":"https:\/\/www.hueppe.com\/fr\/unser-versprechen\/","name":"Unser Versprechen - HUEPPE","isPartOf":{"@id":"https:\/\/www.hueppe.com\/fr\/#website"},"datePublished":"2023-03-03T11:38:03+00:00","dateModified":"2023-07-24T11:28:35+00:00","breadcrumb":{"@id":"https:\/\/www.hueppe.com\/fr\/unser-versprechen\/#breadcrumb"},"inLanguage":"fr-FR","potentialAction":[{"@type":"ReadAction","target":["https:\/\/www.hueppe.com\/fr\/unser-versprechen\/"]}]},{"@type":"BreadcrumbList","@id":"https:\/\/www.hueppe.com\/fr\/unser-versprechen\/#breadcrumb","itemListElement":[{"@type":"ListItem","position":1,"name":"Home","item":"https:\/\/www.hueppe.com\/fr\/"},{"@type":"ListItem","position":2,"name":"Unser Versprechen"}]},{"@type":"WebSite","@id":"https:\/\/www.hueppe.com\/fr\/#website","url":"https:\/\/www.hueppe.com\/fr\/","name":"www.HUEPPE.com","description":"","publisher":{"@id":"https:\/\/www.hueppe.com\/fr\/#organization"},"potentialAction":[{"@type":"SearchAction","target":{"@type":"EntryPoint","urlTemplate":"https:\/\/www.hueppe.com\/fr\/?s={search_term_string}"},"query-input":{"@type":"PropertyValueSpecification","valueRequired":true,"valueName":"search_term_string"}}],"inLanguage":"fr-FR"},{"@type":"Organization","@id":"https:\/\/www.hueppe.com\/fr\/#organization","name":"HUEPPE GmbH","url":"https:\/\/www.hueppe.com\/fr\/","logo":{"@type":"ImageObject","inLanguage":"fr-FR","@id":"https:\/\/www.hueppe.com\/fr\/#\/schema\/logo\/image\/","url":"https:\/\/www.hueppe.com\/wp-content\/uploads\/2024\/04\/Logo.png","contentUrl":"https:\/\/www.hueppe.com\/wp-content\/uploads\/2024\/04\/Logo.png","width":225,"height":225,"caption":"HUEPPE GmbH"},"image":{"@id":"https:\/\/www.hueppe.com\/fr\/#\/schema\/logo\/image\/"},"sameAs":["https:\/\/www.instagram.com\/hueppe_group\/","https:\/\/www.pinterest.de\/hppegmbh\/","https:\/\/www.youtube.com\/user\/HUEPPEcom","https:\/\/www.linkedin.com\/company\/hueppe-group\/"]}]}},"_links":{"self":[{"href":"https:\/\/www.hueppe.com\/fr\/wp-json\/wp\/v2\/pages\/159170","targetHints":{"allow":["GET"]}}],"collection":[{"href":"https:\/\/www.hueppe.com\/fr\/wp-json\/wp\/v2\/pages"}],"about":[{"href":"https:\/\/www.hueppe.com\/fr\/wp-json\/wp\/v2\/types\/page"}],"author":[{"embeddable":true,"href":"https:\/\/www.hueppe.com\/fr\/wp-json\/wp\/v2\/users\/777"}],"replies":[{"embeddable":true,"href":"https:\/\/www.hueppe.com\/fr\/wp-json\/wp\/v2\/comments?post=159170"}],"version-history":[{"count":0,"href":"https:\/\/www.hueppe.com\/fr\/wp-json\/wp\/v2\/pages\/159170\/revisions"}],"wp:attachment":[{"href":"https:\/\/www.hueppe.com\/fr\/wp-json\/wp\/v2\/media?parent=159170"}],"curies":[{"name":"wp","href":"https:\/\/api.w.org\/{rel}","templated":true}]}}