{"id":194646,"date":"2023-05-09T19:59:52","date_gmt":"2023-05-09T17:59:52","guid":{"rendered":"https:\/\/www.hueppe.com\/?post_type=product&#038;p=194646"},"modified":"2024-11-25T15:00:04","modified_gmt":"2024-11-25T14:00:04","slug":"xtensa","status":"publish","type":"product","link":"https:\/\/www.hueppe.com\/fr\/products\/douches-a-litalienne\/xtensa\/","title":{"rendered":"Xtensa"},"content":{"rendered":"<h3 class=\"m_product_description-headline\">Un monde sans obstacle<\/h3>\n<p class=\"m_product_description-copy\">Accessible et pourtant innovant\u00a0? Xtensa pure vous offre un sentiment d\u2019infini. En effet, elle r\u00e9unit tous les avantages d\u2019une douche \u00e0 l&rsquo;italienne et notre syst\u00e8me de porte coulissante tourn\u00e9 vers l\u2019avenir. Pour que vous n\u2019ayez pas seulement acc\u00e8s \u00e0 une douche, mais aussi \u00e0 un endroit tr\u00e8s particulier.<\/p>\n","protected":false},"excerpt":{"rendered":"<p>Un monde sans obstacle Accessible et pourtant innovant\u00a0? Xtensa pure vous offre un sentiment d\u2019infini. En effet, elle r\u00e9unit tous les avantages d\u2019une douche \u00e0 l&rsquo;italienne et notre syst\u00e8me de porte coulissante tourn\u00e9 vers l\u2019avenir. Pour que vous n\u2019ayez pas seulement acc\u00e8s \u00e0 une douche, mais aussi \u00e0 un endroit tr\u00e8s particulier.<\/p>\n","protected":false},"featured_media":0,"template":"","meta":{"_acf_changed":false,"site-sidebar-layout":"default","site-content-layout":"default","ast-global-header-display":"","ast-banner-title-visibility":"","ast-main-header-display":"","ast-hfb-above-header-display":"","ast-hfb-below-header-display":"","ast-hfb-mobile-header-display":"","site-post-title":"","ast-breadcrumbs-content":"","ast-featured-img":"","footer-sml-layout":"","theme-transparent-header-meta":"default","adv-header-id-meta":"","stick-header-meta":"","header-above-stick-meta":"","header-main-stick-meta":"","header-below-stick-meta":""},"product_cat":[186],"product_tag":[],"class_list":{"0":"post-194646","1":"product","2":"type-product","3":"status-publish","5":"product_cat-douches-a-litalienne","6":"desktop-align-left","7":"tablet-align-left","8":"mobile-align-left","10":"first","11":"instock","12":"downloadable","13":"shipping-taxable","14":"product-type-simple"},"acf":[],"yoast_head":"<!-- This site is optimized with the Yoast SEO Premium plugin v22.3 (Yoast SEO v24.6) - https:\/\/yoast.com\/wordpress\/plugins\/seo\/ -->\n<title>Xtensa - HUEPPE<\/title>\n<meta name=\"description\" content=\"D\u00e9couvrez Xtensa Walk-In - la combinaison parfaite d&#039;une douche \u00e0 l&#039;italienne et d&#039;un syst\u00e8me de porte coulissante pour une exp\u00e9rience de douche incomparable.\" \/>\n<meta name=\"robots\" content=\"index, follow, max-snippet:-1, max-image-preview:large, max-video-preview:-1\" \/>\n<link rel=\"canonical\" href=\"https:\/\/www.hueppe.com\/fr\/products\/douches-a-litalienne\/xtensa\/\" \/>\n<meta property=\"og:locale\" content=\"fr_FR\" \/>\n<meta property=\"og:type\" content=\"article\" \/>\n<meta property=\"og:title\" content=\"Xtensa\" \/>\n<meta property=\"og:description\" content=\"D\u00e9couvrez Xtensa Walk-In - la combinaison parfaite d&#039;une douche \u00e0 l&#039;italienne et d&#039;un syst\u00e8me de porte coulissante pour une exp\u00e9rience de douche incomparable.\" \/>\n<meta property=\"og:url\" content=\"https:\/\/www.hueppe.com\/fr\/products\/douches-a-litalienne\/xtensa\/\" \/>\n<meta property=\"og:site_name\" content=\"HUEPPE\" \/>\n<meta property=\"article:modified_time\" content=\"2024-11-25T14:00:04+00:00\" \/>\n<meta property=\"og:image\" content=\"https:\/\/www.hueppe.com\/wp-content\/uploads\/2023\/01\/news5.png\" \/>\n\t<meta property=\"og:image:width\" content=\"820\" \/>\n\t<meta property=\"og:image:height\" content=\"514\" \/>\n\t<meta property=\"og:image:type\" content=\"image\/png\" \/>\n<meta name=\"twitter:card\" content=\"summary_large_image\" \/>\n<meta name=\"twitter:label1\" content=\"Dur\u00e9e de lecture estim\u00e9e\" \/>\n\t<meta name=\"twitter:data1\" content=\"2 minutes\" \/>\n<script type=\"application\/ld+json\" class=\"yoast-schema-graph\">{\"@context\":\"https:\/\/schema.org\",\"@graph\":[{\"@type\":\"WebPage\",\"@id\":\"https:\/\/www.hueppe.com\/fr\/products\/douches-a-litalienne\/xtensa\/\",\"url\":\"https:\/\/www.hueppe.com\/fr\/products\/douches-a-litalienne\/xtensa\/\",\"name\":\"Xtensa - HUEPPE\",\"isPartOf\":{\"@id\":\"https:\/\/www.hueppe.com\/fr\/#website\"},\"datePublished\":\"2023-05-09T17:59:52+00:00\",\"dateModified\":\"2024-11-25T14:00:04+00:00\",\"description\":\"D\u00e9couvrez Xtensa Walk-In - la combinaison parfaite d'une douche \u00e0 l'italienne et d'un syst\u00e8me de porte coulissante pour une exp\u00e9rience de douche incomparable.\",\"breadcrumb\":{\"@id\":\"https:\/\/www.hueppe.com\/fr\/products\/douches-a-litalienne\/xtensa\/#breadcrumb\"},\"inLanguage\":\"fr-FR\",\"potentialAction\":[{\"@type\":\"ReadAction\",\"target\":[\"https:\/\/www.hueppe.com\/fr\/products\/douches-a-litalienne\/xtensa\/\"]}]},{\"@type\":\"BreadcrumbList\",\"@id\":\"https:\/\/www.hueppe.com\/fr\/products\/douches-a-litalienne\/xtensa\/#breadcrumb\",\"itemListElement\":[{\"@type\":\"ListItem\",\"position\":1,\"name\":\"Home\",\"item\":\"https:\/\/www.hueppe.com\/fr\/\"},{\"@type\":\"ListItem\",\"position\":2,\"name\":\"Produits\",\"item\":\"https:\/\/www.hueppe.com\/fr\/shop\/\"},{\"@type\":\"ListItem\",\"position\":3,\"name\":\"Xtensa\"}]},{\"@type\":\"WebSite\",\"@id\":\"https:\/\/www.hueppe.com\/fr\/#website\",\"url\":\"https:\/\/www.hueppe.com\/fr\/\",\"name\":\"www.HUEPPE.com\",\"description\":\"\",\"publisher\":{\"@id\":\"https:\/\/www.hueppe.com\/fr\/#organization\"},\"potentialAction\":[{\"@type\":\"SearchAction\",\"target\":{\"@type\":\"EntryPoint\",\"urlTemplate\":\"https:\/\/www.hueppe.com\/fr\/?s={search_term_string}\"},\"query-input\":{\"@type\":\"PropertyValueSpecification\",\"valueRequired\":true,\"valueName\":\"search_term_string\"}}],\"inLanguage\":\"fr-FR\"},{\"@type\":\"Organization\",\"@id\":\"https:\/\/www.hueppe.com\/fr\/#organization\",\"name\":\"HUEPPE GmbH\",\"url\":\"https:\/\/www.hueppe.com\/fr\/\",\"logo\":{\"@type\":\"ImageObject\",\"inLanguage\":\"fr-FR\",\"@id\":\"https:\/\/www.hueppe.com\/fr\/#\/schema\/logo\/image\/\",\"url\":\"https:\/\/www.hueppe.com\/wp-content\/uploads\/2024\/04\/Logo.png\",\"contentUrl\":\"https:\/\/www.hueppe.com\/wp-content\/uploads\/2024\/04\/Logo.png\",\"width\":225,\"height\":225,\"caption\":\"HUEPPE GmbH\"},\"image\":{\"@id\":\"https:\/\/www.hueppe.com\/fr\/#\/schema\/logo\/image\/\"},\"sameAs\":[\"https:\/\/www.instagram.com\/hueppe_group\/\",\"https:\/\/www.pinterest.de\/hppegmbh\/\",\"https:\/\/www.youtube.com\/user\/HUEPPEcom\",\"https:\/\/www.linkedin.com\/company\/hueppe-group\/\"]}]}<\/script>\n<!-- \/ Yoast SEO Premium plugin. -->","yoast_head_json":{"title":"Xtensa - HUEPPE","description":"D\u00e9couvrez Xtensa Walk-In - la combinaison parfaite d'une douche \u00e0 l'italienne et d'un syst\u00e8me de porte coulissante pour une exp\u00e9rience de douche incomparable.","robots":{"index":"index","follow":"follow","max-snippet":"max-snippet:-1","max-image-preview":"max-image-preview:large","max-video-preview":"max-video-preview:-1"},"canonical":"https:\/\/www.hueppe.com\/fr\/products\/douches-a-litalienne\/xtensa\/","og_locale":"fr_FR","og_type":"article","og_title":"Xtensa","og_description":"D\u00e9couvrez Xtensa Walk-In - la combinaison parfaite d'une douche \u00e0 l'italienne et d'un syst\u00e8me de porte coulissante pour une exp\u00e9rience de douche incomparable.","og_url":"https:\/\/www.hueppe.com\/fr\/products\/douches-a-litalienne\/xtensa\/","og_site_name":"HUEPPE","article_modified_time":"2024-11-25T14:00:04+00:00","og_image":[{"width":820,"height":514,"url":"https:\/\/www.hueppe.com\/wp-content\/uploads\/2023\/01\/news5.png","type":"image\/png"}],"twitter_card":"summary_large_image","twitter_misc":{"Dur\u00e9e de lecture estim\u00e9e":"2 minutes"},"schema":{"@context":"https:\/\/schema.org","@graph":[{"@type":"WebPage","@id":"https:\/\/www.hueppe.com\/fr\/products\/douches-a-litalienne\/xtensa\/","url":"https:\/\/www.hueppe.com\/fr\/products\/douches-a-litalienne\/xtensa\/","name":"Xtensa - HUEPPE","isPartOf":{"@id":"https:\/\/www.hueppe.com\/fr\/#website"},"datePublished":"2023-05-09T17:59:52+00:00","dateModified":"2024-11-25T14:00:04+00:00","description":"D\u00e9couvrez Xtensa Walk-In - la combinaison parfaite d'une douche \u00e0 l'italienne et d'un syst\u00e8me de porte coulissante pour une exp\u00e9rience de douche incomparable.","breadcrumb":{"@id":"https:\/\/www.hueppe.com\/fr\/products\/douches-a-litalienne\/xtensa\/#breadcrumb"},"inLanguage":"fr-FR","potentialAction":[{"@type":"ReadAction","target":["https:\/\/www.hueppe.com\/fr\/products\/douches-a-litalienne\/xtensa\/"]}]},{"@type":"BreadcrumbList","@id":"https:\/\/www.hueppe.com\/fr\/products\/douches-a-litalienne\/xtensa\/#breadcrumb","itemListElement":[{"@type":"ListItem","position":1,"name":"Home","item":"https:\/\/www.hueppe.com\/fr\/"},{"@type":"ListItem","position":2,"name":"Produits","item":"https:\/\/www.hueppe.com\/fr\/shop\/"},{"@type":"ListItem","position":3,"name":"Xtensa"}]},{"@type":"WebSite","@id":"https:\/\/www.hueppe.com\/fr\/#website","url":"https:\/\/www.hueppe.com\/fr\/","name":"www.HUEPPE.com","description":"","publisher":{"@id":"https:\/\/www.hueppe.com\/fr\/#organization"},"potentialAction":[{"@type":"SearchAction","target":{"@type":"EntryPoint","urlTemplate":"https:\/\/www.hueppe.com\/fr\/?s={search_term_string}"},"query-input":{"@type":"PropertyValueSpecification","valueRequired":true,"valueName":"search_term_string"}}],"inLanguage":"fr-FR"},{"@type":"Organization","@id":"https:\/\/www.hueppe.com\/fr\/#organization","name":"HUEPPE GmbH","url":"https:\/\/www.hueppe.com\/fr\/","logo":{"@type":"ImageObject","inLanguage":"fr-FR","@id":"https:\/\/www.hueppe.com\/fr\/#\/schema\/logo\/image\/","url":"https:\/\/www.hueppe.com\/wp-content\/uploads\/2024\/04\/Logo.png","contentUrl":"https:\/\/www.hueppe.com\/wp-content\/uploads\/2024\/04\/Logo.png","width":225,"height":225,"caption":"HUEPPE GmbH"},"image":{"@id":"https:\/\/www.hueppe.com\/fr\/#\/schema\/logo\/image\/"},"sameAs":["https:\/\/www.instagram.com\/hueppe_group\/","https:\/\/www.pinterest.de\/hppegmbh\/","https:\/\/www.youtube.com\/user\/HUEPPEcom","https:\/\/www.linkedin.com\/company\/hueppe-group\/"]}]}},"_links":{"self":[{"href":"https:\/\/www.hueppe.com\/fr\/wp-json\/wp\/v2\/product\/194646","targetHints":{"allow":["GET"]}}],"collection":[{"href":"https:\/\/www.hueppe.com\/fr\/wp-json\/wp\/v2\/product"}],"about":[{"href":"https:\/\/www.hueppe.com\/fr\/wp-json\/wp\/v2\/types\/product"}],"wp:attachment":[{"href":"https:\/\/www.hueppe.com\/fr\/wp-json\/wp\/v2\/media?parent=194646"}],"wp:term":[{"taxonomy":"product_cat","embeddable":true,"href":"https:\/\/www.hueppe.com\/fr\/wp-json\/wp\/v2\/product_cat?post=194646"},{"taxonomy":"product_tag","embeddable":true,"href":"https:\/\/www.hueppe.com\/fr\/wp-json\/wp\/v2\/product_tag?post=194646"}],"curies":[{"name":"wp","href":"https:\/\/api.w.org\/{rel}","templated":true}]}}