{"id":194659,"date":"2025-02-13T07:39:20","date_gmt":"2025-02-13T06:39:20","guid":{"rendered":"https:\/\/www.hueppe.com\/?post_type=product&#038;p=194659"},"modified":"2024-03-27T04:51:57","modified_gmt":"2024-03-27T03:51:57","slug":"solva","status":"publish","type":"product","link":"https:\/\/www.hueppe.com\/fr\/products\/pare-baignoires\/solva\/","title":{"rendered":"Solva"},"content":{"rendered":"<h3 class=\"m_product_description-headline\">Adoptez les exigences les plus \u00e9lev\u00e9es<\/h3>\n<p class=\"m_product_description-copy\">\n<p>Con\u00e7ue par le studio de design NOA, Solva ajoute des accents \u00e0 votre salle de bain. Cette s\u00e9rie \u00e9pur\u00e9e s\u00e9duit \u00e9galement en tant que pare-baignoire pratique gr\u00e2ce \u00e0 son design intemporel. Et comme nous sommes convaincus de la qualit\u00e9 de Solva, nous vous accordons volontairement, en tant qu\u2019acheteur, une prolongation de garantie.<\/p><\/p>\n","protected":false},"excerpt":{"rendered":"<p>Adoptez les exigences les plus \u00e9lev\u00e9es Con\u00e7ue par le studio de design NOA, Solva ajoute des accents \u00e0 votre salle de bain. Cette s\u00e9rie \u00e9pur\u00e9e s\u00e9duit \u00e9galement en tant que pare-baignoire pratique gr\u00e2ce \u00e0 son design intemporel. Et comme nous sommes convaincus de la qualit\u00e9 de Solva, nous vous accordons volontairement, en tant qu\u2019acheteur, une &hellip;<\/p>\n<p class=\"read-more\"> <a class=\"\" href=\"https:\/\/www.hueppe.com\/fr\/products\/pare-baignoires\/solva\/\"> <span class=\"screen-reader-text\">Solva<\/span> Read More &raquo;<\/a><\/p>\n","protected":false},"featured_media":0,"template":"","meta":{"_acf_changed":false,"site-sidebar-layout":"default","site-content-layout":"default","ast-global-header-display":"","ast-banner-title-visibility":"","ast-main-header-display":"","ast-hfb-above-header-display":"","ast-hfb-below-header-display":"","ast-hfb-mobile-header-display":"","site-post-title":"","ast-breadcrumbs-content":"","ast-featured-img":"","footer-sml-layout":"","theme-transparent-header-meta":"default","adv-header-id-meta":"","stick-header-meta":"","header-above-stick-meta":"","header-main-stick-meta":"","header-below-stick-meta":""},"product_cat":[183],"product_tag":[],"class_list":{"0":"post-194659","1":"product","2":"type-product","3":"status-publish","5":"product_cat-pare-baignoires","6":"desktop-align-left","7":"tablet-align-left","8":"mobile-align-left","10":"first","11":"instock","12":"shipping-taxable","13":"product-type-simple"},"acf":[],"yoast_head":"<!-- This site is optimized with the Yoast SEO Premium plugin v22.3 (Yoast SEO v24.6) - https:\/\/yoast.com\/wordpress\/plugins\/seo\/ -->\n<title>Solva - HUEPPE<\/title>\n<meta name=\"description\" content=\"D\u00e9couvrez la paroi de baignoire Solva du studio de design NOA - un design puriste et une qualit\u00e9 sup\u00e9rieure. Maintenant avec une garantie prolong\u00e9e !\" \/>\n<meta name=\"robots\" content=\"index, follow, max-snippet:-1, max-image-preview:large, max-video-preview:-1\" \/>\n<link rel=\"canonical\" href=\"https:\/\/www.hueppe.com\/fr\/products\/pare-baignoires\/solva\/\" \/>\n<meta property=\"og:locale\" content=\"fr_FR\" \/>\n<meta property=\"og:type\" content=\"article\" \/>\n<meta property=\"og:title\" content=\"Solva\" \/>\n<meta property=\"og:description\" content=\"D\u00e9couvrez la paroi de baignoire Solva du studio de design NOA - un design puriste et une qualit\u00e9 sup\u00e9rieure. Maintenant avec une garantie prolong\u00e9e !\" \/>\n<meta property=\"og:url\" content=\"https:\/\/www.hueppe.com\/fr\/products\/pare-baignoires\/solva\/\" \/>\n<meta property=\"og:site_name\" content=\"HUEPPE\" \/>\n<meta property=\"og:image\" content=\"https:\/\/www.hueppe.com\/wp-content\/uploads\/2023\/01\/news5.png\" \/>\n\t<meta property=\"og:image:width\" content=\"820\" \/>\n\t<meta property=\"og:image:height\" content=\"514\" \/>\n\t<meta property=\"og:image:type\" content=\"image\/png\" \/>\n<meta name=\"twitter:card\" content=\"summary_large_image\" \/>\n<meta name=\"twitter:label1\" content=\"Dur\u00e9e de lecture estim\u00e9e\" \/>\n\t<meta name=\"twitter:data1\" content=\"1 minute\" \/>\n<script type=\"application\/ld+json\" class=\"yoast-schema-graph\">{\"@context\":\"https:\/\/schema.org\",\"@graph\":[{\"@type\":\"WebPage\",\"@id\":\"https:\/\/www.hueppe.com\/fr\/products\/pare-baignoires\/solva\/\",\"url\":\"https:\/\/www.hueppe.com\/fr\/products\/pare-baignoires\/solva\/\",\"name\":\"Solva - HUEPPE\",\"isPartOf\":{\"@id\":\"https:\/\/www.hueppe.com\/fr\/#website\"},\"datePublished\":\"2025-02-13T06:39:20+00:00\",\"description\":\"D\u00e9couvrez la paroi de baignoire Solva du studio de design NOA - un design puriste et une qualit\u00e9 sup\u00e9rieure. Maintenant avec une garantie prolong\u00e9e !\",\"breadcrumb\":{\"@id\":\"https:\/\/www.hueppe.com\/fr\/products\/pare-baignoires\/solva\/#breadcrumb\"},\"inLanguage\":\"fr-FR\",\"potentialAction\":[{\"@type\":\"ReadAction\",\"target\":[\"https:\/\/www.hueppe.com\/fr\/products\/pare-baignoires\/solva\/\"]}]},{\"@type\":\"BreadcrumbList\",\"@id\":\"https:\/\/www.hueppe.com\/fr\/products\/pare-baignoires\/solva\/#breadcrumb\",\"itemListElement\":[{\"@type\":\"ListItem\",\"position\":1,\"name\":\"Home\",\"item\":\"https:\/\/www.hueppe.com\/fr\/\"},{\"@type\":\"ListItem\",\"position\":2,\"name\":\"Produits\",\"item\":\"https:\/\/www.hueppe.com\/fr\/shop\/\"},{\"@type\":\"ListItem\",\"position\":3,\"name\":\"Solva\"}]},{\"@type\":\"WebSite\",\"@id\":\"https:\/\/www.hueppe.com\/fr\/#website\",\"url\":\"https:\/\/www.hueppe.com\/fr\/\",\"name\":\"www.HUEPPE.com\",\"description\":\"\",\"publisher\":{\"@id\":\"https:\/\/www.hueppe.com\/fr\/#organization\"},\"potentialAction\":[{\"@type\":\"SearchAction\",\"target\":{\"@type\":\"EntryPoint\",\"urlTemplate\":\"https:\/\/www.hueppe.com\/fr\/?s={search_term_string}\"},\"query-input\":{\"@type\":\"PropertyValueSpecification\",\"valueRequired\":true,\"valueName\":\"search_term_string\"}}],\"inLanguage\":\"fr-FR\"},{\"@type\":\"Organization\",\"@id\":\"https:\/\/www.hueppe.com\/fr\/#organization\",\"name\":\"HUEPPE GmbH\",\"url\":\"https:\/\/www.hueppe.com\/fr\/\",\"logo\":{\"@type\":\"ImageObject\",\"inLanguage\":\"fr-FR\",\"@id\":\"https:\/\/www.hueppe.com\/fr\/#\/schema\/logo\/image\/\",\"url\":\"https:\/\/www.hueppe.com\/wp-content\/uploads\/2024\/04\/Logo.png\",\"contentUrl\":\"https:\/\/www.hueppe.com\/wp-content\/uploads\/2024\/04\/Logo.png\",\"width\":225,\"height\":225,\"caption\":\"HUEPPE GmbH\"},\"image\":{\"@id\":\"https:\/\/www.hueppe.com\/fr\/#\/schema\/logo\/image\/\"},\"sameAs\":[\"https:\/\/www.instagram.com\/hueppe_group\/\",\"https:\/\/www.pinterest.de\/hppegmbh\/\",\"https:\/\/www.youtube.com\/user\/HUEPPEcom\",\"https:\/\/www.linkedin.com\/company\/hueppe-group\/\"]}]}<\/script>\n<!-- \/ Yoast SEO Premium plugin. -->","yoast_head_json":{"title":"Solva - HUEPPE","description":"D\u00e9couvrez la paroi de baignoire Solva du studio de design NOA - un design puriste et une qualit\u00e9 sup\u00e9rieure. Maintenant avec une garantie prolong\u00e9e !","robots":{"index":"index","follow":"follow","max-snippet":"max-snippet:-1","max-image-preview":"max-image-preview:large","max-video-preview":"max-video-preview:-1"},"canonical":"https:\/\/www.hueppe.com\/fr\/products\/pare-baignoires\/solva\/","og_locale":"fr_FR","og_type":"article","og_title":"Solva","og_description":"D\u00e9couvrez la paroi de baignoire Solva du studio de design NOA - un design puriste et une qualit\u00e9 sup\u00e9rieure. Maintenant avec une garantie prolong\u00e9e !","og_url":"https:\/\/www.hueppe.com\/fr\/products\/pare-baignoires\/solva\/","og_site_name":"HUEPPE","og_image":[{"width":820,"height":514,"url":"https:\/\/www.hueppe.com\/wp-content\/uploads\/2023\/01\/news5.png","type":"image\/png"}],"twitter_card":"summary_large_image","twitter_misc":{"Dur\u00e9e de lecture estim\u00e9e":"1 minute"},"schema":{"@context":"https:\/\/schema.org","@graph":[{"@type":"WebPage","@id":"https:\/\/www.hueppe.com\/fr\/products\/pare-baignoires\/solva\/","url":"https:\/\/www.hueppe.com\/fr\/products\/pare-baignoires\/solva\/","name":"Solva - HUEPPE","isPartOf":{"@id":"https:\/\/www.hueppe.com\/fr\/#website"},"datePublished":"2025-02-13T06:39:20+00:00","description":"D\u00e9couvrez la paroi de baignoire Solva du studio de design NOA - un design puriste et une qualit\u00e9 sup\u00e9rieure. Maintenant avec une garantie prolong\u00e9e !","breadcrumb":{"@id":"https:\/\/www.hueppe.com\/fr\/products\/pare-baignoires\/solva\/#breadcrumb"},"inLanguage":"fr-FR","potentialAction":[{"@type":"ReadAction","target":["https:\/\/www.hueppe.com\/fr\/products\/pare-baignoires\/solva\/"]}]},{"@type":"BreadcrumbList","@id":"https:\/\/www.hueppe.com\/fr\/products\/pare-baignoires\/solva\/#breadcrumb","itemListElement":[{"@type":"ListItem","position":1,"name":"Home","item":"https:\/\/www.hueppe.com\/fr\/"},{"@type":"ListItem","position":2,"name":"Produits","item":"https:\/\/www.hueppe.com\/fr\/shop\/"},{"@type":"ListItem","position":3,"name":"Solva"}]},{"@type":"WebSite","@id":"https:\/\/www.hueppe.com\/fr\/#website","url":"https:\/\/www.hueppe.com\/fr\/","name":"www.HUEPPE.com","description":"","publisher":{"@id":"https:\/\/www.hueppe.com\/fr\/#organization"},"potentialAction":[{"@type":"SearchAction","target":{"@type":"EntryPoint","urlTemplate":"https:\/\/www.hueppe.com\/fr\/?s={search_term_string}"},"query-input":{"@type":"PropertyValueSpecification","valueRequired":true,"valueName":"search_term_string"}}],"inLanguage":"fr-FR"},{"@type":"Organization","@id":"https:\/\/www.hueppe.com\/fr\/#organization","name":"HUEPPE GmbH","url":"https:\/\/www.hueppe.com\/fr\/","logo":{"@type":"ImageObject","inLanguage":"fr-FR","@id":"https:\/\/www.hueppe.com\/fr\/#\/schema\/logo\/image\/","url":"https:\/\/www.hueppe.com\/wp-content\/uploads\/2024\/04\/Logo.png","contentUrl":"https:\/\/www.hueppe.com\/wp-content\/uploads\/2024\/04\/Logo.png","width":225,"height":225,"caption":"HUEPPE GmbH"},"image":{"@id":"https:\/\/www.hueppe.com\/fr\/#\/schema\/logo\/image\/"},"sameAs":["https:\/\/www.instagram.com\/hueppe_group\/","https:\/\/www.pinterest.de\/hppegmbh\/","https:\/\/www.youtube.com\/user\/HUEPPEcom","https:\/\/www.linkedin.com\/company\/hueppe-group\/"]}]}},"_links":{"self":[{"href":"https:\/\/www.hueppe.com\/fr\/wp-json\/wp\/v2\/product\/194659","targetHints":{"allow":["GET"]}}],"collection":[{"href":"https:\/\/www.hueppe.com\/fr\/wp-json\/wp\/v2\/product"}],"about":[{"href":"https:\/\/www.hueppe.com\/fr\/wp-json\/wp\/v2\/types\/product"}],"wp:attachment":[{"href":"https:\/\/www.hueppe.com\/fr\/wp-json\/wp\/v2\/media?parent=194659"}],"wp:term":[{"taxonomy":"product_cat","embeddable":true,"href":"https:\/\/www.hueppe.com\/fr\/wp-json\/wp\/v2\/product_cat?post=194659"},{"taxonomy":"product_tag","embeddable":true,"href":"https:\/\/www.hueppe.com\/fr\/wp-json\/wp\/v2\/product_tag?post=194659"}],"curies":[{"name":"wp","href":"https:\/\/api.w.org\/{rel}","templated":true}]}}