{"id":194681,"date":"2023-05-09T18:58:36","date_gmt":"2023-05-09T16:58:36","guid":{"rendered":"https:\/\/www.hueppe.com\/?post_type=product&#038;p=194681"},"modified":"2024-03-27T05:36:28","modified_gmt":"2024-03-27T04:36:28","slug":"duplo","status":"publish","type":"product","link":"https:\/\/www.hueppe.com\/fr\/products\/douches-a-litalienne\/duplo\/","title":{"rendered":"Duplo"},"content":{"rendered":"<h3 class=\"m_product_description-headline\">C\u00e9l\u00e9brez le bien-\u00eatre sous sa forme la plus pure<\/h3>\n<p class=\"m_product_description-copy\">\u00c0 la fois vaste et styl\u00e9e\u00a0? Avec la douche \u00e0 l&rsquo;italienne, vous apportez une touche de style suppl\u00e9mentaire \u00e0 votre salle de bain. La paroi en verre en deux parties l\u00e9g\u00e8rement d\u00e9cal\u00e9e conf\u00e8re \u00e0 la Duplo un design qui s\u00e9duit \u00e9galement par sa taille, car la construction permet une largeur allant jusqu\u2019\u00e0 deux m\u00e8tres.<\/p>\n","protected":false},"excerpt":{"rendered":"<p>C\u00e9l\u00e9brez le bien-\u00eatre sous sa forme la plus pure \u00c0 la fois vaste et styl\u00e9e\u00a0? Avec la douche \u00e0 l&rsquo;italienne, vous apportez une touche de style suppl\u00e9mentaire \u00e0 votre salle de bain. La paroi en verre en deux parties l\u00e9g\u00e8rement d\u00e9cal\u00e9e conf\u00e8re \u00e0 la Duplo un design qui s\u00e9duit \u00e9galement par sa taille, car la &hellip;<\/p>\n<p class=\"read-more\"> <a class=\"\" href=\"https:\/\/www.hueppe.com\/fr\/products\/douches-a-litalienne\/duplo\/\"> <span class=\"screen-reader-text\">Duplo<\/span> Read More &raquo;<\/a><\/p>\n","protected":false},"featured_media":0,"template":"","meta":{"_acf_changed":false,"site-sidebar-layout":"default","site-content-layout":"default","ast-global-header-display":"","ast-banner-title-visibility":"","ast-main-header-display":"","ast-hfb-above-header-display":"","ast-hfb-below-header-display":"","ast-hfb-mobile-header-display":"","site-post-title":"","ast-breadcrumbs-content":"","ast-featured-img":"","footer-sml-layout":"","theme-transparent-header-meta":"default","adv-header-id-meta":"","stick-header-meta":"","header-above-stick-meta":"","header-main-stick-meta":"","header-below-stick-meta":""},"product_cat":[186],"product_tag":[],"class_list":{"0":"post-194681","1":"product","2":"type-product","3":"status-publish","5":"product_cat-douches-a-litalienne","6":"desktop-align-left","7":"tablet-align-left","8":"mobile-align-left","10":"first","11":"instock","12":"downloadable","13":"shipping-taxable","14":"product-type-simple"},"acf":[],"yoast_head":"<!-- This site is optimized with the Yoast SEO Premium plugin v22.3 (Yoast SEO v24.6) - https:\/\/yoast.com\/wordpress\/plugins\/seo\/ -->\n<title>Duplo - HUEPPE<\/title>\n<meta name=\"description\" content=\"Avec le walk-in Duplo, vous faites une d\u00e9claration. Il convainc avec une paroi en verre en deux parties d\u00e9cal\u00e9es et une largeur allant jusqu&#039;\u00e0 deux m\u00e8tres.\" \/>\n<meta name=\"robots\" content=\"index, follow, max-snippet:-1, max-image-preview:large, max-video-preview:-1\" \/>\n<link rel=\"canonical\" href=\"https:\/\/www.hueppe.com\/fr\/products\/douches-a-litalienne\/duplo\/\" \/>\n<meta property=\"og:locale\" content=\"fr_FR\" \/>\n<meta property=\"og:type\" content=\"article\" \/>\n<meta property=\"og:title\" content=\"Duplo\" \/>\n<meta property=\"og:description\" content=\"Avec le walk-in Duplo, vous faites une d\u00e9claration. Il convainc avec une paroi en verre en deux parties d\u00e9cal\u00e9es et une largeur allant jusqu&#039;\u00e0 deux m\u00e8tres.\" \/>\n<meta property=\"og:url\" content=\"https:\/\/www.hueppe.com\/fr\/products\/douches-a-litalienne\/duplo\/\" \/>\n<meta property=\"og:site_name\" content=\"HUEPPE\" \/>\n<meta property=\"article:modified_time\" content=\"2024-03-27T04:36:28+00:00\" \/>\n<meta property=\"og:image\" content=\"https:\/\/www.hueppe.com\/wp-content\/uploads\/2023\/01\/news5.png\" \/>\n\t<meta property=\"og:image:width\" content=\"820\" \/>\n\t<meta property=\"og:image:height\" content=\"514\" \/>\n\t<meta property=\"og:image:type\" content=\"image\/png\" \/>\n<meta name=\"twitter:card\" content=\"summary_large_image\" \/>\n<meta name=\"twitter:label1\" content=\"Dur\u00e9e de lecture estim\u00e9e\" \/>\n\t<meta name=\"twitter:data1\" content=\"2 minutes\" \/>\n<script type=\"application\/ld+json\" class=\"yoast-schema-graph\">{\"@context\":\"https:\/\/schema.org\",\"@graph\":[{\"@type\":\"WebPage\",\"@id\":\"https:\/\/www.hueppe.com\/fr\/products\/douches-a-litalienne\/duplo\/\",\"url\":\"https:\/\/www.hueppe.com\/fr\/products\/douches-a-litalienne\/duplo\/\",\"name\":\"Duplo - HUEPPE\",\"isPartOf\":{\"@id\":\"https:\/\/www.hueppe.com\/fr\/#website\"},\"datePublished\":\"2023-05-09T16:58:36+00:00\",\"dateModified\":\"2024-03-27T04:36:28+00:00\",\"description\":\"Avec le walk-in Duplo, vous faites une d\u00e9claration. Il convainc avec une paroi en verre en deux parties d\u00e9cal\u00e9es et une largeur allant jusqu'\u00e0 deux m\u00e8tres.\",\"breadcrumb\":{\"@id\":\"https:\/\/www.hueppe.com\/fr\/products\/douches-a-litalienne\/duplo\/#breadcrumb\"},\"inLanguage\":\"fr-FR\",\"potentialAction\":[{\"@type\":\"ReadAction\",\"target\":[\"https:\/\/www.hueppe.com\/fr\/products\/douches-a-litalienne\/duplo\/\"]}]},{\"@type\":\"BreadcrumbList\",\"@id\":\"https:\/\/www.hueppe.com\/fr\/products\/douches-a-litalienne\/duplo\/#breadcrumb\",\"itemListElement\":[{\"@type\":\"ListItem\",\"position\":1,\"name\":\"Home\",\"item\":\"https:\/\/www.hueppe.com\/fr\/\"},{\"@type\":\"ListItem\",\"position\":2,\"name\":\"Produits\",\"item\":\"https:\/\/www.hueppe.com\/fr\/shop\/\"},{\"@type\":\"ListItem\",\"position\":3,\"name\":\"Duplo\"}]},{\"@type\":\"WebSite\",\"@id\":\"https:\/\/www.hueppe.com\/fr\/#website\",\"url\":\"https:\/\/www.hueppe.com\/fr\/\",\"name\":\"www.HUEPPE.com\",\"description\":\"\",\"publisher\":{\"@id\":\"https:\/\/www.hueppe.com\/fr\/#organization\"},\"potentialAction\":[{\"@type\":\"SearchAction\",\"target\":{\"@type\":\"EntryPoint\",\"urlTemplate\":\"https:\/\/www.hueppe.com\/fr\/?s={search_term_string}\"},\"query-input\":{\"@type\":\"PropertyValueSpecification\",\"valueRequired\":true,\"valueName\":\"search_term_string\"}}],\"inLanguage\":\"fr-FR\"},{\"@type\":\"Organization\",\"@id\":\"https:\/\/www.hueppe.com\/fr\/#organization\",\"name\":\"HUEPPE GmbH\",\"url\":\"https:\/\/www.hueppe.com\/fr\/\",\"logo\":{\"@type\":\"ImageObject\",\"inLanguage\":\"fr-FR\",\"@id\":\"https:\/\/www.hueppe.com\/fr\/#\/schema\/logo\/image\/\",\"url\":\"https:\/\/www.hueppe.com\/wp-content\/uploads\/2024\/04\/Logo.png\",\"contentUrl\":\"https:\/\/www.hueppe.com\/wp-content\/uploads\/2024\/04\/Logo.png\",\"width\":225,\"height\":225,\"caption\":\"HUEPPE GmbH\"},\"image\":{\"@id\":\"https:\/\/www.hueppe.com\/fr\/#\/schema\/logo\/image\/\"},\"sameAs\":[\"https:\/\/www.instagram.com\/hueppe_group\/\",\"https:\/\/www.pinterest.de\/hppegmbh\/\",\"https:\/\/www.youtube.com\/user\/HUEPPEcom\",\"https:\/\/www.linkedin.com\/company\/hueppe-group\/\"]}]}<\/script>\n<!-- \/ Yoast SEO Premium plugin. -->","yoast_head_json":{"title":"Duplo - HUEPPE","description":"Avec le walk-in Duplo, vous faites une d\u00e9claration. Il convainc avec une paroi en verre en deux parties d\u00e9cal\u00e9es et une largeur allant jusqu'\u00e0 deux m\u00e8tres.","robots":{"index":"index","follow":"follow","max-snippet":"max-snippet:-1","max-image-preview":"max-image-preview:large","max-video-preview":"max-video-preview:-1"},"canonical":"https:\/\/www.hueppe.com\/fr\/products\/douches-a-litalienne\/duplo\/","og_locale":"fr_FR","og_type":"article","og_title":"Duplo","og_description":"Avec le walk-in Duplo, vous faites une d\u00e9claration. Il convainc avec une paroi en verre en deux parties d\u00e9cal\u00e9es et une largeur allant jusqu'\u00e0 deux m\u00e8tres.","og_url":"https:\/\/www.hueppe.com\/fr\/products\/douches-a-litalienne\/duplo\/","og_site_name":"HUEPPE","article_modified_time":"2024-03-27T04:36:28+00:00","og_image":[{"width":820,"height":514,"url":"https:\/\/www.hueppe.com\/wp-content\/uploads\/2023\/01\/news5.png","type":"image\/png"}],"twitter_card":"summary_large_image","twitter_misc":{"Dur\u00e9e de lecture estim\u00e9e":"2 minutes"},"schema":{"@context":"https:\/\/schema.org","@graph":[{"@type":"WebPage","@id":"https:\/\/www.hueppe.com\/fr\/products\/douches-a-litalienne\/duplo\/","url":"https:\/\/www.hueppe.com\/fr\/products\/douches-a-litalienne\/duplo\/","name":"Duplo - HUEPPE","isPartOf":{"@id":"https:\/\/www.hueppe.com\/fr\/#website"},"datePublished":"2023-05-09T16:58:36+00:00","dateModified":"2024-03-27T04:36:28+00:00","description":"Avec le walk-in Duplo, vous faites une d\u00e9claration. Il convainc avec une paroi en verre en deux parties d\u00e9cal\u00e9es et une largeur allant jusqu'\u00e0 deux m\u00e8tres.","breadcrumb":{"@id":"https:\/\/www.hueppe.com\/fr\/products\/douches-a-litalienne\/duplo\/#breadcrumb"},"inLanguage":"fr-FR","potentialAction":[{"@type":"ReadAction","target":["https:\/\/www.hueppe.com\/fr\/products\/douches-a-litalienne\/duplo\/"]}]},{"@type":"BreadcrumbList","@id":"https:\/\/www.hueppe.com\/fr\/products\/douches-a-litalienne\/duplo\/#breadcrumb","itemListElement":[{"@type":"ListItem","position":1,"name":"Home","item":"https:\/\/www.hueppe.com\/fr\/"},{"@type":"ListItem","position":2,"name":"Produits","item":"https:\/\/www.hueppe.com\/fr\/shop\/"},{"@type":"ListItem","position":3,"name":"Duplo"}]},{"@type":"WebSite","@id":"https:\/\/www.hueppe.com\/fr\/#website","url":"https:\/\/www.hueppe.com\/fr\/","name":"www.HUEPPE.com","description":"","publisher":{"@id":"https:\/\/www.hueppe.com\/fr\/#organization"},"potentialAction":[{"@type":"SearchAction","target":{"@type":"EntryPoint","urlTemplate":"https:\/\/www.hueppe.com\/fr\/?s={search_term_string}"},"query-input":{"@type":"PropertyValueSpecification","valueRequired":true,"valueName":"search_term_string"}}],"inLanguage":"fr-FR"},{"@type":"Organization","@id":"https:\/\/www.hueppe.com\/fr\/#organization","name":"HUEPPE GmbH","url":"https:\/\/www.hueppe.com\/fr\/","logo":{"@type":"ImageObject","inLanguage":"fr-FR","@id":"https:\/\/www.hueppe.com\/fr\/#\/schema\/logo\/image\/","url":"https:\/\/www.hueppe.com\/wp-content\/uploads\/2024\/04\/Logo.png","contentUrl":"https:\/\/www.hueppe.com\/wp-content\/uploads\/2024\/04\/Logo.png","width":225,"height":225,"caption":"HUEPPE GmbH"},"image":{"@id":"https:\/\/www.hueppe.com\/fr\/#\/schema\/logo\/image\/"},"sameAs":["https:\/\/www.instagram.com\/hueppe_group\/","https:\/\/www.pinterest.de\/hppegmbh\/","https:\/\/www.youtube.com\/user\/HUEPPEcom","https:\/\/www.linkedin.com\/company\/hueppe-group\/"]}]}},"_links":{"self":[{"href":"https:\/\/www.hueppe.com\/fr\/wp-json\/wp\/v2\/product\/194681","targetHints":{"allow":["GET"]}}],"collection":[{"href":"https:\/\/www.hueppe.com\/fr\/wp-json\/wp\/v2\/product"}],"about":[{"href":"https:\/\/www.hueppe.com\/fr\/wp-json\/wp\/v2\/types\/product"}],"wp:attachment":[{"href":"https:\/\/www.hueppe.com\/fr\/wp-json\/wp\/v2\/media?parent=194681"}],"wp:term":[{"taxonomy":"product_cat","embeddable":true,"href":"https:\/\/www.hueppe.com\/fr\/wp-json\/wp\/v2\/product_cat?post=194681"},{"taxonomy":"product_tag","embeddable":true,"href":"https:\/\/www.hueppe.com\/fr\/wp-json\/wp\/v2\/product_tag?post=194681"}],"curies":[{"name":"wp","href":"https:\/\/api.w.org\/{rel}","templated":true}]}}