{"id":194687,"date":"2023-05-09T18:51:02","date_gmt":"2023-05-09T16:51:02","guid":{"rendered":"https:\/\/www.hueppe.com\/?post_type=product&#038;p=194687"},"modified":"2024-03-27T04:55:25","modified_gmt":"2024-03-27T03:55:25","slug":"purano","status":"publish","type":"product","link":"https:\/\/www.hueppe.com\/fr\/products\/receveurs-de-douche\/purano\/","title":{"rendered":"Purano"},"content":{"rendered":"<h3 class=\"m_product_description-headline\">Pr\u00e9sentation d\u2019un favori de nos clients<\/h3>\n<p class=\"m_product_description-copy\">L&rsquo;H\u00dcPPE Purano s\u00e9duit d\u00e8s le premier regard. La Purano vous s\u00e9duira gr\u00e2ce \u00e0 ses propri\u00e9t\u00e9s antid\u00e9rapantes et emmagasinant la chaleur. Cette s\u00e9rie se distingue par une surface l\u00e9g\u00e8rement structur\u00e9e. Vous b\u00e9n\u00e9ficierez ainsi d&rsquo;un pied s\u00fbr et d&rsquo;une sensation confortable.<\/p>\n","protected":false},"excerpt":{"rendered":"<p>Pr\u00e9sentation d\u2019un favori de nos clients L&rsquo;H\u00dcPPE Purano s\u00e9duit d\u00e8s le premier regard. La Purano vous s\u00e9duira gr\u00e2ce \u00e0 ses propri\u00e9t\u00e9s antid\u00e9rapantes et emmagasinant la chaleur. Cette s\u00e9rie se distingue par une surface l\u00e9g\u00e8rement structur\u00e9e. Vous b\u00e9n\u00e9ficierez ainsi d&rsquo;un pied s\u00fbr et d&rsquo;une sensation confortable.<\/p>\n","protected":false},"featured_media":0,"template":"","meta":{"_acf_changed":false,"site-sidebar-layout":"default","site-content-layout":"default","ast-global-header-display":"","ast-banner-title-visibility":"","ast-main-header-display":"","ast-hfb-above-header-display":"","ast-hfb-below-header-display":"","ast-hfb-mobile-header-display":"","site-post-title":"","ast-breadcrumbs-content":"","ast-featured-img":"","footer-sml-layout":"","theme-transparent-header-meta":"default","adv-header-id-meta":"","stick-header-meta":"","header-above-stick-meta":"","header-main-stick-meta":"","header-below-stick-meta":""},"product_cat":[184],"product_tag":[],"class_list":{"0":"post-194687","1":"product","2":"type-product","3":"status-publish","5":"product_cat-receveurs-de-douche","6":"desktop-align-left","7":"tablet-align-left","8":"mobile-align-left","10":"first","11":"instock","12":"downloadable","13":"shipping-taxable","14":"product-type-simple"},"acf":[],"yoast_head":"<!-- This site is optimized with the Yoast SEO Premium plugin v22.3 (Yoast SEO v24.6) - https:\/\/yoast.com\/wordpress\/plugins\/seo\/ -->\n<title>Purano - HUEPPE<\/title>\n<meta name=\"description\" content=\"D\u00e9couvrez le receveur de douche H\u00dcPPE Purano - avec des propri\u00e9t\u00e9s antid\u00e9rapantes et de r\u00e9tention de la chaleur pour une exp\u00e9rience de douche optimale.\" \/>\n<meta name=\"robots\" content=\"index, follow, max-snippet:-1, max-image-preview:large, max-video-preview:-1\" \/>\n<link rel=\"canonical\" href=\"https:\/\/www.hueppe.com\/fr\/products\/receveurs-de-douche\/purano\/\" \/>\n<meta property=\"og:locale\" content=\"fr_FR\" \/>\n<meta property=\"og:type\" content=\"article\" \/>\n<meta property=\"og:title\" content=\"Purano\" \/>\n<meta property=\"og:description\" content=\"D\u00e9couvrez le receveur de douche H\u00dcPPE Purano - avec des propri\u00e9t\u00e9s antid\u00e9rapantes et de r\u00e9tention de la chaleur pour une exp\u00e9rience de douche optimale.\" \/>\n<meta property=\"og:url\" content=\"https:\/\/www.hueppe.com\/fr\/products\/receveurs-de-douche\/purano\/\" \/>\n<meta property=\"og:site_name\" content=\"HUEPPE\" \/>\n<meta property=\"article:modified_time\" content=\"2024-03-27T03:55:25+00:00\" \/>\n<meta property=\"og:image\" content=\"https:\/\/www.hueppe.com\/wp-content\/uploads\/2023\/01\/news5.png\" \/>\n\t<meta property=\"og:image:width\" content=\"820\" \/>\n\t<meta property=\"og:image:height\" content=\"514\" \/>\n\t<meta property=\"og:image:type\" content=\"image\/png\" \/>\n<meta name=\"twitter:card\" content=\"summary_large_image\" \/>\n<meta name=\"twitter:label1\" content=\"Dur\u00e9e de lecture estim\u00e9e\" \/>\n\t<meta name=\"twitter:data1\" content=\"1 minute\" \/>\n<script type=\"application\/ld+json\" class=\"yoast-schema-graph\">{\"@context\":\"https:\/\/schema.org\",\"@graph\":[{\"@type\":\"WebPage\",\"@id\":\"https:\/\/www.hueppe.com\/fr\/products\/receveurs-de-douche\/purano\/\",\"url\":\"https:\/\/www.hueppe.com\/fr\/products\/receveurs-de-douche\/purano\/\",\"name\":\"Purano - HUEPPE\",\"isPartOf\":{\"@id\":\"https:\/\/www.hueppe.com\/fr\/#website\"},\"datePublished\":\"2023-05-09T16:51:02+00:00\",\"dateModified\":\"2024-03-27T03:55:25+00:00\",\"description\":\"D\u00e9couvrez le receveur de douche H\u00dcPPE Purano - avec des propri\u00e9t\u00e9s antid\u00e9rapantes et de r\u00e9tention de la chaleur pour une exp\u00e9rience de douche optimale.\",\"breadcrumb\":{\"@id\":\"https:\/\/www.hueppe.com\/fr\/products\/receveurs-de-douche\/purano\/#breadcrumb\"},\"inLanguage\":\"fr-FR\",\"potentialAction\":[{\"@type\":\"ReadAction\",\"target\":[\"https:\/\/www.hueppe.com\/fr\/products\/receveurs-de-douche\/purano\/\"]}]},{\"@type\":\"BreadcrumbList\",\"@id\":\"https:\/\/www.hueppe.com\/fr\/products\/receveurs-de-douche\/purano\/#breadcrumb\",\"itemListElement\":[{\"@type\":\"ListItem\",\"position\":1,\"name\":\"Home\",\"item\":\"https:\/\/www.hueppe.com\/fr\/\"},{\"@type\":\"ListItem\",\"position\":2,\"name\":\"Produits\",\"item\":\"https:\/\/www.hueppe.com\/fr\/shop\/\"},{\"@type\":\"ListItem\",\"position\":3,\"name\":\"Purano\"}]},{\"@type\":\"WebSite\",\"@id\":\"https:\/\/www.hueppe.com\/fr\/#website\",\"url\":\"https:\/\/www.hueppe.com\/fr\/\",\"name\":\"www.HUEPPE.com\",\"description\":\"\",\"publisher\":{\"@id\":\"https:\/\/www.hueppe.com\/fr\/#organization\"},\"potentialAction\":[{\"@type\":\"SearchAction\",\"target\":{\"@type\":\"EntryPoint\",\"urlTemplate\":\"https:\/\/www.hueppe.com\/fr\/?s={search_term_string}\"},\"query-input\":{\"@type\":\"PropertyValueSpecification\",\"valueRequired\":true,\"valueName\":\"search_term_string\"}}],\"inLanguage\":\"fr-FR\"},{\"@type\":\"Organization\",\"@id\":\"https:\/\/www.hueppe.com\/fr\/#organization\",\"name\":\"HUEPPE GmbH\",\"url\":\"https:\/\/www.hueppe.com\/fr\/\",\"logo\":{\"@type\":\"ImageObject\",\"inLanguage\":\"fr-FR\",\"@id\":\"https:\/\/www.hueppe.com\/fr\/#\/schema\/logo\/image\/\",\"url\":\"https:\/\/www.hueppe.com\/wp-content\/uploads\/2024\/04\/Logo.png\",\"contentUrl\":\"https:\/\/www.hueppe.com\/wp-content\/uploads\/2024\/04\/Logo.png\",\"width\":225,\"height\":225,\"caption\":\"HUEPPE GmbH\"},\"image\":{\"@id\":\"https:\/\/www.hueppe.com\/fr\/#\/schema\/logo\/image\/\"},\"sameAs\":[\"https:\/\/www.instagram.com\/hueppe_group\/\",\"https:\/\/www.pinterest.de\/hppegmbh\/\",\"https:\/\/www.youtube.com\/user\/HUEPPEcom\",\"https:\/\/www.linkedin.com\/company\/hueppe-group\/\"]}]}<\/script>\n<!-- \/ Yoast SEO Premium plugin. -->","yoast_head_json":{"title":"Purano - HUEPPE","description":"D\u00e9couvrez le receveur de douche H\u00dcPPE Purano - avec des propri\u00e9t\u00e9s antid\u00e9rapantes et de r\u00e9tention de la chaleur pour une exp\u00e9rience de douche optimale.","robots":{"index":"index","follow":"follow","max-snippet":"max-snippet:-1","max-image-preview":"max-image-preview:large","max-video-preview":"max-video-preview:-1"},"canonical":"https:\/\/www.hueppe.com\/fr\/products\/receveurs-de-douche\/purano\/","og_locale":"fr_FR","og_type":"article","og_title":"Purano","og_description":"D\u00e9couvrez le receveur de douche H\u00dcPPE Purano - avec des propri\u00e9t\u00e9s antid\u00e9rapantes et de r\u00e9tention de la chaleur pour une exp\u00e9rience de douche optimale.","og_url":"https:\/\/www.hueppe.com\/fr\/products\/receveurs-de-douche\/purano\/","og_site_name":"HUEPPE","article_modified_time":"2024-03-27T03:55:25+00:00","og_image":[{"width":820,"height":514,"url":"https:\/\/www.hueppe.com\/wp-content\/uploads\/2023\/01\/news5.png","type":"image\/png"}],"twitter_card":"summary_large_image","twitter_misc":{"Dur\u00e9e de lecture estim\u00e9e":"1 minute"},"schema":{"@context":"https:\/\/schema.org","@graph":[{"@type":"WebPage","@id":"https:\/\/www.hueppe.com\/fr\/products\/receveurs-de-douche\/purano\/","url":"https:\/\/www.hueppe.com\/fr\/products\/receveurs-de-douche\/purano\/","name":"Purano - HUEPPE","isPartOf":{"@id":"https:\/\/www.hueppe.com\/fr\/#website"},"datePublished":"2023-05-09T16:51:02+00:00","dateModified":"2024-03-27T03:55:25+00:00","description":"D\u00e9couvrez le receveur de douche H\u00dcPPE Purano - avec des propri\u00e9t\u00e9s antid\u00e9rapantes et de r\u00e9tention de la chaleur pour une exp\u00e9rience de douche optimale.","breadcrumb":{"@id":"https:\/\/www.hueppe.com\/fr\/products\/receveurs-de-douche\/purano\/#breadcrumb"},"inLanguage":"fr-FR","potentialAction":[{"@type":"ReadAction","target":["https:\/\/www.hueppe.com\/fr\/products\/receveurs-de-douche\/purano\/"]}]},{"@type":"BreadcrumbList","@id":"https:\/\/www.hueppe.com\/fr\/products\/receveurs-de-douche\/purano\/#breadcrumb","itemListElement":[{"@type":"ListItem","position":1,"name":"Home","item":"https:\/\/www.hueppe.com\/fr\/"},{"@type":"ListItem","position":2,"name":"Produits","item":"https:\/\/www.hueppe.com\/fr\/shop\/"},{"@type":"ListItem","position":3,"name":"Purano"}]},{"@type":"WebSite","@id":"https:\/\/www.hueppe.com\/fr\/#website","url":"https:\/\/www.hueppe.com\/fr\/","name":"www.HUEPPE.com","description":"","publisher":{"@id":"https:\/\/www.hueppe.com\/fr\/#organization"},"potentialAction":[{"@type":"SearchAction","target":{"@type":"EntryPoint","urlTemplate":"https:\/\/www.hueppe.com\/fr\/?s={search_term_string}"},"query-input":{"@type":"PropertyValueSpecification","valueRequired":true,"valueName":"search_term_string"}}],"inLanguage":"fr-FR"},{"@type":"Organization","@id":"https:\/\/www.hueppe.com\/fr\/#organization","name":"HUEPPE GmbH","url":"https:\/\/www.hueppe.com\/fr\/","logo":{"@type":"ImageObject","inLanguage":"fr-FR","@id":"https:\/\/www.hueppe.com\/fr\/#\/schema\/logo\/image\/","url":"https:\/\/www.hueppe.com\/wp-content\/uploads\/2024\/04\/Logo.png","contentUrl":"https:\/\/www.hueppe.com\/wp-content\/uploads\/2024\/04\/Logo.png","width":225,"height":225,"caption":"HUEPPE GmbH"},"image":{"@id":"https:\/\/www.hueppe.com\/fr\/#\/schema\/logo\/image\/"},"sameAs":["https:\/\/www.instagram.com\/hueppe_group\/","https:\/\/www.pinterest.de\/hppegmbh\/","https:\/\/www.youtube.com\/user\/HUEPPEcom","https:\/\/www.linkedin.com\/company\/hueppe-group\/"]}]}},"_links":{"self":[{"href":"https:\/\/www.hueppe.com\/fr\/wp-json\/wp\/v2\/product\/194687","targetHints":{"allow":["GET"]}}],"collection":[{"href":"https:\/\/www.hueppe.com\/fr\/wp-json\/wp\/v2\/product"}],"about":[{"href":"https:\/\/www.hueppe.com\/fr\/wp-json\/wp\/v2\/types\/product"}],"wp:attachment":[{"href":"https:\/\/www.hueppe.com\/fr\/wp-json\/wp\/v2\/media?parent=194687"}],"wp:term":[{"taxonomy":"product_cat","embeddable":true,"href":"https:\/\/www.hueppe.com\/fr\/wp-json\/wp\/v2\/product_cat?post=194687"},{"taxonomy":"product_tag","embeddable":true,"href":"https:\/\/www.hueppe.com\/fr\/wp-json\/wp\/v2\/product_tag?post=194687"}],"curies":[{"name":"wp","href":"https:\/\/api.w.org\/{rel}","templated":true}]}}