{"id":194689,"date":"2025-02-13T07:39:27","date_gmt":"2025-02-13T06:39:27","guid":{"rendered":"https:\/\/www.hueppe.com\/?post_type=product&#038;p=194689"},"modified":"2024-03-27T04:52:33","modified_gmt":"2024-03-27T03:52:33","slug":"combinett-2","status":"publish","type":"product","link":"https:\/\/www.hueppe.com\/fr\/products\/pare-baignoires\/combinett-2\/","title":{"rendered":"Combinett 2"},"content":{"rendered":"<h3 class=\"m_product_description-headline\">\u00c9panouissez-vous m\u00eame dans un petit espace<\/h3>\n<p class=\"m_product_description-copy\">Douche ou bain\u00a0? L&rsquo;H\u00dcPPE Combinett 2 vous permet de faire les deux, m\u00eame dans une petite salle de bain. En effet, il est pliable et constitue donc la combinaison id\u00e9ale des deux. Et ce, \u00e0 un prix d\u2019entr\u00e9e de gamme avantageux.<\/p>\n","protected":false},"excerpt":{"rendered":"<p>\u00c9panouissez-vous m\u00eame dans un petit espace Douche ou bain\u00a0? L&rsquo;H\u00dcPPE Combinett 2 vous permet de faire les deux, m\u00eame dans une petite salle de bain. En effet, il est pliable et constitue donc la combinaison id\u00e9ale des deux. Et ce, \u00e0 un prix d\u2019entr\u00e9e de gamme avantageux.<\/p>\n","protected":false},"featured_media":0,"template":"","meta":{"_acf_changed":false,"site-sidebar-layout":"default","site-content-layout":"default","ast-global-header-display":"","ast-banner-title-visibility":"","ast-main-header-display":"","ast-hfb-above-header-display":"","ast-hfb-below-header-display":"","ast-hfb-mobile-header-display":"","site-post-title":"","ast-breadcrumbs-content":"","ast-featured-img":"","footer-sml-layout":"","theme-transparent-header-meta":"","adv-header-id-meta":"","stick-header-meta":"","header-above-stick-meta":"","header-main-stick-meta":"","header-below-stick-meta":""},"product_cat":[183],"product_tag":[],"class_list":{"0":"post-194689","1":"product","2":"type-product","3":"status-publish","5":"product_cat-pare-baignoires","6":"desktop-align-left","7":"tablet-align-left","8":"mobile-align-left","10":"first","11":"instock","12":"shipping-taxable","13":"product-type-simple"},"acf":[],"yoast_head":"<!-- This site is optimized with the Yoast SEO Premium plugin v22.3 (Yoast SEO v24.6) - https:\/\/yoast.com\/wordpress\/plugins\/seo\/ -->\n<title>Combinett 2 - HUEPPE<\/title>\n<meta name=\"description\" content=\"D\u00e9couvrez la paroi de baignoire Combinett 2 - la solution parfaite pour les petites salles de bains. Disponible maintenant \u00e0 un prix de d\u00e9part avantageux.\" \/>\n<meta name=\"robots\" content=\"index, follow, max-snippet:-1, max-image-preview:large, max-video-preview:-1\" \/>\n<link rel=\"canonical\" href=\"https:\/\/www.hueppe.com\/fr\/products\/pare-baignoires\/combinett-2\/\" \/>\n<meta property=\"og:locale\" content=\"fr_FR\" \/>\n<meta property=\"og:type\" content=\"article\" \/>\n<meta property=\"og:title\" content=\"Combinett 2\" \/>\n<meta property=\"og:description\" content=\"D\u00e9couvrez la paroi de baignoire Combinett 2 - la solution parfaite pour les petites salles de bains. Disponible maintenant \u00e0 un prix de d\u00e9part avantageux.\" \/>\n<meta property=\"og:url\" content=\"https:\/\/www.hueppe.com\/fr\/products\/pare-baignoires\/combinett-2\/\" \/>\n<meta property=\"og:site_name\" content=\"HUEPPE\" \/>\n<meta property=\"og:image\" content=\"https:\/\/www.hueppe.com\/wp-content\/uploads\/2023\/01\/news5.png\" \/>\n\t<meta property=\"og:image:width\" content=\"820\" \/>\n\t<meta property=\"og:image:height\" content=\"514\" \/>\n\t<meta property=\"og:image:type\" content=\"image\/png\" \/>\n<meta name=\"twitter:card\" content=\"summary_large_image\" \/>\n<meta name=\"twitter:label1\" content=\"Dur\u00e9e de lecture estim\u00e9e\" \/>\n\t<meta name=\"twitter:data1\" content=\"1 minute\" \/>\n<script type=\"application\/ld+json\" class=\"yoast-schema-graph\">{\"@context\":\"https:\/\/schema.org\",\"@graph\":[{\"@type\":\"WebPage\",\"@id\":\"https:\/\/www.hueppe.com\/fr\/products\/pare-baignoires\/combinett-2\/\",\"url\":\"https:\/\/www.hueppe.com\/fr\/products\/pare-baignoires\/combinett-2\/\",\"name\":\"Combinett 2 - HUEPPE\",\"isPartOf\":{\"@id\":\"https:\/\/www.hueppe.com\/fr\/#website\"},\"datePublished\":\"2025-02-13T06:39:27+00:00\",\"description\":\"D\u00e9couvrez la paroi de baignoire Combinett 2 - la solution parfaite pour les petites salles de bains. Disponible maintenant \u00e0 un prix de d\u00e9part avantageux.\",\"breadcrumb\":{\"@id\":\"https:\/\/www.hueppe.com\/fr\/products\/pare-baignoires\/combinett-2\/#breadcrumb\"},\"inLanguage\":\"fr-FR\",\"potentialAction\":[{\"@type\":\"ReadAction\",\"target\":[\"https:\/\/www.hueppe.com\/fr\/products\/pare-baignoires\/combinett-2\/\"]}]},{\"@type\":\"BreadcrumbList\",\"@id\":\"https:\/\/www.hueppe.com\/fr\/products\/pare-baignoires\/combinett-2\/#breadcrumb\",\"itemListElement\":[{\"@type\":\"ListItem\",\"position\":1,\"name\":\"Home\",\"item\":\"https:\/\/www.hueppe.com\/fr\/\"},{\"@type\":\"ListItem\",\"position\":2,\"name\":\"Produits\",\"item\":\"https:\/\/www.hueppe.com\/fr\/shop\/\"},{\"@type\":\"ListItem\",\"position\":3,\"name\":\"Combinett 2\"}]},{\"@type\":\"WebSite\",\"@id\":\"https:\/\/www.hueppe.com\/fr\/#website\",\"url\":\"https:\/\/www.hueppe.com\/fr\/\",\"name\":\"www.HUEPPE.com\",\"description\":\"\",\"publisher\":{\"@id\":\"https:\/\/www.hueppe.com\/fr\/#organization\"},\"potentialAction\":[{\"@type\":\"SearchAction\",\"target\":{\"@type\":\"EntryPoint\",\"urlTemplate\":\"https:\/\/www.hueppe.com\/fr\/?s={search_term_string}\"},\"query-input\":{\"@type\":\"PropertyValueSpecification\",\"valueRequired\":true,\"valueName\":\"search_term_string\"}}],\"inLanguage\":\"fr-FR\"},{\"@type\":\"Organization\",\"@id\":\"https:\/\/www.hueppe.com\/fr\/#organization\",\"name\":\"HUEPPE GmbH\",\"url\":\"https:\/\/www.hueppe.com\/fr\/\",\"logo\":{\"@type\":\"ImageObject\",\"inLanguage\":\"fr-FR\",\"@id\":\"https:\/\/www.hueppe.com\/fr\/#\/schema\/logo\/image\/\",\"url\":\"https:\/\/www.hueppe.com\/wp-content\/uploads\/2024\/04\/Logo.png\",\"contentUrl\":\"https:\/\/www.hueppe.com\/wp-content\/uploads\/2024\/04\/Logo.png\",\"width\":225,\"height\":225,\"caption\":\"HUEPPE GmbH\"},\"image\":{\"@id\":\"https:\/\/www.hueppe.com\/fr\/#\/schema\/logo\/image\/\"},\"sameAs\":[\"https:\/\/www.instagram.com\/hueppe_group\/\",\"https:\/\/www.pinterest.de\/hppegmbh\/\",\"https:\/\/www.youtube.com\/user\/HUEPPEcom\",\"https:\/\/www.linkedin.com\/company\/hueppe-group\/\"]}]}<\/script>\n<!-- \/ Yoast SEO Premium plugin. -->","yoast_head_json":{"title":"Combinett 2 - HUEPPE","description":"D\u00e9couvrez la paroi de baignoire Combinett 2 - la solution parfaite pour les petites salles de bains. Disponible maintenant \u00e0 un prix de d\u00e9part avantageux.","robots":{"index":"index","follow":"follow","max-snippet":"max-snippet:-1","max-image-preview":"max-image-preview:large","max-video-preview":"max-video-preview:-1"},"canonical":"https:\/\/www.hueppe.com\/fr\/products\/pare-baignoires\/combinett-2\/","og_locale":"fr_FR","og_type":"article","og_title":"Combinett 2","og_description":"D\u00e9couvrez la paroi de baignoire Combinett 2 - la solution parfaite pour les petites salles de bains. Disponible maintenant \u00e0 un prix de d\u00e9part avantageux.","og_url":"https:\/\/www.hueppe.com\/fr\/products\/pare-baignoires\/combinett-2\/","og_site_name":"HUEPPE","og_image":[{"width":820,"height":514,"url":"https:\/\/www.hueppe.com\/wp-content\/uploads\/2023\/01\/news5.png","type":"image\/png"}],"twitter_card":"summary_large_image","twitter_misc":{"Dur\u00e9e de lecture estim\u00e9e":"1 minute"},"schema":{"@context":"https:\/\/schema.org","@graph":[{"@type":"WebPage","@id":"https:\/\/www.hueppe.com\/fr\/products\/pare-baignoires\/combinett-2\/","url":"https:\/\/www.hueppe.com\/fr\/products\/pare-baignoires\/combinett-2\/","name":"Combinett 2 - HUEPPE","isPartOf":{"@id":"https:\/\/www.hueppe.com\/fr\/#website"},"datePublished":"2025-02-13T06:39:27+00:00","description":"D\u00e9couvrez la paroi de baignoire Combinett 2 - la solution parfaite pour les petites salles de bains. Disponible maintenant \u00e0 un prix de d\u00e9part avantageux.","breadcrumb":{"@id":"https:\/\/www.hueppe.com\/fr\/products\/pare-baignoires\/combinett-2\/#breadcrumb"},"inLanguage":"fr-FR","potentialAction":[{"@type":"ReadAction","target":["https:\/\/www.hueppe.com\/fr\/products\/pare-baignoires\/combinett-2\/"]}]},{"@type":"BreadcrumbList","@id":"https:\/\/www.hueppe.com\/fr\/products\/pare-baignoires\/combinett-2\/#breadcrumb","itemListElement":[{"@type":"ListItem","position":1,"name":"Home","item":"https:\/\/www.hueppe.com\/fr\/"},{"@type":"ListItem","position":2,"name":"Produits","item":"https:\/\/www.hueppe.com\/fr\/shop\/"},{"@type":"ListItem","position":3,"name":"Combinett 2"}]},{"@type":"WebSite","@id":"https:\/\/www.hueppe.com\/fr\/#website","url":"https:\/\/www.hueppe.com\/fr\/","name":"www.HUEPPE.com","description":"","publisher":{"@id":"https:\/\/www.hueppe.com\/fr\/#organization"},"potentialAction":[{"@type":"SearchAction","target":{"@type":"EntryPoint","urlTemplate":"https:\/\/www.hueppe.com\/fr\/?s={search_term_string}"},"query-input":{"@type":"PropertyValueSpecification","valueRequired":true,"valueName":"search_term_string"}}],"inLanguage":"fr-FR"},{"@type":"Organization","@id":"https:\/\/www.hueppe.com\/fr\/#organization","name":"HUEPPE GmbH","url":"https:\/\/www.hueppe.com\/fr\/","logo":{"@type":"ImageObject","inLanguage":"fr-FR","@id":"https:\/\/www.hueppe.com\/fr\/#\/schema\/logo\/image\/","url":"https:\/\/www.hueppe.com\/wp-content\/uploads\/2024\/04\/Logo.png","contentUrl":"https:\/\/www.hueppe.com\/wp-content\/uploads\/2024\/04\/Logo.png","width":225,"height":225,"caption":"HUEPPE GmbH"},"image":{"@id":"https:\/\/www.hueppe.com\/fr\/#\/schema\/logo\/image\/"},"sameAs":["https:\/\/www.instagram.com\/hueppe_group\/","https:\/\/www.pinterest.de\/hppegmbh\/","https:\/\/www.youtube.com\/user\/HUEPPEcom","https:\/\/www.linkedin.com\/company\/hueppe-group\/"]}]}},"_links":{"self":[{"href":"https:\/\/www.hueppe.com\/fr\/wp-json\/wp\/v2\/product\/194689","targetHints":{"allow":["GET"]}}],"collection":[{"href":"https:\/\/www.hueppe.com\/fr\/wp-json\/wp\/v2\/product"}],"about":[{"href":"https:\/\/www.hueppe.com\/fr\/wp-json\/wp\/v2\/types\/product"}],"wp:attachment":[{"href":"https:\/\/www.hueppe.com\/fr\/wp-json\/wp\/v2\/media?parent=194689"}],"wp:term":[{"taxonomy":"product_cat","embeddable":true,"href":"https:\/\/www.hueppe.com\/fr\/wp-json\/wp\/v2\/product_cat?post=194689"},{"taxonomy":"product_tag","embeddable":true,"href":"https:\/\/www.hueppe.com\/fr\/wp-json\/wp\/v2\/product_tag?post=194689"}],"curies":[{"name":"wp","href":"https:\/\/api.w.org\/{rel}","templated":true}]}}