{"id":205074,"date":"2023-05-09T18:50:28","date_gmt":"2023-05-09T16:50:28","guid":{"rendered":"https:\/\/www.hueppe.com\/produkte\/non%20class\u00e9\/vita-pure\/"},"modified":"2025-02-21T17:07:45","modified_gmt":"2025-02-21T16:07:45","slug":"vita-pure","status":"publish","type":"product","link":"https:\/\/www.hueppe.com\/fr\/produkte\/duschkabinen\/vita-pure\/","title":{"rendered":"Vita pure"},"content":{"rendered":"<h3 class=\"m_product_description-headline\">La merveilleuse l\u00e9g\u00e8ret\u00e9 de la douche<\/h3>\n<p class=\"m_product_description-copy\">Quoi de plus agr\u00e9able le matin que de commencer la journ\u00e9e en toute insouciance. Avec son esth\u00e9tique flottante et sa transparence g\u00e9n\u00e9reuse, H\u00dcPPE Vita pure procure une agr\u00e9able sensation de l\u00e9g\u00e8ret\u00e9 et de libert\u00e9 quasi illimit\u00e9e. Ses contours r\u00e9duits au strict minimum cr\u00e9ent une clart\u00e9 bienfaisante en termes de fonctionnalit\u00e9 et de forme, qui n&rsquo;a pas son pareil dans l&rsquo;espace douche.<\/p>\n","protected":false},"excerpt":{"rendered":"<p>La merveilleuse l\u00e9g\u00e8ret\u00e9 de la douche Quoi de plus agr\u00e9able le matin que de commencer la journ\u00e9e en toute insouciance. Avec son esth\u00e9tique flottante et sa transparence g\u00e9n\u00e9reuse, H\u00dcPPE Vita pure procure une agr\u00e9able sensation de l\u00e9g\u00e8ret\u00e9 et de libert\u00e9 quasi illimit\u00e9e. Ses contours r\u00e9duits au strict minimum cr\u00e9ent une clart\u00e9 bienfaisante en termes de &hellip;<\/p>\n<p class=\"read-more\"> <a class=\"\" href=\"https:\/\/www.hueppe.com\/fr\/produkte\/duschkabinen\/vita-pure\/\"> <span class=\"screen-reader-text\">Vita pure<\/span> Read More &raquo;<\/a><\/p>\n","protected":false},"featured_media":0,"template":"","meta":{"_acf_changed":false,"site-sidebar-layout":"default","site-content-layout":"default","ast-global-header-display":"","ast-banner-title-visibility":"","ast-main-header-display":"","ast-hfb-above-header-display":"","ast-hfb-below-header-display":"","ast-hfb-mobile-header-display":"","site-post-title":"","ast-breadcrumbs-content":"","ast-featured-img":"","footer-sml-layout":"","theme-transparent-header-meta":"default","adv-header-id-meta":"","stick-header-meta":"","header-above-stick-meta":"","header-main-stick-meta":"","header-below-stick-meta":""},"product_cat":[185],"product_tag":[],"class_list":{"0":"post-205074","1":"product","2":"type-product","3":"status-publish","5":"product_cat-cabines-de-douche","6":"desktop-align-left","7":"tablet-align-left","8":"mobile-align-left","10":"first","11":"instock","12":"downloadable","13":"shipping-taxable","14":"product-type-simple"},"acf":[],"yoast_head":"<!-- This site is optimized with the Yoast SEO Premium plugin v22.3 (Yoast SEO v24.6) - https:\/\/yoast.com\/wordpress\/plugins\/seo\/ -->\n<title>Vita pure - HUEPPE<\/title>\n<meta name=\"description\" content=\"Avec son esth\u00e9tique flottante et sa transparence g\u00e9n\u00e9reuse, H\u00dcPPE Vita pure procure une agr\u00e9able sensation de l\u00e9g\u00e8ret\u00e9 et de libert\u00e9 presque illimit\u00e9e.\" \/>\n<meta name=\"robots\" content=\"index, follow, max-snippet:-1, max-image-preview:large, max-video-preview:-1\" \/>\n<link rel=\"canonical\" href=\"https:\/\/www.hueppe.com\/fr\/produkte\/duschkabinen\/vita-pure\/\" \/>\n<meta property=\"og:locale\" content=\"fr_FR\" \/>\n<meta property=\"og:type\" content=\"article\" \/>\n<meta property=\"og:title\" content=\"Vita pure\" \/>\n<meta property=\"og:description\" content=\"Avec son esth\u00e9tique flottante et sa transparence g\u00e9n\u00e9reuse, H\u00dcPPE Vita pure procure une agr\u00e9able sensation de l\u00e9g\u00e8ret\u00e9 et de libert\u00e9 presque illimit\u00e9e.\" \/>\n<meta property=\"og:url\" content=\"https:\/\/www.hueppe.com\/fr\/produkte\/duschkabinen\/vita-pure\/\" \/>\n<meta property=\"og:site_name\" content=\"HUEPPE\" \/>\n<meta property=\"article:modified_time\" content=\"2025-02-21T16:07:45+00:00\" \/>\n<meta property=\"og:image\" content=\"https:\/\/www.hueppe.com\/wp-content\/uploads\/2023\/01\/news5.png\" \/>\n\t<meta property=\"og:image:width\" content=\"820\" \/>\n\t<meta property=\"og:image:height\" content=\"514\" \/>\n\t<meta property=\"og:image:type\" content=\"image\/png\" \/>\n<meta name=\"twitter:card\" content=\"summary_large_image\" \/>\n<meta name=\"twitter:label1\" content=\"Dur\u00e9e de lecture estim\u00e9e\" \/>\n\t<meta name=\"twitter:data1\" content=\"3 minutes\" \/>\n<script type=\"application\/ld+json\" class=\"yoast-schema-graph\">{\"@context\":\"https:\/\/schema.org\",\"@graph\":[{\"@type\":\"WebPage\",\"@id\":\"https:\/\/www.hueppe.com\/fr\/produkte\/duschkabinen\/vita-pure\/\",\"url\":\"https:\/\/www.hueppe.com\/fr\/produkte\/duschkabinen\/vita-pure\/\",\"name\":\"Vita pure - HUEPPE\",\"isPartOf\":{\"@id\":\"https:\/\/www.hueppe.com\/fr\/#website\"},\"datePublished\":\"2023-05-09T16:50:28+00:00\",\"dateModified\":\"2025-02-21T16:07:45+00:00\",\"description\":\"Avec son esth\u00e9tique flottante et sa transparence g\u00e9n\u00e9reuse, H\u00dcPPE Vita pure procure une agr\u00e9able sensation de l\u00e9g\u00e8ret\u00e9 et de libert\u00e9 presque illimit\u00e9e.\",\"breadcrumb\":{\"@id\":\"https:\/\/www.hueppe.com\/fr\/produkte\/duschkabinen\/vita-pure\/#breadcrumb\"},\"inLanguage\":\"fr-FR\",\"potentialAction\":[{\"@type\":\"ReadAction\",\"target\":[\"https:\/\/www.hueppe.com\/fr\/produkte\/duschkabinen\/vita-pure\/\"]}]},{\"@type\":\"BreadcrumbList\",\"@id\":\"https:\/\/www.hueppe.com\/fr\/produkte\/duschkabinen\/vita-pure\/#breadcrumb\",\"itemListElement\":[{\"@type\":\"ListItem\",\"position\":1,\"name\":\"Home\",\"item\":\"https:\/\/www.hueppe.com\/fr\/\"},{\"@type\":\"ListItem\",\"position\":2,\"name\":\"Produits\",\"item\":\"https:\/\/www.hueppe.com\/fr\/shop\/\"},{\"@type\":\"ListItem\",\"position\":3,\"name\":\"Vita pure\"}]},{\"@type\":\"WebSite\",\"@id\":\"https:\/\/www.hueppe.com\/fr\/#website\",\"url\":\"https:\/\/www.hueppe.com\/fr\/\",\"name\":\"www.HUEPPE.com\",\"description\":\"\",\"publisher\":{\"@id\":\"https:\/\/www.hueppe.com\/fr\/#organization\"},\"potentialAction\":[{\"@type\":\"SearchAction\",\"target\":{\"@type\":\"EntryPoint\",\"urlTemplate\":\"https:\/\/www.hueppe.com\/fr\/?s={search_term_string}\"},\"query-input\":{\"@type\":\"PropertyValueSpecification\",\"valueRequired\":true,\"valueName\":\"search_term_string\"}}],\"inLanguage\":\"fr-FR\"},{\"@type\":\"Organization\",\"@id\":\"https:\/\/www.hueppe.com\/fr\/#organization\",\"name\":\"HUEPPE GmbH\",\"url\":\"https:\/\/www.hueppe.com\/fr\/\",\"logo\":{\"@type\":\"ImageObject\",\"inLanguage\":\"fr-FR\",\"@id\":\"https:\/\/www.hueppe.com\/fr\/#\/schema\/logo\/image\/\",\"url\":\"https:\/\/www.hueppe.com\/wp-content\/uploads\/2024\/04\/Logo.png\",\"contentUrl\":\"https:\/\/www.hueppe.com\/wp-content\/uploads\/2024\/04\/Logo.png\",\"width\":225,\"height\":225,\"caption\":\"HUEPPE GmbH\"},\"image\":{\"@id\":\"https:\/\/www.hueppe.com\/fr\/#\/schema\/logo\/image\/\"},\"sameAs\":[\"https:\/\/www.instagram.com\/hueppe_group\/\",\"https:\/\/www.pinterest.de\/hppegmbh\/\",\"https:\/\/www.youtube.com\/user\/HUEPPEcom\",\"https:\/\/www.linkedin.com\/company\/hueppe-group\/\"]}]}<\/script>\n<!-- \/ Yoast SEO Premium plugin. -->","yoast_head_json":{"title":"Vita pure - HUEPPE","description":"Avec son esth\u00e9tique flottante et sa transparence g\u00e9n\u00e9reuse, H\u00dcPPE Vita pure procure une agr\u00e9able sensation de l\u00e9g\u00e8ret\u00e9 et de libert\u00e9 presque illimit\u00e9e.","robots":{"index":"index","follow":"follow","max-snippet":"max-snippet:-1","max-image-preview":"max-image-preview:large","max-video-preview":"max-video-preview:-1"},"canonical":"https:\/\/www.hueppe.com\/fr\/produkte\/duschkabinen\/vita-pure\/","og_locale":"fr_FR","og_type":"article","og_title":"Vita pure","og_description":"Avec son esth\u00e9tique flottante et sa transparence g\u00e9n\u00e9reuse, H\u00dcPPE Vita pure procure une agr\u00e9able sensation de l\u00e9g\u00e8ret\u00e9 et de libert\u00e9 presque illimit\u00e9e.","og_url":"https:\/\/www.hueppe.com\/fr\/produkte\/duschkabinen\/vita-pure\/","og_site_name":"HUEPPE","article_modified_time":"2025-02-21T16:07:45+00:00","og_image":[{"width":820,"height":514,"url":"https:\/\/www.hueppe.com\/wp-content\/uploads\/2023\/01\/news5.png","type":"image\/png"}],"twitter_card":"summary_large_image","twitter_misc":{"Dur\u00e9e de lecture estim\u00e9e":"3 minutes"},"schema":{"@context":"https:\/\/schema.org","@graph":[{"@type":"WebPage","@id":"https:\/\/www.hueppe.com\/fr\/produkte\/duschkabinen\/vita-pure\/","url":"https:\/\/www.hueppe.com\/fr\/produkte\/duschkabinen\/vita-pure\/","name":"Vita pure - HUEPPE","isPartOf":{"@id":"https:\/\/www.hueppe.com\/fr\/#website"},"datePublished":"2023-05-09T16:50:28+00:00","dateModified":"2025-02-21T16:07:45+00:00","description":"Avec son esth\u00e9tique flottante et sa transparence g\u00e9n\u00e9reuse, H\u00dcPPE Vita pure procure une agr\u00e9able sensation de l\u00e9g\u00e8ret\u00e9 et de libert\u00e9 presque illimit\u00e9e.","breadcrumb":{"@id":"https:\/\/www.hueppe.com\/fr\/produkte\/duschkabinen\/vita-pure\/#breadcrumb"},"inLanguage":"fr-FR","potentialAction":[{"@type":"ReadAction","target":["https:\/\/www.hueppe.com\/fr\/produkte\/duschkabinen\/vita-pure\/"]}]},{"@type":"BreadcrumbList","@id":"https:\/\/www.hueppe.com\/fr\/produkte\/duschkabinen\/vita-pure\/#breadcrumb","itemListElement":[{"@type":"ListItem","position":1,"name":"Home","item":"https:\/\/www.hueppe.com\/fr\/"},{"@type":"ListItem","position":2,"name":"Produits","item":"https:\/\/www.hueppe.com\/fr\/shop\/"},{"@type":"ListItem","position":3,"name":"Vita pure"}]},{"@type":"WebSite","@id":"https:\/\/www.hueppe.com\/fr\/#website","url":"https:\/\/www.hueppe.com\/fr\/","name":"www.HUEPPE.com","description":"","publisher":{"@id":"https:\/\/www.hueppe.com\/fr\/#organization"},"potentialAction":[{"@type":"SearchAction","target":{"@type":"EntryPoint","urlTemplate":"https:\/\/www.hueppe.com\/fr\/?s={search_term_string}"},"query-input":{"@type":"PropertyValueSpecification","valueRequired":true,"valueName":"search_term_string"}}],"inLanguage":"fr-FR"},{"@type":"Organization","@id":"https:\/\/www.hueppe.com\/fr\/#organization","name":"HUEPPE GmbH","url":"https:\/\/www.hueppe.com\/fr\/","logo":{"@type":"ImageObject","inLanguage":"fr-FR","@id":"https:\/\/www.hueppe.com\/fr\/#\/schema\/logo\/image\/","url":"https:\/\/www.hueppe.com\/wp-content\/uploads\/2024\/04\/Logo.png","contentUrl":"https:\/\/www.hueppe.com\/wp-content\/uploads\/2024\/04\/Logo.png","width":225,"height":225,"caption":"HUEPPE GmbH"},"image":{"@id":"https:\/\/www.hueppe.com\/fr\/#\/schema\/logo\/image\/"},"sameAs":["https:\/\/www.instagram.com\/hueppe_group\/","https:\/\/www.pinterest.de\/hppegmbh\/","https:\/\/www.youtube.com\/user\/HUEPPEcom","https:\/\/www.linkedin.com\/company\/hueppe-group\/"]}]}},"_links":{"self":[{"href":"https:\/\/www.hueppe.com\/fr\/wp-json\/wp\/v2\/product\/205074","targetHints":{"allow":["GET"]}}],"collection":[{"href":"https:\/\/www.hueppe.com\/fr\/wp-json\/wp\/v2\/product"}],"about":[{"href":"https:\/\/www.hueppe.com\/fr\/wp-json\/wp\/v2\/types\/product"}],"wp:attachment":[{"href":"https:\/\/www.hueppe.com\/fr\/wp-json\/wp\/v2\/media?parent=205074"}],"wp:term":[{"taxonomy":"product_cat","embeddable":true,"href":"https:\/\/www.hueppe.com\/fr\/wp-json\/wp\/v2\/product_cat?post=205074"},{"taxonomy":"product_tag","embeddable":true,"href":"https:\/\/www.hueppe.com\/fr\/wp-json\/wp\/v2\/product_tag?post=205074"}],"curies":[{"name":"wp","href":"https:\/\/api.w.org\/{rel}","templated":true}]}}