{"id":4786,"date":"2025-06-11T09:15:27","date_gmt":"2025-06-11T07:15:27","guid":{"rendered":"https:\/\/www.hueppe.com\/innovationen\/?page_id=4786"},"modified":"2026-01-07T09:25:50","modified_gmt":"2026-01-07T08:25:50","slug":"konfigurator","status":"publish","type":"page","link":"https:\/\/www.hueppe.com\/innovationen\/cs\/new-era\/konfigurator\/","title":{"rendered":"Konfigurator (ohne Preise) - Einstiegsseite"},"content":{"rendered":"<section id=\"section-4-1009\" class=\" ct-section product-hero__section no-padding overflow-hidden\" ><div class=\"ct-section-inner-wrap\"><div id=\"div_block-5-1009\" class=\"ct-div-block content-wrap full-width\" ><img decoding=\"async\"  id=\"image-6-1009\" alt=\"\" src=\"https:\/\/www.hueppe.com\/innovationen\/wp-content\/uploads\/2025\/06\/Headerbild-Konfigurator.jpg\" class=\"ct-image image-is-cover prod-hero_image full-width\"\/><div id=\"div_block-7-1009\" class=\"ct-div-block hero-grid_big-item_contents content-wrap\" ><div id=\"div_block-8-1009\" class=\"ct-div-block headline-text_wrap\" ><h1 id=\"headline-9-1009\" class=\"ct-headline white-text\"><span id=\"span-10-1009\" class=\"ct-span bold-text oxygenberg-span-10-1009 oxygenberg-element\"><span style=\"font-weight: 300;\">H\u00dcPPE Sphere<br><\/span>H\u00dcPPE Sphere\nSpr\u00e1vn\u00e9 \u0159e\u0161en\u00ed pro v\u00e1\u0161 projekt.\n<\/span><\/h1><div id=\"text_block-11-1009\" class=\"ct-text-block big-text white-text full-width align-left\" >Konfigurujte a najd\u011bte si svou osobn\u00ed H\u00dcPPE Sphere.<\/div><\/div><a id=\"link-12-1009\" class=\"ct-link orange-button black-link link-with-icon content-wrap\" href=\"https:\/\/www.hueppe.com\/innovationen\/cs\/new-era\/huppe-sphere-konfigurator\/\" target=\"_self\"  ><div id=\"text_block-13-1009\" class=\"ct-text-block orange-button-text\" >Konfigurace nyn\u00ed<\/div><img decoding=\"async\"  id=\"image-14-1009\" alt=\"\" src=\"https:\/\/www.hueppe.com\/innovationen\/wp-content\/uploads\/2024\/08\/arrow-black.svg\" class=\"ct-image link-icon\" srcset-disabled=\"\" sizes=\"(max-width: 40px) 100vw, 40px\" \/><\/a><\/div><\/div><\/div><\/section>\n\n<section id=\"section-2-73\" class=\" ct-section main-section horizontal-section gallery__section white-section\" ><div class=\"ct-section-inner-wrap\"><div id=\"div_block-33-73\" class=\"ct-div-block gallery__gallery-wrap width-50\" ><div id=\"_rich_text-77-73\" class=\"oxy-rich-text full-width\" ><p><span style=\"color: #50575e; font-family: -apple-system, BlinkMacSystemFont, 'Segoe UI', Roboto, Oxygen-Sans, Ubuntu, Cantarell, 'Helvetica Neue', sans-serif; font-size: 13px; background-color: #f6f7f7;\">    <div id=\"gallery_69f499ca14f7d\" class=\"custom-gallery\">\n        <div class=\"main-image\">\n            <img decoding=\"async\" src=\"https:\/\/www.hueppe.com\/innovationen\/wp-content\/uploads\/2025\/06\/HUePPE-Sphere-pure-with-Wallbox-and-Light-Black-Edition-freestanding-950x650-3.jpg\" alt=\"\">\n        <\/div>\n        <div class=\"thumbnails\" style=\"display: flex; flex-wrap: wrap; gap: 10px;\">\n                            <div class=\"thumbnail\" style=\"cursor: pointer; flex: 1 0 21%;\">\n                    <img decoding=\"async\" src=\"https:\/\/www.hueppe.com\/innovationen\/wp-content\/uploads\/2025\/06\/HUePPE-Sphere-pure-with-Wallbox-and-Light-Black-Edition-freestanding-950x650-3.jpg\" alt=\"\" data-full=\"https:\/\/www.hueppe.com\/innovationen\/wp-content\/uploads\/2025\/06\/HUePPE-Sphere-pure-with-Wallbox-and-Light-Black-Edition-freestanding-950x650-3.jpg\" style=\"width: 100%; height: auto;\">\n                <\/div>\n                            <div class=\"thumbnail\" style=\"cursor: pointer; flex: 1 0 21%;\">\n                    <img decoding=\"async\" src=\"https:\/\/www.hueppe.com\/innovationen\/wp-content\/uploads\/2025\/06\/HUePPE-Sphere-pure-stainless-steel-Tablet-and-Light-950x650-2.jpg\" alt=\"\" data-full=\"https:\/\/www.hueppe.com\/innovationen\/wp-content\/uploads\/2025\/06\/HUePPE-Sphere-pure-stainless-steel-Tablet-and-Light-950x650-2.jpg\" style=\"width: 100%; height: auto;\">\n                <\/div>\n                            <div class=\"thumbnail\" style=\"cursor: pointer; flex: 1 0 21%;\">\n                    <img decoding=\"async\" src=\"https:\/\/www.hueppe.com\/innovationen\/wp-content\/uploads\/2025\/06\/HUePPE-Sphere-with-Wallbox-and-Light-Black-Edition-snow-950x650-2.jpg\" alt=\"\" data-full=\"https:\/\/www.hueppe.com\/innovationen\/wp-content\/uploads\/2025\/06\/HUePPE-Sphere-with-Wallbox-and-Light-Black-Edition-snow-950x650-2.jpg\" style=\"width: 100%; height: auto;\">\n                <\/div>\n                            <div class=\"thumbnail\" style=\"cursor: pointer; flex: 1 0 21%;\">\n                    <img decoding=\"async\" src=\"https:\/\/www.hueppe.com\/innovationen\/wp-content\/uploads\/2025\/06\/HUePPE-Sphere-Wallbox-black-and-cream-950x650-1.jpg\" alt=\"\" data-full=\"https:\/\/www.hueppe.com\/innovationen\/wp-content\/uploads\/2025\/06\/HUePPE-Sphere-Wallbox-black-and-cream-950x650-1.jpg\" style=\"width: 100%; height: auto;\">\n                <\/div>\n                            <div class=\"thumbnail\" style=\"cursor: pointer; flex: 1 0 21%;\">\n                    <img decoding=\"async\" src=\"https:\/\/www.hueppe.com\/innovationen\/wp-content\/uploads\/2025\/06\/HUePPE-Sphere-pure-side-view-with-light-at-night-950x650-2.jpg\" alt=\"\" data-full=\"https:\/\/www.hueppe.com\/innovationen\/wp-content\/uploads\/2025\/06\/HUePPE-Sphere-pure-side-view-with-light-at-night-950x650-2.jpg\" style=\"width: 100%; height: auto;\">\n                <\/div>\n                            <div class=\"thumbnail\" style=\"cursor: pointer; flex: 1 0 21%;\">\n                    <img decoding=\"async\" src=\"https:\/\/www.hueppe.com\/innovationen\/wp-content\/uploads\/2025\/06\/HUePPE-Sphere-pure-tablet-black-and-light-view-from-inside-950x650-1.jpg\" alt=\"\" data-full=\"https:\/\/www.hueppe.com\/innovationen\/wp-content\/uploads\/2025\/06\/HUePPE-Sphere-pure-tablet-black-and-light-view-from-inside-950x650-1.jpg\" style=\"width: 100%; height: auto;\">\n                <\/div>\n                    <\/div>\n    <\/div>\n    <script>\n        document.addEventListener('DOMContentLoaded', () => {\n            const gallery = document.querySelector('#gallery_69f499ca14f7d');\n            const thumbnails = gallery.querySelectorAll('.thumbnail img');\n            const mainImage = gallery.querySelector('.main-image img');\n\n            thumbnails.forEach(thumbnail => {\n                thumbnail.addEventListener('click', () => {\n                    mainImage.src = thumbnail.getAttribute('data-full');\n                });\n            });\n        });\n    <\/script>\n    <style>\n        .custom-gallery .thumbnails img {\n            margin: 0;\n        }\n        .custom-gallery .main-image img {\n            width: 100%;\n            height: auto;\n            margin-bottom: 3px;\n        }\n    <\/style>\n    <\/span><\/p><\/div><\/div><div id=\"div_block-35-73\" class=\"ct-div-block content-wrap gallery__content-wrap width-50\" ><div id=\"div_block-79-73\" class=\"ct-div-block\" ><h2 id=\"headline-80-73\" class=\"ct-headline big-h2\">H\u00dcPPE Sphere<br><\/h2><h2 id=\"headline-81-73\" class=\"ct-headline big-h2 bold-text\">Ve\u0161ker\u00e1 rozmanitost pro v\u00e1\u0161 projekt.<br><\/h2><\/div><div id=\"_rich_text-82-73\" class=\"oxy-rich-text\" ><p class=\"MsoNormal\">Se syst&eacute;mem H&Uuml;PPE Sphere se sprchov&yacute; kout st&aacute;v&aacute; ned&iacute;lnou sou\u010d&aacute;st&iacute; architektury domu a umo\u017e\u0148uje zcela nov&eacute; p\u0159&iacute;stupy k modelov&aacute;n&iacute; uspo\u0159&aacute;d&aacute;n&iacute; m&iacute;stnosti. Objevte zde celou &scaron;k&aacute;lu chytr&yacute;ch \u0159e&scaron;en&iacute; pro interi&eacute;r koupelny z&iacute;t\u0159ka!<\/p>\n<p>&nbsp;<\/p>\n<p class=\"MsoNormal\">D&iacute;ky modul&aacute;rn&iacute; konstrukci H&Uuml;PPE Sphere si m\u016f\u017eete velmi snadno sestavit sv\u016fj osobn&iacute; sprchov&yacute; kout sn\u016f.<\/p>\n<p class=\"MsoNormal\"><a href=\"..\/hueppe-sphere-konfigurator\/\"><strong>Konfigurujte nyn&iacute;<\/strong><\/a><\/p><\/div><\/div><\/div><\/section>\n\n\n<div style=\"height:0px\" aria-hidden=\"true\" id=\"ve-3-krocich\" class=\"wp-block-spacer\"><\/div>\n\n\n<section id=\"section-4-1868\" class=\" ct-section main-section white-section slider-4__section no-padding-x\" ><div class=\"ct-section-inner-wrap\"><div id=\"div_block-5-1868\" class=\"ct-div-block full-width horizontal-section slider-4__content-wrap\" ><div id=\"div_block-6-1868\" class=\"ct-div-block content-wrap width-50\" ><div id=\"div_block-7-1868\" class=\"ct-div-block\" ><h2 id=\"headline-8-1868\" class=\"ct-headline big-h2\">V\u00e1\u0161 sprchov\u00fd kout na m\u00edru<br><\/h2><h2 id=\"headline-9-1868\" class=\"ct-headline big-h2 bold-text\">Konfiguraci H\u00dcPPE Sphere provedete ve 3 kroc\u00edch.<br><\/h2><\/div><\/div><div id=\"div_block-10-1868\" class=\"ct-div-block content-wrap width-50\" ><div id=\"_rich_text-11-1868\" class=\"oxy-rich-text slider-4__text\" ><p>Nakonfigurujte si sv\u016fj sprchov&yacute; kout H&Uuml;PPE Sphere s &scaron;irokou &scaron;k&aacute;lou designov&yacute;ch mo\u017enost&iacute; z hlediska prostoru, funkce a materi&aacute;lu.<\/p><\/div><\/div><\/div><div id=\"div_block-12-1868\" class=\"ct-div-block full-width-div gallery-wrap\" ><div id=\"div_block-13-1868\" class=\"ct-div-block gallery-grid overflow-x-scroll\" ><div id=\"div_block-24-1868\" class=\"ct-div-block content-wrap slider-4__slider_slide\" ><img decoding=\"async\"  id=\"image-25-1868\" alt=\"\" src=\"https:\/\/www.hueppe.com\/innovationen\/wp-content\/uploads\/2025\/06\/HUePPE-Sphere-pure-with-Wallbox-and-Light-Black-Edition-freestanding-950x650-3.jpg\" class=\"ct-image image-is-cover first-image gallery-image aspect-18-11\"\/><div id=\"div_block-26-1868\" class=\"ct-div-block slider-4__slider_text-wrap text-left\" ><h3 id=\"headline-27-1868\" class=\"ct-headline bold-text\">Krok 1:\n<br>Um\u00edst\u011bn\u00ed v m\u00edstnosti<\/h3><div id=\"text_block-28-1868\" class=\"ct-text-block\" >Bestimmen Sie Wand- oder Eckl\u00f6sung, Abma\u00dfe des Duschplatzes, Art der Installation und Materialkombinationen.<\/div><\/div><\/div><div id=\"div_block-29-1868\" class=\"ct-div-block content-wrap slider-4__slider_slide\" ><img decoding=\"async\"  id=\"image-30-1868\" alt=\"\" src=\"https:\/\/www.hueppe.com\/innovationen\/wp-content\/uploads\/2025\/06\/HUePPE-Sphere-Wallbox-inside-950x650-2.jpg\" class=\"ct-image image-is-cover first-image gallery-image aspect-18-11\"\/><div id=\"div_block-31-1868\" class=\"ct-div-block slider-4__slider_text-wrap text-left\" ><h3 id=\"headline-32-1868\" class=\"ct-headline bold-text\">Krok 2:\n<br>Funkce pro v\u011bt\u0161\u00ed pohodl\u00ed<\/h3><div id=\"text_block-33-1868\" class=\"ct-text-block\" >Vyberte si z \u0159ady inteligentn\u00edch funkc\u00ed, jako je osv\u011btlen\u00ed, \u00falo\u017en\u00fd prostor a police.<\/div><\/div><\/div><div id=\"div_block-40-1868\" class=\"ct-div-block content-wrap slider-4__slider_slide\" ><img decoding=\"async\"  id=\"image-41-1868\" alt=\"\" src=\"https:\/\/www.hueppe.com\/innovationen\/wp-content\/uploads\/2025\/06\/HUePPE-Sphere-materials-950x650-1.jpg\" class=\"ct-image image-is-cover first-image gallery-image aspect-18-11\"\/><div id=\"div_block-42-1868\" class=\"ct-div-block slider-4__slider_text-wrap text-left\" ><h3 id=\"headline-43-1868\" class=\"ct-headline bold-text\">Krok 3:\n<br>Kombinace materi\u00e1l\u016f a barev<\/h3><div id=\"text_block-44-1868\" class=\"ct-text-block\" >Vytvo\u0159te si sv\u00e9 vlastn\u00ed individu\u00e1ln\u00ed \u0159e\u0161en\u00ed pomoc\u00ed r\u016fzn\u00fdch kombinac\u00ed materi\u00e1l\u016f a barev pro profily a d\u011blic\u00ed st\u011bny.<\/div><\/div><\/div><\/div><div id=\"div_block-34-1868\" class=\"ct-div-block full-width-div gallery-navigation-wrap\" ><div id=\"div_block-35-1868\" class=\"ct-div-block gallery-buttons\" ><div id=\"div_block-36-1868\" class=\"ct-div-block gallery-navigation orange-button gallery-navigation-prev\" ><img decoding=\"async\"  id=\"image-37-1868\" alt=\"\" src=\"https:\/\/www.hueppe.com\/innovationen\/wp-content\/uploads\/2024\/08\/arrow-black.svg\" class=\"ct-image link-icon rotate-180\" srcset-disabled=\"\" sizes=\"(max-width: 40px) 100vw, 40px\" \/><\/div><div id=\"div_block-38-1868\" class=\"ct-div-block orange-button gallery-navigation gallery-navigation-next\" ><img decoding=\"async\"  id=\"image-39-1868\" alt=\"\" src=\"https:\/\/www.hueppe.com\/innovationen\/wp-content\/uploads\/2024\/08\/arrow-black.svg\" class=\"ct-image link-icon\" srcset-disabled=\"\" sizes=\"(max-width: 40px) 100vw, 40px\" \/><\/div><\/div><\/div><\/div><\/div><\/section>\n\n<section id=\"section-4-400\" class=\" ct-section main-section horizontal-section teim-compact__section gold-section\" ><div class=\"ct-section-inner-wrap\"><div id=\"div_block-5-400\" class=\"ct-div-block content-wrap\" ><div id=\"div_block-16-400\" class=\"ct-div-block\" ><h2 id=\"headline-17-400\" class=\"ct-headline big-h2 white-text\">Konfigur\u00e1tor H\u00dcPPE Sphere<br><\/h2><h2 id=\"headline-18-400\" class=\"ct-headline big-h2 bold-text white-text\">Za\u010dn\u011bte nyn\u00ed.<br><\/h2><\/div><div id=\"_rich_text-19-400\" class=\"oxy-rich-text white-text\" ><p class=\"MsoNormal\"><span style=\"color: black; mso-themecolor: text1;\">V n\u011bkolika kroc&iacute;ch k va&scaron;emu individu&aacute;ln&iacute;mu \u0159e&scaron;en&iacute; H&Uuml;PPE Sphere - nez&aacute;vazn&eacute; cenov&eacute; doporu\u010den&iacute; v cen\u011b. Pot&eacute; si ulo\u017ete svou personalizovanou konfiguraci ve form&aacute;tu pdf nebo vyhledejte vybran&eacute; prodejce ve sv&eacute;m okol&iacute;. N&aacute;&scaron; t&yacute;m v&aacute;m tak&eacute; r&aacute;d zodpov&iacute; va&scaron;e individu&aacute;ln&iacute; dotazy.<\/span><\/p><\/div><a id=\"link-21-2581\" class=\"ct-link black-link link-with-icon content-wrap white-button\" href=\"https:\/\/www.hueppe.com\/innovationen\/cs\/new-era\/huppe-sphere-konfigurator\/\" target=\"_self\"  ><div id=\"text_block-22-2581\" class=\"ct-text-block orange-button-text\" >Za\u010dn\u011bte s konfigurac\u00ed nyn\u00ed<\/div><img decoding=\"async\"  id=\"image-23-2581\" alt=\"\" src=\"https:\/\/www.hueppe.com\/innovationen\/wp-content\/uploads\/2024\/08\/arrow-black.svg\" class=\"ct-image link-icon\" srcset-disabled=\"\" sizes=\"(max-width: 40px) 100vw, 40px\" \/><\/a><\/div><\/div><\/section>\n\n<section id=\"section-2-62\" class=\" ct-section main-section horizontal-section teim-compact__section white-section\" ><div class=\"ct-section-inner-wrap\"><div id=\"div_block-4-62\" class=\"ct-div-block width-50 content-wrap\" ><div id=\"div_block-19-62\" class=\"ct-div-block\" ><h2 id=\"headline-20-62\" class=\"ct-headline big-h2\">Projektov\u00fd t\u00fdm H\u00dcPPE<br><\/h2><h2 id=\"headline-21-62\" class=\"ct-headline big-h2 bold-text\">V\u00e1\u0161 individu\u00e1ln\u00ed poradensk\u00fd servis.<br><\/h2><\/div><div id=\"_rich_text-17-62\" class=\"oxy-rich-text\" ><p>D\u016fv\u011brn&eacute; vztahy s na&scaron;imi partnery a dialog na &uacute;rovni o\u010d&iacute; jsou pro n&aacute;s obzvl&aacute;&scaron;t\u011b d\u016fle\u017eit&eacute;. N&aacute;&scaron; projektov&yacute; prodejn&iacute; t&yacute;m je v&aacute;m k dispozici, aby v&aacute;m poskytl odborn&eacute; poradenstv&iacute; ohledn\u011b na&scaron;ich v&yacute;robk\u016f a \u0159e&scaron;en&iacute; a podpo\u0159il v&aacute;s p\u0159i \u0159e&scaron;en&iacute; technick&yacute;ch ot&aacute;zek a konstruk\u010dn&iacute;ch probl&eacute;m\u016f. M\u016f\u017eete se tak&eacute; spolehnout na na&scaron;i pomoc p\u0159i v&yacute;b\u011brov&yacute;ch \u0159&iacute;zen&iacute;ch.<\/p>\n<p>Obra\u0165te se na n&aacute;s - odborn&iacute;ci na sprchov&eacute; kouty v na&scaron;em t&yacute;mu projektov&eacute;ho servisu v&aacute;m r&aacute;di pomohou:<\/p>\n<p><strong>V&aacute;&scaron; osobn&iacute; kontakt:<\/strong><br \/>Telefon: +49 4403 67-520<br \/>E-mail: <a href=\"mailto:objekt@hueppe.com\">objekt@hueppe.com<\/a><\/p><\/div><a id=\"link-10-62\" class=\"ct-link link-with-icon bold-text orange-button black-link\" href=\"https:\/\/www.hueppe.com\/innovationen\/cs\/new-era\/sjednejte-si-schuzku\/\" target=\"_self\"  ><div id=\"text_block-11-62\" class=\"ct-text-block\" >Sjednejte si konzultaci<\/div><img decoding=\"async\"  id=\"image-14-62\" alt=\"\" src=\"https:\/\/www.hueppe.com\/innovationen\/wp-content\/uploads\/2024\/08\/arrow-black.svg\" class=\"ct-image link-icon\" srcset-disabled=\"\" sizes=\"(max-width: 40px) 100vw, 40px\" \/><\/a><\/div><div id=\"div_block-3-62\" class=\"ct-div-block width-50\" ><img decoding=\"async\"  id=\"image-5-62\" alt=\"\" src=\"https:\/\/www.hueppe.com\/innovationen\/wp-content\/uploads\/2024\/11\/DSC1271_02_CMYK.jpg\" class=\"ct-image \"\/><\/div><\/div><\/section>","protected":false},"excerpt":{"rendered":"","protected":false},"author":5,"featured_media":0,"parent":4784,"menu_order":0,"comment_status":"closed","ping_status":"closed","template":"","meta":{"_acf_changed":false,"footnotes":""},"class_list":["post-4786","page","type-page","status-publish","hentry"],"acf":[],"_links":{"self":[{"href":"https:\/\/www.hueppe.com\/innovationen\/cs\/wp-json\/wp\/v2\/pages\/4786","targetHints":{"allow":["GET"]}}],"collection":[{"href":"https:\/\/www.hueppe.com\/innovationen\/cs\/wp-json\/wp\/v2\/pages"}],"about":[{"href":"https:\/\/www.hueppe.com\/innovationen\/cs\/wp-json\/wp\/v2\/types\/page"}],"author":[{"embeddable":true,"href":"https:\/\/www.hueppe.com\/innovationen\/cs\/wp-json\/wp\/v2\/users\/5"}],"replies":[{"embeddable":true,"href":"https:\/\/www.hueppe.com\/innovationen\/cs\/wp-json\/wp\/v2\/comments?post=4786"}],"version-history":[{"count":12,"href":"https:\/\/www.hueppe.com\/innovationen\/cs\/wp-json\/wp\/v2\/pages\/4786\/revisions"}],"predecessor-version":[{"id":5628,"href":"https:\/\/www.hueppe.com\/innovationen\/cs\/wp-json\/wp\/v2\/pages\/4786\/revisions\/5628"}],"up":[{"embeddable":true,"href":"https:\/\/www.hueppe.com\/innovationen\/cs\/wp-json\/wp\/v2\/pages\/4784"}],"wp:attachment":[{"href":"https:\/\/www.hueppe.com\/innovationen\/cs\/wp-json\/wp\/v2\/media?parent=4786"}],"curies":[{"name":"wp","href":"https:\/\/api.w.org\/{rel}","templated":true}]}}