{"id":4976,"date":"2025-07-18T11:19:39","date_gmt":"2025-07-18T09:19:39","guid":{"rendered":"https:\/\/www.hueppe.com\/innovationen\/?page_id=4976"},"modified":"2025-09-02T11:26:46","modified_gmt":"2025-09-02T09:26:46","slug":"zive","status":"publish","type":"page","link":"https:\/\/www.hueppe.com\/innovationen\/cs\/zive\/","title":{"rendered":"New Era: Sphere live"},"content":{"rendered":"<section id=\"section-2-85\" class=\" ct-section no-padding\" ><div class=\"ct-section-inner-wrap\"><div id=\"flying-buttons\" class=\"ct-div-block flying-buttons__wrap content-right\" ><a id=\"link-4-85\" class=\"ct-link orange-button flying-button black-link align-left\" href=\"https:\/\/www.hueppe.com\/innovationen\/cs\/new-era\/sjednejte-si-schuzku\/\" target=\"_self\"  ><div id=\"text_block-5-85\" class=\"ct-text-block bold-text align-left\" >Sjednejte si sch\u016fzku<\/div><\/a><a id=\"link-6-85\" class=\"ct-link orange-button flying-button black-link align-left\" href=\"https:\/\/www.hueppe.com\/innovationen\/cs\/new-era\/planovani-projektu\/#data\"   ><div id=\"text_block-7-85\" class=\"ct-text-block bold-text aligb-left\" >St\u00e1hnout \u00fadaje o produktu<\/div><\/a><\/div><\/div><\/section>\n\n<section id=\"section-4-1009\" class=\" ct-section product-hero__section no-padding overflow-hidden\" ><div class=\"ct-section-inner-wrap\"><div id=\"div_block-5-1009\" class=\"ct-div-block content-wrap full-width\" ><img decoding=\"async\"  id=\"image-6-1009\" alt=\"\" src=\"https:\/\/www.hueppe.com\/innovationen\/wp-content\/uploads\/2024\/12\/Sphere-Smarte-Loesungen-1920x500-1.jpg\" class=\"ct-image image-is-cover prod-hero_image full-width\"\/><div id=\"div_block-7-1009\" class=\"ct-div-block hero-grid_big-item_contents content-wrap\" ><div id=\"div_block-8-1009\" class=\"ct-div-block headline-text_wrap\" ><h1 id=\"headline-9-1009\" class=\"ct-headline white-text\"><span id=\"span-10-1009\" class=\"ct-span bold-text oxygenberg-span-10-1009 oxygenberg-element\">\u017div\u011b<span style=\"font-weight: 300;\"><br><\/span>Za\u017eijte H\u00dcPPE Sphere.<br><\/span><\/h1><div id=\"text_block-11-1009\" class=\"ct-text-block big-text white-text full-width align-left\" >Objevte chytr\u00e1 \u0159e\u0161en\u00ed p\u0159i osobn\u00ed sch\u016fzce v na\u0161\u00ed\nshowroomu v Bad W\u00f6rishofenu a objevte chytr\u00e1 \u0159e\u0161en\u00ed.\npro novou \u00e9ru koupelnov\u00e9 architektury.&nbsp;&nbsp;<\/div><\/div><a id=\"link-12-1009\" class=\"ct-link orange-button black-link link-with-icon content-wrap\" href=\"#persoenlichen-termin-vereinbaren\" target=\"_self\"  ><div id=\"text_block-13-1009\" class=\"ct-text-block orange-button-text\" >Sjednejte si sch\u016fzku<\/div><img decoding=\"async\"  id=\"image-14-1009\" alt=\"\" src=\"https:\/\/www.hueppe.com\/innovationen\/wp-content\/uploads\/2024\/08\/arrow-black.svg\" class=\"ct-image link-icon\" srcset-disabled=\"\" sizes=\"(max-width: 40px) 100vw, 40px\" \/><\/a><\/div><\/div><\/div><\/section>\n\n<section id=\"section-4-90\" class=\" ct-section main-section horizontal-section gallery__section white-section\" ><div class=\"ct-section-inner-wrap\"><div id=\"div_block-5-90\" class=\"ct-div-block gallery__gallery-wrap width-50\" ><div id=\"_rich_text-12-90\" class=\"oxy-rich-text rdw-video\" >        <style>\r\n            #player1504{\r\n                width: 100%                \/* margin: 0 auto *\/\r\n            }\r\n                    <\/style>\r\n        <div>\r\n            <div id=\"player1504\" class=\"ytp-player\" data-options=\"{&quot;controls&quot;:[&quot;play-large&quot;,&quot;play&quot;,&quot;progress&quot;,&quot;duration&quot;,&quot;current-time&quot;,&quot;mute&quot;,&quot;volume&quot;,&quot;settings&quot;,&quot;fullscreen&quot;]}\">\r\n                <div class=\"plyr__video-embed embed-container\" id=\"player\">\r\n                    <iframe\r\n                        src=\"https:\/\/www.youtube.com\/embed\/https:\/\/www.youtube.com\/watch?v=TKl5Wpjy-dA?rel=0\"\r\n                        allowfullscreen\r\n                        allowtransparency\r\n                        allow=\"autoplay\"\r\n                    ><\/iframe>\r\n                <\/div>\r\n               \r\n            <\/div>\r\n        <\/div>\r\n        <\/div><\/div><div id=\"div_block-7-90\" class=\"ct-div-block content-wrap gallery__content-wrap width-50\" ><div id=\"div_block-14-90\" class=\"ct-div-block\" ><h2 id=\"headline-15-90\" class=\"ct-headline big-h2\">Nov\u00e1 \u00e9ra za\u010d\u00edn\u00e1\n<br><\/h2><h2 id=\"headline-16-90\" class=\"ct-headline big-h2 bold-text\">Nahl\u00e9dn\u011bte s n\u00e1mi do budoucnosti koupelnov\u00e9 architektury.<br><\/h2><\/div><div id=\"_rich_text-17-90\" class=\"oxy-rich-text \" ><p>Kdy\u017e Claus H&uuml;ppe v polovin\u011b &scaron;edes&aacute;t&yacute;ch let minul&eacute;ho stolet&iacute; jako prvn&iacute; v Evrop\u011b uvedl na trh sprchov&yacute; kout, zalo\u017eil t&iacute;m novou kategorii v&yacute;robk\u016f, kter&aacute; nav\u017edy zm\u011bnila design koupelnov&eacute;ho interi&eacute;ru. S H&Uuml;PPE Sphere, prvn&iacute; s&eacute;ri&iacute; zcela nov&eacute; kategorie v&yacute;robk\u016f, podnik&aacute;me ve spole\u010dnosti H&Uuml;PPE 2025 dal&scaron;&iacute; v&yacute;znamn&yacute; inova\u010dn&iacute; krok. H&Uuml;PPE Sphere m&aacute; tak&eacute; potenci&aacute;l zah&aacute;jit novou &eacute;ru koupelnov&eacute; architektury. Proto pro n&aacute;s bylo d\u016fle\u017eit&eacute; poprv&eacute; p\u0159edstavit tuto novou kategorii v&yacute;robk\u016f na BAU 2025, uzn&aacute;van&eacute;m p\u0159edn&iacute;m sv\u011btov&eacute;m veletrhu architektury, materi&aacute;l\u016f a syst&eacute;m\u016f, a vym\u011bnit si n&aacute;zory s odborn&iacute;ky z oblasti stavebnictv&iacute; a realit, interi&eacute;rov&eacute;ho designu a \u0159emesel.<\/p><\/div><\/div><\/div><\/section>\n\n<section id=\"section-4-90\" class=\" ct-section main-section horizontal-section gallery__section white-section\" ><div class=\"ct-section-inner-wrap\"><div id=\"div_block-5-90\" class=\"ct-div-block gallery__gallery-wrap width-50\" ><div id=\"_rich_text-12-90\" class=\"oxy-rich-text rdw-video\" ><p><span style=\"color: #3c434a; font-family: -apple-system, BlinkMacSystemFont, 'Segoe UI', Roboto, Oxygen-Sans, Ubuntu, Cantarell, 'Helvetica Neue', sans-serif; font-size: 16px; text-align: center; background-color: #eae6f9;\">        <style>\r\n            #player2905{\r\n                width: 100%                \/* margin: 0 auto *\/\r\n            }\r\n                    <\/style>\r\n        <div>\r\n            <div id=\"player2905\" class=\"ytp-player\" data-options=\"{&quot;controls&quot;:[&quot;play-large&quot;,&quot;play&quot;,&quot;progress&quot;,&quot;duration&quot;,&quot;current-time&quot;,&quot;mute&quot;,&quot;volume&quot;,&quot;settings&quot;,&quot;fullscreen&quot;]}\">\r\n                <div class=\"plyr__video-embed embed-container\" id=\"player\">\r\n                    <iframe\r\n                        src=\"https:\/\/www.youtube.com\/embed\/https:\/\/www.youtube.com\/watch?v=lPiYSncIAFw\"\r\n                        allowfullscreen\r\n                        allowtransparency\r\n                        allow=\"autoplay\"\r\n                    ><\/iframe>\r\n                <\/div>\r\n               \r\n            <\/div>\r\n        <\/div>\r\n        <\/span><\/p><\/div><\/div><div id=\"div_block-7-90\" class=\"ct-div-block content-wrap gallery__content-wrap width-50\" ><div id=\"div_block-14-90\" class=\"ct-div-block\" ><h2 id=\"headline-15-90\" class=\"ct-headline big-h2\">H\u00dcPPE Sphere \u017eiv\u011b<br><\/h2><h2 id=\"headline-16-90\" class=\"ct-headline big-h2 bold-text\">Otev\u0159en\u00ed nov\u00e9ho H\u00dcPPE Design centra.<br><\/h2><\/div><div id=\"_rich_text-17-90\" class=\"oxy-rich-text \" ><p>Dne 13. kv\u011btna 2025 se v&iacute;ce ne\u017e 30 host\u016f p\u0159ipojilo k otev\u0159en&iacute; H&Uuml;PPE Design Hub v Bad W&ouml;rishofenu (N\u011bmecko), aby nahl&eacute;dli do budoucnosti bytov&eacute; architektury. V centru d\u011bn&iacute; byla ot&aacute;zka, do jak&eacute; m&iacute;ry ponech&aacute;v&aacute; modul&aacute;rn&iacute; v&yacute;stavba prostor pro kreativn&iacute; \u0159e&scaron;en&iacute;. Odpov\u011bdi na tuto ot&aacute;zku p\u0159inesla nejen hlavn&iacute; p\u0159edn&aacute;&scaron;ka \"\u017d&aacute;dn&aacute; radost z opakov&aacute;n&iacute; aneb rozmanitost modul&aacute;rn&iacute; v&yacute;stavby\" Nicole Franken, partnerky a \u010dlenky p\u0159edstavenstva spole\u010dnosti FRANKEN Generalplaner GmbH, ale tak&eacute; zcela nov&yacute; modul&aacute;rn&iacute; syst&eacute;m H&Uuml;PPE Sphere.<\/p>\n<p>H&Uuml;PPE Sphere si m\u016f\u017eete na\u017eivo vyzkou&scaron;et i vy. Nav&scaron;tivte n&aacute;s v H&Uuml;PPE Design Hub a objevte mnoho mo\u017enost&iacute; pro individu&aacute;ln&iacute; design koupelen. Sta\u010d&iacute; vyu\u017e&iacute;t n&aacute;&scaron; online pl&aacute;nova\u010d sch\u016fzek - t\u011b&scaron;&iacute;me se na v&aacute;s!<\/p><\/div><\/div><\/div><\/section>\n\n\n<div style=\"height:0px\" aria-hidden=\"true\" id=\"osobni-schuzky\" class=\"wp-block-spacer\"><\/div>\n\n\n<section id=\"savespot\" class=\" ct-section main-section white-section content-center background-lightorange\" ><div class=\"ct-section-inner-wrap\"><div id=\"div_block-14-606\" class=\"ct-div-block width-60\" ><h1 id=\"headline-6-606\" class=\"ct-headline\">H\u00dcPPE Sphere \u017eiv\u011b<span id=\"span-7-606\" class=\"ct-span bold-text oxygenberg-span-7-606 oxygenberg-element\">Sjednejte si sch\u016fzku<\/span><\/h1><div id=\"_rich_text-16-752\" class=\"oxy-rich-text calendly_text\" ><p>Na osobn&iacute; sch\u016fzce v na&scaron;em showroomu v Bad W&ouml;rishofenu v&aacute;m p\u0159edstav&iacute;me na&scaron;i nejnov\u011bj&scaron;&iacute; inovaci a uk&aacute;\u017eeme v&aacute;m nov&eacute; mo\u017enosti, kter&eacute; se v&aacute;m otev&iacute;raj&iacute; v budouc&iacute; koupelnov&eacute; architektu\u0159e.<\/p><\/div><\/div><div id=\"div_block-9-606\" class=\"ct-div-block full-width\" ><div id=\"_rich_text-15-752\" class=\"oxy-rich-text full-width calendly-wrap\" ><p><span style=\"color: #50575e; font-family: -apple-system, BlinkMacSystemFont, 'Segoe UI', Roboto, Oxygen-Sans, Ubuntu, Cantarell, 'Helvetica Neue', sans-serif; font-size: 13px; background-color: #f6f7f7;\"><!-- Calendly Inline-Widget Beginn -->\r\n<div class=\"calendly-inline-widget\" data-url=\"https:\/\/calendly.com\/objekt-hueppe\/discover-huppe-sphere-for-your-project?primary_color=c4a461\" style=\"min-width:320px;height:700px;\"><\/div>\r\n<script type=\"text\/javascript\" src=\"https:\/\/assets.calendly.com\/assets\/external\/widget.js\" async><\/script>\r\n<!-- Calendly Inline-Widget Ende --><\/span><\/p><\/div><\/div><\/div><\/section>\n\n<section id=\"section-2-452\" class=\" ct-section main-section background-rose form-section\" ><div class=\"ct-section-inner-wrap\"><div id=\"div_block-3-452\" class=\"ct-div-block width-50 content-wrap\" ><div id=\"div_block-17-639\" class=\"ct-div-block\" ><h2 id=\"headline-18-639\" class=\"ct-headline big-h2\">Jsme tu pro v\u00e1s\n<br><\/h2><h2 id=\"headline-19-639\" class=\"ct-headline big-h2 bold-text\">Chcete se dozv\u011bd\u011bt v\u00edce o spole\u010dnosti H\u00dcPPE Sphere?<br><\/h2><\/div><div id=\"_rich_text-12-452\" class=\"oxy-rich-text\" ><section>\n<div>\n<div>\n<p>Pak jednodu&scaron;e vypl\u0148te n&aacute;&scaron; kontaktn&iacute; formul&aacute;\u0159 - na&scaron;i odborn&iacute;ci na sprchov&eacute; kouty z projektov&eacute;ho t&yacute;mu v&aacute;m r&aacute;di pomohou.<\/p>\n<\/div>\n<\/div>\n<\/section>\n<section><\/section><\/div><\/div><div id=\"div_block-4-452\" class=\"ct-div-block width-50\" ><div id=\"_rich_text-15-639\" class=\"oxy-rich-text form-wrap\" ><section class=\"content-block p-0 \">\n<div class=\"vlx-container pb-0\">\n<div class=\"text-editor\">\n<p><span style=\"color: #50575e; font-family: -apple-system, 'system-ui', 'Segoe UI', Roboto, Oxygen-Sans, Ubuntu, Cantarell, 'Helvetica Neue', sans-serif; font-size: 13px;\"><style id=\"wpforms-css-vars-4901\">\n\t\t\t\t#wpforms-4901 {\n\t\t\t\t\n\t\t\t}\n\t\t\t<\/style><div class=\"wpforms-container wpforms-container-full lead_form wpforms-render-modern\" id=\"wpforms-4901\"><form id=\"wpforms-form-4901\" class=\"wpforms-validate wpforms-form wpforms-ajax-form\" data-formid=\"4901\" method=\"post\" enctype=\"multipart\/form-data\" action=\"\/innovationen\/cs\/wp-json\/wp\/v2\/pages\/4976\" data-token=\"d799bb6cc6a317e6b8167dc3d4a0f955\" data-token-time=\"1777641031\"><noscript class=\"wpforms-error-noscript\">Chcete-li vyplnit tento formul\u00e1\u0159, pros\u00edm povolte v prohl\u00ed\u017ee\u010di JavaScript.<\/noscript><div id=\"wpforms-error-noscript\" style=\"display: none;\">Chcete-li vyplnit tento formul\u00e1\u0159, pros\u00edm povolte v prohl\u00ed\u017ee\u010di JavaScript.<\/div><div class=\"wpforms-field-container\">\t\t<div id=\"wpforms-4901-field_4-container\"\n\t\t\tclass=\"wpforms-field wpforms-field-text\"\n\t\t\tdata-field-type=\"text\"\n\t\t\tdata-field-id=\"4\"\n\t\t\t>\n\t\t\t<label class=\"wpforms-field-label\" for=\"wpforms-4901-field_4\" >Land Ihre Name<\/label>\n\t\t\t<input type=\"text\" id=\"wpforms-4901-field_4\" class=\"wpforms-field-medium\" name=\"wpforms[fields][4]\" >\n\t\t<\/div>\n\t\t<div id=\"wpforms-4901-field_9-container\" class=\"wpforms-field wpforms-field-text\" data-field-id=\"9\"><label class=\"wpforms-field-label wpforms-label-hide\" for=\"wpforms-4901-field_9\" aria-hidden=\"false\">Firmenname <span class=\"wpforms-required-label\" aria-hidden=\"true\">*<\/span><\/label><input type=\"text\" id=\"wpforms-4901-field_9\" class=\"wpforms-field-large wpforms-field-required\" name=\"wpforms[fields][9]\" placeholder=\"N\u00e1zev spole\u010dnosti\" aria-errormessage=\"wpforms-4901-field_9-error\" required><\/div><div id=\"wpforms-4901-field_2-container\" class=\"wpforms-field wpforms-field-select wpforms-field-select-style-modern\" data-field-id=\"2\"><label class=\"wpforms-field-label wpforms-label-hide\" for=\"wpforms-4901-field_2\" aria-hidden=\"false\">Anrede <span class=\"wpforms-required-label\" aria-hidden=\"true\">*<\/span><\/label><select id=\"wpforms-4901-field_2\" class=\"wpforms-field-large wpforms-field-required choicesjs-select\" data-size-class=\"wpforms-field-row wpforms-field-large\" data-search-enabled=\"\" name=\"wpforms[fields][2]\" required=\"required\"><option value=\"\" class=\"placeholder\" disabled  selected='selected'>Osloven\u00ed<\/option><option value=\"Pan\u00ed\"  class=\"choice-1 depth-1\"  >Pan\u00ed<\/option><option value=\"Pan\"  class=\"choice-2 depth-1\"  >Pan<\/option><option value=\"pot\u00e1p\u011b\u010di\"  class=\"choice-3 depth-1\"  >pot\u00e1p\u011b\u010di<\/option><option value=\"nen\u00ed uvedeno\"  class=\"choice-4 depth-1\"  >nen\u00ed uvedeno<\/option><\/select><\/div><div id=\"wpforms-4901-field_1-container\" class=\"wpforms-field wpforms-field-name\" data-field-id=\"1\"><fieldset><legend class=\"wpforms-field-label wpforms-label-hide\" aria-hidden=\"false\">Name <span class=\"wpforms-required-label\" aria-hidden=\"true\">*<\/span><\/legend><div class=\"wpforms-field-row wpforms-field-large\"><div class=\"wpforms-field-row-block wpforms-first wpforms-one-half\"><input type=\"text\" id=\"wpforms-4901-field_1\" class=\"wpforms-field-name-first wpforms-field-required\" name=\"wpforms[fields][1][first]\" placeholder=\"K\u0159estn\u00ed jm\u00e9no\" aria-errormessage=\"wpforms-4901-field_1-error\" required><label for=\"wpforms-4901-field_1\" class=\"wpforms-field-sublabel after wpforms-sublabel-hide\">K\u0159estn\u00ed jm\u00e9no<\/label><\/div><div class=\"wpforms-field-row-block wpforms-one-half\"><input type=\"text\" id=\"wpforms-4901-field_1-last\" class=\"wpforms-field-name-last wpforms-field-required\" name=\"wpforms[fields][1][last]\" placeholder=\"P\u0159\u00edjmen\u00ed\" aria-errormessage=\"wpforms-4901-field_1-last-error\" required><label for=\"wpforms-4901-field_1-last\" class=\"wpforms-field-sublabel after wpforms-sublabel-hide\">P\u0159\u00edjmen\u00ed<\/label><\/div><\/div><\/fieldset><\/div><div id=\"wpforms-4901-field_3-container\" class=\"wpforms-field wpforms-field-text\" data-field-id=\"3\"><label class=\"wpforms-field-label wpforms-label-hide\" for=\"wpforms-4901-field_3\" aria-hidden=\"false\">Land <span class=\"wpforms-required-label\" aria-hidden=\"true\">*<\/span><\/label><input type=\"text\" id=\"wpforms-4901-field_3\" class=\"wpforms-field-large wpforms-field-required\" name=\"wpforms[fields][3]\" placeholder=\"Zem\u011b\" aria-errormessage=\"wpforms-4901-field_3-error\" required><\/div><div id=\"wpforms-4901-field_6-container\" class=\"wpforms-field wpforms-field-email\" data-field-id=\"6\"><label class=\"wpforms-field-label wpforms-label-hide\" for=\"wpforms-4901-field_6\" aria-hidden=\"false\">E-Mail-Adresse <span class=\"wpforms-required-label\" aria-hidden=\"true\">*<\/span><\/label><input type=\"email\" id=\"wpforms-4901-field_6\" class=\"wpforms-field-large wpforms-field-required\" name=\"wpforms[fields][6]\" placeholder=\"E-mail\" spellcheck=\"false\" aria-errormessage=\"wpforms-4901-field_6-error\" required><\/div><div id=\"wpforms-4901-field_13-container\" class=\"wpforms-field wpforms-field-textarea\" data-field-id=\"13\"><label class=\"wpforms-field-label wpforms-label-hide\" for=\"wpforms-4901-field_13\" aria-hidden=\"false\">Ihre Nachricht<\/label><textarea id=\"wpforms-4901-field_13\" class=\"wpforms-field-large\" name=\"wpforms[fields][13]\" placeholder=\"Zde n\u00e1m pros\u00edm za\u0161lete sv\u00e9 dotazy nebo informace o (va\u0161\u00ed pl\u00e1novan\u00e9) H\u00dcPPE Sphere.\" aria-errormessage=\"wpforms-4901-field_13-error\" ><\/textarea><\/div><div id=\"wpforms-4901-field_11-container\" class=\"wpforms-field wpforms-field-text\" data-field-id=\"11\"><label class=\"wpforms-field-label wpforms-label-hide\" for=\"wpforms-4901-field_11\" aria-hidden=\"false\">Telefonnummer <span class=\"wpforms-required-label\" aria-hidden=\"true\">*<\/span><\/label><input type=\"text\" id=\"wpforms-4901-field_11\" class=\"wpforms-field-large wpforms-field-required\" name=\"wpforms[fields][11]\" placeholder=\"Telefonn\u00ed \u010d\u00edslo\" aria-errormessage=\"wpforms-4901-field_11-error\" required><\/div><div id=\"wpforms-4901-field_7-container\" class=\"wpforms-field wpforms-field-checkbox\" data-field-id=\"7\"><fieldset><legend class=\"wpforms-field-label wpforms-label-hide\" aria-hidden=\"false\">Checkboxen <span class=\"wpforms-required-label\" aria-hidden=\"true\">*<\/span><\/legend><ul id=\"wpforms-4901-field_7\" class=\"wpforms-field-required\"><li class=\"choice-1 depth-1\"><input type=\"checkbox\" id=\"wpforms-4901-field_7_1\" name=\"wpforms[fields][7][]\" value=\"Souhlas\u00edm s t\u00edm, \u017ee mnou zadan\u00e9 osobn\u00ed \u00fadaje mohou b\u00fdt uchov\u00e1v\u00e1ny, zpracov\u00e1v\u00e1ny a pou\u017e\u00edv\u00e1ny v souladu s pr\u00e1vn\u00edmi p\u0159edpisy a &lt;a target=&quot;_blank&quot; href=&quot;https:\/\/www.hueppe.com\/cs\/ochrana-udaju\/&quot;&gt;Z\u00e1sadami ochrany osobn\u00edch \u00fadaj\u016f spole\u010dnosti H\u00dcPPE&lt;\/a&gt;. V\u00edm, \u017ee mohu kdykoli vzn\u00e9st n\u00e1mitku proti zpracov\u00e1n\u00ed sv\u00fdch \u00fadaj\u016f.\" aria-errormessage=\"wpforms-4901-field_7_1-error\" required ><label class=\"wpforms-field-label-inline\" for=\"wpforms-4901-field_7_1\">Souhlas\u00edm s t\u00edm, \u017ee mnou zadan\u00e9 osobn\u00ed \u00fadaje mohou b\u00fdt uchov\u00e1v\u00e1ny, zpracov\u00e1v\u00e1ny a pou\u017e\u00edv\u00e1ny v souladu s pr\u00e1vn\u00edmi p\u0159edpisy a <a target=\"_blank\" href=\"https:\/\/www.hueppe.com\/cs\/ochrana-udaju\/\">Z\u00e1sadami ochrany osobn\u00edch \u00fadaj\u016f spole\u010dnosti H\u00dcPPE<\/a>. V\u00edm, \u017ee mohu kdykoli vzn\u00e9st n\u00e1mitku proti zpracov\u00e1n\u00ed sv\u00fdch \u00fadaj\u016f.<\/label><\/li><\/ul><\/fieldset><\/div><script>\n\t\t\t\t( function() {\n\t\t\t\t\tconst style = document.createElement( 'style' );\n\t\t\t\t\tstyle.appendChild( document.createTextNode( '#wpforms-4901-field_4-container { position: absolute !important; overflow: hidden !important; display: inline !important; height: 1px !important; width: 1px !important; z-index: -1000 !important; padding: 0 !important; } #wpforms-4901-field_4-container input { visibility: hidden; } #wpforms-conversational-form-page #wpforms-4901-field_4-container label { counter-increment: none; }' ) );\n\t\t\t\t\tdocument.head.appendChild( style );\n\t\t\t\t\tdocument.currentScript?.remove();\n\t\t\t\t} )();\n\t\t\t<\/script><\/div><!-- .wpforms-field-container --><div class=\"wpforms-submit-container\" ><input type=\"hidden\" name=\"wpforms[id]\" value=\"4901\"><input type=\"hidden\" name=\"page_title\" value=\"\"><input type=\"hidden\" name=\"page_url\" value=\"https:\/\/www.hueppe.com\/innovationen\/cs\/wp-json\/wp\/v2\/pages\/4976\"><input type=\"hidden\" name=\"url_referer\" value=\"\"><button type=\"submit\" name=\"wpforms[submit]\" id=\"wpforms-submit-4901\" class=\"wpforms-submit\" data-alt-text=\"Zpracov\u00e1v\u00e1 se ...\" data-submit-text=\"Odeslat\" aria-live=\"assertive\" value=\"wpforms-submit\">Odeslat<\/button><img loading=\"lazy\" decoding=\"async\" src=\"https:\/\/www.hueppe.com\/innovationen\/wp-content\/plugins\/wpforms\/assets\/images\/submit-spin.svg\" class=\"wpforms-submit-spinner\" style=\"display: none;\" width=\"26\" height=\"26\" alt=\"Na\u010d\u00edt\u00e1n\u00ed\"><\/div><\/form><\/div>  <!-- .wpforms-container --><\/span><\/p>\n<\/div>\n<\/div>\n<\/section>\n<section class=\"  \"><\/section><\/div><\/div><\/div><\/section>\n\n<section id=\"section-2-62\" class=\" ct-section main-section horizontal-section teim-compact__section white-section\" ><div class=\"ct-section-inner-wrap\"><div id=\"div_block-4-62\" class=\"ct-div-block width-50 content-wrap\" ><div id=\"div_block-19-62\" class=\"ct-div-block\" ><h2 id=\"headline-20-62\" class=\"ct-headline big-h2\">Projektov\u00fd t\u00fdm H\u00dcPPE\n<br><\/h2><h2 id=\"headline-21-62\" class=\"ct-headline big-h2 bold-text\">Va\u0161e osobn\u00ed konzulta\u010dn\u00ed slu\u017eby.<br><\/h2><\/div><div id=\"_rich_text-17-62\" class=\"oxy-rich-text\" ><p>D\u016fv\u011brn&eacute; vztahy s na&scaron;imi partnery a dialog na &uacute;rovni o\u010d&iacute; jsou pro n&aacute;s obzvl&aacute;&scaron;t\u011b d\u016fle\u017eit&eacute;. N&aacute;&scaron; t&yacute;m projektov&yacute;ch prodejc\u016f je v&aacute;m k dispozici, aby v&aacute;m poskytl odborn&eacute; poradenstv&iacute; ohledn\u011b na&scaron;ich v&yacute;robk\u016f a \u0159e&scaron;en&iacute; a podpo\u0159il v&aacute;s p\u0159i \u0159e&scaron;en&iacute; technick&yacute;ch ot&aacute;zek a stavebn&iacute;ch probl&eacute;m\u016f. M\u016f\u017eete se tak&eacute; spolehnout na na&scaron;i pomoc p\u0159i v&yacute;b\u011brov&yacute;ch \u0159&iacute;zen&iacute;ch.<\/p>\n<p>Obra\u0165te se na n&aacute;s - odborn&iacute;ci na sprchov&eacute; kouty v na&scaron;em t&yacute;mu projektov&eacute;ho servisu v&aacute;m r&aacute;di pomohou:<\/p>\n<p><strong>V&aacute;&scaron; osobn&iacute; kontakt:<\/strong><br \/>Telefon: +49 4403 67-520<br \/>E-mail: <a href=\"mailto:objekt@hueppe.com\">objekt@hueppe.com<\/a><\/p><\/div><a id=\"link-10-62\" class=\"ct-link link-with-icon bold-text orange-button black-link\" href=\"https:\/\/www.hueppe.com\/innovationen\/new-era\/termin-vereinbaren\/\" target=\"_self\"  ><div id=\"text_block-11-62\" class=\"ct-text-block\" >Sjednejte si konzultaci<\/div><img decoding=\"async\"  id=\"image-14-62\" alt=\"\" src=\"https:\/\/www.hueppe.com\/innovationen\/wp-content\/uploads\/2024\/08\/arrow-black.svg\" class=\"ct-image link-icon\" srcset-disabled=\"\" sizes=\"(max-width: 40px) 100vw, 40px\" \/><\/a><\/div><div id=\"div_block-3-62\" class=\"ct-div-block width-50\" ><img decoding=\"async\"  id=\"image-5-62\" alt=\"\" src=\"https:\/\/www.hueppe.com\/innovationen\/wp-content\/uploads\/2024\/11\/DSC1271_02_CMYK.jpg\" class=\"ct-image \"\/><\/div><\/div><\/section>","protected":false},"excerpt":{"rendered":"","protected":false},"author":5,"featured_media":0,"parent":0,"menu_order":0,"comment_status":"closed","ping_status":"closed","template":"","meta":{"_acf_changed":false,"footnotes":""},"class_list":["post-4976","page","type-page","status-publish","hentry"],"acf":[],"_links":{"self":[{"href":"https:\/\/www.hueppe.com\/innovationen\/cs\/wp-json\/wp\/v2\/pages\/4976","targetHints":{"allow":["GET"]}}],"collection":[{"href":"https:\/\/www.hueppe.com\/innovationen\/cs\/wp-json\/wp\/v2\/pages"}],"about":[{"href":"https:\/\/www.hueppe.com\/innovationen\/cs\/wp-json\/wp\/v2\/types\/page"}],"author":[{"embeddable":true,"href":"https:\/\/www.hueppe.com\/innovationen\/cs\/wp-json\/wp\/v2\/users\/5"}],"replies":[{"embeddable":true,"href":"https:\/\/www.hueppe.com\/innovationen\/cs\/wp-json\/wp\/v2\/comments?post=4976"}],"version-history":[{"count":10,"href":"https:\/\/www.hueppe.com\/innovationen\/cs\/wp-json\/wp\/v2\/pages\/4976\/revisions"}],"predecessor-version":[{"id":5408,"href":"https:\/\/www.hueppe.com\/innovationen\/cs\/wp-json\/wp\/v2\/pages\/4976\/revisions\/5408"}],"wp:attachment":[{"href":"https:\/\/www.hueppe.com\/innovationen\/cs\/wp-json\/wp\/v2\/media?parent=4976"}],"curies":[{"name":"wp","href":"https:\/\/api.w.org\/{rel}","templated":true}]}}