{"id":5000,"date":"2024-12-04T12:21:10","date_gmt":"2024-12-04T11:21:10","guid":{"rendered":"https:\/\/www.hueppe.com\/innovationen\/?page_id=5000"},"modified":"2025-09-02T11:24:57","modified_gmt":"2025-09-02T09:24:57","slug":"sjednejte-si-schuzku","status":"publish","type":"page","link":"https:\/\/www.hueppe.com\/innovationen\/cs\/new-era\/sjednejte-si-schuzku\/","title":{"rendered":"New Era: Termin vereinbaren"},"content":{"rendered":"<section id=\"section-4-1009\" class=\" ct-section product-hero__section no-padding overflow-hidden\" ><div class=\"ct-section-inner-wrap\"><div id=\"div_block-5-1009\" class=\"ct-div-block content-wrap full-width\" ><img decoding=\"async\"  id=\"image-6-1009\" alt=\"#Kontakt\" src=\"https:\/\/www.hueppe.com\/innovationen\/wp-content\/uploads\/2025\/07\/Header-HUePPE-Sphere.jpg\" class=\"ct-image image-is-cover prod-hero_image full-width\"\/><div id=\"div_block-7-1009\" class=\"ct-div-block hero-grid_big-item_contents content-wrap\" ><div id=\"div_block-8-1009\" class=\"ct-div-block headline-text_wrap\" ><h1 id=\"headline-9-1009\" class=\"ct-headline white-text\">H\u00dcPPE Sphere<br><span id=\"span-10-1009\" class=\"ct-span bold-text oxygenberg-span-10-1009 oxygenberg-element\">Na \u00farovni o\u010d\u00ed.<\/span><\/h1><div id=\"text_block-11-1009\" class=\"ct-text-block big-text white-text full-width align-left\" >Chcete se dozv\u011bd\u011bt v\u00edce informac\u00ed o nov\u00e9 kategorii produkt\u016f a jej\u00edch v\u00fdhod\u00e1ch? Pak n\u00e1s kontaktujte.&nbsp;<\/div><\/div><a id=\"link-12-1009\" class=\"ct-link orange-button black-link link-with-icon content-wrap\" href=\"#Kontakt\" target=\"_self\"  ><div id=\"text_block-13-1009\" class=\"ct-text-block orange-button-text\" >Kontaktujte n\u00e1s<\/div><img decoding=\"async\"  id=\"image-14-1009\" alt=\"\" src=\"https:\/\/www.hueppe.com\/innovationen\/wp-content\/uploads\/2024\/08\/arrow-black.svg\" class=\"ct-image link-icon\" srcset-disabled=\"\" sizes=\"(max-width: 40px) 100vw, 40px\" \/><\/a><\/div><\/div><\/div><\/section>\n\n\n<div style=\"height:0px\" aria-hidden=\"true\" id=\"datum\" class=\"wp-block-spacer\"><\/div>\n\n\n<section id=\"section-2-452\" class=\" ct-section main-section background-rose form-section\" ><div class=\"ct-section-inner-wrap\"><div id=\"div_block-3-452\" class=\"ct-div-block width-50 content-wrap\" ><div id=\"div_block-17-639\" class=\"ct-div-block\" ><h2 id=\"headline-18-639\" class=\"ct-headline big-h2\">Objevte H\u00dcPPE Sphere pro va\u0161e projekty<br><\/h2><h2 id=\"headline-19-639\" class=\"ct-headline big-h2 bold-text\">Domluvte si osobn\u00ed sch\u016fzku<br><\/h2><\/div><div id=\"_rich_text-12-452\" class=\"oxy-rich-text\" ><section>\n<div>\n<div>\n<p>Chcete pou\u017e&iacute;t H&Uuml;PPE Sphere pro sv\u016fj p\u0159&iacute;&scaron;t&iacute; projekt a m&aacute;te k tomu n\u011bjak&eacute; dotazy? Na&scaron;i odborn&iacute;ci na sprchy v&aacute;m r&aacute;di pomohou v osobn&iacute;m telefonick&eacute;m rozhovoru. Po\u017e&aacute;dejte nyn&iacute; o zp\u011btn&eacute; zavol&aacute;n&iacute; pomoc&iacute; formul&aacute;\u0159e.<\/p>\n<\/div>\n<\/div>\n<\/section>\n<section><\/section><\/div><\/div><div id=\"div_block-4-452\" class=\"ct-div-block width-50\" ><div id=\"_rich_text-15-639\" class=\"oxy-rich-text form-wrap\" ><section class=\"content-block p-0 \">\n<div class=\"vlx-container pb-0\">\n<div class=\"text-editor\">\n<p><span style=\"color: #50575e; font-family: -apple-system, BlinkMacSystemFont, 'Segoe UI', Roboto, Oxygen-Sans, Ubuntu, Cantarell, 'Helvetica Neue', sans-serif; font-size: 13px; background-color: #f6f6f6;\"><style id=\"wpforms-css-vars-5178\">\n\t\t\t\t#wpforms-5178 {\n\t\t\t\t\n\t\t\t}\n\t\t\t<\/style><div class=\"wpforms-container wpforms-container-full lead_form wpforms-render-modern\" id=\"wpforms-5178\"><form id=\"wpforms-form-5178\" class=\"wpforms-validate wpforms-form wpforms-ajax-form\" data-formid=\"5178\" method=\"post\" enctype=\"multipart\/form-data\" action=\"\/innovationen\/cs\/wp-json\/wp\/v2\/pages\/5000\" data-token=\"63aeefba565a1f3ea0911d0337908988\" data-token-time=\"1777641005\"><noscript class=\"wpforms-error-noscript\">Chcete-li vyplnit tento formul\u00e1\u0159, pros\u00edm povolte v prohl\u00ed\u017ee\u010di JavaScript.<\/noscript><div id=\"wpforms-error-noscript\" style=\"display: none;\">Chcete-li vyplnit tento formul\u00e1\u0159, pros\u00edm povolte v prohl\u00ed\u017ee\u010di JavaScript.<\/div><div class=\"wpforms-field-container\"><div id=\"wpforms-5178-field_7-container\" class=\"wpforms-field wpforms-field-text\" data-field-id=\"7\"><label class=\"wpforms-field-label wpforms-label-hide\" for=\"wpforms-5178-field_7\" aria-hidden=\"false\">Firma <span class=\"wpforms-required-label\" aria-hidden=\"true\">*<\/span><\/label><input type=\"text\" id=\"wpforms-5178-field_7\" class=\"wpforms-field-large wpforms-field-required\" name=\"wpforms[fields][7]\" placeholder=\"N\u00e1zvu firmy*\" aria-errormessage=\"wpforms-5178-field_7-error\" required><\/div><div id=\"wpforms-5178-field_8-container\" class=\"wpforms-field wpforms-field-select wpforms-field-select-style-modern\" data-field-id=\"8\"><label class=\"wpforms-field-label wpforms-label-hide\" for=\"wpforms-5178-field_8\" aria-hidden=\"false\">Anrede <span class=\"wpforms-required-label\" aria-hidden=\"true\">*<\/span><\/label><select id=\"wpforms-5178-field_8\" class=\"wpforms-field-large wpforms-field-required choicesjs-select\" data-size-class=\"wpforms-field-row wpforms-field-large\" data-search-enabled=\"\" name=\"wpforms[fields][8]\" required=\"required\"><option value=\"\" class=\"placeholder\" disabled  selected='selected'>Osloven\u00ed*<\/option><option value=\"\u017dena\"  class=\"choice-1 depth-1\"  >\u017dena<\/option><option value=\"Mu\u017e\"  class=\"choice-2 depth-1\"  >Mu\u017e<\/option><option value=\"R\u016fzn\u00e9\"  class=\"choice-3 depth-1\"  >R\u016fzn\u00e9<\/option><option value=\"Bez uveden\u00ed\"  class=\"choice-4 depth-1\"  >Bez uveden\u00ed<\/option><\/select><\/div>\t\t<div id=\"wpforms-5178-field_1-container\"\n\t\t\tclass=\"wpforms-field wpforms-field-text\"\n\t\t\tdata-field-type=\"text\"\n\t\t\tdata-field-id=\"1\"\n\t\t\t>\n\t\t\t<label class=\"wpforms-field-label\" for=\"wpforms-5178-field_1\" >Firma Telefonnummer E-Mail-Adresse<\/label>\n\t\t\t<input type=\"text\" id=\"wpforms-5178-field_1\" class=\"wpforms-field-medium\" name=\"wpforms[fields][1]\" >\n\t\t<\/div>\n\t\t<div id=\"wpforms-5178-field_4-container\" class=\"wpforms-field wpforms-field-name\" data-field-id=\"4\"><fieldset><legend class=\"wpforms-field-label wpforms-label-hide\" aria-hidden=\"false\">Name <span class=\"wpforms-required-label\" aria-hidden=\"true\">*<\/span><\/legend><div class=\"wpforms-field-row wpforms-field-large\"><div class=\"wpforms-field-row-block wpforms-first wpforms-one-half\"><input type=\"text\" id=\"wpforms-5178-field_4\" class=\"wpforms-field-name-first wpforms-field-required\" name=\"wpforms[fields][4][first]\" placeholder=\"Jm\u00e9no*\" aria-errormessage=\"wpforms-5178-field_4-error\" required><label for=\"wpforms-5178-field_4\" class=\"wpforms-field-sublabel after wpforms-sublabel-hide\">K\u0159estn\u00ed jm\u00e9no<\/label><\/div><div class=\"wpforms-field-row-block wpforms-one-half\"><input type=\"text\" id=\"wpforms-5178-field_4-last\" class=\"wpforms-field-name-last wpforms-field-required\" name=\"wpforms[fields][4][last]\" placeholder=\"P\u0159\u00edjmen\u00ed*\" aria-errormessage=\"wpforms-5178-field_4-last-error\" required><label for=\"wpforms-5178-field_4-last\" class=\"wpforms-field-sublabel after wpforms-sublabel-hide\">P\u0159\u00edjmen\u00ed<\/label><\/div><\/div><\/fieldset><\/div><div id=\"wpforms-5178-field_2-container\" class=\"wpforms-field wpforms-field-phone\" data-field-id=\"2\"><label class=\"wpforms-field-label wpforms-label-hide\" for=\"wpforms-5178-field_2\" aria-hidden=\"false\">Telefonnummer <span class=\"wpforms-required-label\" aria-hidden=\"true\">*<\/span><\/label><input type=\"tel\" id=\"wpforms-5178-field_2\" class=\"wpforms-field-large wpforms-field-required wpforms-smart-phone-field\" data-rule-smart-phone-field=\"true\" name=\"wpforms[fields][2]\" placeholder=\"Telefonn\u00ed \u010d\u00edslo*\" aria-label=\"Telefonnummer\" aria-errormessage=\"wpforms-5178-field_2-error\" required><\/div><div id=\"wpforms-5178-field_5-container\" class=\"wpforms-field wpforms-field-email\" data-field-id=\"5\"><label class=\"wpforms-field-label wpforms-label-hide\" for=\"wpforms-5178-field_5\" aria-hidden=\"false\">E-Mail-Adresse <span class=\"wpforms-required-label\" aria-hidden=\"true\">*<\/span><\/label><input type=\"email\" id=\"wpforms-5178-field_5\" class=\"wpforms-field-large wpforms-field-required\" name=\"wpforms[fields][5]\" placeholder=\"E-mail*\" spellcheck=\"false\" aria-errormessage=\"wpforms-5178-field_5-error\" required><\/div><div id=\"wpforms-5178-field_6-container\" class=\"wpforms-field wpforms-field-textarea\" data-field-id=\"6\"><label class=\"wpforms-field-label wpforms-label-hide\" for=\"wpforms-5178-field_6\" aria-hidden=\"false\">Textabsatz<\/label><textarea id=\"wpforms-5178-field_6\" class=\"wpforms-field-large\" name=\"wpforms[fields][6]\" placeholder=\"Zde uve\u010fte po\u017eadovan\u00e9 datum pro zp\u011btn\u00e9 zavol\u00e1n\u00ed, va\u0161e dotazy nebo ji\u017e dostupn\u00e9 informace o pl\u00e1nov\u00e1n\u00ed projektu s H\u00dcPPE Sphere.\" aria-errormessage=\"wpforms-5178-field_6-error\" ><\/textarea><\/div><div id=\"wpforms-5178-field_3-container\" class=\"wpforms-field wpforms-field-checkbox\" data-field-id=\"3\"><fieldset><legend class=\"wpforms-field-label wpforms-label-hide\" aria-hidden=\"false\">Checkboxen <span class=\"wpforms-required-label\" aria-hidden=\"true\">*<\/span><\/legend><ul id=\"wpforms-5178-field_3\" class=\"wpforms-field-required\"><li class=\"choice-1 depth-1\"><input type=\"checkbox\" id=\"wpforms-5178-field_3_1\" name=\"wpforms[fields][3][]\" value=\"Souhlas\u00edm s t\u00edm, \u017ee mnou zadan\u00e9 osobn\u00ed \u00fadaje mohou b\u00fdt uchov\u00e1v\u00e1ny, zpracov\u00e1v\u00e1ny a pou\u017e\u00edv\u00e1ny v souladu s pr\u00e1vn\u00edmi p\u0159edpisy a &lt;a href=&quot;https:\/\/www.hueppe.com\/cs\/ochrana-udaju\/&quot; target=&quot;_blank&quot;&gt;Z\u00e1sadami ochrany osobn\u00edch \u00fadaj\u016f spole\u010dnosti H\u00dcPPE&lt;\/a&gt;. V\u00edm, \u017ee mohu kdykoli vzn\u00e9st n\u00e1mitku proti zpracov\u00e1n\u00ed sv\u00fdch \u00fadaj\u016f.\" aria-errormessage=\"wpforms-5178-field_3_1-error\" required ><label class=\"wpforms-field-label-inline\" for=\"wpforms-5178-field_3_1\">Souhlas\u00edm s t\u00edm, \u017ee mnou zadan\u00e9 osobn\u00ed \u00fadaje mohou b\u00fdt uchov\u00e1v\u00e1ny, zpracov\u00e1v\u00e1ny a pou\u017e\u00edv\u00e1ny v souladu s pr\u00e1vn\u00edmi p\u0159edpisy a <a href=\"https:\/\/www.hueppe.com\/cs\/ochrana-udaju\/\" target=\"_blank\">Z\u00e1sadami ochrany osobn\u00edch \u00fadaj\u016f spole\u010dnosti H\u00dcPPE<\/a>. V\u00edm, \u017ee mohu kdykoli vzn\u00e9st n\u00e1mitku proti zpracov\u00e1n\u00ed sv\u00fdch \u00fadaj\u016f.<\/label><\/li><\/ul><\/fieldset><\/div><script>\n\t\t\t\t( function() {\n\t\t\t\t\tconst style = document.createElement( 'style' );\n\t\t\t\t\tstyle.appendChild( document.createTextNode( '#wpforms-5178-field_1-container { position: absolute !important; overflow: hidden !important; display: inline !important; height: 1px !important; width: 1px !important; z-index: -1000 !important; padding: 0 !important; } #wpforms-5178-field_1-container input { visibility: hidden; } #wpforms-conversational-form-page #wpforms-5178-field_1-container label { counter-increment: none; }' ) );\n\t\t\t\t\tdocument.head.appendChild( style );\n\t\t\t\t\tdocument.currentScript?.remove();\n\t\t\t\t} )();\n\t\t\t<\/script><\/div><!-- .wpforms-field-container --><div class=\"wpforms-submit-container\" ><input type=\"hidden\" name=\"wpforms[id]\" value=\"5178\"><input type=\"hidden\" name=\"page_title\" value=\"\"><input type=\"hidden\" name=\"page_url\" value=\"https:\/\/www.hueppe.com\/innovationen\/cs\/wp-json\/wp\/v2\/pages\/5000\"><input type=\"hidden\" name=\"url_referer\" value=\"\"><button type=\"submit\" name=\"wpforms[submit]\" id=\"wpforms-submit-5178\" class=\"wpforms-submit\" data-alt-text=\"Zpracov\u00e1v\u00e1 se\" data-submit-text=\"Odeslat\" aria-live=\"assertive\" value=\"wpforms-submit\">Odeslat<\/button><img loading=\"lazy\" decoding=\"async\" src=\"https:\/\/www.hueppe.com\/innovationen\/wp-content\/plugins\/wpforms\/assets\/images\/submit-spin.svg\" class=\"wpforms-submit-spinner\" style=\"display: none;\" width=\"26\" height=\"26\" alt=\"Na\u010d\u00edt\u00e1n\u00ed\"><\/div><\/form><\/div>  <!-- .wpforms-container --><\/span><\/p>\n<\/div>\n<\/div>\n<\/section>\n<section class=\"  \"><\/section><\/div><\/div><\/div><\/section>\n\n\n<div style=\"height:0px\" aria-hidden=\"true\" id=\"Kontakt\" class=\"wp-block-spacer\"><\/div>\n\n\n<section id=\"section-2-452\" class=\" ct-section main-section background-rose form-section\" ><div class=\"ct-section-inner-wrap\"><div id=\"div_block-3-452\" class=\"ct-div-block width-50 content-wrap\" ><div id=\"div_block-17-639\" class=\"ct-div-block\" ><h2 id=\"headline-18-639\" class=\"ct-headline big-h2\">Jsme tu pro v\u00e1s\n<br><\/h2><h2 id=\"headline-19-639\" class=\"ct-headline big-h2 bold-text\">Chcete se dozv\u011bd\u011bt v\u00edce o spole\u010dnosti H\u00dcPPE Sphere?<br><\/h2><\/div><div id=\"_rich_text-12-452\" class=\"oxy-rich-text\" ><section>\n<div>\n<div>\n<p>Pak jednodu&scaron;e vypl\u0148te n&aacute;&scaron; kontaktn&iacute; formul&aacute;\u0159 - na&scaron;i odborn&iacute;ci na sprchov&eacute; kouty z projektov&eacute;ho t&yacute;mu v&aacute;m r&aacute;di pomohou.<\/p>\n<\/div>\n<\/div>\n<\/section>\n<section><\/section><\/div><\/div><div id=\"div_block-4-452\" class=\"ct-div-block width-50\" ><div id=\"_rich_text-15-639\" class=\"oxy-rich-text form-wrap\" ><section class=\"content-block p-0 \">\n<div class=\"vlx-container pb-0\">\n<div class=\"text-editor\">\n<p><span style=\"color: #50575e; font-family: -apple-system, BlinkMacSystemFont, 'Segoe UI', Roboto, Oxygen-Sans, Ubuntu, Cantarell, 'Helvetica Neue', sans-serif; font-size: 13px; background-color: #f6f6f6;\"><style id=\"wpforms-css-vars-4901\">\n\t\t\t\t#wpforms-4901 {\n\t\t\t\t\n\t\t\t}\n\t\t\t<\/style><div class=\"wpforms-container wpforms-container-full lead_form wpforms-render-modern\" id=\"wpforms-4901\"><form id=\"wpforms-form-4901\" class=\"wpforms-validate wpforms-form wpforms-ajax-form\" data-formid=\"4901\" method=\"post\" enctype=\"multipart\/form-data\" action=\"\/innovationen\/cs\/wp-json\/wp\/v2\/pages\/5000\" data-token=\"d799bb6cc6a317e6b8167dc3d4a0f955\" data-token-time=\"1777641005\"><noscript class=\"wpforms-error-noscript\">Chcete-li vyplnit tento formul\u00e1\u0159, pros\u00edm povolte v prohl\u00ed\u017ee\u010di JavaScript.<\/noscript><div id=\"wpforms-error-noscript\" style=\"display: none;\">Chcete-li vyplnit tento formul\u00e1\u0159, pros\u00edm povolte v prohl\u00ed\u017ee\u010di JavaScript.<\/div><div class=\"wpforms-field-container\"><div id=\"wpforms-4901-field_9-container\" class=\"wpforms-field wpforms-field-text\" data-field-id=\"9\"><label class=\"wpforms-field-label wpforms-label-hide\" for=\"wpforms-4901-field_9\" aria-hidden=\"false\">Firmenname <span class=\"wpforms-required-label\" aria-hidden=\"true\">*<\/span><\/label><input type=\"text\" id=\"wpforms-4901-field_9\" class=\"wpforms-field-large wpforms-field-required\" name=\"wpforms[fields][9]\" placeholder=\"N\u00e1zev spole\u010dnosti\" aria-errormessage=\"wpforms-4901-field_9-error\" required><\/div><div id=\"wpforms-4901-field_2-container\" class=\"wpforms-field wpforms-field-select wpforms-field-select-style-modern\" data-field-id=\"2\"><label class=\"wpforms-field-label wpforms-label-hide\" for=\"wpforms-4901-field_2\" aria-hidden=\"false\">Anrede <span class=\"wpforms-required-label\" aria-hidden=\"true\">*<\/span><\/label><select id=\"wpforms-4901-field_2\" class=\"wpforms-field-large wpforms-field-required choicesjs-select\" data-size-class=\"wpforms-field-row wpforms-field-large\" data-search-enabled=\"\" name=\"wpforms[fields][2]\" required=\"required\"><option value=\"\" class=\"placeholder\" disabled  selected='selected'>Osloven\u00ed<\/option><option value=\"Pan\u00ed\"  class=\"choice-1 depth-1\"  >Pan\u00ed<\/option><option value=\"Pan\"  class=\"choice-2 depth-1\"  >Pan<\/option><option value=\"pot\u00e1p\u011b\u010di\"  class=\"choice-3 depth-1\"  >pot\u00e1p\u011b\u010di<\/option><option value=\"nen\u00ed uvedeno\"  class=\"choice-4 depth-1\"  >nen\u00ed uvedeno<\/option><\/select><\/div><div id=\"wpforms-4901-field_1-container\" class=\"wpforms-field wpforms-field-name\" data-field-id=\"1\"><fieldset><legend class=\"wpforms-field-label wpforms-label-hide\" aria-hidden=\"false\">Name <span class=\"wpforms-required-label\" aria-hidden=\"true\">*<\/span><\/legend><div class=\"wpforms-field-row wpforms-field-large\"><div class=\"wpforms-field-row-block wpforms-first wpforms-one-half\"><input type=\"text\" id=\"wpforms-4901-field_1\" class=\"wpforms-field-name-first wpforms-field-required\" name=\"wpforms[fields][1][first]\" placeholder=\"K\u0159estn\u00ed jm\u00e9no\" aria-errormessage=\"wpforms-4901-field_1-error\" required><label for=\"wpforms-4901-field_1\" class=\"wpforms-field-sublabel after wpforms-sublabel-hide\">K\u0159estn\u00ed jm\u00e9no<\/label><\/div><div class=\"wpforms-field-row-block wpforms-one-half\"><input type=\"text\" id=\"wpforms-4901-field_1-last\" class=\"wpforms-field-name-last wpforms-field-required\" name=\"wpforms[fields][1][last]\" placeholder=\"P\u0159\u00edjmen\u00ed\" aria-errormessage=\"wpforms-4901-field_1-last-error\" required><label for=\"wpforms-4901-field_1-last\" class=\"wpforms-field-sublabel after wpforms-sublabel-hide\">P\u0159\u00edjmen\u00ed<\/label><\/div><\/div><\/fieldset><\/div><div id=\"wpforms-4901-field_3-container\" class=\"wpforms-field wpforms-field-text\" data-field-id=\"3\"><label class=\"wpforms-field-label wpforms-label-hide\" for=\"wpforms-4901-field_3\" aria-hidden=\"false\">Land <span class=\"wpforms-required-label\" aria-hidden=\"true\">*<\/span><\/label><input type=\"text\" id=\"wpforms-4901-field_3\" class=\"wpforms-field-large wpforms-field-required\" name=\"wpforms[fields][3]\" placeholder=\"Zem\u011b\" aria-errormessage=\"wpforms-4901-field_3-error\" required><\/div><div id=\"wpforms-4901-field_6-container\" class=\"wpforms-field wpforms-field-email\" data-field-id=\"6\"><label class=\"wpforms-field-label wpforms-label-hide\" for=\"wpforms-4901-field_6\" aria-hidden=\"false\">E-Mail-Adresse <span class=\"wpforms-required-label\" aria-hidden=\"true\">*<\/span><\/label><input type=\"email\" id=\"wpforms-4901-field_6\" class=\"wpforms-field-large wpforms-field-required\" name=\"wpforms[fields][6]\" placeholder=\"E-mail\" spellcheck=\"false\" aria-errormessage=\"wpforms-4901-field_6-error\" required><\/div>\t\t<div id=\"wpforms-4901-field_4-container\"\n\t\t\tclass=\"wpforms-field wpforms-field-text\"\n\t\t\tdata-field-type=\"text\"\n\t\t\tdata-field-id=\"4\"\n\t\t\t>\n\t\t\t<label class=\"wpforms-field-label\" for=\"wpforms-4901-field_4\" >E-Mail-Adresse Ihre Anrede<\/label>\n\t\t\t<input type=\"text\" id=\"wpforms-4901-field_4\" class=\"wpforms-field-medium\" name=\"wpforms[fields][4]\" >\n\t\t<\/div>\n\t\t<div id=\"wpforms-4901-field_13-container\" class=\"wpforms-field wpforms-field-textarea\" data-field-id=\"13\"><label class=\"wpforms-field-label wpforms-label-hide\" for=\"wpforms-4901-field_13\" aria-hidden=\"false\">Ihre Nachricht<\/label><textarea id=\"wpforms-4901-field_13\" class=\"wpforms-field-large\" name=\"wpforms[fields][13]\" placeholder=\"Zde n\u00e1m pros\u00edm za\u0161lete sv\u00e9 dotazy nebo informace o (va\u0161\u00ed pl\u00e1novan\u00e9) H\u00dcPPE Sphere.\" aria-errormessage=\"wpforms-4901-field_13-error\" ><\/textarea><\/div><div id=\"wpforms-4901-field_11-container\" class=\"wpforms-field wpforms-field-text\" data-field-id=\"11\"><label class=\"wpforms-field-label wpforms-label-hide\" for=\"wpforms-4901-field_11\" aria-hidden=\"false\">Telefonnummer <span class=\"wpforms-required-label\" aria-hidden=\"true\">*<\/span><\/label><input type=\"text\" id=\"wpforms-4901-field_11\" class=\"wpforms-field-large wpforms-field-required\" name=\"wpforms[fields][11]\" placeholder=\"Telefonn\u00ed \u010d\u00edslo\" aria-errormessage=\"wpforms-4901-field_11-error\" required><\/div><div id=\"wpforms-4901-field_7-container\" class=\"wpforms-field wpforms-field-checkbox\" data-field-id=\"7\"><fieldset><legend class=\"wpforms-field-label wpforms-label-hide\" aria-hidden=\"false\">Checkboxen <span class=\"wpforms-required-label\" aria-hidden=\"true\">*<\/span><\/legend><ul id=\"wpforms-4901-field_7\" class=\"wpforms-field-required\"><li class=\"choice-1 depth-1\"><input type=\"checkbox\" id=\"wpforms-4901-field_7_1\" name=\"wpforms[fields][7][]\" value=\"Souhlas\u00edm s t\u00edm, \u017ee mnou zadan\u00e9 osobn\u00ed \u00fadaje mohou b\u00fdt uchov\u00e1v\u00e1ny, zpracov\u00e1v\u00e1ny a pou\u017e\u00edv\u00e1ny v souladu s pr\u00e1vn\u00edmi p\u0159edpisy a &lt;a target=&quot;_blank&quot; href=&quot;https:\/\/www.hueppe.com\/cs\/ochrana-udaju\/&quot;&gt;Z\u00e1sadami ochrany osobn\u00edch \u00fadaj\u016f spole\u010dnosti H\u00dcPPE&lt;\/a&gt;. V\u00edm, \u017ee mohu kdykoli vzn\u00e9st n\u00e1mitku proti zpracov\u00e1n\u00ed sv\u00fdch \u00fadaj\u016f.\" aria-errormessage=\"wpforms-4901-field_7_1-error\" required ><label class=\"wpforms-field-label-inline\" for=\"wpforms-4901-field_7_1\">Souhlas\u00edm s t\u00edm, \u017ee mnou zadan\u00e9 osobn\u00ed \u00fadaje mohou b\u00fdt uchov\u00e1v\u00e1ny, zpracov\u00e1v\u00e1ny a pou\u017e\u00edv\u00e1ny v souladu s pr\u00e1vn\u00edmi p\u0159edpisy a <a target=\"_blank\" href=\"https:\/\/www.hueppe.com\/cs\/ochrana-udaju\/\">Z\u00e1sadami ochrany osobn\u00edch \u00fadaj\u016f spole\u010dnosti H\u00dcPPE<\/a>. V\u00edm, \u017ee mohu kdykoli vzn\u00e9st n\u00e1mitku proti zpracov\u00e1n\u00ed sv\u00fdch \u00fadaj\u016f.<\/label><\/li><\/ul><\/fieldset><\/div><script>\n\t\t\t\t( function() {\n\t\t\t\t\tconst style = document.createElement( 'style' );\n\t\t\t\t\tstyle.appendChild( document.createTextNode( '#wpforms-5178-field_1-container,#wpforms-4901-field_4-container { position: absolute !important; overflow: hidden !important; display: inline !important; height: 1px !important; width: 1px !important; z-index: -1000 !important; padding: 0 !important; } #wpforms-5178-field_1-container,#wpforms-4901-field_4-container input { visibility: hidden; } #wpforms-conversational-form-page #wpforms-5178-field_1-container,#wpforms-4901-field_4-container label { counter-increment: none; }' ) );\n\t\t\t\t\tdocument.head.appendChild( style );\n\t\t\t\t\tdocument.currentScript?.remove();\n\t\t\t\t} )();\n\t\t\t<\/script><\/div><!-- .wpforms-field-container --><div class=\"wpforms-submit-container\" ><input type=\"hidden\" name=\"wpforms[id]\" value=\"4901\"><input type=\"hidden\" name=\"page_title\" value=\"\"><input type=\"hidden\" name=\"page_url\" value=\"https:\/\/www.hueppe.com\/innovationen\/cs\/wp-json\/wp\/v2\/pages\/5000\"><input type=\"hidden\" name=\"url_referer\" value=\"\"><button type=\"submit\" name=\"wpforms[submit]\" id=\"wpforms-submit-4901\" class=\"wpforms-submit\" data-alt-text=\"Zpracov\u00e1v\u00e1 se ...\" data-submit-text=\"Odeslat\" aria-live=\"assertive\" value=\"wpforms-submit\">Odeslat<\/button><img loading=\"lazy\" decoding=\"async\" src=\"https:\/\/www.hueppe.com\/innovationen\/wp-content\/plugins\/wpforms\/assets\/images\/submit-spin.svg\" class=\"wpforms-submit-spinner\" style=\"display: none;\" width=\"26\" height=\"26\" alt=\"Na\u010d\u00edt\u00e1n\u00ed\"><\/div><\/form><\/div>  <!-- .wpforms-container --><\/span><\/p>\n<\/div>\n<\/div>\n<\/section>\n<section class=\"  \"><\/section><\/div><\/div><\/div><\/section>","protected":false},"excerpt":{"rendered":"","protected":false},"author":5,"featured_media":0,"parent":4784,"menu_order":0,"comment_status":"closed","ping_status":"closed","template":"","meta":{"_acf_changed":false,"footnotes":""},"class_list":["post-5000","page","type-page","status-publish","hentry"],"acf":[],"_links":{"self":[{"href":"https:\/\/www.hueppe.com\/innovationen\/cs\/wp-json\/wp\/v2\/pages\/5000","targetHints":{"allow":["GET"]}}],"collection":[{"href":"https:\/\/www.hueppe.com\/innovationen\/cs\/wp-json\/wp\/v2\/pages"}],"about":[{"href":"https:\/\/www.hueppe.com\/innovationen\/cs\/wp-json\/wp\/v2\/types\/page"}],"author":[{"embeddable":true,"href":"https:\/\/www.hueppe.com\/innovationen\/cs\/wp-json\/wp\/v2\/users\/5"}],"replies":[{"embeddable":true,"href":"https:\/\/www.hueppe.com\/innovationen\/cs\/wp-json\/wp\/v2\/comments?post=5000"}],"version-history":[{"count":6,"href":"https:\/\/www.hueppe.com\/innovationen\/cs\/wp-json\/wp\/v2\/pages\/5000\/revisions"}],"predecessor-version":[{"id":5410,"href":"https:\/\/www.hueppe.com\/innovationen\/cs\/wp-json\/wp\/v2\/pages\/5000\/revisions\/5410"}],"up":[{"embeddable":true,"href":"https:\/\/www.hueppe.com\/innovationen\/cs\/wp-json\/wp\/v2\/pages\/4784"}],"wp:attachment":[{"href":"https:\/\/www.hueppe.com\/innovationen\/cs\/wp-json\/wp\/v2\/media?parent=5000"}],"curies":[{"name":"wp","href":"https:\/\/api.w.org\/{rel}","templated":true}]}}