{"id":3389,"date":"2025-06-11T09:15:27","date_gmt":"2025-06-11T07:15:27","guid":{"rendered":"https:\/\/www.hueppe.com\/innovationen\/?page_id=3389"},"modified":"2026-01-07T09:27:21","modified_gmt":"2026-01-07T08:27:21","slug":"configurateur","status":"publish","type":"page","link":"https:\/\/www.hueppe.com\/innovationen\/fr\/new-era\/configurateur\/","title":{"rendered":"Konfigurator - Einstiegsseite"},"content":{"rendered":"<section id=\"section-4-1009\" class=\" ct-section product-hero__section no-padding overflow-hidden\" ><div class=\"ct-section-inner-wrap\"><div id=\"div_block-5-1009\" class=\"ct-div-block content-wrap full-width\" ><img decoding=\"async\"  id=\"image-6-1009\" alt=\"\" src=\"https:\/\/www.hueppe.com\/innovationen\/wp-content\/uploads\/2025\/06\/Headerbild-Konfigurator.jpg\" class=\"ct-image image-is-cover prod-hero_image full-width\"\/><div id=\"div_block-7-1009\" class=\"ct-div-block hero-grid_big-item_contents content-wrap\" ><div id=\"div_block-8-1009\" class=\"ct-div-block headline-text_wrap\" ><h1 id=\"headline-9-1009\" class=\"ct-headline white-text\"><span id=\"span-10-1009\" class=\"ct-span bold-text oxygenberg-span-10-1009 oxygenberg-element\"><span style=\"font-weight: 300;\">H\u00dcPPE Sphere<br><\/span>La solution adapt\u00e9e \u00e0 votre projet.<\/span><\/h1><div id=\"text_block-11-1009\" class=\"ct-text-block big-text white-text full-width align-left\" >Configurez et trouvez votre H\u00dcPPE Sphere personnalis\u00e9e.<\/div><\/div><a id=\"link-12-1009\" class=\"ct-link orange-button black-link link-with-icon content-wrap\" href=\"https:\/\/www.hueppe.com\/innovationen\/fr\/new-era\/hueppe-sphere-configurateur\/\" target=\"_self\"  ><div id=\"text_block-13-1009\" class=\"ct-text-block orange-button-text\" >Configurer maintenant<\/div><img decoding=\"async\"  id=\"image-14-1009\" alt=\"\" src=\"https:\/\/www.hueppe.com\/innovationen\/wp-content\/uploads\/2024\/08\/arrow-black.svg\" class=\"ct-image link-icon\" srcset-disabled=\"\" sizes=\"(max-width: 40px) 100vw, 40px\" \/><\/a><\/div><\/div><\/div><\/section>\n\n<section id=\"section-2-73\" class=\" ct-section main-section horizontal-section gallery__section white-section\" ><div class=\"ct-section-inner-wrap\"><div id=\"div_block-33-73\" class=\"ct-div-block gallery__gallery-wrap width-50\" ><div id=\"_rich_text-77-73\" class=\"oxy-rich-text full-width\" ><p><span style=\"color: #50575e; font-family: -apple-system, BlinkMacSystemFont, 'Segoe UI', Roboto, Oxygen-Sans, Ubuntu, Cantarell, 'Helvetica Neue', sans-serif; font-size: 13px; background-color: #f6f7f7;\">    <div id=\"gallery_69f499f0a806d\" class=\"custom-gallery\">\n        <div class=\"main-image\">\n            <img decoding=\"async\" src=\"https:\/\/www.hueppe.com\/innovationen\/wp-content\/uploads\/2025\/06\/HUePPE-Sphere-pure-with-Wallbox-and-Light-Black-Edition-freestanding-950x650-3.jpg\" alt=\"\">\n        <\/div>\n        <div class=\"thumbnails\" style=\"display: flex; flex-wrap: wrap; gap: 10px;\">\n                            <div class=\"thumbnail\" style=\"cursor: pointer; flex: 1 0 21%;\">\n                    <img decoding=\"async\" src=\"https:\/\/www.hueppe.com\/innovationen\/wp-content\/uploads\/2025\/06\/HUePPE-Sphere-pure-with-Wallbox-and-Light-Black-Edition-freestanding-950x650-3.jpg\" alt=\"\" data-full=\"https:\/\/www.hueppe.com\/innovationen\/wp-content\/uploads\/2025\/06\/HUePPE-Sphere-pure-with-Wallbox-and-Light-Black-Edition-freestanding-950x650-3.jpg\" style=\"width: 100%; height: auto;\">\n                <\/div>\n                            <div class=\"thumbnail\" style=\"cursor: pointer; flex: 1 0 21%;\">\n                    <img decoding=\"async\" src=\"https:\/\/www.hueppe.com\/innovationen\/wp-content\/uploads\/2025\/06\/HUePPE-Sphere-pure-stainless-steel-Tablet-and-Light-950x650-2.jpg\" alt=\"\" data-full=\"https:\/\/www.hueppe.com\/innovationen\/wp-content\/uploads\/2025\/06\/HUePPE-Sphere-pure-stainless-steel-Tablet-and-Light-950x650-2.jpg\" style=\"width: 100%; height: auto;\">\n                <\/div>\n                            <div class=\"thumbnail\" style=\"cursor: pointer; flex: 1 0 21%;\">\n                    <img decoding=\"async\" src=\"https:\/\/www.hueppe.com\/innovationen\/wp-content\/uploads\/2025\/06\/HUePPE-Sphere-with-Wallbox-and-Light-Black-Edition-snow-950x650-2.jpg\" alt=\"\" data-full=\"https:\/\/www.hueppe.com\/innovationen\/wp-content\/uploads\/2025\/06\/HUePPE-Sphere-with-Wallbox-and-Light-Black-Edition-snow-950x650-2.jpg\" style=\"width: 100%; height: auto;\">\n                <\/div>\n                            <div class=\"thumbnail\" style=\"cursor: pointer; flex: 1 0 21%;\">\n                    <img decoding=\"async\" src=\"https:\/\/www.hueppe.com\/innovationen\/wp-content\/uploads\/2025\/06\/HUePPE-Sphere-Wallbox-black-and-cream-950x650-1.jpg\" alt=\"\" data-full=\"https:\/\/www.hueppe.com\/innovationen\/wp-content\/uploads\/2025\/06\/HUePPE-Sphere-Wallbox-black-and-cream-950x650-1.jpg\" style=\"width: 100%; height: auto;\">\n                <\/div>\n                            <div class=\"thumbnail\" style=\"cursor: pointer; flex: 1 0 21%;\">\n                    <img decoding=\"async\" src=\"https:\/\/www.hueppe.com\/innovationen\/wp-content\/uploads\/2025\/06\/HUePPE-Sphere-pure-side-view-with-light-at-night-950x650-2.jpg\" alt=\"\" data-full=\"https:\/\/www.hueppe.com\/innovationen\/wp-content\/uploads\/2025\/06\/HUePPE-Sphere-pure-side-view-with-light-at-night-950x650-2.jpg\" style=\"width: 100%; height: auto;\">\n                <\/div>\n                            <div class=\"thumbnail\" style=\"cursor: pointer; flex: 1 0 21%;\">\n                    <img decoding=\"async\" src=\"https:\/\/www.hueppe.com\/innovationen\/wp-content\/uploads\/2025\/06\/HUePPE-Sphere-pure-tablet-black-and-light-view-from-inside-950x650-1.jpg\" alt=\"\" data-full=\"https:\/\/www.hueppe.com\/innovationen\/wp-content\/uploads\/2025\/06\/HUePPE-Sphere-pure-tablet-black-and-light-view-from-inside-950x650-1.jpg\" style=\"width: 100%; height: auto;\">\n                <\/div>\n                    <\/div>\n    <\/div>\n    <script>\n        document.addEventListener('DOMContentLoaded', () => {\n            const gallery = document.querySelector('#gallery_69f499f0a806d');\n            const thumbnails = gallery.querySelectorAll('.thumbnail img');\n            const mainImage = gallery.querySelector('.main-image img');\n\n            thumbnails.forEach(thumbnail => {\n                thumbnail.addEventListener('click', () => {\n                    mainImage.src = thumbnail.getAttribute('data-full');\n                });\n            });\n        });\n    <\/script>\n    <style>\n        .custom-gallery .thumbnails img {\n            margin: 0;\n        }\n        .custom-gallery .main-image img {\n            width: 100%;\n            height: auto;\n            margin-bottom: 3px;\n        }\n    <\/style>\n    <\/span><\/p><\/div><\/div><div id=\"div_block-35-73\" class=\"ct-div-block content-wrap gallery__content-wrap width-50\" ><div id=\"div_block-79-73\" class=\"ct-div-block\" ><h2 id=\"headline-80-73\" class=\"ct-headline big-h2\">H\u00dcPPE Sphere<br><\/h2><h2 id=\"headline-81-73\" class=\"ct-headline big-h2 bold-text\">Toute la diversit\u00e9 pour votre projet.<br><\/h2><\/div><div id=\"_rich_text-82-73\" class=\"oxy-rich-text\" ><p><span lang=\"EN-US\">Avec H&Uuml;PPE Sphere, l'espace douche devient un &eacute;l&eacute;ment &agrave; part enti&egrave;re de l'architecture int&eacute;rieure, offrant de toutes nouvelles possibilit&eacute;s d'am&eacute;nagement de l'espace. D&eacute;couvrez ici toute la diversit&eacute; des solutions intelligentes pour l'am&eacute;nagement int&eacute;rieur de la salle de bains de demain !<\/span><\/p>\n<p><span lang=\"EN-US\">La structure modulaire de H&Uuml;PPE Sphere vous permet de composer tr&egrave;s facilement la douche de vos r&ecirc;ves.<\/span><\/p>\n<p class=\"MsoNormal\"><a href=\"..\/..\/hueppe-sphere-configurateur\/\"><strong><span lang=\"EN-US\" style=\"mso-ansi-language: EN-US;\">Configurez maintenant<\/span><\/strong><\/a><\/p><\/div><\/div><\/div><\/section>\n\n<section id=\"section-4-1868\" class=\" ct-section main-section white-section slider-4__section no-padding-x\" ><div class=\"ct-section-inner-wrap\"><div id=\"div_block-5-1868\" class=\"ct-div-block full-width horizontal-section slider-4__content-wrap\" ><div id=\"div_block-6-1868\" class=\"ct-div-block content-wrap width-50\" ><div id=\"div_block-7-1868\" class=\"ct-div-block\" ><h2 id=\"headline-8-1868\" class=\"ct-headline big-h2\">Votre espace douche personnalis\u00e9<br><\/h2><h2 id=\"headline-9-1868\" class=\"ct-headline big-h2 bold-text\">Configurez H\u00dcPPE Sphere en 3 \u00e9tapes.<br><\/h2><\/div><\/div><div id=\"div_block-10-1868\" class=\"ct-div-block content-wrap width-50\" ><div id=\"_rich_text-11-1868\" class=\"oxy-rich-text slider-4__text\" ><p class=\"MsoNormal\"><span lang=\"EN-US\" style=\"color: black; mso-themecolor: text1; mso-ansi-language: EN-US;\">Configurez votre cabine de douche H&Uuml;PPE Sphere gr&acirc;ce &agrave; de nombreuses options d'am&eacute;nagement en termes d'espace, de fonctionnalit&eacute; et de mat&eacute;riaux.<\/span><\/p><\/div><\/div><\/div><div id=\"div_block-12-1868\" class=\"ct-div-block full-width-div gallery-wrap\" ><div id=\"div_block-13-1868\" class=\"ct-div-block gallery-grid overflow-x-scroll\" ><div id=\"div_block-24-1868\" class=\"ct-div-block content-wrap slider-4__slider_slide\" ><img decoding=\"async\"  id=\"image-25-1868\" alt=\"\" src=\"https:\/\/www.hueppe.com\/innovationen\/wp-content\/uploads\/2025\/06\/HUePPE-Sphere-pure-with-Wallbox-and-Light-Black-Edition-freestanding-950x650-3.jpg\" class=\"ct-image image-is-cover first-image gallery-image aspect-18-11\"\/><div id=\"div_block-26-1868\" class=\"ct-div-block slider-4__slider_text-wrap text-left\" ><h3 id=\"headline-27-1868\" class=\"ct-headline bold-text\">\u00c9tape 1 :<br>Emplacement dans la pi\u00e8ce<\/h3><div id=\"text_block-28-1868\" class=\"ct-text-block\" >Bestimmen Sie Wand- oder Eckl\u00f6sung, Abma\u00dfe des Duschplatzes, Art der Installation und Materialkombinationen.<\/div><\/div><\/div><div id=\"div_block-29-1868\" class=\"ct-div-block content-wrap slider-4__slider_slide\" ><img decoding=\"async\"  id=\"image-30-1868\" alt=\"\" src=\"https:\/\/www.hueppe.com\/innovationen\/wp-content\/uploads\/2025\/06\/HUePPE-Sphere-Wallbox-inside-950x650-2.jpg\" class=\"ct-image image-is-cover first-image gallery-image aspect-18-11\"\/><div id=\"div_block-31-1868\" class=\"ct-div-block slider-4__slider_text-wrap text-left\" ><h3 id=\"headline-32-1868\" class=\"ct-headline bold-text\">\u00c9tape 2 :\n<br>Fonctions pour plus de confort<\/h3><div id=\"text_block-33-1868\" class=\"ct-text-block\" >Choisissez parmi une multitude de fonctions intelligentes telles que l'\u00e9clairage, les espaces de rangement et les surfaces de pose.<\/div><\/div><\/div><div id=\"div_block-40-1868\" class=\"ct-div-block content-wrap slider-4__slider_slide\" ><img decoding=\"async\"  id=\"image-41-1868\" alt=\"\" src=\"https:\/\/www.hueppe.com\/innovationen\/wp-content\/uploads\/2025\/06\/HUePPE-Sphere-materials-950x650-1.jpg\" class=\"ct-image image-is-cover first-image gallery-image aspect-18-11\"\/><div id=\"div_block-42-1868\" class=\"ct-div-block slider-4__slider_text-wrap text-left\" ><h3 id=\"headline-43-1868\" class=\"ct-headline bold-text\">\u00c9tape 3 :<br>Combinaisons de mat\u00e9riaux et de couleurs<\/h3><div id=\"text_block-44-1868\" class=\"ct-text-block\" >Cr\u00e9ez votre solution personnalis\u00e9e gr\u00e2ce \u00e0 diff\u00e9rentes combinaisons de mat\u00e9riaux et de couleurs pour les profil\u00e9s et les cloisons.<\/div><\/div><\/div><\/div><div id=\"div_block-34-1868\" class=\"ct-div-block full-width-div gallery-navigation-wrap\" ><div id=\"div_block-35-1868\" class=\"ct-div-block gallery-buttons\" ><div id=\"div_block-36-1868\" class=\"ct-div-block gallery-navigation orange-button gallery-navigation-prev\" ><img decoding=\"async\"  id=\"image-37-1868\" alt=\"\" src=\"https:\/\/www.hueppe.com\/innovationen\/wp-content\/uploads\/2024\/08\/arrow-black.svg\" class=\"ct-image link-icon rotate-180\" srcset-disabled=\"\" sizes=\"(max-width: 40px) 100vw, 40px\" \/><\/div><div id=\"div_block-38-1868\" class=\"ct-div-block orange-button gallery-navigation gallery-navigation-next\" ><img decoding=\"async\"  id=\"image-39-1868\" alt=\"\" src=\"https:\/\/www.hueppe.com\/innovationen\/wp-content\/uploads\/2024\/08\/arrow-black.svg\" class=\"ct-image link-icon\" srcset-disabled=\"\" sizes=\"(max-width: 40px) 100vw, 40px\" \/><\/div><\/div><\/div><\/div><\/div><\/section>\n\n<section id=\"section-4-400\" class=\" ct-section main-section horizontal-section teim-compact__section gold-section\" ><div class=\"ct-section-inner-wrap\"><div id=\"div_block-5-400\" class=\"ct-div-block content-wrap\" ><div id=\"div_block-16-400\" class=\"ct-div-block\" ><h2 id=\"headline-17-400\" class=\"ct-headline big-h2 white-text\">Configurateur H\u00dcPPE Sphere<br><\/h2><h2 id=\"headline-18-400\" class=\"ct-headline big-h2 bold-text white-text\">Commencez d\u00e8s maintenant.<br><\/h2><\/div><div id=\"_rich_text-19-400\" class=\"oxy-rich-text white-text\" ><p class=\"MsoNormal\"><span lang=\"EN-US\" style=\"color: black; mso-themecolor: text1; mso-ansi-language: EN-US;\">En quelques &eacute;tapes seulement, vous obtenez votre solution H&Uuml;PPE Sphere personnalis&eacute;e, avec prix de vente conseill&eacute; inclus. Enregistrez ensuite votre configuration personnelle au format PDF ou recherchez les revendeurs s&eacute;lectionn&eacute;s pr&egrave;s de chez vous. Notre &eacute;quipe se tient &eacute;galement &agrave; votre disposition pour toute demande personnalis&eacute;e.<\/span><\/p><\/div><a id=\"link-21-2581\" class=\"ct-link black-link link-with-icon content-wrap white-button\" href=\"https:\/\/www.hueppe.com\/innovationen\/fr\/new-era\/hueppe-sphere-configurateur\/\" target=\"_self\"  ><div id=\"text_block-22-2581\" class=\"ct-text-block orange-button-text\" >D\u00e9marrer la configuration<\/div><img decoding=\"async\"  id=\"image-23-2581\" alt=\"\" src=\"https:\/\/www.hueppe.com\/innovationen\/wp-content\/uploads\/2024\/08\/arrow-black.svg\" class=\"ct-image link-icon\" srcset-disabled=\"\" sizes=\"(max-width: 40px) 100vw, 40px\" \/><\/a><\/div><\/div><\/section>\n\n<section id=\"section-2-62\" class=\" ct-section main-section horizontal-section teim-compact__section white-section\" ><div class=\"ct-section-inner-wrap\"><div id=\"div_block-4-62\" class=\"ct-div-block width-50 content-wrap\" ><div id=\"div_block-19-62\" class=\"ct-div-block\" ><h2 id=\"headline-20-62\" class=\"ct-headline big-h2\">\u00c9quipe de projet H\u00dcPPE<br><\/h2><h2 id=\"headline-21-62\" class=\"ct-headline big-h2 bold-text\">Votre service de conseil personnalis\u00e9.<br><\/h2><\/div><div id=\"_rich_text-17-62\" class=\"oxy-rich-text\" ><p><span lang=\"EN-US\">Nous accordons une importance particuli&egrave;re aux relations de confiance avec nos partenaires et &agrave; un dialogue d'&eacute;gal &agrave; &eacute;gal. Notre &eacute;quipe commerciale est &agrave; vos c&ocirc;t&eacute;s pour vous conseiller sur nos produits et solutions et vous aider &agrave; r&eacute;pondre &agrave; vos questions techniques et &agrave; relever vos d&eacute;fis architecturaux. Vous pouvez &eacute;galement compter sur notre aide pour les appels d'offres.<\/span><\/p>\n<p><span lang=\"EN-US\">N'h&eacute;sitez pas &agrave; nous contacter, les experts en cabines de douche de notre service projets se feront un plaisir de vous aider :<\/span><\/p>\n<p style=\"box-sizing: inherit; margin-block-end: 0px; font-family: HurmeGeometricSans1; font-size: 16px;\"><strong><span lang=\"EN-US\">Votre interlocuteur personnel :<\/span><\/strong><strong style=\"font-family: Verdana, Arial, Helvetica, sans-serif; font-size: 14px;\"><span lang=\"EN-US\" style=\"font-size: 11pt; line-height: 107%; font-family: Aptos, sans-serif;\"><br \/><\/span><\/strong><span lang=\"EN-US\">T&eacute;l&eacute;phone : +49 4403 67-520<br \/>E-mail : <\/span><a href=\"mailto:objekt@hueppe.com\"><span lang=\"EN-US\">objekt@hueppe.com<\/span><\/a><\/p><\/div><a id=\"link-10-62\" class=\"ct-link link-with-icon bold-text orange-button black-link\" href=\"https:\/\/www.hueppe.com\/innovationen\/fr\/new-era\/prendre-rendez-vous\/\" target=\"_self\"  ><div id=\"text_block-11-62\" class=\"ct-text-block\" >Prendre rendez-vous<\/div><img decoding=\"async\"  id=\"image-14-62\" alt=\"\" src=\"https:\/\/www.hueppe.com\/innovationen\/wp-content\/uploads\/2024\/08\/arrow-black.svg\" class=\"ct-image link-icon\" srcset-disabled=\"\" sizes=\"(max-width: 40px) 100vw, 40px\" \/><\/a><\/div><div id=\"div_block-3-62\" class=\"ct-div-block width-50\" ><img decoding=\"async\"  id=\"image-5-62\" alt=\"\" src=\"https:\/\/www.hueppe.com\/innovationen\/wp-content\/uploads\/2024\/11\/DSC1271_02_CMYK.jpg\" class=\"ct-image \"\/><\/div><\/div><\/section>","protected":false},"excerpt":{"rendered":"","protected":false},"author":5,"featured_media":0,"parent":3093,"menu_order":0,"comment_status":"closed","ping_status":"closed","template":"","meta":{"_acf_changed":false,"footnotes":""},"class_list":["post-3389","page","type-page","status-publish","hentry"],"acf":[],"_links":{"self":[{"href":"https:\/\/www.hueppe.com\/innovationen\/fr\/wp-json\/wp\/v2\/pages\/3389","targetHints":{"allow":["GET"]}}],"collection":[{"href":"https:\/\/www.hueppe.com\/innovationen\/fr\/wp-json\/wp\/v2\/pages"}],"about":[{"href":"https:\/\/www.hueppe.com\/innovationen\/fr\/wp-json\/wp\/v2\/types\/page"}],"author":[{"embeddable":true,"href":"https:\/\/www.hueppe.com\/innovationen\/fr\/wp-json\/wp\/v2\/users\/5"}],"replies":[{"embeddable":true,"href":"https:\/\/www.hueppe.com\/innovationen\/fr\/wp-json\/wp\/v2\/comments?post=3389"}],"version-history":[{"count":18,"href":"https:\/\/www.hueppe.com\/innovationen\/fr\/wp-json\/wp\/v2\/pages\/3389\/revisions"}],"predecessor-version":[{"id":5630,"href":"https:\/\/www.hueppe.com\/innovationen\/fr\/wp-json\/wp\/v2\/pages\/3389\/revisions\/5630"}],"up":[{"embeddable":true,"href":"https:\/\/www.hueppe.com\/innovationen\/fr\/wp-json\/wp\/v2\/pages\/3093"}],"wp:attachment":[{"href":"https:\/\/www.hueppe.com\/innovationen\/fr\/wp-json\/wp\/v2\/media?parent=3389"}],"curies":[{"name":"wp","href":"https:\/\/api.w.org\/{rel}","templated":true}]}}