{"id":4527,"date":"2024-12-04T12:21:10","date_gmt":"2024-12-04T11:21:10","guid":{"rendered":"https:\/\/www.hueppe.com\/innovationen\/?page_id=4527"},"modified":"2025-08-27T11:30:25","modified_gmt":"2025-08-27T09:30:25","slug":"prendre-rendez-vous","status":"publish","type":"page","link":"https:\/\/www.hueppe.com\/innovationen\/fr\/new-era\/prendre-rendez-vous\/","title":{"rendered":"New Era: Termin vereinbaren"},"content":{"rendered":"<section id=\"section-4-1009\" class=\" ct-section product-hero__section no-padding overflow-hidden\" ><div class=\"ct-section-inner-wrap\"><div id=\"div_block-5-1009\" class=\"ct-div-block content-wrap full-width\" ><img decoding=\"async\"  id=\"image-6-1009\" alt=\"#contakt\" src=\"https:\/\/www.hueppe.com\/innovationen\/wp-content\/uploads\/2025\/07\/Header-HUePPE-Sphere.jpg\" class=\"ct-image image-is-cover prod-hero_image full-width\"\/><div id=\"div_block-7-1009\" class=\"ct-div-block hero-grid_big-item_contents content-wrap\" ><div id=\"div_block-8-1009\" class=\"ct-div-block headline-text_wrap\" ><h1 id=\"headline-9-1009\" class=\"ct-headline white-text\">H\u00dcPPE Sphere<br><span id=\"span-10-1009\" class=\"ct-span bold-text oxygenberg-span-10-1009 oxygenberg-element\">D'\u00e9gal \u00e0 \u00e9gal.<\/span><\/h1><div id=\"text_block-11-1009\" class=\"ct-text-block big-text white-text full-width align-left\" >Vous souhaitez en savoir plus sur cette nouvelle cat\u00e9gorie <br>de produits\net ses avantages ? Alors contactez-nous.&nbsp;&nbsp;<\/div><\/div><a id=\"link-12-1009\" class=\"ct-link orange-button black-link link-with-icon content-wrap\" href=\"#contact\" target=\"_self\"  ><div id=\"text_block-13-1009\" class=\"ct-text-block orange-button-text\" >Prendre contact<\/div><img decoding=\"async\"  id=\"image-14-1009\" alt=\"\" src=\"https:\/\/www.hueppe.com\/innovationen\/wp-content\/uploads\/2024\/08\/arrow-black.svg\" class=\"ct-image link-icon\" srcset-disabled=\"\" sizes=\"(max-width: 40px) 100vw, 40px\" \/><\/a><\/div><\/div><\/div><\/section>\n\n\n<div style=\"height:0px\" aria-hidden=\"true\" id=\"termin\" class=\"wp-block-spacer\"><\/div>\n\n\n<section id=\"section-2-452\" class=\" ct-section main-section background-rose form-section\" ><div class=\"ct-section-inner-wrap\"><div id=\"div_block-3-452\" class=\"ct-div-block width-50 content-wrap\" ><div id=\"div_block-17-639\" class=\"ct-div-block\" ><h2 id=\"headline-18-639\" class=\"ct-headline big-h2\">D\u00e9couvrez H\u00dcPPE Sphere pour vos projets<br><\/h2><h2 id=\"headline-19-639\" class=\"ct-headline big-h2 bold-text\">Prenez rendez-vous d\u00e8s maintenant pour un entretien personnalis\u00e9<br><\/h2><\/div><div id=\"_rich_text-12-452\" class=\"oxy-rich-text\" ><section>\n<div>\n<div>\n<p>Vous souhaitez utiliser H&Uuml;PPE Sphere pour votre prochain projet et vous avez des questions &agrave; ce sujet ? Nos experts en cabines de douche se feront un plaisir de vous aider lors d'un entretien t&eacute;l&eacute;phonique personnalis&eacute;. Demandez d&egrave;s maintenant &agrave; &ecirc;tre rappel&eacute; &agrave; l'aide du formulaire.<\/p>\n<\/div>\n<\/div>\n<\/section>\n<section><\/section><\/div><\/div><div id=\"div_block-4-452\" class=\"ct-div-block width-50\" ><div id=\"_rich_text-15-639\" class=\"oxy-rich-text form-wrap\" ><section class=\"content-block p-0 \">\n<div class=\"vlx-container pb-0\">\n<div class=\"text-editor\">\n<p><span style=\"color: #50575e; font-family: -apple-system, BlinkMacSystemFont, 'Segoe UI', Roboto, Oxygen-Sans, Ubuntu, Cantarell, 'Helvetica Neue', sans-serif; font-size: 13px; background-color: #f6f6f6;\"><style id=\"wpforms-css-vars-5186\">\n\t\t\t\t#wpforms-5186 {\n\t\t\t\t\n\t\t\t}\n\t\t\t<\/style><div class=\"wpforms-container wpforms-container-full lead_form wpforms-render-modern\" id=\"wpforms-5186\"><form id=\"wpforms-form-5186\" class=\"wpforms-validate wpforms-form wpforms-ajax-form\" data-formid=\"5186\" method=\"post\" enctype=\"multipart\/form-data\" action=\"\/innovationen\/fr\/wp-json\/wp\/v2\/pages\/4527\" data-token=\"ebb392cdf5290264878c029f73dca6e4\" data-token-time=\"1777614199\"><noscript class=\"wpforms-error-noscript\">Veuillez activer JavaScript dans votre navigateur pour remplir ce formulaire.<\/noscript><div id=\"wpforms-error-noscript\" style=\"display: none;\">Veuillez activer JavaScript dans votre navigateur pour remplir ce formulaire.<\/div><div class=\"wpforms-field-container\">\t\t<div id=\"wpforms-5186-field_1-container\"\n\t\t\tclass=\"wpforms-field wpforms-field-text\"\n\t\t\tdata-field-type=\"text\"\n\t\t\tdata-field-id=\"1\"\n\t\t\t>\n\t\t\t<label class=\"wpforms-field-label\" for=\"wpforms-5186-field_1\" >Checkboxen Textabsatz Anrede<\/label>\n\t\t\t<input type=\"text\" id=\"wpforms-5186-field_1\" class=\"wpforms-field-medium\" name=\"wpforms[fields][1]\" >\n\t\t<\/div>\n\t\t<div id=\"wpforms-5186-field_7-container\" class=\"wpforms-field wpforms-field-text\" data-field-id=\"7\"><label class=\"wpforms-field-label wpforms-label-hide\" for=\"wpforms-5186-field_7\" aria-hidden=\"false\">Firma <span class=\"wpforms-required-label\" aria-hidden=\"true\">*<\/span><\/label><input type=\"text\" id=\"wpforms-5186-field_7\" class=\"wpforms-field-large wpforms-field-required\" name=\"wpforms[fields][7]\" placeholder=\"Nom de soci\u00e9t\u00e9*\" aria-errormessage=\"wpforms-5186-field_7-error\" required><\/div><div id=\"wpforms-5186-field_8-container\" class=\"wpforms-field wpforms-field-select wpforms-field-select-style-modern\" data-field-id=\"8\"><label class=\"wpforms-field-label wpforms-label-hide\" for=\"wpforms-5186-field_8\" aria-hidden=\"false\">Anrede <span class=\"wpforms-required-label\" aria-hidden=\"true\">*<\/span><\/label><select id=\"wpforms-5186-field_8\" class=\"wpforms-field-large wpforms-field-required choicesjs-select\" data-size-class=\"wpforms-field-row wpforms-field-large\" data-search-enabled=\"\" name=\"wpforms[fields][8]\" required=\"required\"><option value=\"\" class=\"placeholder\" disabled  selected='selected'>Civilit\u00e9*<\/option><option value=\"Madame\"  class=\"choice-1 depth-1\"  >Madame<\/option><option value=\"Monsieur\"  class=\"choice-2 depth-1\"  >Monsieur<\/option><option value=\"divers\"  class=\"choice-3 depth-1\"  >divers<\/option><option value=\"non sp\u00e9cifi\u00e9\"  class=\"choice-4 depth-1\"  >non sp\u00e9cifi\u00e9<\/option><\/select><\/div><div id=\"wpforms-5186-field_4-container\" class=\"wpforms-field wpforms-field-name\" data-field-id=\"4\"><fieldset><legend class=\"wpforms-field-label wpforms-label-hide\" aria-hidden=\"false\">Name <span class=\"wpforms-required-label\" aria-hidden=\"true\">*<\/span><\/legend><div class=\"wpforms-field-row wpforms-field-large\"><div class=\"wpforms-field-row-block wpforms-first wpforms-one-half\"><input type=\"text\" id=\"wpforms-5186-field_4\" class=\"wpforms-field-name-first wpforms-field-required\" name=\"wpforms[fields][4][first]\" placeholder=\"Pr\u00e9nom*\" aria-errormessage=\"wpforms-5186-field_4-error\" required><label for=\"wpforms-5186-field_4\" class=\"wpforms-field-sublabel after wpforms-sublabel-hide\">Pr\u00e9nom<\/label><\/div><div class=\"wpforms-field-row-block wpforms-one-half\"><input type=\"text\" id=\"wpforms-5186-field_4-last\" class=\"wpforms-field-name-last wpforms-field-required\" name=\"wpforms[fields][4][last]\" placeholder=\"Nom*\" aria-errormessage=\"wpforms-5186-field_4-last-error\" required><label for=\"wpforms-5186-field_4-last\" class=\"wpforms-field-sublabel after wpforms-sublabel-hide\">Nom<\/label><\/div><\/div><\/fieldset><\/div><div id=\"wpforms-5186-field_2-container\" class=\"wpforms-field wpforms-field-phone\" data-field-id=\"2\"><label class=\"wpforms-field-label wpforms-label-hide\" for=\"wpforms-5186-field_2\" aria-hidden=\"false\">Telefonnummer <span class=\"wpforms-required-label\" aria-hidden=\"true\">*<\/span><\/label><input type=\"tel\" id=\"wpforms-5186-field_2\" class=\"wpforms-field-large wpforms-field-required wpforms-smart-phone-field\" data-rule-smart-phone-field=\"true\" name=\"wpforms[fields][2]\" placeholder=\"Num\u00e9ro de t\u00e9l\u00e9phone*\" aria-label=\"Telefonnummer\" aria-errormessage=\"wpforms-5186-field_2-error\" required><\/div><div id=\"wpforms-5186-field_5-container\" class=\"wpforms-field wpforms-field-email\" data-field-id=\"5\"><label class=\"wpforms-field-label wpforms-label-hide\" for=\"wpforms-5186-field_5\" aria-hidden=\"false\">E-Mail-Adresse <span class=\"wpforms-required-label\" aria-hidden=\"true\">*<\/span><\/label><input type=\"email\" id=\"wpforms-5186-field_5\" class=\"wpforms-field-large wpforms-field-required\" name=\"wpforms[fields][5]\" placeholder=\"E-Mail*\" spellcheck=\"false\" aria-errormessage=\"wpforms-5186-field_5-error\" required><\/div><div id=\"wpforms-5186-field_6-container\" class=\"wpforms-field wpforms-field-textarea\" data-field-id=\"6\"><label class=\"wpforms-field-label wpforms-label-hide\" for=\"wpforms-5186-field_6\" aria-hidden=\"false\">Textabsatz<\/label><textarea id=\"wpforms-5186-field_6\" class=\"wpforms-field-large\" name=\"wpforms[fields][6]\" placeholder=\"Indiquez ici la date souhait\u00e9e pour un rappel, vos questions ou les informations d\u00e9j\u00e0 disponibles concernant votre projet avec H\u00dcPPE Sphere.\" aria-errormessage=\"wpforms-5186-field_6-error\" ><\/textarea><\/div><div id=\"wpforms-5186-field_3-container\" class=\"wpforms-field wpforms-field-checkbox\" data-field-id=\"3\"><fieldset><legend class=\"wpforms-field-label wpforms-label-hide\" aria-hidden=\"false\">Checkboxen <span class=\"wpforms-required-label\" aria-hidden=\"true\">*<\/span><\/legend><ul id=\"wpforms-5186-field_3\" class=\"wpforms-field-required\"><li class=\"choice-1 depth-1\"><input type=\"checkbox\" id=\"wpforms-5186-field_3_1\" name=\"wpforms[fields][3][]\" value=\"J&#039;accepte que les donn\u00e9es personnelles que j&#039;ai saisies soient enregistr\u00e9es, trait\u00e9es et utilis\u00e9es conform\u00e9ment aux dispositions l\u00e9gales et \u00e0 la &lt;a href=&quot;https:\/\/www.hueppe.com\/fr\/protection-des-donnees\/&quot; target=&quot;_blank&quot;&gt;d\u00e9claration de confidentialit\u00e9 de H\u00dcPPE&lt;\/a&gt;. Je sais que je peux m&#039;opposer \u00e0 tout moment au traitement de mes donn\u00e9es.\" aria-errormessage=\"wpforms-5186-field_3_1-error\" required ><label class=\"wpforms-field-label-inline\" for=\"wpforms-5186-field_3_1\">J'accepte que les donn\u00e9es personnelles que j'ai saisies soient enregistr\u00e9es, trait\u00e9es et utilis\u00e9es conform\u00e9ment aux dispositions l\u00e9gales et \u00e0 la <a href=\"https:\/\/www.hueppe.com\/fr\/protection-des-donnees\/\" target=\"_blank\">d\u00e9claration de confidentialit\u00e9 de H\u00dcPPE<\/a>. Je sais que je peux m'opposer \u00e0 tout moment au traitement de mes donn\u00e9es.<\/label><\/li><\/ul><\/fieldset><\/div><script>\n\t\t\t\t( function() {\n\t\t\t\t\tconst style = document.createElement( 'style' );\n\t\t\t\t\tstyle.appendChild( document.createTextNode( '#wpforms-5186-field_1-container { position: absolute !important; overflow: hidden !important; display: inline !important; height: 1px !important; width: 1px !important; z-index: -1000 !important; padding: 0 !important; } #wpforms-5186-field_1-container input { visibility: hidden; } #wpforms-conversational-form-page #wpforms-5186-field_1-container label { counter-increment: none; }' ) );\n\t\t\t\t\tdocument.head.appendChild( style );\n\t\t\t\t\tdocument.currentScript?.remove();\n\t\t\t\t} )();\n\t\t\t<\/script><\/div><!-- .wpforms-field-container --><div class=\"wpforms-submit-container\" ><input type=\"hidden\" name=\"wpforms[id]\" value=\"5186\"><input type=\"hidden\" name=\"page_title\" value=\"\"><input type=\"hidden\" name=\"page_url\" value=\"https:\/\/www.hueppe.com\/innovationen\/fr\/wp-json\/wp\/v2\/pages\/4527\"><input type=\"hidden\" name=\"url_referer\" value=\"\"><button type=\"submit\" name=\"wpforms[submit]\" id=\"wpforms-submit-5186\" class=\"wpforms-submit\" data-alt-text=\"En cours de traitement ...\" data-submit-text=\"Envoyer\" aria-live=\"assertive\" value=\"wpforms-submit\">Envoyer<\/button><img loading=\"lazy\" decoding=\"async\" src=\"https:\/\/www.hueppe.com\/innovationen\/wp-content\/plugins\/wpforms\/assets\/images\/submit-spin.svg\" class=\"wpforms-submit-spinner\" style=\"display: none;\" width=\"26\" height=\"26\" alt=\"Chargement en cours\"><\/div><\/form><\/div>  <!-- .wpforms-container --><\/span><\/p>\n<\/div>\n<\/div>\n<\/section>\n<section class=\"  \"><\/section><\/div><\/div><\/div><\/section>\n\n\n<div style=\"height:0px\" aria-hidden=\"true\" id=\"contact\" class=\"wp-block-spacer\"><\/div>\n\n\n<section id=\"section-2-452\" class=\" ct-section main-section background-rose form-section\" ><div class=\"ct-section-inner-wrap\"><div id=\"div_block-3-452\" class=\"ct-div-block width-50 content-wrap\" ><div id=\"div_block-17-639\" class=\"ct-div-block\" ><h2 id=\"headline-18-639\" class=\"ct-headline big-h2\">Nous sommes l\u00e0 pour vous\n<br><\/h2><h2 id=\"headline-19-639\" class=\"ct-headline big-h2 bold-text\">Vous voulez en savoir plus sur H\u00dcPPE Sphere ?<br><\/h2><\/div><div id=\"_rich_text-12-452\" class=\"oxy-rich-text\" ><section>\n<div>\n<div>\n<p class=\"MsoNormal\">Dans ce cas, il vous suffit de remplir notre formulaire de contact. Les experts en espace douche de notre &eacute;quipe de projet se feront un plaisir de vous aider.<\/p>\n<\/div>\n<\/div>\n<\/section>\n<section><\/section><\/div><\/div><div id=\"div_block-4-452\" class=\"ct-div-block width-50\" ><div id=\"_rich_text-15-639\" class=\"oxy-rich-text form-wrap\" ><section class=\"content-block p-0 \">\n<div class=\"vlx-container pb-0\">\n<div class=\"text-editor\">\n<p><span style=\"color: #50575e; font-family: -apple-system, BlinkMacSystemFont, 'Segoe UI', Roboto, Oxygen-Sans, Ubuntu, Cantarell, 'Helvetica Neue', sans-serif; font-size: 13px; background-color: #f6f6f6;\"><style id=\"wpforms-css-vars-3101\">\n\t\t\t\t#wpforms-3101 {\n\t\t\t\t\n\t\t\t}\n\t\t\t<\/style><div class=\"wpforms-container wpforms-container-full lead_form wpforms-render-modern\" id=\"wpforms-3101\"><form id=\"wpforms-form-3101\" class=\"wpforms-validate wpforms-form wpforms-ajax-form\" data-formid=\"3101\" method=\"post\" enctype=\"multipart\/form-data\" action=\"\/innovationen\/fr\/wp-json\/wp\/v2\/pages\/4527\" data-token=\"ee07efc83c7ca6ad68541867722a61eb\" data-token-time=\"1777614199\"><noscript class=\"wpforms-error-noscript\">Veuillez activer JavaScript dans votre navigateur pour remplir ce formulaire.<\/noscript><div id=\"wpforms-error-noscript\" style=\"display: none;\">Veuillez activer JavaScript dans votre navigateur pour remplir ce formulaire.<\/div><div class=\"wpforms-field-container\">\t\t<div id=\"wpforms-3101-field_4-container\"\n\t\t\tclass=\"wpforms-field wpforms-field-text\"\n\t\t\tdata-field-type=\"text\"\n\t\t\tdata-field-id=\"4\"\n\t\t\t>\n\t\t\t<label class=\"wpforms-field-label\" for=\"wpforms-3101-field_4\" >Name Ihre E-Mail-Adresse<\/label>\n\t\t\t<input type=\"text\" id=\"wpforms-3101-field_4\" class=\"wpforms-field-medium\" name=\"wpforms[fields][4]\" >\n\t\t<\/div>\n\t\t<div id=\"wpforms-3101-field_9-container\" class=\"wpforms-field wpforms-field-text\" data-field-id=\"9\"><label class=\"wpforms-field-label wpforms-label-hide\" for=\"wpforms-3101-field_9\" aria-hidden=\"false\">Firmenname <span class=\"wpforms-required-label\" aria-hidden=\"true\">*<\/span><\/label><input type=\"text\" id=\"wpforms-3101-field_9\" class=\"wpforms-field-large wpforms-field-required\" name=\"wpforms[fields][9]\" placeholder=\"Nom de l&#039;entreprise\" aria-errormessage=\"wpforms-3101-field_9-error\" required><\/div><div id=\"wpforms-3101-field_2-container\" class=\"wpforms-field wpforms-field-select wpforms-field-select-style-modern\" data-field-id=\"2\"><label class=\"wpforms-field-label wpforms-label-hide\" for=\"wpforms-3101-field_2\" aria-hidden=\"false\">Anrede <span class=\"wpforms-required-label\" aria-hidden=\"true\">*<\/span><\/label><select id=\"wpforms-3101-field_2\" class=\"wpforms-field-large wpforms-field-required choicesjs-select\" data-size-class=\"wpforms-field-row wpforms-field-large\" data-search-enabled=\"\" name=\"wpforms[fields][2]\" required=\"required\"><option value=\"\" class=\"placeholder\" disabled  selected='selected'>Titre de civilit\u00e9<\/option><option value=\"Mme\"  class=\"choice-1 depth-1\"  >Mme<\/option><option value=\"M.\"  class=\"choice-2 depth-1\"  >M.<\/option><option value=\"divers\"  class=\"choice-3 depth-1\"  >divers<\/option><option value=\"pas d&#039;indication\"  class=\"choice-4 depth-1\"  >pas d'indication<\/option><\/select><\/div><div id=\"wpforms-3101-field_1-container\" class=\"wpforms-field wpforms-field-name\" data-field-id=\"1\"><fieldset><legend class=\"wpforms-field-label wpforms-label-hide\" aria-hidden=\"false\">Name <span class=\"wpforms-required-label\" aria-hidden=\"true\">*<\/span><\/legend><div class=\"wpforms-field-row wpforms-field-large\"><div class=\"wpforms-field-row-block wpforms-first wpforms-one-half\"><input type=\"text\" id=\"wpforms-3101-field_1\" class=\"wpforms-field-name-first wpforms-field-required\" name=\"wpforms[fields][1][first]\" placeholder=\"Pr\u00e9nom\" aria-errormessage=\"wpforms-3101-field_1-error\" required><label for=\"wpforms-3101-field_1\" class=\"wpforms-field-sublabel after wpforms-sublabel-hide\">Pr\u00e9nom<\/label><\/div><div class=\"wpforms-field-row-block wpforms-one-half\"><input type=\"text\" id=\"wpforms-3101-field_1-last\" class=\"wpforms-field-name-last wpforms-field-required\" name=\"wpforms[fields][1][last]\" placeholder=\"Nom de famille\" aria-errormessage=\"wpforms-3101-field_1-last-error\" required><label for=\"wpforms-3101-field_1-last\" class=\"wpforms-field-sublabel after wpforms-sublabel-hide\">Nom<\/label><\/div><\/div><\/fieldset><\/div><div id=\"wpforms-3101-field_3-container\" class=\"wpforms-field wpforms-field-text\" data-field-id=\"3\"><label class=\"wpforms-field-label wpforms-label-hide\" for=\"wpforms-3101-field_3\" aria-hidden=\"false\">Land <span class=\"wpforms-required-label\" aria-hidden=\"true\">*<\/span><\/label><input type=\"text\" id=\"wpforms-3101-field_3\" class=\"wpforms-field-large wpforms-field-required\" name=\"wpforms[fields][3]\" placeholder=\"Pays\" aria-errormessage=\"wpforms-3101-field_3-error\" required><\/div><div id=\"wpforms-3101-field_6-container\" class=\"wpforms-field wpforms-field-email\" data-field-id=\"6\"><label class=\"wpforms-field-label wpforms-label-hide\" for=\"wpforms-3101-field_6\" aria-hidden=\"false\">E-Mail-Adresse <span class=\"wpforms-required-label\" aria-hidden=\"true\">*<\/span><\/label><input type=\"email\" id=\"wpforms-3101-field_6\" class=\"wpforms-field-large wpforms-field-required\" name=\"wpforms[fields][6]\" placeholder=\"E-mail\" spellcheck=\"false\" aria-errormessage=\"wpforms-3101-field_6-error\" required><\/div><div id=\"wpforms-3101-field_13-container\" class=\"wpforms-field wpforms-field-textarea\" data-field-id=\"13\"><label class=\"wpforms-field-label wpforms-label-hide\" for=\"wpforms-3101-field_13\" aria-hidden=\"false\">Ihre Nachricht<\/label><textarea id=\"wpforms-3101-field_13\" class=\"wpforms-field-large\" name=\"wpforms[fields][13]\" placeholder=\"N&#039;h\u00e9sitez pas \u00e0 nous envoyer ici vos questions ou informations sur (votre projet) H\u00dcPPE Sphere.\" aria-errormessage=\"wpforms-3101-field_13-error\" ><\/textarea><\/div><div id=\"wpforms-3101-field_11-container\" class=\"wpforms-field wpforms-field-text\" data-field-id=\"11\"><label class=\"wpforms-field-label wpforms-label-hide\" for=\"wpforms-3101-field_11\" aria-hidden=\"false\">Telefonnummer <span class=\"wpforms-required-label\" aria-hidden=\"true\">*<\/span><\/label><input type=\"text\" id=\"wpforms-3101-field_11\" class=\"wpforms-field-large wpforms-field-required\" name=\"wpforms[fields][11]\" placeholder=\"Num\u00e9ro de t\u00e9l\u00e9phone\" aria-errormessage=\"wpforms-3101-field_11-error\" required><\/div><div id=\"wpforms-3101-field_7-container\" class=\"wpforms-field wpforms-field-checkbox\" data-field-id=\"7\"><fieldset><legend class=\"wpforms-field-label wpforms-label-hide\" aria-hidden=\"false\">Checkboxen <span class=\"wpforms-required-label\" aria-hidden=\"true\">*<\/span><\/legend><ul id=\"wpforms-3101-field_7\" class=\"wpforms-field-required\"><li class=\"choice-1 depth-1\"><input type=\"checkbox\" id=\"wpforms-3101-field_7_1\" name=\"wpforms[fields][7][]\" value=\"J&#039;accepte que les donn\u00e9es personnelles que j&#039;ai saisies soient enregistr\u00e9es, trait\u00e9es et utilis\u00e9es conform\u00e9ment aux dispositions l\u00e9gales et \u00e0 la &lt;a target=&quot;_blank&quot; href=&quot;https:\/\/www.hueppe.com\/fr\/protection-des-donnees\/&quot;&gt;d\u00e9claration de confidentialit\u00e9 de H\u00dcPPE&lt;\/a&gt;. Je sais que je peux m&#039;opposer \u00e0 tout moment au traitement de mes donn\u00e9es.\" aria-errormessage=\"wpforms-3101-field_7_1-error\" required ><label class=\"wpforms-field-label-inline\" for=\"wpforms-3101-field_7_1\">J'accepte que les donn\u00e9es personnelles que j'ai saisies soient enregistr\u00e9es, trait\u00e9es et utilis\u00e9es conform\u00e9ment aux dispositions l\u00e9gales et \u00e0 la <a target=\"_blank\" href=\"https:\/\/www.hueppe.com\/fr\/protection-des-donnees\/\">d\u00e9claration de confidentialit\u00e9 de H\u00dcPPE<\/a>. Je sais que je peux m'opposer \u00e0 tout moment au traitement de mes donn\u00e9es.<\/label><\/li><\/ul><\/fieldset><\/div><div id=\"wpforms-3101-field_14-container\" class=\"wpforms-field wpforms-field-gdpr-checkbox\" data-field-id=\"14\"><label class=\"wpforms-field-label\">Accord RGPD <span class=\"wpforms-required-label\" aria-hidden=\"true\">*<\/span><\/label><ul id=\"wpforms-3101-field_14\" class=\"wpforms-field-required\"><li class=\"choice-1\"><input type=\"checkbox\" id=\"wpforms-3101-field_14_1\" name=\"wpforms[fields][14][]\" value=\"J&#039;accepte que ce site web enregistre les informations que je lui ai transmises afin qu&#039;il puisse r\u00e9pondre \u00e0 ma demande.\" aria-errormessage=\"wpforms-3101-field_14_1-error\" required ><label class=\"wpforms-field-label-inline\" for=\"wpforms-3101-field_14_1\">J'accepte que ce site web enregistre les informations que je lui ai transmises afin qu'il puisse r\u00e9pondre \u00e0 ma demande.<\/label><\/li><\/ul><\/div><script>\n\t\t\t\t( function() {\n\t\t\t\t\tconst style = document.createElement( 'style' );\n\t\t\t\t\tstyle.appendChild( document.createTextNode( '#wpforms-5186-field_1-container,#wpforms-3101-field_4-container { position: absolute !important; overflow: hidden !important; display: inline !important; height: 1px !important; width: 1px !important; z-index: -1000 !important; padding: 0 !important; } #wpforms-5186-field_1-container,#wpforms-3101-field_4-container input { visibility: hidden; } #wpforms-conversational-form-page #wpforms-5186-field_1-container,#wpforms-3101-field_4-container label { counter-increment: none; }' ) );\n\t\t\t\t\tdocument.head.appendChild( style );\n\t\t\t\t\tdocument.currentScript?.remove();\n\t\t\t\t} )();\n\t\t\t<\/script><\/div><!-- .wpforms-field-container --><div class=\"wpforms-submit-container\" ><input type=\"hidden\" name=\"wpforms[id]\" value=\"3101\"><input type=\"hidden\" name=\"page_title\" value=\"\"><input type=\"hidden\" name=\"page_url\" value=\"https:\/\/www.hueppe.com\/innovationen\/fr\/wp-json\/wp\/v2\/pages\/4527\"><input type=\"hidden\" name=\"url_referer\" value=\"\"><button type=\"submit\" name=\"wpforms[submit]\" id=\"wpforms-submit-3101\" class=\"wpforms-submit\" data-alt-text=\"Est trait\u00e9\u00a0\u2026\" data-submit-text=\"Envoyer\" aria-live=\"assertive\" value=\"wpforms-submit\">Envoyer<\/button><img loading=\"lazy\" decoding=\"async\" src=\"https:\/\/www.hueppe.com\/innovationen\/wp-content\/plugins\/wpforms\/assets\/images\/submit-spin.svg\" class=\"wpforms-submit-spinner\" style=\"display: none;\" width=\"26\" height=\"26\" alt=\"Chargement en cours\"><\/div><\/form><\/div>  <!-- .wpforms-container --><\/span><\/p>\n<\/div>\n<\/div>\n<\/section>\n<section class=\"  \"><\/section><\/div><\/div><\/div><\/section>","protected":false},"excerpt":{"rendered":"","protected":false},"author":5,"featured_media":0,"parent":3093,"menu_order":0,"comment_status":"closed","ping_status":"closed","template":"","meta":{"_acf_changed":false,"footnotes":""},"class_list":["post-4527","page","type-page","status-publish","hentry"],"acf":[],"_links":{"self":[{"href":"https:\/\/www.hueppe.com\/innovationen\/fr\/wp-json\/wp\/v2\/pages\/4527","targetHints":{"allow":["GET"]}}],"collection":[{"href":"https:\/\/www.hueppe.com\/innovationen\/fr\/wp-json\/wp\/v2\/pages"}],"about":[{"href":"https:\/\/www.hueppe.com\/innovationen\/fr\/wp-json\/wp\/v2\/types\/page"}],"author":[{"embeddable":true,"href":"https:\/\/www.hueppe.com\/innovationen\/fr\/wp-json\/wp\/v2\/users\/5"}],"replies":[{"embeddable":true,"href":"https:\/\/www.hueppe.com\/innovationen\/fr\/wp-json\/wp\/v2\/comments?post=4527"}],"version-history":[{"count":8,"href":"https:\/\/www.hueppe.com\/innovationen\/fr\/wp-json\/wp\/v2\/pages\/4527\/revisions"}],"predecessor-version":[{"id":5369,"href":"https:\/\/www.hueppe.com\/innovationen\/fr\/wp-json\/wp\/v2\/pages\/4527\/revisions\/5369"}],"up":[{"embeddable":true,"href":"https:\/\/www.hueppe.com\/innovationen\/fr\/wp-json\/wp\/v2\/pages\/3093"}],"wp:attachment":[{"href":"https:\/\/www.hueppe.com\/innovationen\/fr\/wp-json\/wp\/v2\/media?parent=4527"}],"curies":[{"name":"wp","href":"https:\/\/api.w.org\/{rel}","templated":true}]}}