{"id":2850,"date":"2025-06-11T09:15:27","date_gmt":"2025-06-11T07:15:27","guid":{"rendered":"https:\/\/www.hueppe.com\/innovationen\/?page_id=2850"},"modified":"2026-01-07T08:16:51","modified_gmt":"2026-01-07T07:16:51","slug":"konfigurator","status":"publish","type":"page","link":"https:\/\/www.hueppe.com\/innovationen\/new-era\/konfigurator\/","title":{"rendered":"Konfigurator (ohne Preise) - Einstiegsseite"},"content":{"rendered":"<section id=\"section-4-1009\" class=\" ct-section product-hero__section no-padding overflow-hidden\" ><div class=\"ct-section-inner-wrap\"><div id=\"div_block-5-1009\" class=\"ct-div-block content-wrap full-width\" ><img decoding=\"async\"  id=\"image-6-1009\" alt=\"\" src=\"https:\/\/www.hueppe.com\/innovationen\/wp-content\/uploads\/2025\/06\/Headerbild-Konfigurator.jpg\" class=\"ct-image image-is-cover prod-hero_image full-width\"\/><div id=\"div_block-7-1009\" class=\"ct-div-block hero-grid_big-item_contents content-wrap\" ><div id=\"div_block-8-1009\" class=\"ct-div-block headline-text_wrap\" ><h1 id=\"headline-9-1009\" class=\"ct-headline white-text\"><span id=\"span-10-1009\" class=\"ct-span bold-text oxygenberg-span-10-1009 oxygenberg-element\"><span style=\"font-weight: 300;\">H\u00dcPPE Sphere<br><\/span>Die passende L\u00f6sung f\u00fcr Ihr Projekt.<\/span><\/h1><div id=\"text_block-11-1009\" class=\"ct-text-block big-text white-text full-width align-left\" >Konfigurieren und finden Sie Ihre pers\u00f6nliche H\u00dcPPE Sphere.<\/div><\/div><a id=\"link-12-1009\" class=\"ct-link orange-button black-link link-with-icon content-wrap\" href=\"https:\/\/www.hueppe.com\/innovationen\/new-era\/hueppe-sphere-konfigurator\/\" target=\"_self\"  ><div id=\"text_block-13-1009\" class=\"ct-text-block orange-button-text\" >Jetzt konfigurieren<\/div><img decoding=\"async\"  id=\"image-14-1009\" alt=\"\" src=\"https:\/\/www.hueppe.com\/innovationen\/wp-content\/uploads\/2024\/08\/arrow-black.svg\" class=\"ct-image link-icon\" srcset-disabled=\"\" sizes=\"(max-width: 40px) 100vw, 40px\" \/><\/a><\/div><\/div><\/div><\/section>\n\n<section id=\"section-2-73\" class=\" ct-section main-section horizontal-section gallery__section white-section\" ><div class=\"ct-section-inner-wrap\"><div id=\"div_block-33-73\" class=\"ct-div-block gallery__gallery-wrap width-50\" ><div id=\"_rich_text-77-73\" class=\"oxy-rich-text full-width\" ><p><span style=\"color: #50575e; font-family: -apple-system, BlinkMacSystemFont, 'Segoe UI', Roboto, Oxygen-Sans, Ubuntu, Cantarell, 'Helvetica Neue', sans-serif; font-size: 13px; background-color: #f6f7f7;\">    <div id=\"gallery_69f499ca1a5c6\" class=\"custom-gallery\">\n        <div class=\"main-image\">\n            <img decoding=\"async\" src=\"https:\/\/www.hueppe.com\/innovationen\/wp-content\/uploads\/2025\/06\/HUePPE-Sphere-pure-with-Wallbox-and-Light-Black-Edition-freestanding-950x650-3.jpg\" alt=\"\">\n        <\/div>\n        <div class=\"thumbnails\" style=\"display: flex; flex-wrap: wrap; gap: 10px;\">\n                            <div class=\"thumbnail\" style=\"cursor: pointer; flex: 1 0 21%;\">\n                    <img decoding=\"async\" src=\"https:\/\/www.hueppe.com\/innovationen\/wp-content\/uploads\/2025\/06\/HUePPE-Sphere-pure-with-Wallbox-and-Light-Black-Edition-freestanding-950x650-3.jpg\" alt=\"\" data-full=\"https:\/\/www.hueppe.com\/innovationen\/wp-content\/uploads\/2025\/06\/HUePPE-Sphere-pure-with-Wallbox-and-Light-Black-Edition-freestanding-950x650-3.jpg\" style=\"width: 100%; height: auto;\">\n                <\/div>\n                            <div class=\"thumbnail\" style=\"cursor: pointer; flex: 1 0 21%;\">\n                    <img decoding=\"async\" src=\"https:\/\/www.hueppe.com\/innovationen\/wp-content\/uploads\/2025\/06\/HUePPE-Sphere-pure-stainless-steel-Tablet-and-Light-950x650-2.jpg\" alt=\"\" data-full=\"https:\/\/www.hueppe.com\/innovationen\/wp-content\/uploads\/2025\/06\/HUePPE-Sphere-pure-stainless-steel-Tablet-and-Light-950x650-2.jpg\" style=\"width: 100%; height: auto;\">\n                <\/div>\n                            <div class=\"thumbnail\" style=\"cursor: pointer; flex: 1 0 21%;\">\n                    <img decoding=\"async\" src=\"https:\/\/www.hueppe.com\/innovationen\/wp-content\/uploads\/2025\/06\/HUePPE-Sphere-with-Wallbox-and-Light-Black-Edition-snow-950x650-2.jpg\" alt=\"\" data-full=\"https:\/\/www.hueppe.com\/innovationen\/wp-content\/uploads\/2025\/06\/HUePPE-Sphere-with-Wallbox-and-Light-Black-Edition-snow-950x650-2.jpg\" style=\"width: 100%; height: auto;\">\n                <\/div>\n                            <div class=\"thumbnail\" style=\"cursor: pointer; flex: 1 0 21%;\">\n                    <img decoding=\"async\" src=\"https:\/\/www.hueppe.com\/innovationen\/wp-content\/uploads\/2025\/06\/HUePPE-Sphere-Wallbox-black-and-cream-950x650-1.jpg\" alt=\"\" data-full=\"https:\/\/www.hueppe.com\/innovationen\/wp-content\/uploads\/2025\/06\/HUePPE-Sphere-Wallbox-black-and-cream-950x650-1.jpg\" style=\"width: 100%; height: auto;\">\n                <\/div>\n                            <div class=\"thumbnail\" style=\"cursor: pointer; flex: 1 0 21%;\">\n                    <img decoding=\"async\" src=\"https:\/\/www.hueppe.com\/innovationen\/wp-content\/uploads\/2025\/06\/HUePPE-Sphere-pure-side-view-with-light-at-night-950x650-2.jpg\" alt=\"\" data-full=\"https:\/\/www.hueppe.com\/innovationen\/wp-content\/uploads\/2025\/06\/HUePPE-Sphere-pure-side-view-with-light-at-night-950x650-2.jpg\" style=\"width: 100%; height: auto;\">\n                <\/div>\n                            <div class=\"thumbnail\" style=\"cursor: pointer; flex: 1 0 21%;\">\n                    <img decoding=\"async\" src=\"https:\/\/www.hueppe.com\/innovationen\/wp-content\/uploads\/2025\/06\/HUePPE-Sphere-pure-tablet-black-and-light-view-from-inside-950x650-1.jpg\" alt=\"\" data-full=\"https:\/\/www.hueppe.com\/innovationen\/wp-content\/uploads\/2025\/06\/HUePPE-Sphere-pure-tablet-black-and-light-view-from-inside-950x650-1.jpg\" style=\"width: 100%; height: auto;\">\n                <\/div>\n                    <\/div>\n    <\/div>\n    <script>\n        document.addEventListener('DOMContentLoaded', () => {\n            const gallery = document.querySelector('#gallery_69f499ca1a5c6');\n            const thumbnails = gallery.querySelectorAll('.thumbnail img');\n            const mainImage = gallery.querySelector('.main-image img');\n\n            thumbnails.forEach(thumbnail => {\n                thumbnail.addEventListener('click', () => {\n                    mainImage.src = thumbnail.getAttribute('data-full');\n                });\n            });\n        });\n    <\/script>\n    <style>\n        .custom-gallery .thumbnails img {\n            margin: 0;\n        }\n        .custom-gallery .main-image img {\n            width: 100%;\n            height: auto;\n            margin-bottom: 3px;\n        }\n    <\/style>\n    <\/span><\/p><\/div><\/div><div id=\"div_block-35-73\" class=\"ct-div-block content-wrap gallery__content-wrap width-50\" ><div id=\"div_block-79-73\" class=\"ct-div-block\" ><h2 id=\"headline-80-73\" class=\"ct-headline big-h2\">H\u00dcPPE Sphere<br><\/h2><h2 id=\"headline-81-73\" class=\"ct-headline big-h2 bold-text\">Die ganze Vielfalt f\u00fcr Ihr Projekt.<br><\/h2><\/div><div id=\"_rich_text-82-73\" class=\"oxy-rich-text\" ><p>Mit H&Uuml;PPE Sphere wird der Duschplatz zu einem integralen Gestaltungselement in der Architektur des Wohnens, das ganz neue Ans&auml;tze f&uuml;r die Modellierung des Raumlayouts erm&ouml;glicht. Entdecken Sie hier die ganze Vielfalt smarter L&ouml;sungen f&uuml;r das Interior Design im Bad von morgen!<\/p>\n<p>Der modulare Aufbau von H&Uuml;PPE Sphere macht es Ihnen denkbar einfach, Ihre pers&ouml;nliche Traumdusche zusammenzustellen.<\/p>\n<p><strong><a href=\"..\/..\/hueppe-sphere-konfigurator\/\">Jetzt konfigurieren<\/a><\/strong><\/p><\/div><\/div><\/div><\/section>\n\n\n<div style=\"height:0px\" aria-hidden=\"true\" id=\"in-3-Schritten\" class=\"wp-block-spacer\"><\/div>\n\n\n<section id=\"section-4-1868\" class=\" ct-section main-section white-section slider-4__section no-padding-x\" ><div class=\"ct-section-inner-wrap\"><div id=\"div_block-5-1868\" class=\"ct-div-block full-width horizontal-section slider-4__content-wrap\" ><div id=\"div_block-6-1868\" class=\"ct-div-block content-wrap width-50\" ><div id=\"div_block-7-1868\" class=\"ct-div-block\" ><h2 id=\"headline-8-1868\" class=\"ct-headline big-h2\">Ihr individueller Duschplatz<br><\/h2><h2 id=\"headline-9-1868\" class=\"ct-headline big-h2 bold-text\">In 3 Schritten H\u00dcPPE Sphere konfigurieren.<br><\/h2><\/div><\/div><div id=\"div_block-10-1868\" class=\"ct-div-block content-wrap width-50\" ><div id=\"_rich_text-11-1868\" class=\"oxy-rich-text slider-4__text\" ><p>Konfigurieren Sie Ihren H&Uuml;PPE Sphere Duschplatz durch vielf&auml;ltige Gestaltungsoptionen in Raum, Funktion und Material.<\/p><\/div><\/div><\/div><div id=\"div_block-12-1868\" class=\"ct-div-block full-width-div gallery-wrap\" ><div id=\"div_block-13-1868\" class=\"ct-div-block gallery-grid overflow-x-scroll\" ><div id=\"div_block-24-1868\" class=\"ct-div-block content-wrap slider-4__slider_slide\" ><img decoding=\"async\"  id=\"image-25-1868\" alt=\"\" src=\"https:\/\/www.hueppe.com\/innovationen\/wp-content\/uploads\/2025\/06\/HUePPE-Sphere-pure-with-Wallbox-and-Light-Black-Edition-freestanding-950x650-3.jpg\" class=\"ct-image image-is-cover first-image gallery-image aspect-18-11\"\/><div id=\"div_block-26-1868\" class=\"ct-div-block slider-4__slider_text-wrap text-left\" ><h3 id=\"headline-27-1868\" class=\"ct-headline bold-text\">Schritt 1:\n<br>Platzierung im Raum<\/h3><div id=\"text_block-28-1868\" class=\"ct-text-block\" >Bestimmen Sie Wand- oder Eckl\u00f6sung, Abma\u00dfe des Duschplatzes, Art der Installation und Materialkombinationen.<\/div><\/div><\/div><div id=\"div_block-29-1868\" class=\"ct-div-block content-wrap slider-4__slider_slide\" ><img decoding=\"async\"  id=\"image-30-1868\" alt=\"\" src=\"https:\/\/www.hueppe.com\/innovationen\/wp-content\/uploads\/2025\/06\/HUePPE-Sphere-Wallbox-inside-950x650-2.jpg\" class=\"ct-image image-is-cover first-image gallery-image aspect-18-11\"\/><div id=\"div_block-31-1868\" class=\"ct-div-block slider-4__slider_text-wrap text-left\" ><h3 id=\"headline-32-1868\" class=\"ct-headline bold-text\">Schritt 2:\n<br>Funktionen f\u00fcr mehr Komfort<\/h3><div id=\"text_block-33-1868\" class=\"ct-text-block\" >W\u00e4hlen Sie aus einer Vielzahl von intelligenten Funktionen wie Licht, Stauraum und Ablagefl\u00e4chen.<\/div><\/div><\/div><div id=\"div_block-40-1868\" class=\"ct-div-block content-wrap slider-4__slider_slide\" ><img decoding=\"async\"  id=\"image-41-1868\" alt=\"\" src=\"https:\/\/www.hueppe.com\/innovationen\/wp-content\/uploads\/2025\/06\/HUePPE-Sphere-materials-950x650-1.jpg\" class=\"ct-image image-is-cover first-image gallery-image aspect-18-11\"\/><div id=\"div_block-42-1868\" class=\"ct-div-block slider-4__slider_text-wrap text-left\" ><h3 id=\"headline-43-1868\" class=\"ct-headline bold-text\">Schritt 3:\n<br>Material- und Farbkombinationen<\/h3><div id=\"text_block-44-1868\" class=\"ct-text-block\" >Gestalten Sie Ihre individuelle L\u00f6sung durch verschiedene Material- und Farbkombinationen f\u00fcr Profil und Trennw\u00e4nde.\n<\/div><\/div><\/div><\/div><div id=\"div_block-34-1868\" class=\"ct-div-block full-width-div gallery-navigation-wrap\" ><div id=\"div_block-35-1868\" class=\"ct-div-block gallery-buttons\" ><div id=\"div_block-36-1868\" class=\"ct-div-block gallery-navigation orange-button gallery-navigation-prev\" ><img decoding=\"async\"  id=\"image-37-1868\" alt=\"\" src=\"https:\/\/www.hueppe.com\/innovationen\/wp-content\/uploads\/2024\/08\/arrow-black.svg\" class=\"ct-image link-icon rotate-180\" srcset-disabled=\"\" sizes=\"(max-width: 40px) 100vw, 40px\" \/><\/div><div id=\"div_block-38-1868\" class=\"ct-div-block orange-button gallery-navigation gallery-navigation-next\" ><img decoding=\"async\"  id=\"image-39-1868\" alt=\"\" src=\"https:\/\/www.hueppe.com\/innovationen\/wp-content\/uploads\/2024\/08\/arrow-black.svg\" class=\"ct-image link-icon\" srcset-disabled=\"\" sizes=\"(max-width: 40px) 100vw, 40px\" \/><\/div><\/div><\/div><\/div><\/div><\/section>\n\n<section id=\"section-4-400\" class=\" ct-section main-section horizontal-section teim-compact__section gold-section\" ><div class=\"ct-section-inner-wrap\"><div id=\"div_block-5-400\" class=\"ct-div-block content-wrap\" ><div id=\"div_block-16-400\" class=\"ct-div-block\" ><h2 id=\"headline-17-400\" class=\"ct-headline big-h2 white-text\">H\u00dcPPE Sphere Konfigurator<br><\/h2><h2 id=\"headline-18-400\" class=\"ct-headline big-h2 bold-text white-text\">Jetzt starten.<br><\/h2><\/div><div id=\"_rich_text-19-400\" class=\"oxy-rich-text white-text\" ><p>In wenigen Schritten zur individuellen H&Uuml;PPE Sphere L&ouml;sung&ndash; unverbindliche Preisempfehlung inklusive. Speichern Sie im Anschlu&szlig; Ihre pers&ouml;nliche Konfiguration als pdf oder suchen Sie ausgew&auml;hlte H&auml;ndler in Ihrer N&auml;he. Unser Team steht Ihnen dar&uuml;ber hinaus f&uuml;r individuelle Anfragen gerne bereit.<\/p><\/div><a id=\"link-21-2581\" class=\"ct-link black-link link-with-icon content-wrap white-button\" href=\"https:\/\/www.hueppe.com\/innovationen\/new-era\/hueppe-sphere-konfigurator\/\" target=\"_self\"  ><div id=\"text_block-22-2581\" class=\"ct-text-block orange-button-text\" >Jetzt Konfiguration starten<\/div><img decoding=\"async\"  id=\"image-23-2581\" alt=\"\" src=\"https:\/\/www.hueppe.com\/innovationen\/wp-content\/uploads\/2024\/08\/arrow-black.svg\" class=\"ct-image link-icon\" srcset-disabled=\"\" sizes=\"(max-width: 40px) 100vw, 40px\" \/><\/a><\/div><\/div><\/section>\n\n<section id=\"section-2-62\" class=\" ct-section main-section horizontal-section teim-compact__section white-section\" ><div class=\"ct-section-inner-wrap\"><div id=\"div_block-4-62\" class=\"ct-div-block width-50 content-wrap\" ><div id=\"div_block-19-62\" class=\"ct-div-block\" ><h2 id=\"headline-20-62\" class=\"ct-headline big-h2\">H\u00dcPPE Projektteam<br><\/h2><h2 id=\"headline-21-62\" class=\"ct-headline big-h2 bold-text\">Ihr pers\u00f6nlicher Beratungsservice.<br><\/h2><\/div><div id=\"_rich_text-17-62\" class=\"oxy-rich-text\" ><p style=\"box-sizing: inherit; margin-block-start: 0px; font-family: HurmeGeometricSans1; font-size: 16px;\">Vertrauensvolle Beziehungen zu unseren Partnern und ein Dialog auf Augenh&ouml;he sind uns besonders wichtig. Unser Projektvertriebsteam steht Ihnen kompetent zur Seite, ber&auml;t Sie zu unseren Produkten und L&ouml;sungen und unterst&uuml;tzt Sie bei technischen Fragen und baulichen Herausforderungen. Auch bei Ausschreibungen k&ouml;nnen Sie auf unsere Hilfe z&auml;hlen.<\/p>\n<p style=\"box-sizing: inherit; font-family: HurmeGeometricSans1; font-size: 16px;\">Sprechen Sie uns an &ndash; die Duschplatzexperten\/-innen unseres Projektservices helfen Ihnen gerne weiter:&nbsp;<\/p>\n<p style=\"box-sizing: inherit; margin-block-end: 0px; font-family: HurmeGeometricSans1; font-size: 16px;\"><span style=\"box-sizing: inherit; font-weight: 600 !important;\">Ihr pers&ouml;nlicher Kontakt:<br style=\"box-sizing: inherit;\" \/><\/span>Telefon: +49 4403 67-520<br style=\"box-sizing: inherit;\" \/>E-Mail:&nbsp;<a style=\"box-sizing: inherit; background-color: transparent; color: black;\" href=\"mailto:objekt@hueppe.com\">objekt@hueppe.com<\/a><\/p><\/div><a id=\"link-10-62\" class=\"ct-link link-with-icon bold-text orange-button black-link\" href=\"https:\/\/www.hueppe.com\/innovationen\/new-era\/termin-vereinbaren\/\" target=\"_self\"  ><div id=\"text_block-11-62\" class=\"ct-text-block\" >Beratungstermin vereinbaren<\/div><img decoding=\"async\"  id=\"image-14-62\" alt=\"\" src=\"https:\/\/www.hueppe.com\/innovationen\/wp-content\/uploads\/2024\/08\/arrow-black.svg\" class=\"ct-image link-icon\" srcset-disabled=\"\" sizes=\"(max-width: 40px) 100vw, 40px\" \/><\/a><\/div><div id=\"div_block-3-62\" class=\"ct-div-block width-50\" ><img decoding=\"async\"  id=\"image-5-62\" alt=\"\" src=\"https:\/\/www.hueppe.com\/innovationen\/wp-content\/uploads\/2024\/11\/DSC1271_02_CMYK.jpg\" class=\"ct-image \"\/><\/div><\/div><\/section>","protected":false},"excerpt":{"rendered":"","protected":false},"author":5,"featured_media":0,"parent":724,"menu_order":0,"comment_status":"closed","ping_status":"closed","template":"","meta":{"_acf_changed":false,"footnotes":""},"class_list":["post-2850","page","type-page","status-publish","hentry"],"acf":[],"_links":{"self":[{"href":"https:\/\/www.hueppe.com\/innovationen\/wp-json\/wp\/v2\/pages\/2850","targetHints":{"allow":["GET"]}}],"collection":[{"href":"https:\/\/www.hueppe.com\/innovationen\/wp-json\/wp\/v2\/pages"}],"about":[{"href":"https:\/\/www.hueppe.com\/innovationen\/wp-json\/wp\/v2\/types\/page"}],"author":[{"embeddable":true,"href":"https:\/\/www.hueppe.com\/innovationen\/wp-json\/wp\/v2\/users\/5"}],"replies":[{"embeddable":true,"href":"https:\/\/www.hueppe.com\/innovationen\/wp-json\/wp\/v2\/comments?post=2850"}],"version-history":[{"count":32,"href":"https:\/\/www.hueppe.com\/innovationen\/wp-json\/wp\/v2\/pages\/2850\/revisions"}],"predecessor-version":[{"id":5597,"href":"https:\/\/www.hueppe.com\/innovationen\/wp-json\/wp\/v2\/pages\/2850\/revisions\/5597"}],"up":[{"embeddable":true,"href":"https:\/\/www.hueppe.com\/innovationen\/wp-json\/wp\/v2\/pages\/724"}],"wp:attachment":[{"href":"https:\/\/www.hueppe.com\/innovationen\/wp-json\/wp\/v2\/media?parent=2850"}],"curies":[{"name":"wp","href":"https:\/\/api.w.org\/{rel}","templated":true}]}}