{"id":730,"date":"2025-07-18T11:19:39","date_gmt":"2025-07-18T09:19:39","guid":{"rendered":"https:\/\/www.hueppe.com\/innovationen\/?page_id=730"},"modified":"2025-07-16T11:10:35","modified_gmt":"2025-07-16T09:10:35","slug":"live","status":"publish","type":"page","link":"https:\/\/www.hueppe.com\/innovationen\/live\/","title":{"rendered":"New Era: Sphere live"},"content":{"rendered":"<section id=\"section-2-85\" class=\" ct-section no-padding\" ><div class=\"ct-section-inner-wrap\"><div id=\"flying-buttons\" class=\"ct-div-block flying-buttons__wrap content-right\" ><a id=\"link-4-85\" class=\"ct-link orange-button flying-button black-link align-left\" href=\"https:\/\/www.hueppe.com\/innovationen\/new-era\/termin-vereinbaren\/\" target=\"_self\"  ><div id=\"text_block-5-85\" class=\"ct-text-block bold-text align-left\" >Termin<br>vereinbaren<\/div><\/a><a id=\"link-6-85\" class=\"ct-link orange-button flying-button black-link align-left\" href=\"https:\/\/www.hueppe.com\/innovationen\/new-era\/produktdaten\/\"   ><div id=\"text_block-7-85\" class=\"ct-text-block bold-text aligb-left\" >Produktdaten<br>herunterladen<\/div><\/a><\/div><\/div><\/section>\n\n<section id=\"section-4-1009\" class=\" ct-section product-hero__section no-padding overflow-hidden\" ><div class=\"ct-section-inner-wrap\"><div id=\"div_block-5-1009\" class=\"ct-div-block content-wrap full-width\" ><img decoding=\"async\"  id=\"image-6-1009\" alt=\"\" src=\"https:\/\/www.hueppe.com\/innovationen\/wp-content\/uploads\/2024\/12\/Sphere-Smarte-Loesungen-1920x500-1.jpg\" class=\"ct-image image-is-cover prod-hero_image full-width\"\/><div id=\"div_block-7-1009\" class=\"ct-div-block hero-grid_big-item_contents content-wrap\" ><div id=\"div_block-8-1009\" class=\"ct-div-block headline-text_wrap\" ><h1 id=\"headline-9-1009\" class=\"ct-headline white-text\"><span id=\"span-10-1009\" class=\"ct-span bold-text oxygenberg-span-10-1009 oxygenberg-element\"><span style=\"font-weight: 300;\">Live<br><\/span>H\u00dcPPE Sphere erleben.<br><\/span><\/h1><div id=\"text_block-11-1009\" class=\"ct-text-block big-text white-text full-width align-left\" >Entdecken Sie in einem pers\u00f6nlichen Termin in unserem <br>Showroom in Bad W\u00f6rishofen die smarten L\u00f6sungen <br>f\u00fcr&nbsp;eine neue \u00c4ra in der Badarchitektur.&nbsp;<\/div><\/div><a id=\"link-12-1009\" class=\"ct-link orange-button black-link link-with-icon content-wrap\" href=\"#persoenlichen-termin-vereinbaren\" target=\"_self\"  ><div id=\"text_block-13-1009\" class=\"ct-text-block orange-button-text\" >Termin vereinbaren<\/div><img decoding=\"async\"  id=\"image-14-1009\" alt=\"\" src=\"https:\/\/www.hueppe.com\/innovationen\/wp-content\/uploads\/2024\/08\/arrow-black.svg\" class=\"ct-image link-icon\" srcset-disabled=\"\" sizes=\"(max-width: 40px) 100vw, 40px\" \/><\/a><\/div><\/div><\/div><\/section>\n\n<section id=\"section-4-90\" class=\" ct-section main-section horizontal-section gallery__section white-section\" ><div class=\"ct-section-inner-wrap\"><div id=\"div_block-5-90\" class=\"ct-div-block gallery__gallery-wrap width-50\" ><div id=\"_rich_text-12-90\" class=\"oxy-rich-text rdw-video\" >        <style>\r\n            #player1504{\r\n                width: 100%                \/* margin: 0 auto *\/\r\n            }\r\n                    <\/style>\r\n        <div>\r\n            <div id=\"player1504\" class=\"ytp-player\" data-options=\"{&quot;controls&quot;:[&quot;play-large&quot;,&quot;play&quot;,&quot;progress&quot;,&quot;duration&quot;,&quot;current-time&quot;,&quot;mute&quot;,&quot;volume&quot;,&quot;settings&quot;,&quot;fullscreen&quot;]}\">\r\n                <div class=\"plyr__video-embed embed-container\" id=\"player\">\r\n                    <iframe\r\n                        src=\"https:\/\/www.youtube.com\/embed\/https:\/\/www.youtube.com\/watch?v=TKl5Wpjy-dA?rel=0\"\r\n                        allowfullscreen\r\n                        allowtransparency\r\n                        allow=\"autoplay\"\r\n                    ><\/iframe>\r\n                <\/div>\r\n               \r\n            <\/div>\r\n        <\/div>\r\n        <\/div><\/div><div id=\"div_block-7-90\" class=\"ct-div-block content-wrap gallery__content-wrap width-50\" ><div id=\"div_block-14-90\" class=\"ct-div-block\" ><h2 id=\"headline-15-90\" class=\"ct-headline big-h2\">Eine neue \u00c4ra beginnt\n<br><\/h2><h2 id=\"headline-16-90\" class=\"ct-headline big-h2 bold-text\">Werfen Sie mit uns einen Blick in die Zukunft der Badarchitektur.<br><\/h2><\/div><div id=\"_rich_text-17-90\" class=\"oxy-rich-text \" ><p>Als Claus H&uuml;ppe Mitte der 1960-er Jahre als Pionier in Europa die Duschkabine auf den Markt brachte, begr&uuml;ndete er eine neue Produktkategorie, die das Interior Design im Bad nachhaltig ver&auml;ndert hat. Mit H&Uuml;PPE Sphere, der ersten Serie einer g&auml;nzlich neuartigen Produktkategorie, gehen wir bei H&Uuml;PPE 2025 den n&auml;chsten gro&szlig;en Innovationsschritt. Denn auch H&Uuml;PPE Sphere hat das Potenzial dazu, eine neue &Auml;ra in der Badarchitektur zu begr&uuml;nden. Deswegen war uns wichtig, diese neuartige Produktkategorie auf der BAU 2025 als der anerkannten Weltleitmesse f&uuml;r Architektur, Materialien und System erstmals zu pr&auml;sentieren und uns dazu mit Fachleuten aus der Bau- und Immobilioenwirtschaft, dem Interior Design und dem Handwerk auszutauschen. <\/p><\/div><\/div><\/div><\/section>\n\n<section id=\"section-4-90\" class=\" ct-section main-section horizontal-section gallery__section white-section\" ><div class=\"ct-section-inner-wrap\"><div id=\"div_block-5-90\" class=\"ct-div-block gallery__gallery-wrap width-50\" ><div id=\"_rich_text-12-90\" class=\"oxy-rich-text rdw-video\" ><p><span style=\"color: #3c434a; font-family: -apple-system, BlinkMacSystemFont, 'Segoe UI', Roboto, Oxygen-Sans, Ubuntu, Cantarell, 'Helvetica Neue', sans-serif; font-size: 16px; text-align: center; background-color: #eae6f9;\">        <style>\r\n            #player2905{\r\n                width: 100%                \/* margin: 0 auto *\/\r\n            }\r\n                    <\/style>\r\n        <div>\r\n            <div id=\"player2905\" class=\"ytp-player\" data-options=\"{&quot;controls&quot;:[&quot;play-large&quot;,&quot;play&quot;,&quot;progress&quot;,&quot;duration&quot;,&quot;current-time&quot;,&quot;mute&quot;,&quot;volume&quot;,&quot;settings&quot;,&quot;fullscreen&quot;]}\">\r\n                <div class=\"plyr__video-embed embed-container\" id=\"player\">\r\n                    <iframe\r\n                        src=\"https:\/\/www.youtube.com\/embed\/https:\/\/www.youtube.com\/watch?v=lPiYSncIAFw\"\r\n                        allowfullscreen\r\n                        allowtransparency\r\n                        allow=\"autoplay\"\r\n                    ><\/iframe>\r\n                <\/div>\r\n               \r\n            <\/div>\r\n        <\/div>\r\n        <\/span><\/p><\/div><\/div><div id=\"div_block-7-90\" class=\"ct-div-block content-wrap gallery__content-wrap width-50\" ><div id=\"div_block-14-90\" class=\"ct-div-block\" ><h2 id=\"headline-15-90\" class=\"ct-headline big-h2\">H\u00dcPPE Sphere live<br><\/h2><h2 id=\"headline-16-90\" class=\"ct-headline big-h2 bold-text\">Er\u00f6ffnung des neuen H\u00dcPPE Design Hubs<br><\/h2><\/div><div id=\"_rich_text-17-90\" class=\"oxy-rich-text \" ><p>Mehr als 30 G&auml;ste haben am 13. Mai 2025 anl&auml;sslich der Er&ouml;ffnung des H&Uuml;PPE Design Hubs in Bad W&ouml;rishofen zusammen mit uns einen Blick in die Zukunft der Architektur des Wohnens geworfen. Im Zentrum stand dabei die Frage, inwieweit modulares Bauen Raum f&uuml;r kreative L&ouml;sungen l&auml;sst. Antworten darauf gab nicht allein der Impulsvortrag &bdquo;No Joy in Repetition oder die Vielfalt im modularen Bauen&ldquo; von Nicole Franken, Gesellschafterin und Mitglied der Gesch&auml;ftsleitung der FRANKEN Generalplaner GmbH, sondern auch das v&ouml;llig neuartige Modulsystem H&Uuml;PPE Sphere.<\/p>\n<p>Auch Sie k&ouml;nnen H&Uuml;PPE Sphere live erleben. Besuchen Sie uns im H&Uuml;PPE Design Hub und entdecken Sie die vielf&auml;ltigen M&ouml;glichkeiten f&uuml;r die individuelle Badgestaltung. Nutzen Sie dazu einfach unseren Online-Terminplaner &ndash; wir freuen uns auf Sie!<\/p><\/div><\/div><\/div><\/section>\n\n\n<div style=\"height:0px\" aria-hidden=\"true\" id=\"persoenlichen-termin-vereinbaren\" class=\"wp-block-spacer\"><\/div>\n\n\n<section id=\"savespot\" class=\" ct-section main-section white-section content-center background-lightorange\" ><div class=\"ct-section-inner-wrap\"><div id=\"div_block-14-606\" class=\"ct-div-block width-60\" ><h1 id=\"headline-6-606\" class=\"ct-headline\">H\u00dcPPE Sphere live<span id=\"span-7-606\" class=\"ct-span bold-text oxygenberg-span-7-606 oxygenberg-element\">Termin vereinbaren<\/span><\/h1><div id=\"_rich_text-16-752\" class=\"oxy-rich-text calendly_text\" ><p>In einem pers&ouml;nlichen Termin in unserem Showroom in Bad W&ouml;rishofen stellen wir Ihnen unsere neueste Innovation vor und zeigen Ihnen, welche neuartigen M&ouml;glichkeiten Sie damit in der Badarchitektur zuk&uuml;nftig haben werden.<\/p><\/div><\/div><div id=\"div_block-9-606\" class=\"ct-div-block full-width\" ><div id=\"_rich_text-15-752\" class=\"oxy-rich-text full-width calendly-wrap\" ><p><span style=\"color: #50575e; font-family: -apple-system, BlinkMacSystemFont, 'Segoe UI', Roboto, Oxygen-Sans, Ubuntu, Cantarell, 'Helvetica Neue', sans-serif; font-size: 13px; background-color: #f6f7f7;\"><!-- Calendly Inline-Widget Beginn -->\r\n<div class=\"calendly-inline-widget\" data-url=\"https:\/\/calendly.com\/hueppe-deutschland-gmbh\/hueppe-sphere-live-erleben?primary_color=c4a461\" min-width:320px;height:700px;\"><\/div>\r\n<script type=\"text\/javascript\" src=\"https:\/\/assets.calendly.com\/assets\/external\/widget.js\" async><\/script>\r\n<!-- Calendly Inline-Widget Ende --><\/span><\/p><\/div><\/div><\/div><\/section>\n\n<section id=\"section-2-62\" class=\" ct-section main-section horizontal-section teim-compact__section white-section\" ><div class=\"ct-section-inner-wrap\"><div id=\"div_block-4-62\" class=\"ct-div-block width-50 content-wrap\" ><div id=\"div_block-19-62\" class=\"ct-div-block\" ><h2 id=\"headline-20-62\" class=\"ct-headline big-h2\">H\u00dcPPE Projektteam\n<br><\/h2><h2 id=\"headline-21-62\" class=\"ct-headline big-h2 bold-text\">Ihr pers\u00f6nlicher Beratungsservice.<br><\/h2><\/div><div id=\"_rich_text-17-62\" class=\"oxy-rich-text\" ><p>Vertrauensvolle Beziehungen zu unseren Partnern und ein Dialog auf Augenh&ouml;he sind uns besonders wichtig. Unser Projektvertriebsteam steht Ihnen kompetent zur Seite, ber&auml;t Sie zu unseren Produkten und L&ouml;sungen und unterst&uuml;tzt Sie bei technischen Fragen und baulichen Herausforderungen. Auch bei Ausschreibungen k&ouml;nnen Sie auf unsere Hilfe z&auml;hlen.<\/p>\n<p>Sprechen Sie uns an &ndash; die Duschplatzexperten\/-innen unseres Projektservices helfen Ihnen gerne weiter:&nbsp;<\/p>\n<p><strong>Ihr pers&ouml;nlicher Kontakt:<br \/><\/strong>Telefon: +49 4403 67-520<br \/>E-Mail:&nbsp;<a href=\"mailto:objekt@hueppe.com\">objekt@hueppe.com<\/a><\/p><\/div><a id=\"link-10-62\" class=\"ct-link link-with-icon bold-text orange-button black-link\" href=\"https:\/\/www.hueppe.com\/innovationen\/new-era\/termin-vereinbaren\/\" target=\"_self\"  ><div id=\"text_block-11-62\" class=\"ct-text-block\" >Beratungstermin vereinbaren<\/div><img decoding=\"async\"  id=\"image-14-62\" alt=\"\" src=\"https:\/\/www.hueppe.com\/innovationen\/wp-content\/uploads\/2024\/08\/arrow-black.svg\" class=\"ct-image link-icon\" srcset-disabled=\"\" sizes=\"(max-width: 40px) 100vw, 40px\" \/><\/a><\/div><div id=\"div_block-3-62\" class=\"ct-div-block width-50\" ><img decoding=\"async\"  id=\"image-5-62\" alt=\"\" src=\"https:\/\/www.hueppe.com\/innovationen\/wp-content\/uploads\/2024\/11\/DSC1271_02_CMYK.jpg\" class=\"ct-image \"\/><\/div><\/div><\/section>\n\n<section id=\"section-2-452\" class=\" ct-section main-section background-rose form-section\" ><div class=\"ct-section-inner-wrap\"><div id=\"div_block-3-452\" class=\"ct-div-block width-50 content-wrap\" ><div id=\"div_block-17-639\" class=\"ct-div-block\" ><h2 id=\"headline-18-639\" class=\"ct-headline big-h2\">Wir sind f\u00fcr Sie da\n<br><\/h2><h2 id=\"headline-19-639\" class=\"ct-headline big-h2 bold-text\">Sie wollen mehr zu H\u00dcPPE Sphere wissen?<br><\/h2><\/div><div id=\"_rich_text-12-452\" class=\"oxy-rich-text\" ><section>\n<div>\n<div>\n<p class=\"MsoNormal\">Dann f&uuml;llen Sie bitte einfach unser Kontaktformular aus - unsere Duschplatz-Expertinnen und -Experten unseres Projektteams helfen Ihnen gerne weiter.<\/p>\n<p>&nbsp;<\/p>\n<\/div>\n<\/div>\n<\/section>\n<section><\/section><\/div><\/div><div id=\"div_block-4-452\" class=\"ct-div-block width-50\" ><div id=\"_rich_text-15-639\" class=\"oxy-rich-text form-wrap\" ><section class=\"content-block p-0 \">\n<div class=\"vlx-container pb-0\">\n<div class=\"text-editor\">\n<p><span style=\"color: #50575e; font-family: -apple-system, 'system-ui', 'Segoe UI', Roboto, Oxygen-Sans, Ubuntu, Cantarell, 'Helvetica Neue', sans-serif; font-size: 13px;\"><style id=\"wpforms-css-vars-628\">\n\t\t\t\t#wpforms-628 {\n\t\t\t\t\n\t\t\t}\n\t\t\t<\/style><div class=\"wpforms-container wpforms-container-full lead_form wpforms-render-modern\" id=\"wpforms-628\"><form id=\"wpforms-form-628\" class=\"wpforms-validate wpforms-form wpforms-ajax-form\" data-formid=\"628\" method=\"post\" enctype=\"multipart\/form-data\" action=\"\/innovationen\/wp-json\/wp\/v2\/pages\/730\" data-token=\"2f961f904947a68aaefe05cc50fbbead\" data-token-time=\"1777711721\"><noscript class=\"wpforms-error-noscript\">Bitte aktiviere JavaScript in deinem Browser, um dieses Formular fertigzustellen.<\/noscript><div id=\"wpforms-error-noscript\" style=\"display: none;\">Bitte aktiviere JavaScript in deinem Browser, um dieses Formular fertigzustellen.<\/div><div class=\"wpforms-field-container\"><div id=\"wpforms-628-field_9-container\" class=\"wpforms-field wpforms-field-text\" data-field-id=\"9\"><label class=\"wpforms-field-label wpforms-label-hide\" for=\"wpforms-628-field_9\" aria-hidden=\"false\">Firmenname <span class=\"wpforms-required-label\" aria-hidden=\"true\">*<\/span><\/label><input type=\"text\" id=\"wpforms-628-field_9\" class=\"wpforms-field-large wpforms-field-required\" name=\"wpforms[fields][9]\" placeholder=\"Firmenname\" aria-errormessage=\"wpforms-628-field_9-error\" required><\/div><div id=\"wpforms-628-field_2-container\" class=\"wpforms-field wpforms-field-select wpforms-field-select-style-modern\" data-field-id=\"2\"><label class=\"wpforms-field-label wpforms-label-hide\" for=\"wpforms-628-field_2\" aria-hidden=\"false\">Anrede <span class=\"wpforms-required-label\" aria-hidden=\"true\">*<\/span><\/label><select id=\"wpforms-628-field_2\" class=\"wpforms-field-large wpforms-field-required choicesjs-select\" data-size-class=\"wpforms-field-row wpforms-field-large\" data-search-enabled=\"\" name=\"wpforms[fields][2]\" required=\"required\"><option value=\"\" class=\"placeholder\" disabled  selected='selected'>Anrede<\/option><option value=\"Frau\"  class=\"choice-1 depth-1\"  >Frau<\/option><option value=\"Herr\"  class=\"choice-2 depth-1\"  >Herr<\/option><option value=\"Divers\"  class=\"choice-3 depth-1\"  >Divers<\/option><option value=\"Keine Angabe\"  class=\"choice-4 depth-1\"  >Keine Angabe<\/option><\/select><\/div>\t\t<div id=\"wpforms-628-field_4-container\"\n\t\t\tclass=\"wpforms-field wpforms-field-text\"\n\t\t\tdata-field-type=\"text\"\n\t\t\tdata-field-id=\"4\"\n\t\t\t>\n\t\t\t<label class=\"wpforms-field-label\" for=\"wpforms-628-field_4\" >Telefonnummer Anrede Nachricht<\/label>\n\t\t\t<input type=\"text\" id=\"wpforms-628-field_4\" class=\"wpforms-field-medium\" name=\"wpforms[fields][4]\" >\n\t\t<\/div>\n\t\t<div id=\"wpforms-628-field_1-container\" class=\"wpforms-field wpforms-field-name\" data-field-id=\"1\"><fieldset><legend class=\"wpforms-field-label wpforms-label-hide\" aria-hidden=\"false\">Name <span class=\"wpforms-required-label\" aria-hidden=\"true\">*<\/span><\/legend><div class=\"wpforms-field-row wpforms-field-large\"><div class=\"wpforms-field-row-block wpforms-first wpforms-one-half\"><input type=\"text\" id=\"wpforms-628-field_1\" class=\"wpforms-field-name-first wpforms-field-required\" name=\"wpforms[fields][1][first]\" placeholder=\"Vorname\" aria-errormessage=\"wpforms-628-field_1-error\" required><label for=\"wpforms-628-field_1\" class=\"wpforms-field-sublabel after wpforms-sublabel-hide\">Vorname<\/label><\/div><div class=\"wpforms-field-row-block wpforms-one-half\"><input type=\"text\" id=\"wpforms-628-field_1-last\" class=\"wpforms-field-name-last wpforms-field-required\" name=\"wpforms[fields][1][last]\" placeholder=\"Nachname\" aria-errormessage=\"wpforms-628-field_1-last-error\" required><label for=\"wpforms-628-field_1-last\" class=\"wpforms-field-sublabel after wpforms-sublabel-hide\">Nachname<\/label><\/div><\/div><\/fieldset><\/div><div id=\"wpforms-628-field_3-container\" class=\"wpforms-field wpforms-field-text\" data-field-id=\"3\"><label class=\"wpforms-field-label wpforms-label-hide\" for=\"wpforms-628-field_3\" aria-hidden=\"false\">Land <span class=\"wpforms-required-label\" aria-hidden=\"true\">*<\/span><\/label><input type=\"text\" id=\"wpforms-628-field_3\" class=\"wpforms-field-large wpforms-field-required\" name=\"wpforms[fields][3]\" placeholder=\"Land\" aria-errormessage=\"wpforms-628-field_3-error\" required><\/div><div id=\"wpforms-628-field_6-container\" class=\"wpforms-field wpforms-field-email\" data-field-id=\"6\"><label class=\"wpforms-field-label wpforms-label-hide\" for=\"wpforms-628-field_6\" aria-hidden=\"false\">E-Mail-Adresse <span class=\"wpforms-required-label\" aria-hidden=\"true\">*<\/span><\/label><input type=\"email\" id=\"wpforms-628-field_6\" class=\"wpforms-field-large wpforms-field-required\" name=\"wpforms[fields][6]\" placeholder=\"E-Mail\" spellcheck=\"false\" aria-errormessage=\"wpforms-628-field_6-error\" required><\/div><div id=\"wpforms-628-field_13-container\" class=\"wpforms-field wpforms-field-textarea\" data-field-id=\"13\"><label class=\"wpforms-field-label wpforms-label-hide\" for=\"wpforms-628-field_13\" aria-hidden=\"false\">Ihre Nachricht<\/label><textarea id=\"wpforms-628-field_13\" class=\"wpforms-field-large\" name=\"wpforms[fields][13]\" placeholder=\"Senden Sie uns hier gerne Ihre Fragen oder Informationen zu (Ihrer geplanten) H\u00dcPPE Sphere mit.\" aria-errormessage=\"wpforms-628-field_13-error\" ><\/textarea><\/div><div id=\"wpforms-628-field_11-container\" class=\"wpforms-field wpforms-field-text\" data-field-id=\"11\"><label class=\"wpforms-field-label wpforms-label-hide\" for=\"wpforms-628-field_11\" aria-hidden=\"false\">Telefonnummer <span class=\"wpforms-required-label\" aria-hidden=\"true\">*<\/span><\/label><input type=\"text\" id=\"wpforms-628-field_11\" class=\"wpforms-field-large wpforms-field-required\" name=\"wpforms[fields][11]\" placeholder=\"Telefonnummer\" aria-errormessage=\"wpforms-628-field_11-error\" required><\/div><div id=\"wpforms-628-field_7-container\" class=\"wpforms-field wpforms-field-checkbox\" data-field-id=\"7\"><fieldset><legend class=\"wpforms-field-label wpforms-label-hide\" aria-hidden=\"false\">Checkboxen <span class=\"wpforms-required-label\" aria-hidden=\"true\">*<\/span><\/legend><ul id=\"wpforms-628-field_7\" class=\"wpforms-field-required\"><li class=\"choice-1 depth-1\"><input type=\"checkbox\" id=\"wpforms-628-field_7_1\" name=\"wpforms[fields][7][]\" value=\"Ich bin damit einverstanden, dass die von mir eingegebenen personenbezogenen Daten gem\u00e4\u00df gesetzlicher Bestimmungen und der &lt;a target=&quot;_blank&quot; href=&quot;https:\/\/www.hueppe.com\/datenschutz\/&quot;&gt;H\u00dcPPE Datenschutzerkl\u00e4rung&lt;\/a&gt; gespeichert, verarbeitet und verwendet werden. Ich wei\u00df, dass ich jederzeit der Verarbeitung meiner Daten widersprechen kann.\" aria-errormessage=\"wpforms-628-field_7_1-error\" required ><label class=\"wpforms-field-label-inline\" for=\"wpforms-628-field_7_1\">Ich bin damit einverstanden, dass die von mir eingegebenen personenbezogenen Daten gem\u00e4\u00df gesetzlicher Bestimmungen und der <a target=\"_blank\" href=\"https:\/\/www.hueppe.com\/datenschutz\/\">H\u00dcPPE Datenschutzerkl\u00e4rung<\/a> gespeichert, verarbeitet und verwendet werden. Ich wei\u00df, dass ich jederzeit der Verarbeitung meiner Daten widersprechen kann.<\/label><\/li><\/ul><\/fieldset><\/div><script>\n\t\t\t\t( function() {\n\t\t\t\t\tconst style = document.createElement( 'style' );\n\t\t\t\t\tstyle.appendChild( document.createTextNode( '#wpforms-628-field_4-container { position: absolute !important; overflow: hidden !important; display: inline !important; height: 1px !important; width: 1px !important; z-index: -1000 !important; padding: 0 !important; } #wpforms-628-field_4-container input { visibility: hidden; } #wpforms-conversational-form-page #wpforms-628-field_4-container label { counter-increment: none; }' ) );\n\t\t\t\t\tdocument.head.appendChild( style );\n\t\t\t\t\tdocument.currentScript?.remove();\n\t\t\t\t} )();\n\t\t\t<\/script><\/div><!-- .wpforms-field-container --><div class=\"wpforms-submit-container\" ><input type=\"hidden\" name=\"wpforms[id]\" value=\"628\"><input type=\"hidden\" name=\"page_title\" value=\"\"><input type=\"hidden\" name=\"page_url\" value=\"https:\/\/www.hueppe.com\/innovationen\/wp-json\/wp\/v2\/pages\/730\"><input type=\"hidden\" name=\"url_referer\" value=\"\"><button type=\"submit\" name=\"wpforms[submit]\" id=\"wpforms-submit-628\" class=\"wpforms-submit\" data-alt-text=\"Wird verarbeitet\u00a0\u2026\" data-submit-text=\"Abschicken\" aria-live=\"assertive\" value=\"wpforms-submit\">Abschicken<\/button><img loading=\"lazy\" decoding=\"async\" src=\"https:\/\/www.hueppe.com\/innovationen\/wp-content\/plugins\/wpforms\/assets\/images\/submit-spin.svg\" class=\"wpforms-submit-spinner\" style=\"display: none;\" width=\"26\" height=\"26\" alt=\"Wird geladen\"><\/div><\/form><\/div>  <!-- .wpforms-container --><\/span><\/p>\n<\/div>\n<\/div>\n<\/section>\n<section class=\"  \"><\/section><\/div><\/div><\/div><\/section>","protected":false},"excerpt":{"rendered":"","protected":false},"author":2,"featured_media":0,"parent":0,"menu_order":0,"comment_status":"closed","ping_status":"closed","template":"","meta":{"_acf_changed":false,"footnotes":""},"class_list":["post-730","page","type-page","status-publish","hentry"],"acf":[],"_links":{"self":[{"href":"https:\/\/www.hueppe.com\/innovationen\/wp-json\/wp\/v2\/pages\/730","targetHints":{"allow":["GET"]}}],"collection":[{"href":"https:\/\/www.hueppe.com\/innovationen\/wp-json\/wp\/v2\/pages"}],"about":[{"href":"https:\/\/www.hueppe.com\/innovationen\/wp-json\/wp\/v2\/types\/page"}],"author":[{"embeddable":true,"href":"https:\/\/www.hueppe.com\/innovationen\/wp-json\/wp\/v2\/users\/2"}],"replies":[{"embeddable":true,"href":"https:\/\/www.hueppe.com\/innovationen\/wp-json\/wp\/v2\/comments?post=730"}],"version-history":[{"count":55,"href":"https:\/\/www.hueppe.com\/innovationen\/wp-json\/wp\/v2\/pages\/730\/revisions"}],"predecessor-version":[{"id":5556,"href":"https:\/\/www.hueppe.com\/innovationen\/wp-json\/wp\/v2\/pages\/730\/revisions\/5556"}],"wp:attachment":[{"href":"https:\/\/www.hueppe.com\/innovationen\/wp-json\/wp\/v2\/media?parent=730"}],"curies":[{"name":"wp","href":"https:\/\/api.w.org\/{rel}","templated":true}]}}