{"id":156958,"date":"2023-07-17T11:19:31","date_gmt":"2023-07-17T09:19:31","guid":{"rendered":"https:\/\/www.hueppe.com\/geschichte\/"},"modified":"2024-08-27T14:41:35","modified_gmt":"2024-08-27T12:41:35","slug":"historia","status":"publish","type":"page","link":"https:\/\/www.hueppe.com\/pl\/historia\/","title":{"rendered":"Geschichte"},"content":{"rendered":"\n<div id=\"m_stage_no_image-block_8c24f16320c176060497b5403ca88b75\" class=\"m_stage_no_image margin-small\">\n    <h1 class=\"m_stage_no_image-headline\">D\u0142uga droga pe\u0142na kamieni milowych \u2013 wizja zakorzeniona w\u00a0tradycji.<\/h1>\n    <p class=\"m_stage_no_image-copy\">Dzi\u0119ki ponad 120-letniej historii firmy mo\u017cemy z\u00a0dum\u0105 spogl\u0105da\u0107 na d\u0142ug\u0105 tradycj\u0119 z\u0142o\u017con\u0105 z\u00a0wielu kamieni milowych. Jednak nie tracimy zbyt wiele czasu, by pogr\u0105\u017ca\u0107 si\u0119 w\u00a0nostalgii. Na rynku kabin prysznicowych zawsze jest co\u015b do zrobienia, a\u00a0my wolimy patrze\u0107 w\u00a0przysz\u0142o\u015b\u0107. Niemniej jednak, chcemy opowiedzie\u0107 w\u00a0kilku s\u0142owach o\u00a0najbardziej znacz\u0105cych i\u00a0najpi\u0119kniejszych epokach w\u00a0historii H\u00dcPPE.<\/p>\n        <\/div>\n\n\n<div id=\"m_content_image_text-block_b81c021017163a93047f3b7f021f59a9\" class=\"m_content_image_text margin-small\" >\n        <div class=\"m_content_image_text-wrapper imagetext\">\n        <div class=\"m_content_image_text-image\">\n            <!-- <img decoding=\"async\" class=\"-img \" src=\"\" alt=\"\"\/> -->\n            <picture class=\"m_content_image_text-img reveal\"  alt=\"https:\/\/d2bxdz25tzrsr9.cloudfront.net\/image\/382083092639\/image_9pkp5rupql4hj6r4c58rjd933q\/-Tlandscape-FWEBP\" draggable=\"false\">\n                <source srcset=\"https:\/\/d2bxdz25tzrsr9.cloudfront.net\/image\/382083092639\/image_9pkp5rupql4hj6r4c58rjd933q\/-Tlandscape-FWEBP\" type=\"image\/webp\">\n                <source srcset=\"https:\/\/d2bxdz25tzrsr9.cloudfront.net\/image\/382083092639\/image_9pkp5rupql4hj6r4c58rjd933q\/-Tlandscape-FPNG\" type=\"image\/png\">\n                <img decoding=\"async\" src=\"https:\/\/d2bxdz25tzrsr9.cloudfront.net\/image\/382083092639\/image_9pkp5rupql4hj6r4c58rjd933q\/-Tlandscape-FPNG\">\n            <\/picture>\n        <\/div>\n        <div class=\"m_content_image_text-content\">\n            <h4 class=\"m_content_image_text-subtitle reveal\">Pionier na nowym rynku.<\/h4>\n            <p class=\"m_content_image_text-text reveal\">Firma za\u0142o\u017cona w\u00a01889 roku przez Justina H\u00fcppe ju\u017c w\u00a01966 roku postawi\u0142a sobie za cel tworzenie najpi\u0119kniejszych \u0142azienek na \u015bwiecie. Jako pionier kabin prysznicowych w Europie, firma H\u00dcPPE od samego pocz\u0105tku koncentrowa\u0142a si\u0119 na jako\u015bci, obs\u0142udze i wzornictwie. W\u00a01987 firma H\u00dcPPE sta\u0142a si\u0119 cz\u0119\u015bci\u0105 MASCO Corporation (Michigan, USA), przez co trafi\u0142a na rynki mi\u0119dzynarodowe. W\u00a0kolejnych latach do H\u00dcPPE do\u0142\u0105czy\u0142 hiszpa\u0144ski producent kabin prysznicowych Reser s.l. oraz turecka firma Intermart.\r\n\r\n<\/p>\n                    <\/div>\n    <\/div>\n<\/div>\n\n\n<div id=\"m_content_image_text-block_0e873858f7d4af3d53a2f86469b614e6\" class=\"m_content_image_text margin-small\" >\n        <div class=\"m_content_image_text-wrapper textimage\">\n        <div class=\"m_content_image_text-image\">\n            <!-- <img decoding=\"async\" class=\"-img \" src=\"\" alt=\"\"\/> -->\n            <picture class=\"m_content_image_text-img reveal\"  alt=\"https:\/\/d2bxdz25tzrsr9.cloudfront.net\/image\/382083092639\/image_lnl0dge4pp6i59c5qd397cf212\/-Tlandscape-FWEBP\" draggable=\"false\">\n                <source srcset=\"https:\/\/d2bxdz25tzrsr9.cloudfront.net\/image\/382083092639\/image_lnl0dge4pp6i59c5qd397cf212\/-Tlandscape-FWEBP\" type=\"image\/webp\">\n                <source srcset=\"https:\/\/d2bxdz25tzrsr9.cloudfront.net\/image\/382083092639\/image_lnl0dge4pp6i59c5qd397cf212\/-Tlandscape-FPNG\" type=\"image\/png\">\n                <img decoding=\"async\" src=\"https:\/\/d2bxdz25tzrsr9.cloudfront.net\/image\/382083092639\/image_lnl0dge4pp6i59c5qd397cf212\/-Tlandscape-FPNG\">\n            <\/picture>\n        <\/div>\n        <div class=\"m_content_image_text-content\">\n            <h4 class=\"m_content_image_text-subtitle reveal\">Przez drzwi skrzyd\u0142owe do nowoczesno\u015bci<\/h4>\n            <p class=\"m_content_image_text-text reveal\">W\u00a02000 r. swoje wrota otworzy\u0142a r\u00f3wnie\u017c fabryka w\u00a0Bad Zwischenahn, gdzie powstaj\u0105 m.in. wykonywane r\u0119cznie brodziki prysznicowe najwy\u017cszej jako\u015bci. W\u00a0tym samym roku opracowano opatentowany system listew zaciskowych H\u00dcPPE. Dzi\u0119ki wsp\u00f3\u0142pracy ze studiami projektowymi takimi jak NOA, Jette Joop i\u00a0Ph\u00f6nix Design, oferta coraz bardziej dostosowuje si\u0119 do rosn\u0105cych wymaga\u0144 klient\u00f3w w\u00a0zakresie indywidualizacji. Nowe serie innowacyjnych system\u00f3w drzwiowych podbijaj\u0105 europejskie \u0142azienki, zar\u00f3wno w\u00a0domach prywatnych, jak i\u00a0w hotelach, strefach spa oraz na statkach wycieczkowych. <\/p>\n                    <\/div>\n    <\/div>\n<\/div>\n\n\n<div id=\"m_content_image_text-block_f496bd172a62eed923659f481cd8c725\" class=\"m_content_image_text margin-small\" >\n        <div class=\"m_content_image_text-wrapper imagetext\">\n        <div class=\"m_content_image_text-image\">\n            <!-- <img decoding=\"async\" class=\"-img \" src=\"\" alt=\"\"\/> -->\n            <picture class=\"m_content_image_text-img reveal\"  alt=\"https:\/\/d2bxdz25tzrsr9.cloudfront.net\/image\/382083092639\/image_hrphaq04ul3jh4svgncmjf8e69\/-Tlandscape-FWEBP\" draggable=\"false\">\n                <source srcset=\"https:\/\/d2bxdz25tzrsr9.cloudfront.net\/image\/382083092639\/image_hrphaq04ul3jh4svgncmjf8e69\/-Tlandscape-FWEBP\" type=\"image\/webp\">\n                <source srcset=\"https:\/\/d2bxdz25tzrsr9.cloudfront.net\/image\/382083092639\/image_hrphaq04ul3jh4svgncmjf8e69\/-Tlandscape-FPNG\" type=\"image\/png\">\n                <img decoding=\"async\" src=\"https:\/\/d2bxdz25tzrsr9.cloudfront.net\/image\/382083092639\/image_hrphaq04ul3jh4svgncmjf8e69\/-Tlandscape-FPNG\">\n            <\/picture>\n        <\/div>\n        <div class=\"m_content_image_text-content\">\n            <h4 class=\"m_content_image_text-subtitle reveal\">Walk-In w\u00a0nowe czasy.<\/h4>\n            <p class=\"m_content_image_text-text reveal\">Dzi\u0119ki innowacyjnym rozwi\u0105zaniom klasy premium, takim jak seria Select+, Xtensa czy SolvaPro, firma H\u00dcPPE zdobywa nie tylko nagrody za wzornictwo, lecz tak\u017ce si\u0142\u0119 przyci\u0105gania na rynku. W\u00a02021 roku H\u00dcPPE GmbH staje si\u0119 w\u00a0ko\u0144cu cz\u0119\u015bci\u0105 grupy AURELIUS, aby dalej rozwija\u0107 si\u0119 jako jeden z\u00a0wiod\u0105cych producent\u00f3w w\u00a0bran\u017cy prysznic\u00f3w.<\/p>\n                    <\/div>\n    <\/div>\n<\/div>","protected":false},"excerpt":{"rendered":"","protected":false},"author":777,"featured_media":0,"parent":0,"menu_order":0,"comment_status":"closed","ping_status":"closed","template":"","meta":{"_acf_changed":false,"site-sidebar-layout":"default","site-content-layout":"default","ast-global-header-display":"","ast-banner-title-visibility":"","ast-main-header-display":"","ast-hfb-above-header-display":"","ast-hfb-below-header-display":"","ast-hfb-mobile-header-display":"","site-post-title":"","ast-breadcrumbs-content":"","ast-featured-img":"","footer-sml-layout":"","theme-transparent-header-meta":"","adv-header-id-meta":"","stick-header-meta":"","header-above-stick-meta":"","header-main-stick-meta":"","header-below-stick-meta":"","footnotes":""},"class_list":["post-156958","page","type-page","status-publish","hentry"],"acf":[],"yoast_head":"<!-- This site is optimized with the Yoast SEO Premium plugin v22.3 (Yoast SEO v24.6) - https:\/\/yoast.com\/wordpress\/plugins\/seo\/ -->\n<title>Historia firmy - HUEPPE<\/title>\n<meta name=\"description\" content=\"120 lat tradycji i kamieni milowych - tutaj dowiesz si\u0119 wi\u0119cej o najwa\u017cniejszych wydarzeniach w ekscytuj\u0105cej historii H\u00dcPPE.\" \/>\n<meta name=\"robots\" content=\"index, follow, max-snippet:-1, max-image-preview:large, max-video-preview:-1\" \/>\n<link rel=\"canonical\" href=\"https:\/\/www.hueppe.com\/pl\/historia\/\" \/>\n<meta property=\"og:locale\" content=\"pl_PL\" \/>\n<meta property=\"og:type\" content=\"article\" \/>\n<meta property=\"og:title\" content=\"Geschichte\" \/>\n<meta property=\"og:description\" content=\"120 lat tradycji i kamieni milowych - tutaj dowiesz si\u0119 wi\u0119cej o najwa\u017cniejszych wydarzeniach w ekscytuj\u0105cej historii H\u00dcPPE.\" \/>\n<meta property=\"og:url\" content=\"https:\/\/www.hueppe.com\/pl\/historia\/\" \/>\n<meta property=\"og:site_name\" content=\"HUEPPE\" \/>\n<meta property=\"article:modified_time\" content=\"2024-08-27T12:41:35+00:00\" \/>\n<meta property=\"og:image\" content=\"https:\/\/www.hueppe.com\/wp-content\/uploads\/2023\/01\/news5.png\" \/>\n\t<meta property=\"og:image:width\" content=\"820\" \/>\n\t<meta property=\"og:image:height\" content=\"514\" \/>\n\t<meta property=\"og:image:type\" content=\"image\/png\" \/>\n<meta name=\"twitter:card\" content=\"summary_large_image\" \/>\n<meta name=\"twitter:label1\" content=\"Szacowany czas czytania\" \/>\n\t<meta name=\"twitter:data1\" content=\"2 minuty\" \/>\n<script type=\"application\/ld+json\" class=\"yoast-schema-graph\">{\"@context\":\"https:\/\/schema.org\",\"@graph\":[{\"@type\":\"WebPage\",\"@id\":\"https:\/\/www.hueppe.com\/pl\/historia\/\",\"url\":\"https:\/\/www.hueppe.com\/pl\/historia\/\",\"name\":\"Historia firmy - HUEPPE\",\"isPartOf\":{\"@id\":\"https:\/\/www.hueppe.com\/pl\/#website\"},\"datePublished\":\"2023-07-17T09:19:31+00:00\",\"dateModified\":\"2024-08-27T12:41:35+00:00\",\"description\":\"120 lat tradycji i kamieni milowych - tutaj dowiesz si\u0119 wi\u0119cej o najwa\u017cniejszych wydarzeniach w ekscytuj\u0105cej historii H\u00dcPPE.\",\"breadcrumb\":{\"@id\":\"https:\/\/www.hueppe.com\/pl\/historia\/#breadcrumb\"},\"inLanguage\":\"pl-PL\",\"potentialAction\":[{\"@type\":\"ReadAction\",\"target\":[\"https:\/\/www.hueppe.com\/pl\/historia\/\"]}]},{\"@type\":\"BreadcrumbList\",\"@id\":\"https:\/\/www.hueppe.com\/pl\/historia\/#breadcrumb\",\"itemListElement\":[{\"@type\":\"ListItem\",\"position\":1,\"name\":\"Home\",\"item\":\"https:\/\/www.hueppe.com\/pl\/\"},{\"@type\":\"ListItem\",\"position\":2,\"name\":\"Geschichte\"}]},{\"@type\":\"WebSite\",\"@id\":\"https:\/\/www.hueppe.com\/pl\/#website\",\"url\":\"https:\/\/www.hueppe.com\/pl\/\",\"name\":\"www.HUEPPE.com\",\"description\":\"\",\"publisher\":{\"@id\":\"https:\/\/www.hueppe.com\/pl\/#organization\"},\"potentialAction\":[{\"@type\":\"SearchAction\",\"target\":{\"@type\":\"EntryPoint\",\"urlTemplate\":\"https:\/\/www.hueppe.com\/pl\/?s={search_term_string}\"},\"query-input\":{\"@type\":\"PropertyValueSpecification\",\"valueRequired\":true,\"valueName\":\"search_term_string\"}}],\"inLanguage\":\"pl-PL\"},{\"@type\":\"Organization\",\"@id\":\"https:\/\/www.hueppe.com\/pl\/#organization\",\"name\":\"HUEPPE GmbH\",\"url\":\"https:\/\/www.hueppe.com\/pl\/\",\"logo\":{\"@type\":\"ImageObject\",\"inLanguage\":\"pl-PL\",\"@id\":\"https:\/\/www.hueppe.com\/pl\/#\/schema\/logo\/image\/\",\"url\":\"https:\/\/www.hueppe.com\/wp-content\/uploads\/2024\/04\/Logo.png\",\"contentUrl\":\"https:\/\/www.hueppe.com\/wp-content\/uploads\/2024\/04\/Logo.png\",\"width\":225,\"height\":225,\"caption\":\"HUEPPE GmbH\"},\"image\":{\"@id\":\"https:\/\/www.hueppe.com\/pl\/#\/schema\/logo\/image\/\"},\"sameAs\":[\"https:\/\/www.instagram.com\/hueppe_group\/\",\"https:\/\/www.pinterest.de\/hppegmbh\/\",\"https:\/\/www.youtube.com\/user\/HUEPPEcom\",\"https:\/\/www.linkedin.com\/company\/hueppe-group\/\"]}]}<\/script>\n<!-- \/ Yoast SEO Premium plugin. -->","yoast_head_json":{"title":"Historia firmy - HUEPPE","description":"120 lat tradycji i kamieni milowych - tutaj dowiesz si\u0119 wi\u0119cej o najwa\u017cniejszych wydarzeniach w ekscytuj\u0105cej historii H\u00dcPPE.","robots":{"index":"index","follow":"follow","max-snippet":"max-snippet:-1","max-image-preview":"max-image-preview:large","max-video-preview":"max-video-preview:-1"},"canonical":"https:\/\/www.hueppe.com\/pl\/historia\/","og_locale":"pl_PL","og_type":"article","og_title":"Geschichte","og_description":"120 lat tradycji i kamieni milowych - tutaj dowiesz si\u0119 wi\u0119cej o najwa\u017cniejszych wydarzeniach w ekscytuj\u0105cej historii H\u00dcPPE.","og_url":"https:\/\/www.hueppe.com\/pl\/historia\/","og_site_name":"HUEPPE","article_modified_time":"2024-08-27T12:41:35+00:00","og_image":[{"width":820,"height":514,"url":"https:\/\/www.hueppe.com\/wp-content\/uploads\/2023\/01\/news5.png","type":"image\/png"}],"twitter_card":"summary_large_image","twitter_misc":{"Szacowany czas czytania":"2 minuty"},"schema":{"@context":"https:\/\/schema.org","@graph":[{"@type":"WebPage","@id":"https:\/\/www.hueppe.com\/pl\/historia\/","url":"https:\/\/www.hueppe.com\/pl\/historia\/","name":"Historia firmy - HUEPPE","isPartOf":{"@id":"https:\/\/www.hueppe.com\/pl\/#website"},"datePublished":"2023-07-17T09:19:31+00:00","dateModified":"2024-08-27T12:41:35+00:00","description":"120 lat tradycji i kamieni milowych - tutaj dowiesz si\u0119 wi\u0119cej o najwa\u017cniejszych wydarzeniach w ekscytuj\u0105cej historii H\u00dcPPE.","breadcrumb":{"@id":"https:\/\/www.hueppe.com\/pl\/historia\/#breadcrumb"},"inLanguage":"pl-PL","potentialAction":[{"@type":"ReadAction","target":["https:\/\/www.hueppe.com\/pl\/historia\/"]}]},{"@type":"BreadcrumbList","@id":"https:\/\/www.hueppe.com\/pl\/historia\/#breadcrumb","itemListElement":[{"@type":"ListItem","position":1,"name":"Home","item":"https:\/\/www.hueppe.com\/pl\/"},{"@type":"ListItem","position":2,"name":"Geschichte"}]},{"@type":"WebSite","@id":"https:\/\/www.hueppe.com\/pl\/#website","url":"https:\/\/www.hueppe.com\/pl\/","name":"www.HUEPPE.com","description":"","publisher":{"@id":"https:\/\/www.hueppe.com\/pl\/#organization"},"potentialAction":[{"@type":"SearchAction","target":{"@type":"EntryPoint","urlTemplate":"https:\/\/www.hueppe.com\/pl\/?s={search_term_string}"},"query-input":{"@type":"PropertyValueSpecification","valueRequired":true,"valueName":"search_term_string"}}],"inLanguage":"pl-PL"},{"@type":"Organization","@id":"https:\/\/www.hueppe.com\/pl\/#organization","name":"HUEPPE GmbH","url":"https:\/\/www.hueppe.com\/pl\/","logo":{"@type":"ImageObject","inLanguage":"pl-PL","@id":"https:\/\/www.hueppe.com\/pl\/#\/schema\/logo\/image\/","url":"https:\/\/www.hueppe.com\/wp-content\/uploads\/2024\/04\/Logo.png","contentUrl":"https:\/\/www.hueppe.com\/wp-content\/uploads\/2024\/04\/Logo.png","width":225,"height":225,"caption":"HUEPPE GmbH"},"image":{"@id":"https:\/\/www.hueppe.com\/pl\/#\/schema\/logo\/image\/"},"sameAs":["https:\/\/www.instagram.com\/hueppe_group\/","https:\/\/www.pinterest.de\/hppegmbh\/","https:\/\/www.youtube.com\/user\/HUEPPEcom","https:\/\/www.linkedin.com\/company\/hueppe-group\/"]}]}},"_links":{"self":[{"href":"https:\/\/www.hueppe.com\/pl\/wp-json\/wp\/v2\/pages\/156958","targetHints":{"allow":["GET"]}}],"collection":[{"href":"https:\/\/www.hueppe.com\/pl\/wp-json\/wp\/v2\/pages"}],"about":[{"href":"https:\/\/www.hueppe.com\/pl\/wp-json\/wp\/v2\/types\/page"}],"author":[{"embeddable":true,"href":"https:\/\/www.hueppe.com\/pl\/wp-json\/wp\/v2\/users\/777"}],"replies":[{"embeddable":true,"href":"https:\/\/www.hueppe.com\/pl\/wp-json\/wp\/v2\/comments?post=156958"}],"version-history":[{"count":0,"href":"https:\/\/www.hueppe.com\/pl\/wp-json\/wp\/v2\/pages\/156958\/revisions"}],"wp:attachment":[{"href":"https:\/\/www.hueppe.com\/pl\/wp-json\/wp\/v2\/media?parent=156958"}],"curies":[{"name":"wp","href":"https:\/\/api.w.org\/{rel}","templated":true}]}}