{"id":157028,"date":"2023-07-17T12:18:19","date_gmt":"2023-07-17T10:18:19","guid":{"rendered":"https:\/\/www.hueppe.com\/impressum\/"},"modified":"2024-04-11T16:06:26","modified_gmt":"2024-04-11T14:06:26","slug":"odcisk","status":"publish","type":"page","link":"https:\/\/www.hueppe.com\/pl\/odcisk\/","title":{"rendered":"Impressum"},"content":{"rendered":"\n    <div class=\"M_Headline\">\n        <h1 class=\"M_Headline-headline\">Odcisk<\/h1>\n    <\/div>\n\n\n    <div class=\"M_Content\">\n        <h3 class=\"M_Content-headline\"><\/h3>\n        <div class=\"M_Content-content\">\n                    <\/div>\n    <\/div>\n\n\n    <div class=\"M_Content\">\n        <h3 class=\"M_Content-headline\">H\u00dcPPE GmbH<\/h3>\n        <div class=\"M_Content-content\">\n            <p>Industriestra\u00dfe 3<br \/>\n26160 Bad Zwischenahn<br \/>\nDeutschland<\/p>\n<p>T +49 4403 67-0<br \/>\nF +49 4403 67-100<\/p>\n<p><a href=\"mailto:hueppe@hueppe.com\">hueppe@hueppe.com<\/a><br \/>\nwww.hueppe.com<\/p>\n<p>S\u0105d rejestrowy: AG Oldenburg<br \/>\nNumer rejestracyjny: HRB 202345<\/p>\n<p>Numer identyfikacji podatkowej zgodnie z \u00a7 27 a Umsatzsteuergesetz: DE 814977721, St.-Nr.: 69 \/ 200 \/ 24628<\/p>\n<p>Dyrektorzy zarz\u0105dzaj\u0105cy: Julian Henco\u00a0 (prezes), Michael Amende<\/p>\n<p>&nbsp;<\/p>\n<h4><strong>Zastrze\u017cenie<\/strong><\/h4>\n<p>Pomimo starannej kontroli tre\u015bci, nie ponosimy \u017cadnej odpowiedzialno\u015bci za tre\u015b\u0107 link\u00f3w zewn\u0119trznych. Operatorzy stron, do kt\u00f3rych prowadz\u0105 linki, ponosz\u0105 wy\u0142\u0105czn\u0105 odpowiedzialno\u015b\u0107 za ich tre\u015b\u0107.<\/p>\n<p>&nbsp;<\/p>\n<h4>Informacje na temat internetowego rozstrzygania spor\u00f3w<\/h4>\n<p>Komisja Europejska utworzy\u0142a platform\u0119 internetow\u0105 do internetowego rozstrzygania spor\u00f3w (&#8222;platforma OS&#8221;). Dost\u0119p do platformy OS mo\u017cna uzyska\u0107 pod nast\u0119puj\u0105cym linkiem: https:\/\/ec.europa.eu\/consumers\/odr\/.<br \/>\nH\u00dcPPE nie b\u0119dzie uczestniczy\u0107 w procedurze rozstrzygania spor\u00f3w przed komisj\u0105 arbitra\u017cow\u0105 ds. konsument\u00f3w w rozumieniu niemieckiej ustawy o rozstrzyganiu spor\u00f3w konsumenckich (VSBG).<\/p>\n<p>&nbsp;<\/p>\n        <\/div>\n    <\/div>","protected":false},"excerpt":{"rendered":"","protected":false},"author":777,"featured_media":0,"parent":0,"menu_order":0,"comment_status":"closed","ping_status":"closed","template":"","meta":{"_acf_changed":false,"site-sidebar-layout":"default","site-content-layout":"default","ast-global-header-display":"","ast-banner-title-visibility":"","ast-main-header-display":"","ast-hfb-above-header-display":"","ast-hfb-below-header-display":"","ast-hfb-mobile-header-display":"","site-post-title":"","ast-breadcrumbs-content":"","ast-featured-img":"","footer-sml-layout":"","theme-transparent-header-meta":"","adv-header-id-meta":"","stick-header-meta":"","header-above-stick-meta":"","header-main-stick-meta":"","header-below-stick-meta":"","footnotes":""},"class_list":["post-157028","page","type-page","status-publish","hentry"],"acf":[],"yoast_head":"<!-- This site is optimized with the Yoast SEO Premium plugin v22.3 (Yoast SEO v24.6) - https:\/\/yoast.com\/wordpress\/plugins\/seo\/ -->\n<title>Odcisk - HUEPPE<\/title>\n<meta name=\"description\" content=\"Odcisk. H\u00dcPPE GmbH, Industriestra\u00dfe 3 26160 Bad Zwischenahn Niemcy, tel.: +49 4403 67-0, e-mail: hueppe@hueppe.com\" \/>\n<meta name=\"robots\" content=\"index, follow, max-snippet:-1, max-image-preview:large, max-video-preview:-1\" \/>\n<link rel=\"canonical\" href=\"https:\/\/www.hueppe.com\/pl\/odcisk\/\" \/>\n<meta property=\"og:locale\" content=\"pl_PL\" \/>\n<meta property=\"og:type\" content=\"article\" \/>\n<meta property=\"og:title\" content=\"Impressum\" \/>\n<meta property=\"og:description\" content=\"Odcisk. H\u00dcPPE GmbH, Industriestra\u00dfe 3 26160 Bad Zwischenahn Niemcy, tel.: +49 4403 67-0, e-mail: hueppe@hueppe.com\" \/>\n<meta property=\"og:url\" content=\"https:\/\/www.hueppe.com\/pl\/odcisk\/\" \/>\n<meta property=\"og:site_name\" content=\"HUEPPE\" \/>\n<meta property=\"article:modified_time\" content=\"2024-04-11T14:06:26+00:00\" \/>\n<meta property=\"og:image\" content=\"https:\/\/www.hueppe.com\/wp-content\/uploads\/2023\/01\/news5.png\" \/>\n\t<meta property=\"og:image:width\" content=\"820\" \/>\n\t<meta property=\"og:image:height\" content=\"514\" \/>\n\t<meta property=\"og:image:type\" content=\"image\/png\" \/>\n<meta name=\"twitter:card\" content=\"summary_large_image\" \/>\n<meta name=\"twitter:label1\" content=\"Szacowany czas czytania\" \/>\n\t<meta name=\"twitter:data1\" content=\"1 minuta\" \/>\n<script type=\"application\/ld+json\" class=\"yoast-schema-graph\">{\"@context\":\"https:\/\/schema.org\",\"@graph\":[{\"@type\":\"WebPage\",\"@id\":\"https:\/\/www.hueppe.com\/pl\/odcisk\/\",\"url\":\"https:\/\/www.hueppe.com\/pl\/odcisk\/\",\"name\":\"Odcisk - HUEPPE\",\"isPartOf\":{\"@id\":\"https:\/\/www.hueppe.com\/pl\/#website\"},\"datePublished\":\"2023-07-17T10:18:19+00:00\",\"dateModified\":\"2024-04-11T14:06:26+00:00\",\"description\":\"Odcisk. H\u00dcPPE GmbH, Industriestra\u00dfe 3 26160 Bad Zwischenahn Niemcy, tel.: +49 4403 67-0, e-mail: hueppe@hueppe.com\",\"breadcrumb\":{\"@id\":\"https:\/\/www.hueppe.com\/pl\/odcisk\/#breadcrumb\"},\"inLanguage\":\"pl-PL\",\"potentialAction\":[{\"@type\":\"ReadAction\",\"target\":[\"https:\/\/www.hueppe.com\/pl\/odcisk\/\"]}]},{\"@type\":\"BreadcrumbList\",\"@id\":\"https:\/\/www.hueppe.com\/pl\/odcisk\/#breadcrumb\",\"itemListElement\":[{\"@type\":\"ListItem\",\"position\":1,\"name\":\"Home\",\"item\":\"https:\/\/www.hueppe.com\/pl\/\"},{\"@type\":\"ListItem\",\"position\":2,\"name\":\"Impressum\"}]},{\"@type\":\"WebSite\",\"@id\":\"https:\/\/www.hueppe.com\/pl\/#website\",\"url\":\"https:\/\/www.hueppe.com\/pl\/\",\"name\":\"www.HUEPPE.com\",\"description\":\"\",\"publisher\":{\"@id\":\"https:\/\/www.hueppe.com\/pl\/#organization\"},\"potentialAction\":[{\"@type\":\"SearchAction\",\"target\":{\"@type\":\"EntryPoint\",\"urlTemplate\":\"https:\/\/www.hueppe.com\/pl\/?s={search_term_string}\"},\"query-input\":{\"@type\":\"PropertyValueSpecification\",\"valueRequired\":true,\"valueName\":\"search_term_string\"}}],\"inLanguage\":\"pl-PL\"},{\"@type\":\"Organization\",\"@id\":\"https:\/\/www.hueppe.com\/pl\/#organization\",\"name\":\"HUEPPE GmbH\",\"url\":\"https:\/\/www.hueppe.com\/pl\/\",\"logo\":{\"@type\":\"ImageObject\",\"inLanguage\":\"pl-PL\",\"@id\":\"https:\/\/www.hueppe.com\/pl\/#\/schema\/logo\/image\/\",\"url\":\"https:\/\/www.hueppe.com\/wp-content\/uploads\/2024\/04\/Logo.png\",\"contentUrl\":\"https:\/\/www.hueppe.com\/wp-content\/uploads\/2024\/04\/Logo.png\",\"width\":225,\"height\":225,\"caption\":\"HUEPPE GmbH\"},\"image\":{\"@id\":\"https:\/\/www.hueppe.com\/pl\/#\/schema\/logo\/image\/\"},\"sameAs\":[\"https:\/\/www.instagram.com\/hueppe_group\/\",\"https:\/\/www.pinterest.de\/hppegmbh\/\",\"https:\/\/www.youtube.com\/user\/HUEPPEcom\",\"https:\/\/www.linkedin.com\/company\/hueppe-group\/\"]}]}<\/script>\n<!-- \/ Yoast SEO Premium plugin. -->","yoast_head_json":{"title":"Odcisk - HUEPPE","description":"Odcisk. H\u00dcPPE GmbH, Industriestra\u00dfe 3 26160 Bad Zwischenahn Niemcy, tel.: +49 4403 67-0, e-mail: hueppe@hueppe.com","robots":{"index":"index","follow":"follow","max-snippet":"max-snippet:-1","max-image-preview":"max-image-preview:large","max-video-preview":"max-video-preview:-1"},"canonical":"https:\/\/www.hueppe.com\/pl\/odcisk\/","og_locale":"pl_PL","og_type":"article","og_title":"Impressum","og_description":"Odcisk. H\u00dcPPE GmbH, Industriestra\u00dfe 3 26160 Bad Zwischenahn Niemcy, tel.: +49 4403 67-0, e-mail: hueppe@hueppe.com","og_url":"https:\/\/www.hueppe.com\/pl\/odcisk\/","og_site_name":"HUEPPE","article_modified_time":"2024-04-11T14:06:26+00:00","og_image":[{"width":820,"height":514,"url":"https:\/\/www.hueppe.com\/wp-content\/uploads\/2023\/01\/news5.png","type":"image\/png"}],"twitter_card":"summary_large_image","twitter_misc":{"Szacowany czas czytania":"1 minuta"},"schema":{"@context":"https:\/\/schema.org","@graph":[{"@type":"WebPage","@id":"https:\/\/www.hueppe.com\/pl\/odcisk\/","url":"https:\/\/www.hueppe.com\/pl\/odcisk\/","name":"Odcisk - HUEPPE","isPartOf":{"@id":"https:\/\/www.hueppe.com\/pl\/#website"},"datePublished":"2023-07-17T10:18:19+00:00","dateModified":"2024-04-11T14:06:26+00:00","description":"Odcisk. H\u00dcPPE GmbH, Industriestra\u00dfe 3 26160 Bad Zwischenahn Niemcy, tel.: +49 4403 67-0, e-mail: hueppe@hueppe.com","breadcrumb":{"@id":"https:\/\/www.hueppe.com\/pl\/odcisk\/#breadcrumb"},"inLanguage":"pl-PL","potentialAction":[{"@type":"ReadAction","target":["https:\/\/www.hueppe.com\/pl\/odcisk\/"]}]},{"@type":"BreadcrumbList","@id":"https:\/\/www.hueppe.com\/pl\/odcisk\/#breadcrumb","itemListElement":[{"@type":"ListItem","position":1,"name":"Home","item":"https:\/\/www.hueppe.com\/pl\/"},{"@type":"ListItem","position":2,"name":"Impressum"}]},{"@type":"WebSite","@id":"https:\/\/www.hueppe.com\/pl\/#website","url":"https:\/\/www.hueppe.com\/pl\/","name":"www.HUEPPE.com","description":"","publisher":{"@id":"https:\/\/www.hueppe.com\/pl\/#organization"},"potentialAction":[{"@type":"SearchAction","target":{"@type":"EntryPoint","urlTemplate":"https:\/\/www.hueppe.com\/pl\/?s={search_term_string}"},"query-input":{"@type":"PropertyValueSpecification","valueRequired":true,"valueName":"search_term_string"}}],"inLanguage":"pl-PL"},{"@type":"Organization","@id":"https:\/\/www.hueppe.com\/pl\/#organization","name":"HUEPPE GmbH","url":"https:\/\/www.hueppe.com\/pl\/","logo":{"@type":"ImageObject","inLanguage":"pl-PL","@id":"https:\/\/www.hueppe.com\/pl\/#\/schema\/logo\/image\/","url":"https:\/\/www.hueppe.com\/wp-content\/uploads\/2024\/04\/Logo.png","contentUrl":"https:\/\/www.hueppe.com\/wp-content\/uploads\/2024\/04\/Logo.png","width":225,"height":225,"caption":"HUEPPE GmbH"},"image":{"@id":"https:\/\/www.hueppe.com\/pl\/#\/schema\/logo\/image\/"},"sameAs":["https:\/\/www.instagram.com\/hueppe_group\/","https:\/\/www.pinterest.de\/hppegmbh\/","https:\/\/www.youtube.com\/user\/HUEPPEcom","https:\/\/www.linkedin.com\/company\/hueppe-group\/"]}]}},"_links":{"self":[{"href":"https:\/\/www.hueppe.com\/pl\/wp-json\/wp\/v2\/pages\/157028","targetHints":{"allow":["GET"]}}],"collection":[{"href":"https:\/\/www.hueppe.com\/pl\/wp-json\/wp\/v2\/pages"}],"about":[{"href":"https:\/\/www.hueppe.com\/pl\/wp-json\/wp\/v2\/types\/page"}],"author":[{"embeddable":true,"href":"https:\/\/www.hueppe.com\/pl\/wp-json\/wp\/v2\/users\/777"}],"replies":[{"embeddable":true,"href":"https:\/\/www.hueppe.com\/pl\/wp-json\/wp\/v2\/comments?post=157028"}],"version-history":[{"count":0,"href":"https:\/\/www.hueppe.com\/pl\/wp-json\/wp\/v2\/pages\/157028\/revisions"}],"wp:attachment":[{"href":"https:\/\/www.hueppe.com\/pl\/wp-json\/wp\/v2\/media?parent=157028"}],"curies":[{"name":"wp","href":"https:\/\/api.w.org\/{rel}","templated":true}]}}