{"id":174826,"date":"2023-10-05T11:27:10","date_gmt":"2023-10-05T09:27:10","guid":{"rendered":"https:\/\/www.hueppe.com\/aktionen\/"},"modified":"2024-03-22T12:25:48","modified_gmt":"2024-03-22T11:25:48","slug":"aktionen","status":"publish","type":"page","link":"https:\/\/www.hueppe.com\/pl\/aktionen\/","title":{"rendered":"Aktuelle Aktionen"},"content":{"rendered":"\n<div id=\"m_stage_no_image-block_7c90865fcf75dc2fbe231076e85a959f\" class=\"m_stage_no_image margin-big\">\n    <h1 class=\"m_stage_no_image-headline\">Nasze aktualne promocje<\/h1>\n    <p class=\"m_stage_no_image-copy\">Skorzystaj z naszych ekskluzywnych ofert, kt\u00f3re tutaj wyra\u017anie dla Ciebie przedstawiamy &#8211; zawsze aktualne.\r\nDla ka\u017cdej kampanii oferujemy odpowiedni dokument PDF ze wszystkimi istotnymi szczeg\u00f3\u0142ami i informacjami, do kt\u00f3rych mo\u017cna \u0142atwo uzyska\u0107 dost\u0119p za po\u015brednictwem linku poni\u017cej odpowiedniej kampanii.\r\n<br>\r\nOczywi\u015bcie przysz\u0142e kampanie b\u0119d\u0105 r\u00f3wnie\u017c publikowane na tej stronie. Dlatego zalecamy zapisanie strony w ulubionych.<\/p>\n        <\/div>\n\n\n<div id=\"m_content_image_text-block_388a02420de4243d3b7158587ba84332\" class=\"m_content_image_text margin-small\" >\n            <h2 class=\"m_content_image_text-title reveal\"><br> <br> Promocja 871: H\u00dcPPE Design pure \u2013 listwa \u015bcienna Select+<br> &#038; Tablet za darmo do 30.11.2023<\/h2>\n        <div class=\"m_content_image_text-wrapper imagetext\">\n        <div class=\"m_content_image_text-image\">\n            <!-- <img decoding=\"async\" class=\"-img \" src=\"\" alt=\"\"\/> -->\n            <picture class=\"m_content_image_text-img reveal\"  alt=\"https:\/\/d2bxdz25tzrsr9.cloudfront.net\/image\/382083092639\/image_ih29ruvp9541j47bc4riumna46\/-Tlandscape-FWEBP\" draggable=\"false\">\n                <source srcset=\"https:\/\/d2bxdz25tzrsr9.cloudfront.net\/image\/382083092639\/image_ih29ruvp9541j47bc4riumna46\/-Tlandscape-FWEBP\" type=\"image\/webp\">\n                <source srcset=\"https:\/\/d2bxdz25tzrsr9.cloudfront.net\/image\/382083092639\/image_ih29ruvp9541j47bc4riumna46\/-Tlandscape-FPNG\" type=\"image\/png\">\n                <img decoding=\"async\" src=\"https:\/\/d2bxdz25tzrsr9.cloudfront.net\/image\/382083092639\/image_ih29ruvp9541j47bc4riumna46\/-Tlandscape-FPNG\">\n            <\/picture>\n        <\/div>\n        <div class=\"m_content_image_text-content\">\n            <h4 class=\"m_content_image_text-subtitle reveal\">Plus za jeszcze wi\u0119kszy komfort k\u0105pieli<\/h4>\n            <p class=\"m_content_image_text-text reveal\">Z numerem promocyjnym 871 otrzymasz w okresie od 1 pa\u017adziernika. Do 30 listopada 2023 zamawiaj\u0105c kabin\u0119 prysznicow\u0105 Design pure, dodatkowo otrzymasz gratis listw\u0119 \u015bcienn\u0105 Select+ i tablet.<br><br>\r\n\r\n<b>R\u00f3\u017cnorodne akcesoria H\u00dcPPE Select+ to prawdziwy plus dla komfortu k\u0105pieli pod prysznicem i mocny akcent wizualny.\r\nProdukty dost\u0119pne s\u0105 w kolorach srebrny mat, edycja czarna i edycja bia\u0142a. <\/b><br><br>\r\n\r\nWszystkie ceny w euro, bez podatku VAT.\r\nPromocji nie mo\u017cna \u0142\u0105czy\u0107 z innymi promocjami.<\/p>\n                            <a class=\"link link--tertiary reveal\" href=\"https:\/\/hueppe.canto.de\/direct\/document\/mud1ql81h516dfh14k3fa0610b\/hciyLV8mjQMTHZsj3YNG7m56pEI\/original?content-type\">LINK do pliku PDF<\/a>\n                    <\/div>\n    <\/div>\n<\/div>\n\n\n<div id=\"m_content_image_text-block_40942002701ddaa517ff7b06e722a8f2\" class=\"m_content_image_text margin-small\" >\n            <h2 class=\"m_content_image_text-title reveal\"><br> <br> Promocja 3060: Bezp\u0142atne pomiary do 31 grudnia 2023 r<\/h2>\n        <div class=\"m_content_image_text-wrapper imagetext\">\n        <div class=\"m_content_image_text-image\">\n            <!-- <img decoding=\"async\" class=\"-img \" src=\"\" alt=\"\"\/> -->\n            <picture class=\"m_content_image_text-img reveal\"  alt=\"https:\/\/d2bxdz25tzrsr9.cloudfront.net\/image\/382083092639\/image_fvrvjd413h169fa2c0m5mp1l6e\/-Tlandscape-FWEBP\" draggable=\"false\">\n                <source srcset=\"https:\/\/d2bxdz25tzrsr9.cloudfront.net\/image\/382083092639\/image_fvrvjd413h169fa2c0m5mp1l6e\/-Tlandscape-FWEBP\" type=\"image\/webp\">\n                <source srcset=\"https:\/\/d2bxdz25tzrsr9.cloudfront.net\/image\/382083092639\/image_fvrvjd413h169fa2c0m5mp1l6e\/-Tlandscape-FPNG\" type=\"image\/png\">\n                <img decoding=\"async\" src=\"https:\/\/d2bxdz25tzrsr9.cloudfront.net\/image\/382083092639\/image_fvrvjd413h169fa2c0m5mp1l6e\/-Tlandscape-FPNG\">\n            <\/picture>\n        <\/div>\n        <div class=\"m_content_image_text-content\">\n            <h4 class=\"m_content_image_text-subtitle reveal\">My: Pomiar, monta\u017c, gotowe.<br> Ty: Wi\u0119cej czasu na inne rzeczy<\/h4>\n            <p class=\"m_content_image_text-text reveal\">Z numerem promocyjnym 3060 otrzymasz pomiar bezp\u0142atnie od teraz do 31 grudnia 2023 r., je\u015bli zam\u00f3wisz r\u00f3wnie\u017c monta\u017c.\r\nPrzy okazji: pomiar\u00f3w dokonujemy w ci\u0105gu trzech dni od z\u0142o\u017cenia zam\u00f3wienia.<br><br>\r\n\r\n<b>Dost\u0119pne: rozwi\u0105zania niszowe i rozwi\u0105zania naro\u017cne<\/b><br><br>\r\n\r\nWszystkie ceny w euro, bez podatku VAT.\r\nPromocji nie mo\u017cna \u0142\u0105czy\u0107 z innymi promocjami.<\/p>\n                            <a class=\"link link--tertiary reveal\" href=\"https:\/\/hueppe.canto.de\/direct\/document\/kn37vshj5h5sfa5o6f06hqj921\/vFLlq-i3gfk30igxynzhzcAYCK8\/original?content-type=application%2Fpdf&#038;name=Promotion+3060+Measurement.pdf\">LINK do pliku PDF<\/a>\n                    <\/div>\n    <\/div>\n<\/div>\n\n\n<div id=\"m_content_image_text-block_4ba47e7b0ba498c82e288f4aa49f40af\" class=\"m_content_image_text margin-small\" >\n            <h2 class=\"m_content_image_text-title reveal\"><br> <br> Promocja 4000: 25% na organizer i akcesoria Select+<\/h2>\n        <div class=\"m_content_image_text-wrapper imagetext\">\n        <div class=\"m_content_image_text-image\">\n            <!-- <img decoding=\"async\" class=\"-img \" src=\"\" alt=\"\"\/> -->\n            <picture class=\"m_content_image_text-img reveal\"  alt=\"https:\/\/d2bxdz25tzrsr9.cloudfront.net\/image\/382083092639\/image_gds6kvp0653m1cavqa2b3ni75h\/-Tlandscape-FWEBP\" draggable=\"false\">\n                <source srcset=\"https:\/\/d2bxdz25tzrsr9.cloudfront.net\/image\/382083092639\/image_gds6kvp0653m1cavqa2b3ni75h\/-Tlandscape-FWEBP\" type=\"image\/webp\">\n                <source srcset=\"https:\/\/d2bxdz25tzrsr9.cloudfront.net\/image\/382083092639\/image_gds6kvp0653m1cavqa2b3ni75h\/-Tlandscape-FPNG\" type=\"image\/png\">\n                <img decoding=\"async\" src=\"https:\/\/d2bxdz25tzrsr9.cloudfront.net\/image\/382083092639\/image_gds6kvp0653m1cavqa2b3ni75h\/-Tlandscape-FPNG\">\n            <\/picture>\n        <\/div>\n        <div class=\"m_content_image_text-content\">\n            <h4 class=\"m_content_image_text-subtitle reveal\">Plus dla \u0142azienek Twoich klient\u00f3w<\/h4>\n            <p class=\"m_content_image_text-text reveal\">Z numerem promocyjnym 4000 otrzymasz 25% rabatu na nast\u0119puj\u0105ce organizery i akcesoria Select+ od teraz do 31 grudnia 2023:<br><br>\r\n<b>Select+ Hook<\/b> &#8211; wieszak z p\u0142ynn\u0105 regulacj\u0105 wysoko\u015bci<br>\r\n<b>Wybierz+ Wycieraczka<\/b> \u2013 wycieraczka r\u0119czna<br>\r\n<b>Select+ Drybox<\/b> \u2013 przechowywanie i ochrona<br>\r\n<b>Wybierz+ Lustro<\/b> \u2013 Ruchome lustro<br>\r\n<b>Select+ Tablet<\/b> \u2013 designerskie miejsce do przechowywania<br><br>\r\nWszystkie produkty dost\u0119pne s\u0105 w kolorze srebrnym o wysokim po\u0142ysku, czarnym matowym i bia\u0142ym matowym.<\/p>\n                            <a class=\"link link--tertiary reveal\" href=\"https:\/\/hueppe.canto.de\/direct\/document\/i9jkettrqt3h9cc90umqr8sb5o\/TfeduWNRFE2gzA_gOxWpw-eu8jA\/original?content-type=application%2Fpdf&#038;name=Promotion+4000+Select%2B+%28DE%29.pdf\">LINK do pliku PDF<\/a>\n                    <\/div>\n    <\/div>\n<\/div>\n\n\n<div id=\"contact\" class=\"contact_form\">\n    <div class=\"wrapper\">\n        <h1>Kontakt<\/h1>\n        <p class=\"paragraph\"><\/p>\n        \n<div class=\"wpcf7 no-js\" id=\"wpcf7-f167982-o1\" lang=\"pl-PL\" dir=\"ltr\" data-wpcf7-id=\"167982\">\n<div class=\"screen-reader-response\"><p role=\"status\" aria-live=\"polite\" aria-atomic=\"true\"><\/p> <ul><\/ul><\/div>\n<form action=\"\/pl\/wp-json\/wp\/v2\/pages\/174826#wpcf7-f167982-o1\" method=\"post\" class=\"wpcf7-form init\" aria-label=\"Formularz kontaktowy\" novalidate=\"novalidate\" data-status=\"init\">\n<div style=\"display: none;\">\n<input type=\"hidden\" name=\"_wpcf7\" value=\"167982\" \/>\n<input type=\"hidden\" name=\"_wpcf7_version\" value=\"6.0.5\" \/>\n<input type=\"hidden\" name=\"_wpcf7_locale\" value=\"pl_PL\" \/>\n<input type=\"hidden\" name=\"_wpcf7_unit_tag\" value=\"wpcf7-f167982-o1\" \/>\n<input type=\"hidden\" name=\"_wpcf7_container_post\" value=\"0\" \/>\n<input type=\"hidden\" name=\"_wpcf7_posted_data_hash\" value=\"\" \/>\n<input type=\"hidden\" name=\"_wpcf7_recaptcha_response\" value=\"\" \/>\n<\/div>\n<p><span class=\"wpcf7-form-control-wrap\" data-name=\"Betreff\"><select class=\"wpcf7-form-control wpcf7-select wpcf7-validates-as-required betreff\" aria-required=\"true\" aria-invalid=\"false\" name=\"Betreff\"><option value=\"Kontakt\">Kontakt<\/option><option value=\"Anfrage\">Anfrage<\/option><\/select><\/span><span class=\"hidden wpcf7-form-control-wrap\"><\/span>\n<\/p>\n<p><span class=\"wpcf7-form-control-wrap\" data-name=\"Vorname\"><input size=\"40\" maxlength=\"400\" class=\"wpcf7-form-control wpcf7-text wpcf7-validates-as-required name\" aria-required=\"true\" aria-invalid=\"false\" placeholder=\"Vorname\" value=\"\" type=\"text\" name=\"Vorname\" \/><\/span><span class=\"wpcf7-form-control-wrap\" data-name=\"Nachname\"><input size=\"40\" maxlength=\"400\" class=\"wpcf7-form-control wpcf7-text wpcf7-validates-as-required name\" aria-required=\"true\" aria-invalid=\"false\" placeholder=\"Nachname\" value=\"\" type=\"text\" name=\"Nachname\" \/><\/span>\n<\/p>\n<p><span class=\"wpcf7-form-control-wrap\" data-name=\"Firma\"><input size=\"40\" maxlength=\"400\" class=\"wpcf7-form-control wpcf7-text firma\" aria-invalid=\"false\" placeholder=\"Firma\" value=\"\" type=\"text\" name=\"Firma\" \/><\/span><span class=\"wpcf7-form-control-wrap\" data-name=\"Land\"><input size=\"40\" maxlength=\"400\" class=\"wpcf7-form-control wpcf7-text name\" aria-invalid=\"false\" placeholder=\"Land\" value=\"\" type=\"text\" name=\"Land\" \/><\/span>\n<\/p>\n<p><span class=\"wpcf7-form-control-wrap\" data-name=\"Email\"><input size=\"40\" maxlength=\"400\" class=\"wpcf7-form-control wpcf7-email wpcf7-validates-as-required wpcf7-text wpcf7-validates-as-email email\" aria-required=\"true\" aria-invalid=\"false\" placeholder=\"E-Mail\" value=\"\" type=\"email\" name=\"Email\" \/><\/span><span class=\"wpcf7-form-control-wrap\" data-name=\"Telefon\"><input size=\"40\" maxlength=\"400\" class=\"wpcf7-form-control wpcf7-tel wpcf7-text wpcf7-validates-as-tel name\" aria-invalid=\"false\" placeholder=\"Telefon\" value=\"\" type=\"tel\" name=\"Telefon\" \/><\/span>\n<\/p>\n<p><span class=\"wpcf7-form-control-wrap\" data-name=\"Nachricht\"><textarea cols=\"40\" rows=\"10\" maxlength=\"2000\" class=\"wpcf7-form-control wpcf7-textarea nachricht\" aria-invalid=\"false\" placeholder=\"Nachricht\" name=\"Nachricht\"><\/textarea><\/span>\n<\/p>\n<div class=\"wpcf7-form-wrap-checkbox\">\n\t<p><span class=\"wpcf7-form-control-wrap\" data-name=\"dsgvo\"><span class=\"wpcf7-form-control wpcf7-checkbox wpcf7-validates-as-required\"><span class=\"wpcf7-list-item first last\"><input type=\"checkbox\" name=\"dsgvo[]\" value=\"datenschutz\" \/><span class=\"wpcf7-list-item-label\">datenschutz<\/span><\/span><\/span><\/span>\n\t<\/p>\n\t<p class=\"datenschutz\">Ich bin damit einverstanden, dass die von mir eingegebenen personenbezogenen Daten gem\u00e4\u00df gesetzlicher Bestimmungen und der <a href=\"\/datenschutz\">H\u00dcPPE Datenschutzerkl\u00e4rung<\/a> gespeichert, verarbeitet und verwendet werden. Ich wei\u00df, dass ich jederzeit der Verarbeitung meiner Daten widersprechen kann.\n\t<\/p>\n<\/div>\n<span class=\"wpcf7-form-control-wrap recaptcha\" data-name=\"recaptcha\"><span data-sitekey=\"6Lcr9JUpAAAAAM8JdNrwghL7wTtlbxJGYoCakJ6Q\" class=\"wpcf7-form-control wpcf7-recaptcha g-recaptcha\"><\/span>\r\n<noscript>\r\n\t<div class=\"grecaptcha-noscript\">\r\n\t\t<iframe src=\"https:\/\/www.google.com\/recaptcha\/api\/fallback?k=6Lcr9JUpAAAAAM8JdNrwghL7wTtlbxJGYoCakJ6Q\" frameborder=\"0\" scrolling=\"no\" width=\"310\" height=\"430\">\r\n\t\t<\/iframe>\r\n\t\t<textarea name=\"g-recaptcha-response\" rows=\"3\" cols=\"40\" placeholder=\"reCaptcha Response Here\">\r\n\t\t<\/textarea>\r\n\t<\/div>\r\n<\/noscript>\r\n<\/span>\n<p><input class=\"wpcf7-form-control wpcf7-submit has-spinner\" type=\"submit\" value=\"Abschicken\" \/>\n<\/p><div class=\"wpcf7-response-output\" aria-hidden=\"true\"><\/div>\n<\/form>\n<\/div>\n    <\/div>\n<\/div>\n\n\n<div class=\"contact_direction\">\n   <div class=\"wrapper\">\n      <div class=\"header-copy\">\n         <h2>Wystawa i wskaz\u00f3wki<\/h2>\n         <p>Nasz\u0105 wystaw\u0119 mo\u017cna ogl\u0105da\u0107 po wcze\u015bniejszej rejestracji telefonicznej lub po rejestracji poprzez formularz kontaktowy.<\/p>\n      <\/div>\n   \n      <div class=\"direction\">\n         <div class=\"column\">\n            <p>H\u00dcPPE GmbH <br>\r\nIndustriestra\u00dfe 3<br>\r\n26160 Bad Zwischenahn<br>\r\nDeutschland<\/p>\n         <\/div>   \n         <div class=\"column\">\n            <p>T +49 4403 \/ 670<br> M <a href=\"mailto:hueppe@hueppe.com\">hueppe@hueppe.com<\/a><\/p>\n         <\/div>   \n      <\/div>\n   <\/div>\n\n   <div class=\"leaflet-map WPLeafletMap\" style=\"height:250px; width:100%;\"><\/div><script>\nwindow.WPLeafletMapPlugin = window.WPLeafletMapPlugin || [];\nwindow.WPLeafletMapPlugin.push(function WPLeafletMapShortcode() {\/*<script>*\/\nvar baseUrl = atob('aHR0cHM6Ly97c30udGlsZS5vcGVuc3RyZWV0bWFwLm9yZy97en0ve3h9L3t5fS5wbmc=');\nvar base = (!baseUrl && window.MQ) ?\n    window.MQ.mapLayer() : L.tileLayer(baseUrl,\n        L.Util.extend({}, {\n            detectRetina: 0,\n        },\n        {\"subdomains\":\"abc\",\"noWrap\":false,\"maxZoom\":19}        )\n    );\n    var options = L.Util.extend({}, {\n        layers: [base],\n        attributionControl: false\n    },\n    {\"zoomControl\":true,\"scrollWheelZoom\":false,\"doubleClickZoom\":false,\"fitBounds\":false,\"minZoom\":0,\"maxZoom\":19,\"maxBounds\":null,\"attribution\":\"<a href=\\\"http:\\\/\\\/leafletjs.com\\\" title=\\\"A JS library for interactive maps\\\">Leaflet<\\\/a>; \\u00a9 <a href=\\\"http:\\\/\\\/www.openstreetmap.org\\\/copyright\\\">OpenStreetMap<\\\/a> contributors\"},\n    {});\nwindow.WPLeafletMapPlugin.createMap(options).setView([53.174969469958,8.0576910427316],14);});<\/script>  <script>\nwindow.WPLeafletMapPlugin = window.WPLeafletMapPlugin || [];\nwindow.WPLeafletMapPlugin.push(function WPLeafletMarkerShortcode() {\/*<script>*\/\nvar map = window.WPLeafletMapPlugin.getCurrentMap();\nvar group = window.WPLeafletMapPlugin.getCurrentGroup();\nvar marker_options = window.WPLeafletMapPlugin.getIconOptions({});\nvar marker = L.marker(\n    [53.174969469958,8.0576910427316],\n    marker_options\n);\nvar is_image = map.is_image_map;\nif (marker_options.draggable) {\n    marker.on('dragend', function () {\n        var latlng = this.getLatLng();\n        var lat = latlng.lat;\n        var lng = latlng.lng;\n        if (is_image) {\n            console.log('leaflet-marker y=' + lat + ' x=' + lng);\n        } else {\n            console.log('leaflet-marker lat=' + lat + ' lng=' + lng);\n        }\n    });\n}\nmarker.addTo( group );\nwindow.WPLeafletMapPlugin.markers.push( marker );\n        });<\/script>\n<\/div>","protected":false},"excerpt":{"rendered":"","protected":false},"author":45,"featured_media":0,"parent":0,"menu_order":0,"comment_status":"closed","ping_status":"closed","template":"","meta":{"_acf_changed":false,"site-sidebar-layout":"default","site-content-layout":"default","ast-global-header-display":"","ast-banner-title-visibility":"","ast-main-header-display":"","ast-hfb-above-header-display":"","ast-hfb-below-header-display":"","ast-hfb-mobile-header-display":"","site-post-title":"disabled","ast-breadcrumbs-content":"","ast-featured-img":"","footer-sml-layout":"","theme-transparent-header-meta":"","adv-header-id-meta":"","stick-header-meta":"","header-above-stick-meta":"","header-main-stick-meta":"","header-below-stick-meta":"","footnotes":""},"class_list":["post-174826","page","type-page","status-publish","hentry"],"acf":[],"yoast_head":"<!-- This site is optimized with the Yoast SEO Premium plugin v22.3 (Yoast SEO v24.6) - https:\/\/yoast.com\/wordpress\/plugins\/seo\/ -->\n<title>Aktualne promocje - Wy\u0142\u0105cznie dla Ciebie<\/title>\n<meta name=\"description\" content=\"Skorzystaj ju\u017c teraz z naszych wspania\u0142ych aktualne promocje, kt\u00f3re prezentujemy tutaj - zawsze aktualne.\" \/>\n<meta name=\"robots\" content=\"index, follow, max-snippet:-1, max-image-preview:large, max-video-preview:-1\" \/>\n<link rel=\"canonical\" href=\"https:\/\/www.hueppe.com\/pl\/aktionen\/\" \/>\n<meta property=\"og:locale\" content=\"pl_PL\" \/>\n<meta property=\"og:type\" content=\"article\" \/>\n<meta property=\"og:title\" content=\"Aktuelle Aktionen\" \/>\n<meta property=\"og:description\" content=\"Skorzystaj ju\u017c teraz z naszych wspania\u0142ych aktualne promocje, kt\u00f3re prezentujemy tutaj - zawsze aktualne.\" \/>\n<meta property=\"og:url\" content=\"https:\/\/www.hueppe.com\/pl\/aktionen\/\" \/>\n<meta property=\"og:site_name\" content=\"HUEPPE\" \/>\n<meta property=\"article:modified_time\" content=\"2024-03-22T11:25:48+00:00\" \/>\n<meta property=\"og:image\" content=\"https:\/\/www.hueppe.com\/wp-content\/uploads\/2023\/01\/news5.png\" \/>\n\t<meta property=\"og:image:width\" content=\"820\" \/>\n\t<meta property=\"og:image:height\" content=\"514\" \/>\n\t<meta property=\"og:image:type\" content=\"image\/png\" \/>\n<meta name=\"twitter:card\" content=\"summary_large_image\" \/>\n<meta name=\"twitter:label1\" content=\"Szacowany czas czytania\" \/>\n\t<meta name=\"twitter:data1\" content=\"2 minuty\" \/>\n<script type=\"application\/ld+json\" class=\"yoast-schema-graph\">{\"@context\":\"https:\/\/schema.org\",\"@graph\":[{\"@type\":\"WebPage\",\"@id\":\"https:\/\/www.hueppe.com\/pl\/aktionen\/\",\"url\":\"https:\/\/www.hueppe.com\/pl\/aktionen\/\",\"name\":\"Aktualne promocje - Wy\u0142\u0105cznie dla Ciebie\",\"isPartOf\":{\"@id\":\"https:\/\/www.hueppe.com\/pl\/#website\"},\"datePublished\":\"2023-10-05T09:27:10+00:00\",\"dateModified\":\"2024-03-22T11:25:48+00:00\",\"description\":\"Skorzystaj ju\u017c teraz z naszych wspania\u0142ych aktualne promocje, kt\u00f3re prezentujemy tutaj - zawsze aktualne.\",\"breadcrumb\":{\"@id\":\"https:\/\/www.hueppe.com\/pl\/aktionen\/#breadcrumb\"},\"inLanguage\":\"pl-PL\",\"potentialAction\":[{\"@type\":\"ReadAction\",\"target\":[\"https:\/\/www.hueppe.com\/pl\/aktionen\/\"]}]},{\"@type\":\"BreadcrumbList\",\"@id\":\"https:\/\/www.hueppe.com\/pl\/aktionen\/#breadcrumb\",\"itemListElement\":[{\"@type\":\"ListItem\",\"position\":1,\"name\":\"Home\",\"item\":\"https:\/\/www.hueppe.com\/pl\/\"},{\"@type\":\"ListItem\",\"position\":2,\"name\":\"Aktuelle Aktionen\"}]},{\"@type\":\"WebSite\",\"@id\":\"https:\/\/www.hueppe.com\/pl\/#website\",\"url\":\"https:\/\/www.hueppe.com\/pl\/\",\"name\":\"www.HUEPPE.com\",\"description\":\"\",\"publisher\":{\"@id\":\"https:\/\/www.hueppe.com\/pl\/#organization\"},\"potentialAction\":[{\"@type\":\"SearchAction\",\"target\":{\"@type\":\"EntryPoint\",\"urlTemplate\":\"https:\/\/www.hueppe.com\/pl\/?s={search_term_string}\"},\"query-input\":{\"@type\":\"PropertyValueSpecification\",\"valueRequired\":true,\"valueName\":\"search_term_string\"}}],\"inLanguage\":\"pl-PL\"},{\"@type\":\"Organization\",\"@id\":\"https:\/\/www.hueppe.com\/pl\/#organization\",\"name\":\"HUEPPE GmbH\",\"url\":\"https:\/\/www.hueppe.com\/pl\/\",\"logo\":{\"@type\":\"ImageObject\",\"inLanguage\":\"pl-PL\",\"@id\":\"https:\/\/www.hueppe.com\/pl\/#\/schema\/logo\/image\/\",\"url\":\"https:\/\/www.hueppe.com\/wp-content\/uploads\/2024\/04\/Logo.png\",\"contentUrl\":\"https:\/\/www.hueppe.com\/wp-content\/uploads\/2024\/04\/Logo.png\",\"width\":225,\"height\":225,\"caption\":\"HUEPPE GmbH\"},\"image\":{\"@id\":\"https:\/\/www.hueppe.com\/pl\/#\/schema\/logo\/image\/\"},\"sameAs\":[\"https:\/\/www.instagram.com\/hueppe_group\/\",\"https:\/\/www.pinterest.de\/hppegmbh\/\",\"https:\/\/www.youtube.com\/user\/HUEPPEcom\",\"https:\/\/www.linkedin.com\/company\/hueppe-group\/\"]}]}<\/script>\n<!-- \/ Yoast SEO Premium plugin. -->","yoast_head_json":{"title":"Aktualne promocje - Wy\u0142\u0105cznie dla Ciebie","description":"Skorzystaj ju\u017c teraz z naszych wspania\u0142ych aktualne promocje, kt\u00f3re prezentujemy tutaj - zawsze aktualne.","robots":{"index":"index","follow":"follow","max-snippet":"max-snippet:-1","max-image-preview":"max-image-preview:large","max-video-preview":"max-video-preview:-1"},"canonical":"https:\/\/www.hueppe.com\/pl\/aktionen\/","og_locale":"pl_PL","og_type":"article","og_title":"Aktuelle Aktionen","og_description":"Skorzystaj ju\u017c teraz z naszych wspania\u0142ych aktualne promocje, kt\u00f3re prezentujemy tutaj - zawsze aktualne.","og_url":"https:\/\/www.hueppe.com\/pl\/aktionen\/","og_site_name":"HUEPPE","article_modified_time":"2024-03-22T11:25:48+00:00","og_image":[{"width":820,"height":514,"url":"https:\/\/www.hueppe.com\/wp-content\/uploads\/2023\/01\/news5.png","type":"image\/png"}],"twitter_card":"summary_large_image","twitter_misc":{"Szacowany czas czytania":"2 minuty"},"schema":{"@context":"https:\/\/schema.org","@graph":[{"@type":"WebPage","@id":"https:\/\/www.hueppe.com\/pl\/aktionen\/","url":"https:\/\/www.hueppe.com\/pl\/aktionen\/","name":"Aktualne promocje - Wy\u0142\u0105cznie dla Ciebie","isPartOf":{"@id":"https:\/\/www.hueppe.com\/pl\/#website"},"datePublished":"2023-10-05T09:27:10+00:00","dateModified":"2024-03-22T11:25:48+00:00","description":"Skorzystaj ju\u017c teraz z naszych wspania\u0142ych aktualne promocje, kt\u00f3re prezentujemy tutaj - zawsze aktualne.","breadcrumb":{"@id":"https:\/\/www.hueppe.com\/pl\/aktionen\/#breadcrumb"},"inLanguage":"pl-PL","potentialAction":[{"@type":"ReadAction","target":["https:\/\/www.hueppe.com\/pl\/aktionen\/"]}]},{"@type":"BreadcrumbList","@id":"https:\/\/www.hueppe.com\/pl\/aktionen\/#breadcrumb","itemListElement":[{"@type":"ListItem","position":1,"name":"Home","item":"https:\/\/www.hueppe.com\/pl\/"},{"@type":"ListItem","position":2,"name":"Aktuelle Aktionen"}]},{"@type":"WebSite","@id":"https:\/\/www.hueppe.com\/pl\/#website","url":"https:\/\/www.hueppe.com\/pl\/","name":"www.HUEPPE.com","description":"","publisher":{"@id":"https:\/\/www.hueppe.com\/pl\/#organization"},"potentialAction":[{"@type":"SearchAction","target":{"@type":"EntryPoint","urlTemplate":"https:\/\/www.hueppe.com\/pl\/?s={search_term_string}"},"query-input":{"@type":"PropertyValueSpecification","valueRequired":true,"valueName":"search_term_string"}}],"inLanguage":"pl-PL"},{"@type":"Organization","@id":"https:\/\/www.hueppe.com\/pl\/#organization","name":"HUEPPE GmbH","url":"https:\/\/www.hueppe.com\/pl\/","logo":{"@type":"ImageObject","inLanguage":"pl-PL","@id":"https:\/\/www.hueppe.com\/pl\/#\/schema\/logo\/image\/","url":"https:\/\/www.hueppe.com\/wp-content\/uploads\/2024\/04\/Logo.png","contentUrl":"https:\/\/www.hueppe.com\/wp-content\/uploads\/2024\/04\/Logo.png","width":225,"height":225,"caption":"HUEPPE GmbH"},"image":{"@id":"https:\/\/www.hueppe.com\/pl\/#\/schema\/logo\/image\/"},"sameAs":["https:\/\/www.instagram.com\/hueppe_group\/","https:\/\/www.pinterest.de\/hppegmbh\/","https:\/\/www.youtube.com\/user\/HUEPPEcom","https:\/\/www.linkedin.com\/company\/hueppe-group\/"]}]}},"_links":{"self":[{"href":"https:\/\/www.hueppe.com\/pl\/wp-json\/wp\/v2\/pages\/174826","targetHints":{"allow":["GET"]}}],"collection":[{"href":"https:\/\/www.hueppe.com\/pl\/wp-json\/wp\/v2\/pages"}],"about":[{"href":"https:\/\/www.hueppe.com\/pl\/wp-json\/wp\/v2\/types\/page"}],"author":[{"embeddable":true,"href":"https:\/\/www.hueppe.com\/pl\/wp-json\/wp\/v2\/users\/45"}],"replies":[{"embeddable":true,"href":"https:\/\/www.hueppe.com\/pl\/wp-json\/wp\/v2\/comments?post=174826"}],"version-history":[{"count":0,"href":"https:\/\/www.hueppe.com\/pl\/wp-json\/wp\/v2\/pages\/174826\/revisions"}],"wp:attachment":[{"href":"https:\/\/www.hueppe.com\/pl\/wp-json\/wp\/v2\/media?parent=174826"}],"curies":[{"name":"wp","href":"https:\/\/api.w.org\/{rel}","templated":true}]}}