{"id":194647,"date":"2023-05-09T19:59:52","date_gmt":"2023-05-09T17:59:52","guid":{"rendered":"https:\/\/www.hueppe.com\/?post_type=product&#038;p=194647"},"modified":"2024-11-25T15:00:45","modified_gmt":"2024-11-25T14:00:45","slug":"xtensa","status":"publish","type":"product","link":"https:\/\/www.hueppe.com\/pl\/products\/walk-in\/xtensa\/","title":{"rendered":"Xtensa"},"content":{"rendered":"<h3 class=\"m_product_description-headline\">Dost\u0119pno\u015b\u0107 dla os\u00f3b niepe\u0142nosprawnych<\/h3>\n<p class=\"m_product_description-copy\">Dost\u0119pna, a\u00a0jednocze\u015bnie innowacyjna? Xtensa Pure daje poczucie braku ogranicze\u0144. Poniewa\u017c \u0142\u0105czy w\u00a0sobie wszystkie zalety rozwi\u0105zania Walk-In z\u00a0naszym pionierskim systemem drzwi suwanych. Aby wej\u015bcie pod prysznic oznacza\u0142o wkroczenie do absolutnie wyj\u0105tkowego miejsca.<\/p>\n","protected":false},"excerpt":{"rendered":"<p>Dost\u0119pno\u015b\u0107 dla os\u00f3b niepe\u0142nosprawnych Dost\u0119pna, a\u00a0jednocze\u015bnie innowacyjna? Xtensa Pure daje poczucie braku ogranicze\u0144. Poniewa\u017c \u0142\u0105czy w\u00a0sobie wszystkie zalety rozwi\u0105zania Walk-In z\u00a0naszym pionierskim systemem drzwi suwanych. Aby wej\u015bcie pod prysznic oznacza\u0142o wkroczenie do absolutnie wyj\u0105tkowego miejsca.<\/p>\n","protected":false},"featured_media":0,"template":"","meta":{"_acf_changed":false,"site-sidebar-layout":"default","site-content-layout":"default","ast-global-header-display":"","ast-banner-title-visibility":"","ast-main-header-display":"","ast-hfb-above-header-display":"","ast-hfb-below-header-display":"","ast-hfb-mobile-header-display":"","site-post-title":"","ast-breadcrumbs-content":"","ast-featured-img":"","footer-sml-layout":"","theme-transparent-header-meta":"default","adv-header-id-meta":"","stick-header-meta":"","header-above-stick-meta":"","header-main-stick-meta":"","header-below-stick-meta":""},"product_cat":[201],"product_tag":[],"class_list":{"0":"post-194647","1":"product","2":"type-product","3":"status-publish","5":"product_cat-walk-in","6":"desktop-align-left","7":"tablet-align-left","8":"mobile-align-left","10":"first","11":"instock","12":"downloadable","13":"shipping-taxable","14":"product-type-simple"},"acf":[],"yoast_head":"<!-- This site is optimized with the Yoast SEO Premium plugin v22.3 (Yoast SEO v24.6) - https:\/\/yoast.com\/wordpress\/plugins\/seo\/ -->\n<title>Xtensa - HUEPPE<\/title>\n<meta name=\"description\" content=\"Poznaj Xtensa Walk-In - idealne po\u0142\u0105czenie kabiny prysznicowej i systemu drzwi przesuwnych, zapewniaj\u0105ce niezr\u00f3wnane doznania pod prysznicem.\" \/>\n<meta name=\"robots\" content=\"index, follow, max-snippet:-1, max-image-preview:large, max-video-preview:-1\" \/>\n<link rel=\"canonical\" href=\"https:\/\/www.hueppe.com\/pl\/products\/walk-in\/xtensa\/\" \/>\n<meta property=\"og:locale\" content=\"pl_PL\" \/>\n<meta property=\"og:type\" content=\"article\" \/>\n<meta property=\"og:title\" content=\"Xtensa\" \/>\n<meta property=\"og:description\" content=\"Poznaj Xtensa Walk-In - idealne po\u0142\u0105czenie kabiny prysznicowej i systemu drzwi przesuwnych, zapewniaj\u0105ce niezr\u00f3wnane doznania pod prysznicem.\" \/>\n<meta property=\"og:url\" content=\"https:\/\/www.hueppe.com\/pl\/products\/walk-in\/xtensa\/\" \/>\n<meta property=\"og:site_name\" content=\"HUEPPE\" \/>\n<meta property=\"article:modified_time\" content=\"2024-11-25T14:00:45+00:00\" \/>\n<meta property=\"og:image\" content=\"https:\/\/www.hueppe.com\/wp-content\/uploads\/2023\/01\/news5.png\" \/>\n\t<meta property=\"og:image:width\" content=\"820\" \/>\n\t<meta property=\"og:image:height\" content=\"514\" \/>\n\t<meta property=\"og:image:type\" content=\"image\/png\" \/>\n<meta name=\"twitter:card\" content=\"summary_large_image\" \/>\n<meta name=\"twitter:label1\" content=\"Szacowany czas czytania\" \/>\n\t<meta name=\"twitter:data1\" content=\"2 minuty\" \/>\n<script type=\"application\/ld+json\" class=\"yoast-schema-graph\">{\"@context\":\"https:\/\/schema.org\",\"@graph\":[{\"@type\":\"WebPage\",\"@id\":\"https:\/\/www.hueppe.com\/pl\/products\/walk-in\/xtensa\/\",\"url\":\"https:\/\/www.hueppe.com\/pl\/products\/walk-in\/xtensa\/\",\"name\":\"Xtensa - HUEPPE\",\"isPartOf\":{\"@id\":\"https:\/\/www.hueppe.com\/pl\/#website\"},\"datePublished\":\"2023-05-09T17:59:52+00:00\",\"dateModified\":\"2024-11-25T14:00:45+00:00\",\"description\":\"Poznaj Xtensa Walk-In - idealne po\u0142\u0105czenie kabiny prysznicowej i systemu drzwi przesuwnych, zapewniaj\u0105ce niezr\u00f3wnane doznania pod prysznicem.\",\"breadcrumb\":{\"@id\":\"https:\/\/www.hueppe.com\/pl\/products\/walk-in\/xtensa\/#breadcrumb\"},\"inLanguage\":\"pl-PL\",\"potentialAction\":[{\"@type\":\"ReadAction\",\"target\":[\"https:\/\/www.hueppe.com\/pl\/products\/walk-in\/xtensa\/\"]}]},{\"@type\":\"BreadcrumbList\",\"@id\":\"https:\/\/www.hueppe.com\/pl\/products\/walk-in\/xtensa\/#breadcrumb\",\"itemListElement\":[{\"@type\":\"ListItem\",\"position\":1,\"name\":\"Home\",\"item\":\"https:\/\/www.hueppe.com\/pl\/\"},{\"@type\":\"ListItem\",\"position\":2,\"name\":\"Produkty\",\"item\":\"https:\/\/www.hueppe.com\/pl\/shop\/\"},{\"@type\":\"ListItem\",\"position\":3,\"name\":\"Xtensa\"}]},{\"@type\":\"WebSite\",\"@id\":\"https:\/\/www.hueppe.com\/pl\/#website\",\"url\":\"https:\/\/www.hueppe.com\/pl\/\",\"name\":\"www.HUEPPE.com\",\"description\":\"\",\"publisher\":{\"@id\":\"https:\/\/www.hueppe.com\/pl\/#organization\"},\"potentialAction\":[{\"@type\":\"SearchAction\",\"target\":{\"@type\":\"EntryPoint\",\"urlTemplate\":\"https:\/\/www.hueppe.com\/pl\/?s={search_term_string}\"},\"query-input\":{\"@type\":\"PropertyValueSpecification\",\"valueRequired\":true,\"valueName\":\"search_term_string\"}}],\"inLanguage\":\"pl-PL\"},{\"@type\":\"Organization\",\"@id\":\"https:\/\/www.hueppe.com\/pl\/#organization\",\"name\":\"HUEPPE GmbH\",\"url\":\"https:\/\/www.hueppe.com\/pl\/\",\"logo\":{\"@type\":\"ImageObject\",\"inLanguage\":\"pl-PL\",\"@id\":\"https:\/\/www.hueppe.com\/pl\/#\/schema\/logo\/image\/\",\"url\":\"https:\/\/www.hueppe.com\/wp-content\/uploads\/2024\/04\/Logo.png\",\"contentUrl\":\"https:\/\/www.hueppe.com\/wp-content\/uploads\/2024\/04\/Logo.png\",\"width\":225,\"height\":225,\"caption\":\"HUEPPE GmbH\"},\"image\":{\"@id\":\"https:\/\/www.hueppe.com\/pl\/#\/schema\/logo\/image\/\"},\"sameAs\":[\"https:\/\/www.instagram.com\/hueppe_group\/\",\"https:\/\/www.pinterest.de\/hppegmbh\/\",\"https:\/\/www.youtube.com\/user\/HUEPPEcom\",\"https:\/\/www.linkedin.com\/company\/hueppe-group\/\"]}]}<\/script>\n<!-- \/ Yoast SEO Premium plugin. -->","yoast_head_json":{"title":"Xtensa - HUEPPE","description":"Poznaj Xtensa Walk-In - idealne po\u0142\u0105czenie kabiny prysznicowej i systemu drzwi przesuwnych, zapewniaj\u0105ce niezr\u00f3wnane doznania pod prysznicem.","robots":{"index":"index","follow":"follow","max-snippet":"max-snippet:-1","max-image-preview":"max-image-preview:large","max-video-preview":"max-video-preview:-1"},"canonical":"https:\/\/www.hueppe.com\/pl\/products\/walk-in\/xtensa\/","og_locale":"pl_PL","og_type":"article","og_title":"Xtensa","og_description":"Poznaj Xtensa Walk-In - idealne po\u0142\u0105czenie kabiny prysznicowej i systemu drzwi przesuwnych, zapewniaj\u0105ce niezr\u00f3wnane doznania pod prysznicem.","og_url":"https:\/\/www.hueppe.com\/pl\/products\/walk-in\/xtensa\/","og_site_name":"HUEPPE","article_modified_time":"2024-11-25T14:00:45+00:00","og_image":[{"width":820,"height":514,"url":"https:\/\/www.hueppe.com\/wp-content\/uploads\/2023\/01\/news5.png","type":"image\/png"}],"twitter_card":"summary_large_image","twitter_misc":{"Szacowany czas czytania":"2 minuty"},"schema":{"@context":"https:\/\/schema.org","@graph":[{"@type":"WebPage","@id":"https:\/\/www.hueppe.com\/pl\/products\/walk-in\/xtensa\/","url":"https:\/\/www.hueppe.com\/pl\/products\/walk-in\/xtensa\/","name":"Xtensa - HUEPPE","isPartOf":{"@id":"https:\/\/www.hueppe.com\/pl\/#website"},"datePublished":"2023-05-09T17:59:52+00:00","dateModified":"2024-11-25T14:00:45+00:00","description":"Poznaj Xtensa Walk-In - idealne po\u0142\u0105czenie kabiny prysznicowej i systemu drzwi przesuwnych, zapewniaj\u0105ce niezr\u00f3wnane doznania pod prysznicem.","breadcrumb":{"@id":"https:\/\/www.hueppe.com\/pl\/products\/walk-in\/xtensa\/#breadcrumb"},"inLanguage":"pl-PL","potentialAction":[{"@type":"ReadAction","target":["https:\/\/www.hueppe.com\/pl\/products\/walk-in\/xtensa\/"]}]},{"@type":"BreadcrumbList","@id":"https:\/\/www.hueppe.com\/pl\/products\/walk-in\/xtensa\/#breadcrumb","itemListElement":[{"@type":"ListItem","position":1,"name":"Home","item":"https:\/\/www.hueppe.com\/pl\/"},{"@type":"ListItem","position":2,"name":"Produkty","item":"https:\/\/www.hueppe.com\/pl\/shop\/"},{"@type":"ListItem","position":3,"name":"Xtensa"}]},{"@type":"WebSite","@id":"https:\/\/www.hueppe.com\/pl\/#website","url":"https:\/\/www.hueppe.com\/pl\/","name":"www.HUEPPE.com","description":"","publisher":{"@id":"https:\/\/www.hueppe.com\/pl\/#organization"},"potentialAction":[{"@type":"SearchAction","target":{"@type":"EntryPoint","urlTemplate":"https:\/\/www.hueppe.com\/pl\/?s={search_term_string}"},"query-input":{"@type":"PropertyValueSpecification","valueRequired":true,"valueName":"search_term_string"}}],"inLanguage":"pl-PL"},{"@type":"Organization","@id":"https:\/\/www.hueppe.com\/pl\/#organization","name":"HUEPPE GmbH","url":"https:\/\/www.hueppe.com\/pl\/","logo":{"@type":"ImageObject","inLanguage":"pl-PL","@id":"https:\/\/www.hueppe.com\/pl\/#\/schema\/logo\/image\/","url":"https:\/\/www.hueppe.com\/wp-content\/uploads\/2024\/04\/Logo.png","contentUrl":"https:\/\/www.hueppe.com\/wp-content\/uploads\/2024\/04\/Logo.png","width":225,"height":225,"caption":"HUEPPE GmbH"},"image":{"@id":"https:\/\/www.hueppe.com\/pl\/#\/schema\/logo\/image\/"},"sameAs":["https:\/\/www.instagram.com\/hueppe_group\/","https:\/\/www.pinterest.de\/hppegmbh\/","https:\/\/www.youtube.com\/user\/HUEPPEcom","https:\/\/www.linkedin.com\/company\/hueppe-group\/"]}]}},"_links":{"self":[{"href":"https:\/\/www.hueppe.com\/pl\/wp-json\/wp\/v2\/product\/194647","targetHints":{"allow":["GET"]}}],"collection":[{"href":"https:\/\/www.hueppe.com\/pl\/wp-json\/wp\/v2\/product"}],"about":[{"href":"https:\/\/www.hueppe.com\/pl\/wp-json\/wp\/v2\/types\/product"}],"wp:attachment":[{"href":"https:\/\/www.hueppe.com\/pl\/wp-json\/wp\/v2\/media?parent=194647"}],"wp:term":[{"taxonomy":"product_cat","embeddable":true,"href":"https:\/\/www.hueppe.com\/pl\/wp-json\/wp\/v2\/product_cat?post=194647"},{"taxonomy":"product_tag","embeddable":true,"href":"https:\/\/www.hueppe.com\/pl\/wp-json\/wp\/v2\/product_tag?post=194647"}],"curies":[{"name":"wp","href":"https:\/\/api.w.org\/{rel}","templated":true}]}}