{"id":194658,"date":"2025-02-13T07:39:20","date_gmt":"2025-02-13T06:39:20","guid":{"rendered":"https:\/\/www.hueppe.com\/?post_type=product&#038;p=194658"},"modified":"2024-03-27T06:31:32","modified_gmt":"2024-03-27T05:31:32","slug":"solva","status":"publish","type":"product","link":"https:\/\/www.hueppe.com\/pl\/products\/badewannen-abtrennungen\/solva\/","title":{"rendered":"Solva"},"content":{"rendered":"<h3 class=\"m_product_description-headline\">Pozw\u00f3l sobie na najwy\u017csze wymagania<\/h3>\n<p class=\"m_product_description-copy\">\n<p>Solva, zaprojektowana przez studio projektowe NOA, stanowi w\u00a0\u0142azience wyrazisty akcent. Purystyczna seria o\u00a0ponadczasowym wzornictwie sprawdza si\u0119 r\u00f3wnie\u017c jako praktyczny parawan nawannowy. A\u00a0poniewa\u017c jeste\u015bmy przekonani o\u00a0jako\u015bci Solva, dobrowolnie udzielamy Pa\u0144stwu jako nabywcy przed\u0142u\u017conej gwarancji na ten produkt.<\/p><\/p>\n","protected":false},"excerpt":{"rendered":"<p>Pozw\u00f3l sobie na najwy\u017csze wymagania Solva, zaprojektowana przez studio projektowe NOA, stanowi w\u00a0\u0142azience wyrazisty akcent. Purystyczna seria o\u00a0ponadczasowym wzornictwie sprawdza si\u0119 r\u00f3wnie\u017c jako praktyczny parawan nawannowy. A\u00a0poniewa\u017c jeste\u015bmy przekonani o\u00a0jako\u015bci Solva, dobrowolnie udzielamy Pa\u0144stwu jako nabywcy przed\u0142u\u017conej gwarancji na ten produkt.<\/p>\n","protected":false},"featured_media":0,"template":"","meta":{"_acf_changed":false,"site-sidebar-layout":"default","site-content-layout":"default","ast-global-header-display":"","ast-banner-title-visibility":"","ast-main-header-display":"","ast-hfb-above-header-display":"","ast-hfb-below-header-display":"","ast-hfb-mobile-header-display":"","site-post-title":"","ast-breadcrumbs-content":"","ast-featured-img":"","footer-sml-layout":"","theme-transparent-header-meta":"default","adv-header-id-meta":"","stick-header-meta":"","header-above-stick-meta":"","header-main-stick-meta":"","header-below-stick-meta":""},"product_cat":[198],"product_tag":[],"class_list":{"0":"post-194658","1":"product","2":"type-product","3":"status-publish","5":"product_cat-badewannen-abtrennungen","6":"desktop-align-left","7":"tablet-align-left","8":"mobile-align-left","10":"first","11":"instock","12":"shipping-taxable","13":"product-type-simple"},"acf":[],"yoast_head":"<!-- This site is optimized with the Yoast SEO Premium plugin v22.3 (Yoast SEO v24.6) - https:\/\/yoast.com\/wordpress\/plugins\/seo\/ -->\n<title>Solva - HUEPPE<\/title>\n<meta name=\"description\" content=\"Odkryj parawan nawannowy Solva ze studia projektowego NOA - purystyczny design i najwy\u017csza jako\u015b\u0107. Teraz z przed\u0142u\u017con\u0105 gwarancj\u0105!\" \/>\n<meta name=\"robots\" content=\"index, follow, max-snippet:-1, max-image-preview:large, max-video-preview:-1\" \/>\n<link rel=\"canonical\" href=\"https:\/\/www.hueppe.com\/pl\/products\/badewannen-abtrennungen\/solva\/\" \/>\n<meta property=\"og:locale\" content=\"pl_PL\" \/>\n<meta property=\"og:type\" content=\"article\" \/>\n<meta property=\"og:title\" content=\"Solva\" \/>\n<meta property=\"og:description\" content=\"Odkryj parawan nawannowy Solva ze studia projektowego NOA - purystyczny design i najwy\u017csza jako\u015b\u0107. Teraz z przed\u0142u\u017con\u0105 gwarancj\u0105!\" \/>\n<meta property=\"og:url\" content=\"https:\/\/www.hueppe.com\/pl\/products\/badewannen-abtrennungen\/solva\/\" \/>\n<meta property=\"og:site_name\" content=\"HUEPPE\" \/>\n<meta property=\"og:image\" content=\"https:\/\/www.hueppe.com\/wp-content\/uploads\/2023\/01\/news5.png\" \/>\n\t<meta property=\"og:image:width\" content=\"820\" \/>\n\t<meta property=\"og:image:height\" content=\"514\" \/>\n\t<meta property=\"og:image:type\" content=\"image\/png\" \/>\n<meta name=\"twitter:card\" content=\"summary_large_image\" \/>\n<meta name=\"twitter:label1\" content=\"Szacowany czas czytania\" \/>\n\t<meta name=\"twitter:data1\" content=\"1 minuta\" \/>\n<script type=\"application\/ld+json\" class=\"yoast-schema-graph\">{\"@context\":\"https:\/\/schema.org\",\"@graph\":[{\"@type\":\"WebPage\",\"@id\":\"https:\/\/www.hueppe.com\/pl\/products\/badewannen-abtrennungen\/solva\/\",\"url\":\"https:\/\/www.hueppe.com\/pl\/products\/badewannen-abtrennungen\/solva\/\",\"name\":\"Solva - HUEPPE\",\"isPartOf\":{\"@id\":\"https:\/\/www.hueppe.com\/pl\/#website\"},\"datePublished\":\"2025-02-13T06:39:20+00:00\",\"description\":\"Odkryj parawan nawannowy Solva ze studia projektowego NOA - purystyczny design i najwy\u017csza jako\u015b\u0107. Teraz z przed\u0142u\u017con\u0105 gwarancj\u0105!\",\"breadcrumb\":{\"@id\":\"https:\/\/www.hueppe.com\/pl\/products\/badewannen-abtrennungen\/solva\/#breadcrumb\"},\"inLanguage\":\"pl-PL\",\"potentialAction\":[{\"@type\":\"ReadAction\",\"target\":[\"https:\/\/www.hueppe.com\/pl\/products\/badewannen-abtrennungen\/solva\/\"]}]},{\"@type\":\"BreadcrumbList\",\"@id\":\"https:\/\/www.hueppe.com\/pl\/products\/badewannen-abtrennungen\/solva\/#breadcrumb\",\"itemListElement\":[{\"@type\":\"ListItem\",\"position\":1,\"name\":\"Home\",\"item\":\"https:\/\/www.hueppe.com\/pl\/\"},{\"@type\":\"ListItem\",\"position\":2,\"name\":\"Produkty\",\"item\":\"https:\/\/www.hueppe.com\/pl\/shop\/\"},{\"@type\":\"ListItem\",\"position\":3,\"name\":\"Solva\"}]},{\"@type\":\"WebSite\",\"@id\":\"https:\/\/www.hueppe.com\/pl\/#website\",\"url\":\"https:\/\/www.hueppe.com\/pl\/\",\"name\":\"www.HUEPPE.com\",\"description\":\"\",\"publisher\":{\"@id\":\"https:\/\/www.hueppe.com\/pl\/#organization\"},\"potentialAction\":[{\"@type\":\"SearchAction\",\"target\":{\"@type\":\"EntryPoint\",\"urlTemplate\":\"https:\/\/www.hueppe.com\/pl\/?s={search_term_string}\"},\"query-input\":{\"@type\":\"PropertyValueSpecification\",\"valueRequired\":true,\"valueName\":\"search_term_string\"}}],\"inLanguage\":\"pl-PL\"},{\"@type\":\"Organization\",\"@id\":\"https:\/\/www.hueppe.com\/pl\/#organization\",\"name\":\"HUEPPE GmbH\",\"url\":\"https:\/\/www.hueppe.com\/pl\/\",\"logo\":{\"@type\":\"ImageObject\",\"inLanguage\":\"pl-PL\",\"@id\":\"https:\/\/www.hueppe.com\/pl\/#\/schema\/logo\/image\/\",\"url\":\"https:\/\/www.hueppe.com\/wp-content\/uploads\/2024\/04\/Logo.png\",\"contentUrl\":\"https:\/\/www.hueppe.com\/wp-content\/uploads\/2024\/04\/Logo.png\",\"width\":225,\"height\":225,\"caption\":\"HUEPPE GmbH\"},\"image\":{\"@id\":\"https:\/\/www.hueppe.com\/pl\/#\/schema\/logo\/image\/\"},\"sameAs\":[\"https:\/\/www.instagram.com\/hueppe_group\/\",\"https:\/\/www.pinterest.de\/hppegmbh\/\",\"https:\/\/www.youtube.com\/user\/HUEPPEcom\",\"https:\/\/www.linkedin.com\/company\/hueppe-group\/\"]}]}<\/script>\n<!-- \/ Yoast SEO Premium plugin. -->","yoast_head_json":{"title":"Solva - HUEPPE","description":"Odkryj parawan nawannowy Solva ze studia projektowego NOA - purystyczny design i najwy\u017csza jako\u015b\u0107. Teraz z przed\u0142u\u017con\u0105 gwarancj\u0105!","robots":{"index":"index","follow":"follow","max-snippet":"max-snippet:-1","max-image-preview":"max-image-preview:large","max-video-preview":"max-video-preview:-1"},"canonical":"https:\/\/www.hueppe.com\/pl\/products\/badewannen-abtrennungen\/solva\/","og_locale":"pl_PL","og_type":"article","og_title":"Solva","og_description":"Odkryj parawan nawannowy Solva ze studia projektowego NOA - purystyczny design i najwy\u017csza jako\u015b\u0107. Teraz z przed\u0142u\u017con\u0105 gwarancj\u0105!","og_url":"https:\/\/www.hueppe.com\/pl\/products\/badewannen-abtrennungen\/solva\/","og_site_name":"HUEPPE","og_image":[{"width":820,"height":514,"url":"https:\/\/www.hueppe.com\/wp-content\/uploads\/2023\/01\/news5.png","type":"image\/png"}],"twitter_card":"summary_large_image","twitter_misc":{"Szacowany czas czytania":"1 minuta"},"schema":{"@context":"https:\/\/schema.org","@graph":[{"@type":"WebPage","@id":"https:\/\/www.hueppe.com\/pl\/products\/badewannen-abtrennungen\/solva\/","url":"https:\/\/www.hueppe.com\/pl\/products\/badewannen-abtrennungen\/solva\/","name":"Solva - HUEPPE","isPartOf":{"@id":"https:\/\/www.hueppe.com\/pl\/#website"},"datePublished":"2025-02-13T06:39:20+00:00","description":"Odkryj parawan nawannowy Solva ze studia projektowego NOA - purystyczny design i najwy\u017csza jako\u015b\u0107. Teraz z przed\u0142u\u017con\u0105 gwarancj\u0105!","breadcrumb":{"@id":"https:\/\/www.hueppe.com\/pl\/products\/badewannen-abtrennungen\/solva\/#breadcrumb"},"inLanguage":"pl-PL","potentialAction":[{"@type":"ReadAction","target":["https:\/\/www.hueppe.com\/pl\/products\/badewannen-abtrennungen\/solva\/"]}]},{"@type":"BreadcrumbList","@id":"https:\/\/www.hueppe.com\/pl\/products\/badewannen-abtrennungen\/solva\/#breadcrumb","itemListElement":[{"@type":"ListItem","position":1,"name":"Home","item":"https:\/\/www.hueppe.com\/pl\/"},{"@type":"ListItem","position":2,"name":"Produkty","item":"https:\/\/www.hueppe.com\/pl\/shop\/"},{"@type":"ListItem","position":3,"name":"Solva"}]},{"@type":"WebSite","@id":"https:\/\/www.hueppe.com\/pl\/#website","url":"https:\/\/www.hueppe.com\/pl\/","name":"www.HUEPPE.com","description":"","publisher":{"@id":"https:\/\/www.hueppe.com\/pl\/#organization"},"potentialAction":[{"@type":"SearchAction","target":{"@type":"EntryPoint","urlTemplate":"https:\/\/www.hueppe.com\/pl\/?s={search_term_string}"},"query-input":{"@type":"PropertyValueSpecification","valueRequired":true,"valueName":"search_term_string"}}],"inLanguage":"pl-PL"},{"@type":"Organization","@id":"https:\/\/www.hueppe.com\/pl\/#organization","name":"HUEPPE GmbH","url":"https:\/\/www.hueppe.com\/pl\/","logo":{"@type":"ImageObject","inLanguage":"pl-PL","@id":"https:\/\/www.hueppe.com\/pl\/#\/schema\/logo\/image\/","url":"https:\/\/www.hueppe.com\/wp-content\/uploads\/2024\/04\/Logo.png","contentUrl":"https:\/\/www.hueppe.com\/wp-content\/uploads\/2024\/04\/Logo.png","width":225,"height":225,"caption":"HUEPPE GmbH"},"image":{"@id":"https:\/\/www.hueppe.com\/pl\/#\/schema\/logo\/image\/"},"sameAs":["https:\/\/www.instagram.com\/hueppe_group\/","https:\/\/www.pinterest.de\/hppegmbh\/","https:\/\/www.youtube.com\/user\/HUEPPEcom","https:\/\/www.linkedin.com\/company\/hueppe-group\/"]}]}},"_links":{"self":[{"href":"https:\/\/www.hueppe.com\/pl\/wp-json\/wp\/v2\/product\/194658","targetHints":{"allow":["GET"]}}],"collection":[{"href":"https:\/\/www.hueppe.com\/pl\/wp-json\/wp\/v2\/product"}],"about":[{"href":"https:\/\/www.hueppe.com\/pl\/wp-json\/wp\/v2\/types\/product"}],"wp:attachment":[{"href":"https:\/\/www.hueppe.com\/pl\/wp-json\/wp\/v2\/media?parent=194658"}],"wp:term":[{"taxonomy":"product_cat","embeddable":true,"href":"https:\/\/www.hueppe.com\/pl\/wp-json\/wp\/v2\/product_cat?post=194658"},{"taxonomy":"product_tag","embeddable":true,"href":"https:\/\/www.hueppe.com\/pl\/wp-json\/wp\/v2\/product_tag?post=194658"}],"curies":[{"name":"wp","href":"https:\/\/api.w.org\/{rel}","templated":true}]}}