{"id":194691,"date":"2023-05-09T18:53:51","date_gmt":"2023-05-09T16:53:51","guid":{"rendered":"https:\/\/www.hueppe.com\/?post_type=product&#038;p=194691"},"modified":"2024-03-27T06:34:09","modified_gmt":"2024-03-27T05:34:09","slug":"easyflat","status":"publish","type":"product","link":"https:\/\/www.hueppe.com\/pl\/products\/duschflaechen\/easyflat\/","title":{"rendered":"EasyFlat"},"content":{"rendered":"<h3 class=\"m_product_description-headline\">Bezspoinowe przej\u015bcie<\/h3>\n<p class=\"m_product_description-copy\">H\u00dcPPE EasyFlat przy monta\u017cu na r\u00f3wni z\u00a0posadzk\u0105 idealnie wtapia si\u0119 w\u00a0otoczenie. R\u00f3wnie\u017c odp\u0142yw wykonany z\u00a0tego samego, wysokogatunkowego odlewu mineralnego wpasowuje si\u0119 bezspoinowo w\u00a0powierzchni\u0119.<\/p>\n","protected":false},"excerpt":{"rendered":"<p>Bezspoinowe przej\u015bcie H\u00dcPPE EasyFlat przy monta\u017cu na r\u00f3wni z\u00a0posadzk\u0105 idealnie wtapia si\u0119 w\u00a0otoczenie. R\u00f3wnie\u017c odp\u0142yw wykonany z\u00a0tego samego, wysokogatunkowego odlewu mineralnego wpasowuje si\u0119 bezspoinowo w\u00a0powierzchni\u0119.<\/p>\n","protected":false},"featured_media":0,"template":"","meta":{"_acf_changed":false,"site-sidebar-layout":"default","site-content-layout":"default","ast-global-header-display":"","ast-banner-title-visibility":"","ast-main-header-display":"","ast-hfb-above-header-display":"","ast-hfb-below-header-display":"","ast-hfb-mobile-header-display":"","site-post-title":"","ast-breadcrumbs-content":"","ast-featured-img":"","footer-sml-layout":"","theme-transparent-header-meta":"default","adv-header-id-meta":"","stick-header-meta":"","header-above-stick-meta":"","header-main-stick-meta":"","header-below-stick-meta":""},"product_cat":[199],"product_tag":[],"class_list":{"0":"post-194691","1":"product","2":"type-product","3":"status-publish","5":"product_cat-duschflaechen","6":"desktop-align-left","7":"tablet-align-left","8":"mobile-align-left","10":"first","11":"instock","12":"downloadable","13":"shipping-taxable","14":"product-type-simple"},"acf":[],"yoast_head":"<!-- This site is optimized with the Yoast SEO Premium plugin v22.3 (Yoast SEO v24.6) - https:\/\/yoast.com\/wordpress\/plugins\/seo\/ -->\n<title>EasyFlat - HUEPPE<\/title>\n<meta name=\"description\" content=\"Entdecken Sie die Duschfl\u00e4che H\u00dcPPE EasyFlat. Dank bodengleichem Einbau und hochwertigem Ablauf f\u00fcgt sie sich nahtlose in ihre Umgebung ein.\" \/>\n<meta name=\"robots\" content=\"index, follow, max-snippet:-1, max-image-preview:large, max-video-preview:-1\" \/>\n<link rel=\"canonical\" href=\"https:\/\/www.hueppe.com\/pl\/products\/duschflaechen\/easyflat\/\" \/>\n<meta property=\"og:locale\" content=\"pl_PL\" \/>\n<meta property=\"og:type\" content=\"article\" \/>\n<meta property=\"og:title\" content=\"EasyFlat\" \/>\n<meta property=\"og:description\" content=\"Entdecken Sie die Duschfl\u00e4che H\u00dcPPE EasyFlat. Dank bodengleichem Einbau und hochwertigem Ablauf f\u00fcgt sie sich nahtlose in ihre Umgebung ein.\" \/>\n<meta property=\"og:url\" content=\"https:\/\/www.hueppe.com\/pl\/products\/duschflaechen\/easyflat\/\" \/>\n<meta property=\"og:site_name\" content=\"HUEPPE\" \/>\n<meta property=\"article:modified_time\" content=\"2024-03-27T05:34:09+00:00\" \/>\n<meta property=\"og:image\" content=\"https:\/\/www.hueppe.com\/wp-content\/uploads\/2023\/01\/news5.png\" \/>\n\t<meta property=\"og:image:width\" content=\"820\" \/>\n\t<meta property=\"og:image:height\" content=\"514\" \/>\n\t<meta property=\"og:image:type\" content=\"image\/png\" \/>\n<meta name=\"twitter:card\" content=\"summary_large_image\" \/>\n<meta name=\"twitter:label1\" content=\"Szacowany czas czytania\" \/>\n\t<meta name=\"twitter:data1\" content=\"1 minuta\" \/>\n<script type=\"application\/ld+json\" class=\"yoast-schema-graph\">{\"@context\":\"https:\/\/schema.org\",\"@graph\":[{\"@type\":\"WebPage\",\"@id\":\"https:\/\/www.hueppe.com\/pl\/products\/duschflaechen\/easyflat\/\",\"url\":\"https:\/\/www.hueppe.com\/pl\/products\/duschflaechen\/easyflat\/\",\"name\":\"EasyFlat - HUEPPE\",\"isPartOf\":{\"@id\":\"https:\/\/www.hueppe.com\/pl\/#website\"},\"datePublished\":\"2023-05-09T16:53:51+00:00\",\"dateModified\":\"2024-03-27T05:34:09+00:00\",\"description\":\"Entdecken Sie die Duschfl\u00e4che H\u00dcPPE EasyFlat. Dank bodengleichem Einbau und hochwertigem Ablauf f\u00fcgt sie sich nahtlose in ihre Umgebung ein.\",\"breadcrumb\":{\"@id\":\"https:\/\/www.hueppe.com\/pl\/products\/duschflaechen\/easyflat\/#breadcrumb\"},\"inLanguage\":\"pl-PL\",\"potentialAction\":[{\"@type\":\"ReadAction\",\"target\":[\"https:\/\/www.hueppe.com\/pl\/products\/duschflaechen\/easyflat\/\"]}]},{\"@type\":\"BreadcrumbList\",\"@id\":\"https:\/\/www.hueppe.com\/pl\/products\/duschflaechen\/easyflat\/#breadcrumb\",\"itemListElement\":[{\"@type\":\"ListItem\",\"position\":1,\"name\":\"Home\",\"item\":\"https:\/\/www.hueppe.com\/pl\/\"},{\"@type\":\"ListItem\",\"position\":2,\"name\":\"Produkty\",\"item\":\"https:\/\/www.hueppe.com\/pl\/shop\/\"},{\"@type\":\"ListItem\",\"position\":3,\"name\":\"EasyFlat\"}]},{\"@type\":\"WebSite\",\"@id\":\"https:\/\/www.hueppe.com\/pl\/#website\",\"url\":\"https:\/\/www.hueppe.com\/pl\/\",\"name\":\"www.HUEPPE.com\",\"description\":\"\",\"publisher\":{\"@id\":\"https:\/\/www.hueppe.com\/pl\/#organization\"},\"potentialAction\":[{\"@type\":\"SearchAction\",\"target\":{\"@type\":\"EntryPoint\",\"urlTemplate\":\"https:\/\/www.hueppe.com\/pl\/?s={search_term_string}\"},\"query-input\":{\"@type\":\"PropertyValueSpecification\",\"valueRequired\":true,\"valueName\":\"search_term_string\"}}],\"inLanguage\":\"pl-PL\"},{\"@type\":\"Organization\",\"@id\":\"https:\/\/www.hueppe.com\/pl\/#organization\",\"name\":\"HUEPPE GmbH\",\"url\":\"https:\/\/www.hueppe.com\/pl\/\",\"logo\":{\"@type\":\"ImageObject\",\"inLanguage\":\"pl-PL\",\"@id\":\"https:\/\/www.hueppe.com\/pl\/#\/schema\/logo\/image\/\",\"url\":\"https:\/\/www.hueppe.com\/wp-content\/uploads\/2024\/04\/Logo.png\",\"contentUrl\":\"https:\/\/www.hueppe.com\/wp-content\/uploads\/2024\/04\/Logo.png\",\"width\":225,\"height\":225,\"caption\":\"HUEPPE GmbH\"},\"image\":{\"@id\":\"https:\/\/www.hueppe.com\/pl\/#\/schema\/logo\/image\/\"},\"sameAs\":[\"https:\/\/www.instagram.com\/hueppe_group\/\",\"https:\/\/www.pinterest.de\/hppegmbh\/\",\"https:\/\/www.youtube.com\/user\/HUEPPEcom\",\"https:\/\/www.linkedin.com\/company\/hueppe-group\/\"]}]}<\/script>\n<!-- \/ Yoast SEO Premium plugin. -->","yoast_head_json":{"title":"EasyFlat - HUEPPE","description":"Entdecken Sie die Duschfl\u00e4che H\u00dcPPE EasyFlat. Dank bodengleichem Einbau und hochwertigem Ablauf f\u00fcgt sie sich nahtlose in ihre Umgebung ein.","robots":{"index":"index","follow":"follow","max-snippet":"max-snippet:-1","max-image-preview":"max-image-preview:large","max-video-preview":"max-video-preview:-1"},"canonical":"https:\/\/www.hueppe.com\/pl\/products\/duschflaechen\/easyflat\/","og_locale":"pl_PL","og_type":"article","og_title":"EasyFlat","og_description":"Entdecken Sie die Duschfl\u00e4che H\u00dcPPE EasyFlat. Dank bodengleichem Einbau und hochwertigem Ablauf f\u00fcgt sie sich nahtlose in ihre Umgebung ein.","og_url":"https:\/\/www.hueppe.com\/pl\/products\/duschflaechen\/easyflat\/","og_site_name":"HUEPPE","article_modified_time":"2024-03-27T05:34:09+00:00","og_image":[{"width":820,"height":514,"url":"https:\/\/www.hueppe.com\/wp-content\/uploads\/2023\/01\/news5.png","type":"image\/png"}],"twitter_card":"summary_large_image","twitter_misc":{"Szacowany czas czytania":"1 minuta"},"schema":{"@context":"https:\/\/schema.org","@graph":[{"@type":"WebPage","@id":"https:\/\/www.hueppe.com\/pl\/products\/duschflaechen\/easyflat\/","url":"https:\/\/www.hueppe.com\/pl\/products\/duschflaechen\/easyflat\/","name":"EasyFlat - HUEPPE","isPartOf":{"@id":"https:\/\/www.hueppe.com\/pl\/#website"},"datePublished":"2023-05-09T16:53:51+00:00","dateModified":"2024-03-27T05:34:09+00:00","description":"Entdecken Sie die Duschfl\u00e4che H\u00dcPPE EasyFlat. Dank bodengleichem Einbau und hochwertigem Ablauf f\u00fcgt sie sich nahtlose in ihre Umgebung ein.","breadcrumb":{"@id":"https:\/\/www.hueppe.com\/pl\/products\/duschflaechen\/easyflat\/#breadcrumb"},"inLanguage":"pl-PL","potentialAction":[{"@type":"ReadAction","target":["https:\/\/www.hueppe.com\/pl\/products\/duschflaechen\/easyflat\/"]}]},{"@type":"BreadcrumbList","@id":"https:\/\/www.hueppe.com\/pl\/products\/duschflaechen\/easyflat\/#breadcrumb","itemListElement":[{"@type":"ListItem","position":1,"name":"Home","item":"https:\/\/www.hueppe.com\/pl\/"},{"@type":"ListItem","position":2,"name":"Produkty","item":"https:\/\/www.hueppe.com\/pl\/shop\/"},{"@type":"ListItem","position":3,"name":"EasyFlat"}]},{"@type":"WebSite","@id":"https:\/\/www.hueppe.com\/pl\/#website","url":"https:\/\/www.hueppe.com\/pl\/","name":"www.HUEPPE.com","description":"","publisher":{"@id":"https:\/\/www.hueppe.com\/pl\/#organization"},"potentialAction":[{"@type":"SearchAction","target":{"@type":"EntryPoint","urlTemplate":"https:\/\/www.hueppe.com\/pl\/?s={search_term_string}"},"query-input":{"@type":"PropertyValueSpecification","valueRequired":true,"valueName":"search_term_string"}}],"inLanguage":"pl-PL"},{"@type":"Organization","@id":"https:\/\/www.hueppe.com\/pl\/#organization","name":"HUEPPE GmbH","url":"https:\/\/www.hueppe.com\/pl\/","logo":{"@type":"ImageObject","inLanguage":"pl-PL","@id":"https:\/\/www.hueppe.com\/pl\/#\/schema\/logo\/image\/","url":"https:\/\/www.hueppe.com\/wp-content\/uploads\/2024\/04\/Logo.png","contentUrl":"https:\/\/www.hueppe.com\/wp-content\/uploads\/2024\/04\/Logo.png","width":225,"height":225,"caption":"HUEPPE GmbH"},"image":{"@id":"https:\/\/www.hueppe.com\/pl\/#\/schema\/logo\/image\/"},"sameAs":["https:\/\/www.instagram.com\/hueppe_group\/","https:\/\/www.pinterest.de\/hppegmbh\/","https:\/\/www.youtube.com\/user\/HUEPPEcom","https:\/\/www.linkedin.com\/company\/hueppe-group\/"]}]}},"_links":{"self":[{"href":"https:\/\/www.hueppe.com\/pl\/wp-json\/wp\/v2\/product\/194691","targetHints":{"allow":["GET"]}}],"collection":[{"href":"https:\/\/www.hueppe.com\/pl\/wp-json\/wp\/v2\/product"}],"about":[{"href":"https:\/\/www.hueppe.com\/pl\/wp-json\/wp\/v2\/types\/product"}],"wp:attachment":[{"href":"https:\/\/www.hueppe.com\/pl\/wp-json\/wp\/v2\/media?parent=194691"}],"wp:term":[{"taxonomy":"product_cat","embeddable":true,"href":"https:\/\/www.hueppe.com\/pl\/wp-json\/wp\/v2\/product_cat?post=194691"},{"taxonomy":"product_tag","embeddable":true,"href":"https:\/\/www.hueppe.com\/pl\/wp-json\/wp\/v2\/product_tag?post=194691"}],"curies":[{"name":"wp","href":"https:\/\/api.w.org\/{rel}","templated":true}]}}