{"id":205075,"date":"2023-05-09T18:50:28","date_gmt":"2023-05-09T16:50:28","guid":{"rendered":"https:\/\/www.hueppe.com\/produkte\/bez-kategorii\/vita-pure\/"},"modified":"2024-05-08T14:17:33","modified_gmt":"2024-05-08T12:17:33","slug":"vita-pure","status":"publish","type":"product","link":"https:\/\/www.hueppe.com\/pl\/produkte\/duschkabinen\/vita-pure\/","title":{"rendered":"Vita pure"},"content":{"rendered":"<h3 class=\"m_product_description-headline\">Cudowna lekko\u015b\u0107 k\u0105pieli pod prysznicem<\/h3>\n<p class=\"m_product_description-copy\">Co mo\u017ce by\u0107 przyjemniejszego o poranku ni\u017c rozpocz\u0119cie dnia aby rozpocz\u0105\u0107 dzie\u0144. Dzi\u0119ki p\u0142ywaj\u0105cej estetyce i du\u017cej przezroczysto\u015bci, H\u00dcPPE Vita czysta zapewnia uczucie przyjemnej lekko\u015bci i niemal niemal nieograniczonej swobody. Jego kontury, zredukowane do absolutnego minimum Kontury tworz\u0105 przyjemn\u0105 przejrzysto\u015b\u0107 w funkcjonalno\u015bci i funkcjonalno\u015bci i wzornictwa, kt\u00f3re nie maj\u0105 sobie r\u00f3wnych w strefie prysznica. bezkonkurencyjna w strefie prysznica.<\/p>\n","protected":false},"excerpt":{"rendered":"<p>Cudowna lekko\u015b\u0107 k\u0105pieli pod prysznicem Co mo\u017ce by\u0107 przyjemniejszego o poranku ni\u017c rozpocz\u0119cie dnia aby rozpocz\u0105\u0107 dzie\u0144. Dzi\u0119ki p\u0142ywaj\u0105cej estetyce i du\u017cej przezroczysto\u015bci, H\u00dcPPE Vita czysta zapewnia uczucie przyjemnej lekko\u015bci i niemal niemal nieograniczonej swobody. Jego kontury, zredukowane do absolutnego minimum Kontury tworz\u0105 przyjemn\u0105 przejrzysto\u015b\u0107 w funkcjonalno\u015bci i funkcjonalno\u015bci i wzornictwa, kt\u00f3re nie maj\u0105 sobie &hellip;<\/p>\n<p class=\"read-more\"> <a class=\"\" href=\"https:\/\/www.hueppe.com\/pl\/produkte\/duschkabinen\/vita-pure\/\"> <span class=\"screen-reader-text\">Vita pure<\/span> Read More &raquo;<\/a><\/p>\n","protected":false},"featured_media":0,"template":"","meta":{"_acf_changed":false,"site-sidebar-layout":"default","site-content-layout":"default","ast-global-header-display":"","ast-banner-title-visibility":"","ast-main-header-display":"","ast-hfb-above-header-display":"","ast-hfb-below-header-display":"","ast-hfb-mobile-header-display":"","site-post-title":"","ast-breadcrumbs-content":"","ast-featured-img":"","footer-sml-layout":"","theme-transparent-header-meta":"default","adv-header-id-meta":"","stick-header-meta":"","header-above-stick-meta":"","header-main-stick-meta":"","header-below-stick-meta":""},"product_cat":[200],"product_tag":[],"class_list":{"0":"post-205075","1":"product","2":"type-product","3":"status-publish","5":"product_cat-duschkabinen","6":"desktop-align-left","7":"tablet-align-left","8":"mobile-align-left","10":"first","11":"instock","12":"downloadable","13":"shipping-taxable","14":"product-type-simple"},"acf":[],"yoast_head":"<!-- This site is optimized with the Yoast SEO Premium plugin v22.3 (Yoast SEO v24.6) - https:\/\/yoast.com\/wordpress\/plugins\/seo\/ -->\n<title>Vita pure - HUEPPE<\/title>\n<meta name=\"description\" content=\"Dzi\u0119ki unosz\u0105cej si\u0119 w powietrzu estetyce i du\u017cej przejrzysto\u015bci H\u00dcPPE Vita pure daje poczucie przyjemnej lekko\u015bci i niemal nieograniczonej swobody.\" \/>\n<meta name=\"robots\" content=\"index, follow, max-snippet:-1, max-image-preview:large, max-video-preview:-1\" \/>\n<link rel=\"canonical\" href=\"https:\/\/www.hueppe.com\/pl\/produkte\/duschkabinen\/vita-pure\/\" \/>\n<meta property=\"og:locale\" content=\"pl_PL\" \/>\n<meta property=\"og:type\" content=\"article\" \/>\n<meta property=\"og:title\" content=\"Vita pure\" \/>\n<meta property=\"og:description\" content=\"Dzi\u0119ki unosz\u0105cej si\u0119 w powietrzu estetyce i du\u017cej przejrzysto\u015bci H\u00dcPPE Vita pure daje poczucie przyjemnej lekko\u015bci i niemal nieograniczonej swobody.\" \/>\n<meta property=\"og:url\" content=\"https:\/\/www.hueppe.com\/pl\/produkte\/duschkabinen\/vita-pure\/\" \/>\n<meta property=\"og:site_name\" content=\"HUEPPE\" \/>\n<meta property=\"article:modified_time\" content=\"2024-05-08T12:17:33+00:00\" \/>\n<meta property=\"og:image\" content=\"https:\/\/www.hueppe.com\/wp-content\/uploads\/2023\/01\/news5.png\" \/>\n\t<meta property=\"og:image:width\" content=\"820\" \/>\n\t<meta property=\"og:image:height\" content=\"514\" \/>\n\t<meta property=\"og:image:type\" content=\"image\/png\" \/>\n<meta name=\"twitter:card\" content=\"summary_large_image\" \/>\n<meta name=\"twitter:label1\" content=\"Szacowany czas czytania\" \/>\n\t<meta name=\"twitter:data1\" content=\"2 minuty\" \/>\n<script type=\"application\/ld+json\" class=\"yoast-schema-graph\">{\"@context\":\"https:\/\/schema.org\",\"@graph\":[{\"@type\":\"WebPage\",\"@id\":\"https:\/\/www.hueppe.com\/pl\/produkte\/duschkabinen\/vita-pure\/\",\"url\":\"https:\/\/www.hueppe.com\/pl\/produkte\/duschkabinen\/vita-pure\/\",\"name\":\"Vita pure - HUEPPE\",\"isPartOf\":{\"@id\":\"https:\/\/www.hueppe.com\/pl\/#website\"},\"datePublished\":\"2023-05-09T16:50:28+00:00\",\"dateModified\":\"2024-05-08T12:17:33+00:00\",\"description\":\"Dzi\u0119ki unosz\u0105cej si\u0119 w powietrzu estetyce i du\u017cej przejrzysto\u015bci H\u00dcPPE Vita pure daje poczucie przyjemnej lekko\u015bci i niemal nieograniczonej swobody.\",\"breadcrumb\":{\"@id\":\"https:\/\/www.hueppe.com\/pl\/produkte\/duschkabinen\/vita-pure\/#breadcrumb\"},\"inLanguage\":\"pl-PL\",\"potentialAction\":[{\"@type\":\"ReadAction\",\"target\":[\"https:\/\/www.hueppe.com\/pl\/produkte\/duschkabinen\/vita-pure\/\"]}]},{\"@type\":\"BreadcrumbList\",\"@id\":\"https:\/\/www.hueppe.com\/pl\/produkte\/duschkabinen\/vita-pure\/#breadcrumb\",\"itemListElement\":[{\"@type\":\"ListItem\",\"position\":1,\"name\":\"Home\",\"item\":\"https:\/\/www.hueppe.com\/pl\/\"},{\"@type\":\"ListItem\",\"position\":2,\"name\":\"Produkty\",\"item\":\"https:\/\/www.hueppe.com\/pl\/shop\/\"},{\"@type\":\"ListItem\",\"position\":3,\"name\":\"Vita pure\"}]},{\"@type\":\"WebSite\",\"@id\":\"https:\/\/www.hueppe.com\/pl\/#website\",\"url\":\"https:\/\/www.hueppe.com\/pl\/\",\"name\":\"www.HUEPPE.com\",\"description\":\"\",\"publisher\":{\"@id\":\"https:\/\/www.hueppe.com\/pl\/#organization\"},\"potentialAction\":[{\"@type\":\"SearchAction\",\"target\":{\"@type\":\"EntryPoint\",\"urlTemplate\":\"https:\/\/www.hueppe.com\/pl\/?s={search_term_string}\"},\"query-input\":{\"@type\":\"PropertyValueSpecification\",\"valueRequired\":true,\"valueName\":\"search_term_string\"}}],\"inLanguage\":\"pl-PL\"},{\"@type\":\"Organization\",\"@id\":\"https:\/\/www.hueppe.com\/pl\/#organization\",\"name\":\"HUEPPE GmbH\",\"url\":\"https:\/\/www.hueppe.com\/pl\/\",\"logo\":{\"@type\":\"ImageObject\",\"inLanguage\":\"pl-PL\",\"@id\":\"https:\/\/www.hueppe.com\/pl\/#\/schema\/logo\/image\/\",\"url\":\"https:\/\/www.hueppe.com\/wp-content\/uploads\/2024\/04\/Logo.png\",\"contentUrl\":\"https:\/\/www.hueppe.com\/wp-content\/uploads\/2024\/04\/Logo.png\",\"width\":225,\"height\":225,\"caption\":\"HUEPPE GmbH\"},\"image\":{\"@id\":\"https:\/\/www.hueppe.com\/pl\/#\/schema\/logo\/image\/\"},\"sameAs\":[\"https:\/\/www.instagram.com\/hueppe_group\/\",\"https:\/\/www.pinterest.de\/hppegmbh\/\",\"https:\/\/www.youtube.com\/user\/HUEPPEcom\",\"https:\/\/www.linkedin.com\/company\/hueppe-group\/\"]}]}<\/script>\n<!-- \/ Yoast SEO Premium plugin. -->","yoast_head_json":{"title":"Vita pure - HUEPPE","description":"Dzi\u0119ki unosz\u0105cej si\u0119 w powietrzu estetyce i du\u017cej przejrzysto\u015bci H\u00dcPPE Vita pure daje poczucie przyjemnej lekko\u015bci i niemal nieograniczonej swobody.","robots":{"index":"index","follow":"follow","max-snippet":"max-snippet:-1","max-image-preview":"max-image-preview:large","max-video-preview":"max-video-preview:-1"},"canonical":"https:\/\/www.hueppe.com\/pl\/produkte\/duschkabinen\/vita-pure\/","og_locale":"pl_PL","og_type":"article","og_title":"Vita pure","og_description":"Dzi\u0119ki unosz\u0105cej si\u0119 w powietrzu estetyce i du\u017cej przejrzysto\u015bci H\u00dcPPE Vita pure daje poczucie przyjemnej lekko\u015bci i niemal nieograniczonej swobody.","og_url":"https:\/\/www.hueppe.com\/pl\/produkte\/duschkabinen\/vita-pure\/","og_site_name":"HUEPPE","article_modified_time":"2024-05-08T12:17:33+00:00","og_image":[{"width":820,"height":514,"url":"https:\/\/www.hueppe.com\/wp-content\/uploads\/2023\/01\/news5.png","type":"image\/png"}],"twitter_card":"summary_large_image","twitter_misc":{"Szacowany czas czytania":"2 minuty"},"schema":{"@context":"https:\/\/schema.org","@graph":[{"@type":"WebPage","@id":"https:\/\/www.hueppe.com\/pl\/produkte\/duschkabinen\/vita-pure\/","url":"https:\/\/www.hueppe.com\/pl\/produkte\/duschkabinen\/vita-pure\/","name":"Vita pure - HUEPPE","isPartOf":{"@id":"https:\/\/www.hueppe.com\/pl\/#website"},"datePublished":"2023-05-09T16:50:28+00:00","dateModified":"2024-05-08T12:17:33+00:00","description":"Dzi\u0119ki unosz\u0105cej si\u0119 w powietrzu estetyce i du\u017cej przejrzysto\u015bci H\u00dcPPE Vita pure daje poczucie przyjemnej lekko\u015bci i niemal nieograniczonej swobody.","breadcrumb":{"@id":"https:\/\/www.hueppe.com\/pl\/produkte\/duschkabinen\/vita-pure\/#breadcrumb"},"inLanguage":"pl-PL","potentialAction":[{"@type":"ReadAction","target":["https:\/\/www.hueppe.com\/pl\/produkte\/duschkabinen\/vita-pure\/"]}]},{"@type":"BreadcrumbList","@id":"https:\/\/www.hueppe.com\/pl\/produkte\/duschkabinen\/vita-pure\/#breadcrumb","itemListElement":[{"@type":"ListItem","position":1,"name":"Home","item":"https:\/\/www.hueppe.com\/pl\/"},{"@type":"ListItem","position":2,"name":"Produkty","item":"https:\/\/www.hueppe.com\/pl\/shop\/"},{"@type":"ListItem","position":3,"name":"Vita pure"}]},{"@type":"WebSite","@id":"https:\/\/www.hueppe.com\/pl\/#website","url":"https:\/\/www.hueppe.com\/pl\/","name":"www.HUEPPE.com","description":"","publisher":{"@id":"https:\/\/www.hueppe.com\/pl\/#organization"},"potentialAction":[{"@type":"SearchAction","target":{"@type":"EntryPoint","urlTemplate":"https:\/\/www.hueppe.com\/pl\/?s={search_term_string}"},"query-input":{"@type":"PropertyValueSpecification","valueRequired":true,"valueName":"search_term_string"}}],"inLanguage":"pl-PL"},{"@type":"Organization","@id":"https:\/\/www.hueppe.com\/pl\/#organization","name":"HUEPPE GmbH","url":"https:\/\/www.hueppe.com\/pl\/","logo":{"@type":"ImageObject","inLanguage":"pl-PL","@id":"https:\/\/www.hueppe.com\/pl\/#\/schema\/logo\/image\/","url":"https:\/\/www.hueppe.com\/wp-content\/uploads\/2024\/04\/Logo.png","contentUrl":"https:\/\/www.hueppe.com\/wp-content\/uploads\/2024\/04\/Logo.png","width":225,"height":225,"caption":"HUEPPE GmbH"},"image":{"@id":"https:\/\/www.hueppe.com\/pl\/#\/schema\/logo\/image\/"},"sameAs":["https:\/\/www.instagram.com\/hueppe_group\/","https:\/\/www.pinterest.de\/hppegmbh\/","https:\/\/www.youtube.com\/user\/HUEPPEcom","https:\/\/www.linkedin.com\/company\/hueppe-group\/"]}]}},"_links":{"self":[{"href":"https:\/\/www.hueppe.com\/pl\/wp-json\/wp\/v2\/product\/205075","targetHints":{"allow":["GET"]}}],"collection":[{"href":"https:\/\/www.hueppe.com\/pl\/wp-json\/wp\/v2\/product"}],"about":[{"href":"https:\/\/www.hueppe.com\/pl\/wp-json\/wp\/v2\/types\/product"}],"wp:attachment":[{"href":"https:\/\/www.hueppe.com\/pl\/wp-json\/wp\/v2\/media?parent=205075"}],"wp:term":[{"taxonomy":"product_cat","embeddable":true,"href":"https:\/\/www.hueppe.com\/pl\/wp-json\/wp\/v2\/product_cat?post=205075"},{"taxonomy":"product_tag","embeddable":true,"href":"https:\/\/www.hueppe.com\/pl\/wp-json\/wp\/v2\/product_tag?post=205075"}],"curies":[{"name":"wp","href":"https:\/\/api.w.org\/{rel}","templated":true}]}}